{"id":4376,"date":"2020-11-20T13:37:01","date_gmt":"2020-11-20T13:37:01","guid":{"rendered":"https:\/\/ttr.works\/?page_id=4376"},"modified":"2024-07-05T11:19:10","modified_gmt":"2024-07-05T11:19:10","slug":"vous-pouvez-compter-sur-les-hauts-niveaux-de-service-de-ttr-euroworks-fournisseur-planetaire","status":"publish","type":"page","link":"https:\/\/ttr.works\/fr\/vous-pouvez-compter-sur-les-hauts-niveaux-de-service-de-ttr-euroworks-fournisseur-planetaire\/","title":{"rendered":"Nous fournissons tout pour l&rsquo;impression de codes-barres et d&rsquo;\u00e9tiquettes."},"content":{"rendered":"\n<p>Vous trouverez le plus grand stock de t\u00eates d&rsquo;impression pour toutes les marques d&rsquo;imprimantes d&rsquo;\u00e9tiquettes, qu&rsquo;elles soient \u00e0 t\u00eate plate ou quasi-bord, de bureau ou industrielles.<\/p>\n\n\n\n<p>Nous sommes fiers d&rsquo;\u00eatre un partenaire commercial Premier et Sp\u00e9cialiste de fabricants tels que Zebra\u00ae, Honeywell\u00ae et SATO\u00ae et TSC-Printronix\u00ae. Vous recevrez de notre part des conseils ind\u00e9pendants, un soutien commercial et des prix \u00e9quitables. Utilisez TTR Euroworks comme une extension de votre propre \u00e9quipe.<\/p>\n","protected":false},"excerpt":{"rendered":"<p>Vous trouverez le plus grand stock de t\u00eates d&rsquo;impression pour toutes les marques d&rsquo;imprimantes d&rsquo;\u00e9tiquettes, qu&rsquo;elles soient \u00e0 t\u00eate plate ou quasi-bord, de bureau ou industrielles. Nous sommes fiers d&rsquo;\u00eatre un partenaire commercial Premier et Sp\u00e9cialiste de fabricants tels que Zebra\u00ae, Honeywell\u00ae et SATO\u00ae et TSC-Printronix\u00ae. Vous recevrez de notre part des conseils ind\u00e9pendants, un [&hellip;]<\/p>\n","protected":false},"author":1,"featured_media":0,"parent":0,"menu_order":0,"comment_status":"closed","ping_status":"open","template":"","meta":{"_acf_changed":false,"content-type":"","footnotes":""},"categories":[],"tags":[],"class_list":["post-4376","page","type-page","status-publish","hentry"],"acf":[],"yoast_head":"<!-- This site is optimized with the Yoast SEO plugin v25.9 - https:\/\/yoast.com\/wordpress\/plugins\/seo\/ -->\n<title>Nous fournissons tout pour l&#039;impression de codes-barres et d&#039;\u00e9tiquettes. - TTR Euroworks<\/title>\n<meta name=\"description\" content=\"Partner globale con oltre 25 anni di esperienza \u2713 Stampanti termiche \u2713 Testine di stampa termica \u2713 Nastri termici \u2713 Etichette\" \/>\n<meta name=\"robots\" content=\"index, follow, max-snippet:-1, max-image-preview:large, max-video-preview:-1\" \/>\n<link rel=\"canonical\" href=\"https:\/\/ttr.works\/fr\/vous-pouvez-compter-sur-les-hauts-niveaux-de-service-de-ttr-euroworks-fournisseur-planetaire\/\" \/>\n<meta property=\"og:locale\" content=\"fr_FR\" \/>\n<meta property=\"og:type\" content=\"article\" \/>\n<meta property=\"og:title\" content=\"Nous fournissons tout pour l&#039;impression de codes-barres et d&#039;\u00e9tiquettes. - TTR Euroworks\" \/>\n<meta property=\"og:description\" content=\"Partner globale con oltre 25 anni di esperienza \u2713 Stampanti termiche \u2713 Testine di stampa termica \u2713 Nastri termici \u2713 Etichette\" \/>\n<meta property=\"og:url\" content=\"https:\/\/ttr.works\/fr\/vous-pouvez-compter-sur-les-hauts-niveaux-de-service-de-ttr-euroworks-fournisseur-planetaire\/\" \/>\n<meta property=\"og:site_name\" content=\"TTR Euroworks\" \/>\n<meta property=\"article:modified_time\" content=\"2024-07-05T11:19:10+00:00\" \/>\n<meta name=\"twitter:card\" content=\"summary_large_image\" \/>\n<meta name=\"twitter:label1\" content=\"Dur\u00e9e de lecture estim\u00e9e\" \/>\n\t<meta name=\"twitter:data1\" content=\"3 minutes\" \/>\n<script type=\"application\/ld+json\" class=\"yoast-schema-graph\">{\"@context\":\"https:\/\/schema.org\",\"@graph\":[{\"@type\":\"WebPage\",\"@id\":\"https:\/\/ttr.works\/fr\/vous-pouvez-compter-sur-les-hauts-niveaux-de-service-de-ttr-euroworks-fournisseur-planetaire\/\",\"url\":\"https:\/\/ttr.works\/fr\/vous-pouvez-compter-sur-les-hauts-niveaux-de-service-de-ttr-euroworks-fournisseur-planetaire\/\",\"name\":\"Nous fournissons tout pour l'impression de codes-barres et d'\u00e9tiquettes. - TTR Euroworks\",\"isPartOf\":{\"@id\":\"https:\/\/ttr.works\/fr\/#website\"},\"datePublished\":\"2020-11-20T13:37:01+00:00\",\"dateModified\":\"2024-07-05T11:19:10+00:00\",\"description\":\"Partner globale con oltre 25 anni di esperienza \u2713 Stampanti termiche \u2713 Testine di stampa termica \u2713 Nastri termici \u2713 Etichette\",\"breadcrumb\":{\"@id\":\"https:\/\/ttr.works\/fr\/vous-pouvez-compter-sur-les-hauts-niveaux-de-service-de-ttr-euroworks-fournisseur-planetaire\/#breadcrumb\"},\"inLanguage\":\"fr-FR\",\"potentialAction\":[{\"@type\":\"ReadAction\",\"target\":[\"https:\/\/ttr.works\/fr\/vous-pouvez-compter-sur-les-hauts-niveaux-de-service-de-ttr-euroworks-fournisseur-planetaire\/\"]}]},{\"@type\":\"BreadcrumbList\",\"@id\":\"https:\/\/ttr.works\/fr\/vous-pouvez-compter-sur-les-hauts-niveaux-de-service-de-ttr-euroworks-fournisseur-planetaire\/#breadcrumb\",\"itemListElement\":[{\"@type\":\"ListItem\",\"position\":1,\"name\":\"Home\",\"item\":\"https:\/\/ttr.works\/fr\/accueil\/\"},{\"@type\":\"ListItem\",\"position\":2,\"name\":\"Nous fournissons tout pour l&#8217;impression de codes-barres et d&#8217;\u00e9tiquettes.\"}]},{\"@type\":\"WebSite\",\"@id\":\"https:\/\/ttr.works\/fr\/#website\",\"url\":\"https:\/\/ttr.works\/fr\/\",\"name\":\"TTR Euroworks\",\"description\":\"Your ttr partner\",\"potentialAction\":[{\"@type\":\"SearchAction\",\"target\":{\"@type\":\"EntryPoint\",\"urlTemplate\":\"https:\/\/ttr.works\/fr\/?s={search_term_string}\"},\"query-input\":{\"@type\":\"PropertyValueSpecification\",\"valueRequired\":true,\"valueName\":\"search_term_string\"}}],\"inLanguage\":\"fr-FR\"}]}<\/script>\n<!-- \/ Yoast SEO plugin. -->","yoast_head_json":{"title":"Nous fournissons tout pour l'impression de codes-barres et d'\u00e9tiquettes. - TTR Euroworks","description":"Partner globale con oltre 25 anni di esperienza \u2713 Stampanti termiche \u2713 Testine di stampa termica \u2713 Nastri termici \u2713 Etichette","robots":{"index":"index","follow":"follow","max-snippet":"max-snippet:-1","max-image-preview":"max-image-preview:large","max-video-preview":"max-video-preview:-1"},"canonical":"https:\/\/ttr.works\/fr\/vous-pouvez-compter-sur-les-hauts-niveaux-de-service-de-ttr-euroworks-fournisseur-planetaire\/","og_locale":"fr_FR","og_type":"article","og_title":"Nous fournissons tout pour l'impression de codes-barres et d'\u00e9tiquettes. - TTR Euroworks","og_description":"Partner globale con oltre 25 anni di esperienza \u2713 Stampanti termiche \u2713 Testine di stampa termica \u2713 Nastri termici \u2713 Etichette","og_url":"https:\/\/ttr.works\/fr\/vous-pouvez-compter-sur-les-hauts-niveaux-de-service-de-ttr-euroworks-fournisseur-planetaire\/","og_site_name":"TTR Euroworks","article_modified_time":"2024-07-05T11:19:10+00:00","twitter_card":"summary_large_image","twitter_misc":{"Dur\u00e9e de lecture estim\u00e9e":"3 minutes"},"schema":{"@context":"https:\/\/schema.org","@graph":[{"@type":"WebPage","@id":"https:\/\/ttr.works\/fr\/vous-pouvez-compter-sur-les-hauts-niveaux-de-service-de-ttr-euroworks-fournisseur-planetaire\/","url":"https:\/\/ttr.works\/fr\/vous-pouvez-compter-sur-les-hauts-niveaux-de-service-de-ttr-euroworks-fournisseur-planetaire\/","name":"Nous fournissons tout pour l'impression de codes-barres et d'\u00e9tiquettes. - TTR Euroworks","isPartOf":{"@id":"https:\/\/ttr.works\/fr\/#website"},"datePublished":"2020-11-20T13:37:01+00:00","dateModified":"2024-07-05T11:19:10+00:00","description":"Partner globale con oltre 25 anni di esperienza \u2713 Stampanti termiche \u2713 Testine di stampa termica \u2713 Nastri termici \u2713 Etichette","breadcrumb":{"@id":"https:\/\/ttr.works\/fr\/vous-pouvez-compter-sur-les-hauts-niveaux-de-service-de-ttr-euroworks-fournisseur-planetaire\/#breadcrumb"},"inLanguage":"fr-FR","potentialAction":[{"@type":"ReadAction","target":["https:\/\/ttr.works\/fr\/vous-pouvez-compter-sur-les-hauts-niveaux-de-service-de-ttr-euroworks-fournisseur-planetaire\/"]}]},{"@type":"BreadcrumbList","@id":"https:\/\/ttr.works\/fr\/vous-pouvez-compter-sur-les-hauts-niveaux-de-service-de-ttr-euroworks-fournisseur-planetaire\/#breadcrumb","itemListElement":[{"@type":"ListItem","position":1,"name":"Home","item":"https:\/\/ttr.works\/fr\/accueil\/"},{"@type":"ListItem","position":2,"name":"Nous fournissons tout pour l&#8217;impression de codes-barres et d&#8217;\u00e9tiquettes."}]},{"@type":"WebSite","@id":"https:\/\/ttr.works\/fr\/#website","url":"https:\/\/ttr.works\/fr\/","name":"TTR Euroworks","description":"Your ttr partner","potentialAction":[{"@type":"SearchAction","target":{"@type":"EntryPoint","urlTemplate":"https:\/\/ttr.works\/fr\/?s={search_term_string}"},"query-input":{"@type":"PropertyValueSpecification","valueRequired":true,"valueName":"search_term_string"}}],"inLanguage":"fr-FR"}]}},"_links":{"self":[{"href":"https:\/\/ttr.works\/fr\/wp-json\/wp\/v2\/pages\/4376","targetHints":{"allow":["GET"]}}],"collection":[{"href":"https:\/\/ttr.works\/fr\/wp-json\/wp\/v2\/pages"}],"about":[{"href":"https:\/\/ttr.works\/fr\/wp-json\/wp\/v2\/types\/page"}],"author":[{"embeddable":true,"href":"https:\/\/ttr.works\/fr\/wp-json\/wp\/v2\/users\/1"}],"replies":[{"embeddable":true,"href":"https:\/\/ttr.works\/fr\/wp-json\/wp\/v2\/comments?post=4376"}],"version-history":[{"count":16,"href":"https:\/\/ttr.works\/fr\/wp-json\/wp\/v2\/pages\/4376\/revisions"}],"predecessor-version":[{"id":24258,"href":"https:\/\/ttr.works\/fr\/wp-json\/wp\/v2\/pages\/4376\/revisions\/24258"}],"wp:attachment":[{"href":"https:\/\/ttr.works\/fr\/wp-json\/wp\/v2\/media?parent=4376"}],"wp:term":[{"taxonomy":"category","embeddable":true,"href":"https:\/\/ttr.works\/fr\/wp-json\/wp\/v2\/categories?post=4376"},{"taxonomy":"post_tag","embeddable":true,"href":"https:\/\/ttr.works\/fr\/wp-json\/wp\/v2\/tags?post=4376"}],"curies":[{"name":"wp","href":"https:\/\/api.w.org\/{rel}","templated":true}]}}