{"id":4380,"date":"2020-11-20T13:40:32","date_gmt":"2020-11-20T13:40:32","guid":{"rendered":"https:\/\/ttr.works\/?page_id=4380"},"modified":"2023-08-07T08:36:43","modified_gmt":"2023-08-07T08:36:43","slug":"a-propos-de-nous","status":"publish","type":"page","link":"https:\/\/ttr.works\/fr\/a-propos-de-nous\/","title":{"rendered":"\u00c0 propos de nous"},"content":{"rendered":"\n<p>TTR Euroworks est n\u00e9 il y a 30\u00a0ans de l\u2019id\u00e9e de fournir des produits de transfert thermique plus rapidement, plus facilement et plus \u00e9conomiquement que tout autre entreprise. Notre philosophie, \u00ab\u00a0Travailler en partenariat avec nos clients, et travailler pour eux\u00a0\u00bb, a vraiment fait mouche. Nous en avons m\u00eame fait notre devise\u00a0: \u00ab\u00a0TTR Euroworks for you\u00a0\u00bb (TTR Euroworks travaille pour vous). En tant que producteur et distributeur, nous avons des bureaux et des centres de distribution \u00e0 proximit\u00e9 du port de Rotterdam (Pays-Bas) et \u00e0 St. Helens (R.-U.). Depuis ces endroits, nos partenaires ont acc\u00e8s au plus grand stock de t\u00eates d\u2019impression thermiques d\u2019Europe, ainsi qu\u2019\u00e0 des imprimantes thermiques, des rubans et d\u2019autres consommables. <\/p>\n","protected":false},"excerpt":{"rendered":"<p>TTR Euroworks est n\u00e9 il y a 30\u00a0ans de l\u2019id\u00e9e de fournir des produits de transfert thermique plus rapidement, plus facilement et plus \u00e9conomiquement que tout autre entreprise. Notre philosophie, \u00ab\u00a0Travailler en partenariat avec nos clients, et travailler pour eux\u00a0\u00bb, a vraiment fait mouche. Nous en avons m\u00eame fait notre devise\u00a0: \u00ab\u00a0TTR Euroworks for you\u00a0\u00bb [&hellip;]<\/p>\n","protected":false},"author":1,"featured_media":0,"parent":0,"menu_order":0,"comment_status":"closed","ping_status":"closed","template":"template-about.php","meta":{"_acf_changed":false,"content-type":"","footnotes":""},"categories":[],"tags":[],"class_list":["post-4380","page","type-page","status-publish","hentry"],"acf":[],"yoast_head":"<!-- This site is optimized with the Yoast SEO plugin v25.9 - https:\/\/yoast.com\/wordpress\/plugins\/seo\/ -->\n<title>\u00c0 propos de nous - TTR Euroworks<\/title>\n<meta name=\"description\" content=\"Plus de 10.000 t\u00eates d&#039;impression en stock \u2713 Rubans thermiques \u2713 Solution partenaire de premier choix de plusieurs marques d&#039;imprimantes\" \/>\n<meta name=\"robots\" content=\"index, follow, max-snippet:-1, max-image-preview:large, max-video-preview:-1\" \/>\n<link rel=\"canonical\" href=\"https:\/\/ttr.works\/fr\/a-propos-de-nous\/\" \/>\n<meta property=\"og:locale\" content=\"fr_FR\" \/>\n<meta property=\"og:type\" content=\"article\" \/>\n<meta property=\"og:title\" content=\"\u00c0 propos de nous - TTR Euroworks\" \/>\n<meta property=\"og:description\" content=\"Plus de 10.000 t\u00eates d&#039;impression en stock \u2713 Rubans thermiques \u2713 Solution partenaire de premier choix de plusieurs marques d&#039;imprimantes\" \/>\n<meta property=\"og:url\" content=\"https:\/\/ttr.works\/fr\/a-propos-de-nous\/\" \/>\n<meta property=\"og:site_name\" content=\"TTR Euroworks\" \/>\n<meta property=\"article:modified_time\" content=\"2023-08-07T08:36:43+00:00\" \/>\n<meta name=\"twitter:card\" content=\"summary_large_image\" \/>\n<meta name=\"twitter:label1\" content=\"Dur\u00e9e de lecture estim\u00e9e\" \/>\n\t<meta name=\"twitter:data1\" content=\"1 minute\" \/>\n<script type=\"application\/ld+json\" class=\"yoast-schema-graph\">{\"@context\":\"https:\/\/schema.org\",\"@graph\":[{\"@type\":\"WebPage\",\"@id\":\"https:\/\/ttr.works\/fr\/a-propos-de-nous\/\",\"url\":\"https:\/\/ttr.works\/fr\/a-propos-de-nous\/\",\"name\":\"\u00c0 propos de nous - TTR Euroworks\",\"isPartOf\":{\"@id\":\"https:\/\/ttr.works\/fr\/#website\"},\"datePublished\":\"2020-11-20T13:40:32+00:00\",\"dateModified\":\"2023-08-07T08:36:43+00:00\",\"description\":\"Plus de 10.000 t\u00eates d'impression en stock \u2713 Rubans thermiques \u2713 Solution partenaire de premier choix de plusieurs marques d'imprimantes\",\"breadcrumb\":{\"@id\":\"https:\/\/ttr.works\/fr\/a-propos-de-nous\/#breadcrumb\"},\"inLanguage\":\"fr-FR\",\"potentialAction\":[{\"@type\":\"ReadAction\",\"target\":[\"https:\/\/ttr.works\/fr\/a-propos-de-nous\/\"]}]},{\"@type\":\"BreadcrumbList\",\"@id\":\"https:\/\/ttr.works\/fr\/a-propos-de-nous\/#breadcrumb\",\"itemListElement\":[{\"@type\":\"ListItem\",\"position\":1,\"name\":\"Home\",\"item\":\"https:\/\/ttr.works\/fr\/accueil\/\"},{\"@type\":\"ListItem\",\"position\":2,\"name\":\"\u00c0 propos de nous\"}]},{\"@type\":\"WebSite\",\"@id\":\"https:\/\/ttr.works\/fr\/#website\",\"url\":\"https:\/\/ttr.works\/fr\/\",\"name\":\"TTR Euroworks\",\"description\":\"Your ttr partner\",\"potentialAction\":[{\"@type\":\"SearchAction\",\"target\":{\"@type\":\"EntryPoint\",\"urlTemplate\":\"https:\/\/ttr.works\/fr\/?s={search_term_string}\"},\"query-input\":{\"@type\":\"PropertyValueSpecification\",\"valueRequired\":true,\"valueName\":\"search_term_string\"}}],\"inLanguage\":\"fr-FR\"}]}<\/script>\n<!-- \/ Yoast SEO plugin. -->","yoast_head_json":{"title":"\u00c0 propos de nous - TTR Euroworks","description":"Plus de 10.000 t\u00eates d'impression en stock \u2713 Rubans thermiques \u2713 Solution partenaire de premier choix de plusieurs marques d'imprimantes","robots":{"index":"index","follow":"follow","max-snippet":"max-snippet:-1","max-image-preview":"max-image-preview:large","max-video-preview":"max-video-preview:-1"},"canonical":"https:\/\/ttr.works\/fr\/a-propos-de-nous\/","og_locale":"fr_FR","og_type":"article","og_title":"\u00c0 propos de nous - TTR Euroworks","og_description":"Plus de 10.000 t\u00eates d'impression en stock \u2713 Rubans thermiques \u2713 Solution partenaire de premier choix de plusieurs marques d'imprimantes","og_url":"https:\/\/ttr.works\/fr\/a-propos-de-nous\/","og_site_name":"TTR Euroworks","article_modified_time":"2023-08-07T08:36:43+00:00","twitter_card":"summary_large_image","twitter_misc":{"Dur\u00e9e de lecture estim\u00e9e":"1 minute"},"schema":{"@context":"https:\/\/schema.org","@graph":[{"@type":"WebPage","@id":"https:\/\/ttr.works\/fr\/a-propos-de-nous\/","url":"https:\/\/ttr.works\/fr\/a-propos-de-nous\/","name":"\u00c0 propos de nous - TTR Euroworks","isPartOf":{"@id":"https:\/\/ttr.works\/fr\/#website"},"datePublished":"2020-11-20T13:40:32+00:00","dateModified":"2023-08-07T08:36:43+00:00","description":"Plus de 10.000 t\u00eates d'impression en stock \u2713 Rubans thermiques \u2713 Solution partenaire de premier choix de plusieurs marques d'imprimantes","breadcrumb":{"@id":"https:\/\/ttr.works\/fr\/a-propos-de-nous\/#breadcrumb"},"inLanguage":"fr-FR","potentialAction":[{"@type":"ReadAction","target":["https:\/\/ttr.works\/fr\/a-propos-de-nous\/"]}]},{"@type":"BreadcrumbList","@id":"https:\/\/ttr.works\/fr\/a-propos-de-nous\/#breadcrumb","itemListElement":[{"@type":"ListItem","position":1,"name":"Home","item":"https:\/\/ttr.works\/fr\/accueil\/"},{"@type":"ListItem","position":2,"name":"\u00c0 propos de nous"}]},{"@type":"WebSite","@id":"https:\/\/ttr.works\/fr\/#website","url":"https:\/\/ttr.works\/fr\/","name":"TTR Euroworks","description":"Your ttr partner","potentialAction":[{"@type":"SearchAction","target":{"@type":"EntryPoint","urlTemplate":"https:\/\/ttr.works\/fr\/?s={search_term_string}"},"query-input":{"@type":"PropertyValueSpecification","valueRequired":true,"valueName":"search_term_string"}}],"inLanguage":"fr-FR"}]}},"_links":{"self":[{"href":"https:\/\/ttr.works\/fr\/wp-json\/wp\/v2\/pages\/4380","targetHints":{"allow":["GET"]}}],"collection":[{"href":"https:\/\/ttr.works\/fr\/wp-json\/wp\/v2\/pages"}],"about":[{"href":"https:\/\/ttr.works\/fr\/wp-json\/wp\/v2\/types\/page"}],"author":[{"embeddable":true,"href":"https:\/\/ttr.works\/fr\/wp-json\/wp\/v2\/users\/1"}],"replies":[{"embeddable":true,"href":"https:\/\/ttr.works\/fr\/wp-json\/wp\/v2\/comments?post=4380"}],"version-history":[{"count":1,"href":"https:\/\/ttr.works\/fr\/wp-json\/wp\/v2\/pages\/4380\/revisions"}],"predecessor-version":[{"id":17935,"href":"https:\/\/ttr.works\/fr\/wp-json\/wp\/v2\/pages\/4380\/revisions\/17935"}],"wp:attachment":[{"href":"https:\/\/ttr.works\/fr\/wp-json\/wp\/v2\/media?parent=4380"}],"wp:term":[{"taxonomy":"category","embeddable":true,"href":"https:\/\/ttr.works\/fr\/wp-json\/wp\/v2\/categories?post=4380"},{"taxonomy":"post_tag","embeddable":true,"href":"https:\/\/ttr.works\/fr\/wp-json\/wp\/v2\/tags?post=4380"}],"curies":[{"name":"wp","href":"https:\/\/api.w.org\/{rel}","templated":true}]}}