{"id":4386,"date":"2020-11-20T13:43:30","date_gmt":"2020-11-20T13:43:30","guid":{"rendered":"https:\/\/ttr.works\/?page_id=4386"},"modified":"2021-05-06T14:36:53","modified_gmt":"2021-05-06T14:36:53","slug":"contact","status":"publish","type":"page","link":"https:\/\/ttr.works\/fr\/contact\/","title":{"rendered":"Contact"},"content":{"rendered":"\n<p>En cas de questions \u00e0 propos des services et des produits que nous fournissons, n\u2019h\u00e9sitez pas \u00e0 nous contacter \u00e0 l\u2019aide du formulaire de contact. Vous pouvez aussi employer le chat en direct pour une assistance instantan\u00e9e.<\/p>\n","protected":false},"excerpt":{"rendered":"<p>En cas de questions \u00e0 propos des services et des produits que nous fournissons, n\u2019h\u00e9sitez pas \u00e0 nous contacter \u00e0 l\u2019aide du formulaire de contact. Vous pouvez aussi employer le chat en direct pour une assistance instantan\u00e9e.<\/p>\n","protected":false},"author":1,"featured_media":0,"parent":0,"menu_order":0,"comment_status":"closed","ping_status":"closed","template":"template-contact.php","meta":{"_acf_changed":false,"content-type":"","footnotes":""},"categories":[],"tags":[],"class_list":["post-4386","page","type-page","status-publish","hentry"],"acf":[],"yoast_head":"<!-- This site is optimized with the Yoast SEO plugin v25.9 - https:\/\/yoast.com\/wordpress\/plugins\/seo\/ -->\n<title>Contact - TTR Euroworks<\/title>\n<meta name=\"robots\" content=\"index, follow, max-snippet:-1, max-image-preview:large, max-video-preview:-1\" \/>\n<link rel=\"canonical\" href=\"https:\/\/ttr.works\/fr\/contact\/\" \/>\n<meta property=\"og:locale\" content=\"fr_FR\" \/>\n<meta property=\"og:type\" content=\"article\" \/>\n<meta property=\"og:title\" content=\"Contact - TTR Euroworks\" \/>\n<meta property=\"og:description\" content=\"En cas de questions \u00e0 propos des services et des produits que nous fournissons, n\u2019h\u00e9sitez pas \u00e0 nous contacter \u00e0 l\u2019aide du formulaire de contact. Vous pouvez aussi employer le chat en direct pour une assistance instantan\u00e9e.\" \/>\n<meta property=\"og:url\" content=\"https:\/\/ttr.works\/fr\/contact\/\" \/>\n<meta property=\"og:site_name\" content=\"TTR Euroworks\" \/>\n<meta property=\"article:modified_time\" content=\"2021-05-06T14:36:53+00:00\" \/>\n<meta name=\"twitter:card\" content=\"summary_large_image\" \/>\n<meta name=\"twitter:label1\" content=\"Dur\u00e9e de lecture estim\u00e9e\" \/>\n\t<meta name=\"twitter:data1\" content=\"1 minute\" \/>\n<script type=\"application\/ld+json\" class=\"yoast-schema-graph\">{\"@context\":\"https:\/\/schema.org\",\"@graph\":[{\"@type\":\"WebPage\",\"@id\":\"https:\/\/ttr.works\/fr\/contact\/\",\"url\":\"https:\/\/ttr.works\/fr\/contact\/\",\"name\":\"Contact - TTR Euroworks\",\"isPartOf\":{\"@id\":\"https:\/\/ttr.works\/fr\/#website\"},\"datePublished\":\"2020-11-20T13:43:30+00:00\",\"dateModified\":\"2021-05-06T14:36:53+00:00\",\"breadcrumb\":{\"@id\":\"https:\/\/ttr.works\/fr\/contact\/#breadcrumb\"},\"inLanguage\":\"fr-FR\",\"potentialAction\":[{\"@type\":\"ReadAction\",\"target\":[\"https:\/\/ttr.works\/fr\/contact\/\"]}]},{\"@type\":\"BreadcrumbList\",\"@id\":\"https:\/\/ttr.works\/fr\/contact\/#breadcrumb\",\"itemListElement\":[{\"@type\":\"ListItem\",\"position\":1,\"name\":\"Home\",\"item\":\"https:\/\/ttr.works\/fr\/accueil\/\"},{\"@type\":\"ListItem\",\"position\":2,\"name\":\"Contact\"}]},{\"@type\":\"WebSite\",\"@id\":\"https:\/\/ttr.works\/fr\/#website\",\"url\":\"https:\/\/ttr.works\/fr\/\",\"name\":\"TTR Euroworks\",\"description\":\"Your ttr partner\",\"potentialAction\":[{\"@type\":\"SearchAction\",\"target\":{\"@type\":\"EntryPoint\",\"urlTemplate\":\"https:\/\/ttr.works\/fr\/?s={search_term_string}\"},\"query-input\":{\"@type\":\"PropertyValueSpecification\",\"valueRequired\":true,\"valueName\":\"search_term_string\"}}],\"inLanguage\":\"fr-FR\"}]}<\/script>\n<!-- \/ Yoast SEO plugin. -->","yoast_head_json":{"title":"Contact - TTR Euroworks","robots":{"index":"index","follow":"follow","max-snippet":"max-snippet:-1","max-image-preview":"max-image-preview:large","max-video-preview":"max-video-preview:-1"},"canonical":"https:\/\/ttr.works\/fr\/contact\/","og_locale":"fr_FR","og_type":"article","og_title":"Contact - TTR Euroworks","og_description":"En cas de questions \u00e0 propos des services et des produits que nous fournissons, n\u2019h\u00e9sitez pas \u00e0 nous contacter \u00e0 l\u2019aide du formulaire de contact. Vous pouvez aussi employer le chat en direct pour une assistance instantan\u00e9e.","og_url":"https:\/\/ttr.works\/fr\/contact\/","og_site_name":"TTR Euroworks","article_modified_time":"2021-05-06T14:36:53+00:00","twitter_card":"summary_large_image","twitter_misc":{"Dur\u00e9e de lecture estim\u00e9e":"1 minute"},"schema":{"@context":"https:\/\/schema.org","@graph":[{"@type":"WebPage","@id":"https:\/\/ttr.works\/fr\/contact\/","url":"https:\/\/ttr.works\/fr\/contact\/","name":"Contact - TTR Euroworks","isPartOf":{"@id":"https:\/\/ttr.works\/fr\/#website"},"datePublished":"2020-11-20T13:43:30+00:00","dateModified":"2021-05-06T14:36:53+00:00","breadcrumb":{"@id":"https:\/\/ttr.works\/fr\/contact\/#breadcrumb"},"inLanguage":"fr-FR","potentialAction":[{"@type":"ReadAction","target":["https:\/\/ttr.works\/fr\/contact\/"]}]},{"@type":"BreadcrumbList","@id":"https:\/\/ttr.works\/fr\/contact\/#breadcrumb","itemListElement":[{"@type":"ListItem","position":1,"name":"Home","item":"https:\/\/ttr.works\/fr\/accueil\/"},{"@type":"ListItem","position":2,"name":"Contact"}]},{"@type":"WebSite","@id":"https:\/\/ttr.works\/fr\/#website","url":"https:\/\/ttr.works\/fr\/","name":"TTR Euroworks","description":"Your ttr partner","potentialAction":[{"@type":"SearchAction","target":{"@type":"EntryPoint","urlTemplate":"https:\/\/ttr.works\/fr\/?s={search_term_string}"},"query-input":{"@type":"PropertyValueSpecification","valueRequired":true,"valueName":"search_term_string"}}],"inLanguage":"fr-FR"}]}},"_links":{"self":[{"href":"https:\/\/ttr.works\/fr\/wp-json\/wp\/v2\/pages\/4386","targetHints":{"allow":["GET"]}}],"collection":[{"href":"https:\/\/ttr.works\/fr\/wp-json\/wp\/v2\/pages"}],"about":[{"href":"https:\/\/ttr.works\/fr\/wp-json\/wp\/v2\/types\/page"}],"author":[{"embeddable":true,"href":"https:\/\/ttr.works\/fr\/wp-json\/wp\/v2\/users\/1"}],"replies":[{"embeddable":true,"href":"https:\/\/ttr.works\/fr\/wp-json\/wp\/v2\/comments?post=4386"}],"version-history":[{"count":2,"href":"https:\/\/ttr.works\/fr\/wp-json\/wp\/v2\/pages\/4386\/revisions"}],"predecessor-version":[{"id":5556,"href":"https:\/\/ttr.works\/fr\/wp-json\/wp\/v2\/pages\/4386\/revisions\/5556"}],"wp:attachment":[{"href":"https:\/\/ttr.works\/fr\/wp-json\/wp\/v2\/media?parent=4386"}],"wp:term":[{"taxonomy":"category","embeddable":true,"href":"https:\/\/ttr.works\/fr\/wp-json\/wp\/v2\/categories?post=4386"},{"taxonomy":"post_tag","embeddable":true,"href":"https:\/\/ttr.works\/fr\/wp-json\/wp\/v2\/tags?post=4386"}],"curies":[{"name":"wp","href":"https:\/\/api.w.org\/{rel}","templated":true}]}}