{"id":4395,"date":"2020-11-20T13:46:18","date_gmt":"2020-11-20T13:46:18","guid":{"rendered":"https:\/\/ttr.works\/?page_id=4395"},"modified":"2021-02-05T15:54:56","modified_gmt":"2021-02-05T15:54:56","slug":"feuille-de-marquage-a-chaud","status":"publish","type":"page","link":"https:\/\/ttr.works\/fr\/feuille-de-marquage-a-chaud\/","title":{"rendered":"Feuille de marquage \u00e0 chaud"},"content":{"rendered":"\n<div class=\"wp-block-image\"><figure class=\"alignright\"><img decoding=\"async\" data-src=\"https:\/\/ttr.works\/wp-content\/uploads\/ttr-hotfoil.png\" alt=\"\" src=\"data:image\/svg+xml;base64,PHN2ZyB3aWR0aD0iMSIgaGVpZ2h0PSIxIiB4bWxucz0iaHR0cDovL3d3dy53My5vcmcvMjAwMC9zdmciPjwvc3ZnPg==\" class=\"lazyload\" style=\"--smush-placeholder-width: 401px; --smush-placeholder-aspect-ratio: 401\/275;\" \/><\/figure><\/div>\n\n\n\n<p>Le marquage \u00e0 chaud ou l\u2019impression \u00e0 chaud est souvent consid\u00e9r\u00e9 comme le pr\u00e9curseur de l\u2019impression TTO. Par cela, on entend imprimer directement sur une surface plut\u00f4t que sur une \u00e9tiquette. Si la TTO (Thermal Transfer Overprinting\/surimpression \u00e0 transfert thermique) utilise une t\u00eate d\u2019impression num\u00e9rique, le marquage \u00e0 chaud emploie lui des lettres et des num\u00e9ros physiques, g\u00e9n\u00e9ralement en m\u00e9tal. Dans certains environnements industriels, le marquage \u00e0 chaud est la solution la plus efficace et \u00e9conomique.<\/p>\n\n\n\n<a href=\"\/?page_id=1610\" class=\"link-btn\">Caisse d&rsquo;\u00e9chantillons gratuits <i class=\"fal fa-chevron-right\"><\/i><\/a><a href=\"\/?page_id=172\" class=\"link-btn second\">Nous contacter <i class=\"fal fa-chevron-right\"><\/i><\/a>\n\n\n\n<h3 class=\"wp-block-heading\">Vous en avez pour votre argent&nbsp;: Feuille de marquage \u00e0 chaud 4U<\/h3>\n\n\n\n<p>Nos feuilles de marquage \u00e0 chaud hautes performances sont conformes aux exigences strictes de qualit\u00e9 et de fiabilit\u00e9 des m\u00e9thodes d\u2019\u00e9tiquetage modernes. Nous proposons 2&nbsp;types de feuilles de marquage \u00e0 chaud. Toutes deux sont disponibles en grosses bobines (76&nbsp;cm ou 96&nbsp;cm) ou en bobines refendues sur un mandrin de 2,54&nbsp;cm. Demandez un \u00e9chantillon gratuit des deux mod\u00e8les aujourd\u2019hui afin de les tester et de savoir ainsi celui qui vous convient le mieux. Vous pouvez \u00e9galement nous contacter pour obtenir des conseils et conna\u00eetre les prix.<\/p>\n\n\n\n<ul class=\"wp-block-list\"><li>La HF4U 60 est une feuille universelle qui permet des impressions de qualit\u00e9 dans un large \u00e9ventail d\u2019applications.<\/li><li>La SCF4U 900 est une solution haut de gamme qui produit des impressions extr\u00eamement durables.<\/li><\/ul>\n\n\n\n<h3 class=\"wp-block-heading\">Quatre avantages du marquage \u00e0 chaud<\/h3>\n\n\n\n<p>Plusieurs raisons expliquent que le marquage \u00e0 chaud ou l\u2019impression \u00e0 chaud s\u2019utilise couramment.<\/p>\n\n\n\n<ul class=\"wp-block-list\"><li>C\u2019est une m\u00e9thode d\u2019impression tr\u00e8s fiable et \u00e9conomique.<\/li><li>Elle est particuli\u00e8rement utile dans les situations o\u00f9 les impressions ne doivent pas changer souvent ou o\u00f9 les num\u00e9ros\/dates sont appliqu\u00e9s simplement, en s\u00e9rie.<\/li><li>Dans les environnements industriels ou agricoles o\u00f9 la salet\u00e9 et la poussi\u00e8re sont omnipr\u00e9sentes, le marquage \u00e0 chaud est plus adapt\u00e9 que la TTO.<\/li><li>Le traitement des feuilles de marquage \u00e0 chaud est un processus respectueux de l\u2019environnement car ni solvants ni encres produisant des vapeurs nocives ne sont utilis\u00e9s. La feuille est un film multicouche d\u2019une \u00e9paisseur de 12&nbsp;microns, bas\u00e9 sur des formulations non toxiques, sans m\u00e9taux lourds.<\/li><\/ul>\n","protected":false},"excerpt":{"rendered":"<p>Le marquage \u00e0 chaud ou l\u2019impression \u00e0 chaud est souvent consid\u00e9r\u00e9 comme le pr\u00e9curseur de l\u2019impression TTO. Par cela, on entend imprimer directement sur une surface plut\u00f4t que sur une \u00e9tiquette. Si la TTO (Thermal Transfer Overprinting\/surimpression \u00e0 transfert thermique) utilise une t\u00eate d\u2019impression num\u00e9rique, le marquage \u00e0 chaud emploie lui des lettres et des [&hellip;]<\/p>\n","protected":false},"author":1,"featured_media":0,"parent":0,"menu_order":0,"comment_status":"closed","ping_status":"closed","template":"template-product.php","meta":{"_acf_changed":false,"content-type":"","footnotes":""},"categories":[],"tags":[],"class_list":["post-4395","page","type-page","status-publish","hentry"],"acf":[],"_links":{"self":[{"href":"https:\/\/ttr.works\/fr\/wp-json\/wp\/v2\/pages\/4395","targetHints":{"allow":["GET"]}}],"collection":[{"href":"https:\/\/ttr.works\/fr\/wp-json\/wp\/v2\/pages"}],"about":[{"href":"https:\/\/ttr.works\/fr\/wp-json\/wp\/v2\/types\/page"}],"author":[{"embeddable":true,"href":"https:\/\/ttr.works\/fr\/wp-json\/wp\/v2\/users\/1"}],"replies":[{"embeddable":true,"href":"https:\/\/ttr.works\/fr\/wp-json\/wp\/v2\/comments?post=4395"}],"version-history":[{"count":0,"href":"https:\/\/ttr.works\/fr\/wp-json\/wp\/v2\/pages\/4395\/revisions"}],"wp:attachment":[{"href":"https:\/\/ttr.works\/fr\/wp-json\/wp\/v2\/media?parent=4395"}],"wp:term":[{"taxonomy":"category","embeddable":true,"href":"https:\/\/ttr.works\/fr\/wp-json\/wp\/v2\/categories?post=4395"},{"taxonomy":"post_tag","embeddable":true,"href":"https:\/\/ttr.works\/fr\/wp-json\/wp\/v2\/tags?post=4395"}],"curies":[{"name":"wp","href":"https:\/\/api.w.org\/{rel}","templated":true}]}}