{"id":4408,"date":"2020-11-20T13:51:18","date_gmt":"2020-11-20T13:51:18","guid":{"rendered":"https:\/\/ttr.works\/?page_id=4408"},"modified":"2026-02-23T09:20:39","modified_gmt":"2026-02-23T09:20:39","slug":"etiquettes","status":"publish","type":"page","link":"https:\/\/ttr.works\/fr\/etiquettes\/","title":{"rendered":"\u00c9tiquettes"},"content":{"rendered":"<div class=\"wp-block-image\">\n<figure class=\"alignright size-large is-resized\"><img decoding=\"async\" width=\"1024\" height=\"927\" data-src=\"https:\/\/ttr.works\/wp-content\/uploads\/\/zd421-1-1024x927.png\" alt=\"\" class=\"wp-image-23729 lazyload\" style=\"--smush-placeholder-width: 1024px; --smush-placeholder-aspect-ratio: 1024\/927;width:401px;height:auto\" data-srcset=\"https:\/\/ttr.works\/wp-content\/uploads\/zd421-1-1024x927.png 1024w, https:\/\/ttr.works\/wp-content\/uploads\/zd421-1-300x272.png 300w, https:\/\/ttr.works\/wp-content\/uploads\/zd421-1-768x695.png 768w, https:\/\/ttr.works\/wp-content\/uploads\/zd421-1-1536x1391.png 1536w, https:\/\/ttr.works\/wp-content\/uploads\/zd421-1-2048x1854.png 2048w\" data-sizes=\"(max-width: 1024px) 100vw, 1024px\" src=\"data:image\/svg+xml;base64,PHN2ZyB3aWR0aD0iMSIgaGVpZ2h0PSIxIiB4bWxucz0iaHR0cDovL3d3dy53My5vcmcvMjAwMC9zdmciPjwvc3ZnPg==\" \/><\/figure><\/div>\n\n\n<p>Nous fournissons des \u00e9tiquettes vierges en rouleau, des \u00e9tiquettes linerless et des \u00e9tiquettes textiles pour un usage quotidien et des volumes r\u00e9currents. Prix fixes par rouleau, livraison depuis votre \u00ab stock d\u00e9di\u00e9 \u00bb et accompagnement dans le choix des mat\u00e9riaux.<\/p>\n\n\n\n<p>Vous recevez une proposition bas\u00e9e sur votre imprimante et votre consommation. Des sp\u00e9cifications et une qualit\u00e9 constantes, avec l\u2019avantage suppl\u00e9mentaire de la stabilit\u00e9 des prix et de la continuit\u00e9 d\u2019approvisionnement. Livraison sur appel depuis stock ou en consignation possible.<\/p>\n\n\n\n<a href=\"https:\/\/ttr.works\/fr\/contact\/\" class=\"link-btn\">Demandez votre prix <i class=\"fal fa-chevron-right\"><\/i><\/a>\n\n\n\n<div style=\"height:41px\" aria-hidden=\"true\" class=\"wp-block-spacer\"><\/div>\n\n\n\n<h2 class=\"wp-block-heading\"><strong>\u00c9tiquettes vierges en rouleau pour imprimantes d\u2019\u00e9tiquettes<\/strong><\/h2>\n\n\n<div class=\"wp-block-image\">\n<figure class=\"alignright size-full is-resized\"><img decoding=\"async\" width=\"565\" height=\"457\" data-src=\"https:\/\/ttr.works\/wp-content\/uploads\/Blank-coated-labels.jpg\" alt=\"\" class=\"wp-image-25938 lazyload\" style=\"--smush-placeholder-width: 565px; --smush-placeholder-aspect-ratio: 565\/457;width:370px;height:auto\" data-srcset=\"https:\/\/ttr.works\/wp-content\/uploads\/Blank-coated-labels.jpg 565w, https:\/\/ttr.works\/wp-content\/uploads\/Blank-coated-labels-300x243.jpg 300w\" data-sizes=\"(max-width: 565px) 100vw, 565px\" src=\"data:image\/svg+xml;base64,PHN2ZyB3aWR0aD0iMSIgaGVpZ2h0PSIxIiB4bWxucz0iaHR0cDovL3d3dy53My5vcmcvMjAwMC9zdmciPjwvc3ZnPg==\" \/><\/figure><\/div>\n\n\n<p>Nos clients sont des <strong>revendeurs et des industriels<\/strong> qui ont besoin de s\u00e9curit\u00e9 en mati\u00e8re de prix et d\u2019approvisionnement. Choisissez la m\u00e9thode d\u2019impression adapt\u00e9e \u00e0 votre processus, nous veillons \u00e0 la conformit\u00e9 du mat\u00e9riau, de l\u2019adh\u00e9sif et de la configuration des rouleaux. Gr\u00e2ce \u00e0 notre production interne, nous livrons rapidement des \u00e9tiquettes \u00e0 des prix comp\u00e9titifs.<\/p>\n\n\n\n<ul class=\"wp-block-list\">\n<li>Disponibles avec adh\u00e9sif permanent, enlevable et pour surg\u00e9lation<\/li>\n\n\n\n<li>Compatibles avec Zebra, Honeywell, CAB, Sato et plus encore*<\/li>\n\n\n\n<li>Prix fixes par rouleau pour volumes r\u00e9currents<\/li>\n\n\n\n<li>Livraison depuis stock ou sur appel<\/li>\n<\/ul>\n\n\n\n<a href=\"https:\/\/ttr.works\/fr\/contact\/\" class=\"link-btn\">Demandez votre prix <i class=\"fal fa-chevron-right\"><\/i><\/a>\n\n\n\n<div style=\"height:49px\" aria-hidden=\"true\" class=\"wp-block-spacer\"><\/div>\n\n\n\n<h2 class=\"wp-block-heading\"><strong>Nylon et satin pour \u00e9tiquettes textiles<\/strong><\/h2>\n\n\n<div class=\"wp-block-image\">\n<figure class=\"alignright size-full is-resized\"><img decoding=\"async\" width=\"1536\" height=\"1024\" data-src=\"https:\/\/ttr.works\/wp-content\/uploads\/TTR-Euroworks-supply-advantage-1.png\" alt=\"\" class=\"wp-image-28665 lazyload\" style=\"--smush-placeholder-width: 1536px; --smush-placeholder-aspect-ratio: 1536\/1024;width:402px;height:auto\" data-srcset=\"https:\/\/ttr.works\/wp-content\/uploads\/TTR-Euroworks-supply-advantage-1.png 1536w, https:\/\/ttr.works\/wp-content\/uploads\/TTR-Euroworks-supply-advantage-1-300x200.png 300w, https:\/\/ttr.works\/wp-content\/uploads\/TTR-Euroworks-supply-advantage-1-1024x683.png 1024w, https:\/\/ttr.works\/wp-content\/uploads\/TTR-Euroworks-supply-advantage-1-768x512.png 768w\" data-sizes=\"(max-width: 1536px) 100vw, 1536px\" src=\"data:image\/svg+xml;base64,PHN2ZyB3aWR0aD0iMSIgaGVpZ2h0PSIxIiB4bWxucz0iaHR0cDovL3d3dy53My5vcmcvMjAwMC9zdmciPjwvc3ZnPg==\" \/><\/figure><\/div>\n\n\n<p>Les produits qui r\u00e9sistent \u00e0 des centaines de cycles de lavage n\u00e9cessitent des \u00e9tiquettes capables d\u2019en faire autant. Nos \u00e9tiquettes en nylon et satin certifi\u00e9es <strong>OEKO-TEX\u00ae Standard 100<\/strong> offrent des impressions durables et parfaitement lisibles et s\u2019associent id\u00e9alement avec nos <strong>rubans Resin Textile 4U<\/strong>. Imprimables recto verso et con\u00e7ues pour des lavages fr\u00e9quents, elles sont id\u00e9ales pour les v\u00eatements de travail, les uniformes et les textiles industriels.<\/p>\n\n\n\n<p>Avec TTR Supply Advantage, vous b\u00e9n\u00e9ficiez de remises sur volume d\u00e8s le premier jour et de prix annuels fixes. Demandez votre prix sans engagement.<\/p>\n\n\n\n<a href=\"https:\/\/hs.ttreuroworks.com\/textile-label-printing\" class=\"link-btn\">TTR supply advantage <i class=\"fal fa-chevron-right\"><\/i><\/a>\n\n\n\n<div style=\"height:114px\" aria-hidden=\"true\" class=\"wp-block-spacer\"><\/div>\n\n\n\n<h2 class=\"wp-block-heading\"><strong>Moins de d\u00e9chets et moins de changements de rouleaux<\/strong> <strong>avec les \u00e9tiquettes linerless<\/strong><\/h2>\n\n\n<div class=\"wp-block-image\">\n<figure class=\"alignright size-full is-resized\"><img decoding=\"async\" width=\"1536\" height=\"1024\" data-src=\"https:\/\/ttr.works\/wp-content\/uploads\/fr.png\" alt=\"\" class=\"wp-image-30558 lazyload\" style=\"--smush-placeholder-width: 1536px; --smush-placeholder-aspect-ratio: 1536\/1024;width:419px;height:auto\" data-srcset=\"https:\/\/ttr.works\/wp-content\/uploads\/fr.png 1536w, https:\/\/ttr.works\/wp-content\/uploads\/fr-300x200.png 300w, https:\/\/ttr.works\/wp-content\/uploads\/fr-1024x683.png 1024w, https:\/\/ttr.works\/wp-content\/uploads\/fr-768x512.png 768w\" data-sizes=\"(max-width: 1536px) 100vw, 1536px\" src=\"data:image\/svg+xml;base64,PHN2ZyB3aWR0aD0iMSIgaGVpZ2h0PSIxIiB4bWxucz0iaHR0cDovL3d3dy53My5vcmcvMjAwMC9zdmciPjwvc3ZnPg==\" \/><\/figure><\/div>\n\n\n<p>Les \u00e9tiquettes linerless constituent une solution d\u2019\u00e9tiquetage efficace et plus durable sans support dorsal. Elles se d\u00e9roulent facilement gr\u00e2ce \u00e0 une couche adh\u00e9sive d\u2019un c\u00f4t\u00e9 et un rev\u00eatement antiadh\u00e9sif de l\u2019autre. Avec une imprimante compatible linerless, elles sont imprim\u00e9es et d\u00e9coup\u00e9es \u00e0 la longueur souhait\u00e9e, id\u00e9ales pour des formats variables. Attention, toutes les imprimantes ne sont pas compatibles avec le linerless, <a href=\"https:\/\/ttr.works\/fr\/contact\/\">contactez-nous pour un conseil<\/a>.<\/p>\n\n\n\n<ul class=\"wp-block-list\">\n<li>Plus d\u2019\u00e9tiquettes par rouleau : moins de changements, co\u00fbts de stockage et de transport r\u00e9duits<\/li>\n\n\n\n<li>Moins de d\u00e9chets : pas de support dorsal<\/li>\n\n\n\n<li>Applications vari\u00e9es : logistique, retail et alimentaire<\/li>\n<\/ul>\n\n\n\n<p>Vous souhaitez en savoir plus sur le fonctionnement et les applications de l\u2019impression linerless ? Consultez notre blog: <strong><a href=\"https:\/\/ttr.works\/fr\/solutions-dimpression-linerless-durables\/\" target=\"_blank\" rel=\"noreferrer noopener\">Comment fonctionne l&rsquo;impression linerless<\/a><\/strong>.<\/p>\n\n\n\n<div style=\"height:71px\" aria-hidden=\"true\" class=\"wp-block-spacer\"><\/div>\n\n\n\n<p>* <em>Tous les noms de soci\u00e9t\u00e9s et de produits mentionn\u00e9s sont des marques commerciales, des marques d\u00e9pos\u00e9es ou des droits d\u2019auteur appartenant \u00e0 leurs propri\u00e9taires respectifs. TTR Euroworks BV ne revendique aucune affiliation ni repr\u00e9sentation de ces soci\u00e9t\u00e9s ou marques.<\/em><\/p>\n","protected":false},"excerpt":{"rendered":"<p>Nous fournissons des \u00e9tiquettes vierges en rouleau, des \u00e9tiquettes linerless et des \u00e9tiquettes textiles pour un usage quotidien et des volumes r\u00e9currents. Prix fixes par rouleau, livraison depuis votre \u00ab stock d\u00e9di\u00e9 \u00bb et accompagnement dans le choix des mat\u00e9riaux. Vous recevez une proposition bas\u00e9e sur votre imprimante et votre consommation. Des sp\u00e9cifications et une [&hellip;]<\/p>\n","protected":false},"author":1,"featured_media":0,"parent":0,"menu_order":0,"comment_status":"closed","ping_status":"closed","template":"template-product.php","meta":{"_acf_changed":false,"content-type":"","footnotes":""},"categories":[],"tags":[],"class_list":["post-4408","page","type-page","status-publish","hentry"],"acf":[],"yoast_head":"<!-- This site is optimized with the Yoast SEO plugin v25.9 - https:\/\/yoast.com\/wordpress\/plugins\/seo\/ -->\n<title>\u00c9tiquettes - TTR Euroworks<\/title>\n<meta name=\"description\" content=\"\u00c9tiquettes en rouleau \u2713 Des \u00e9tiquettes papier autocollantes aux \u00e9tiquettes synth\u00e9tiques haut de gamme \u2713 Sans BPA\" \/>\n<meta name=\"robots\" content=\"index, follow, max-snippet:-1, max-image-preview:large, max-video-preview:-1\" \/>\n<link rel=\"canonical\" href=\"https:\/\/ttr.works\/fr\/etiquettes\/\" \/>\n<meta property=\"og:locale\" content=\"fr_FR\" \/>\n<meta property=\"og:type\" content=\"article\" \/>\n<meta property=\"og:title\" content=\"\u00c9tiquettes - TTR Euroworks\" \/>\n<meta property=\"og:description\" content=\"\u00c9tiquettes en rouleau \u2713 Des \u00e9tiquettes papier autocollantes aux \u00e9tiquettes synth\u00e9tiques haut de gamme \u2713 Sans BPA\" \/>\n<meta property=\"og:url\" content=\"https:\/\/ttr.works\/fr\/etiquettes\/\" \/>\n<meta property=\"og:site_name\" content=\"TTR Euroworks\" \/>\n<meta property=\"article:modified_time\" content=\"2026-02-23T09:20:39+00:00\" \/>\n<meta property=\"og:image\" content=\"https:\/\/ttr.works\/wp-content\/uploads\/ttr-labels-rol.png\" \/>\n<meta name=\"twitter:card\" content=\"summary_large_image\" \/>\n<meta name=\"twitter:label1\" content=\"Dur\u00e9e de lecture estim\u00e9e\" \/>\n\t<meta name=\"twitter:data1\" content=\"1 minute\" \/>\n<script type=\"application\/ld+json\" class=\"yoast-schema-graph\">{\"@context\":\"https:\/\/schema.org\",\"@graph\":[{\"@type\":\"WebPage\",\"@id\":\"https:\/\/ttr.works\/fr\/etiquettes\/\",\"url\":\"https:\/\/ttr.works\/fr\/etiquettes\/\",\"name\":\"\u00c9tiquettes - TTR Euroworks\",\"isPartOf\":{\"@id\":\"https:\/\/ttr.works\/fr\/#website\"},\"primaryImageOfPage\":{\"@id\":\"https:\/\/ttr.works\/fr\/etiquettes\/#primaryimage\"},\"image\":{\"@id\":\"https:\/\/ttr.works\/fr\/etiquettes\/#primaryimage\"},\"thumbnailUrl\":\"https:\/\/ttr.works\/wp-content\/uploads\/\/zd421-1-1024x927.png\",\"datePublished\":\"2020-11-20T13:51:18+00:00\",\"dateModified\":\"2026-02-23T09:20:39+00:00\",\"description\":\"\u00c9tiquettes en rouleau \u2713 Des \u00e9tiquettes papier autocollantes aux \u00e9tiquettes synth\u00e9tiques haut de gamme \u2713 Sans BPA\",\"breadcrumb\":{\"@id\":\"https:\/\/ttr.works\/fr\/etiquettes\/#breadcrumb\"},\"inLanguage\":\"fr-FR\",\"potentialAction\":[{\"@type\":\"ReadAction\",\"target\":[\"https:\/\/ttr.works\/fr\/etiquettes\/\"]}]},{\"@type\":\"ImageObject\",\"inLanguage\":\"fr-FR\",\"@id\":\"https:\/\/ttr.works\/fr\/etiquettes\/#primaryimage\",\"url\":\"https:\/\/ttr.works\/wp-content\/uploads\/\/zd421-1-1024x927.png\",\"contentUrl\":\"https:\/\/ttr.works\/wp-content\/uploads\/\/zd421-1-1024x927.png\"},{\"@type\":\"BreadcrumbList\",\"@id\":\"https:\/\/ttr.works\/fr\/etiquettes\/#breadcrumb\",\"itemListElement\":[{\"@type\":\"ListItem\",\"position\":1,\"name\":\"Home\",\"item\":\"https:\/\/ttr.works\/fr\/accueil\/\"},{\"@type\":\"ListItem\",\"position\":2,\"name\":\"\u00c9tiquettes\"}]},{\"@type\":\"WebSite\",\"@id\":\"https:\/\/ttr.works\/fr\/#website\",\"url\":\"https:\/\/ttr.works\/fr\/\",\"name\":\"TTR Euroworks\",\"description\":\"Your ttr partner\",\"potentialAction\":[{\"@type\":\"SearchAction\",\"target\":{\"@type\":\"EntryPoint\",\"urlTemplate\":\"https:\/\/ttr.works\/fr\/?s={search_term_string}\"},\"query-input\":{\"@type\":\"PropertyValueSpecification\",\"valueRequired\":true,\"valueName\":\"search_term_string\"}}],\"inLanguage\":\"fr-FR\"}]}<\/script>\n<!-- \/ Yoast SEO plugin. -->","yoast_head_json":{"title":"\u00c9tiquettes - TTR Euroworks","description":"\u00c9tiquettes en rouleau \u2713 Des \u00e9tiquettes papier autocollantes aux \u00e9tiquettes synth\u00e9tiques haut de gamme \u2713 Sans BPA","robots":{"index":"index","follow":"follow","max-snippet":"max-snippet:-1","max-image-preview":"max-image-preview:large","max-video-preview":"max-video-preview:-1"},"canonical":"https:\/\/ttr.works\/fr\/etiquettes\/","og_locale":"fr_FR","og_type":"article","og_title":"\u00c9tiquettes - TTR Euroworks","og_description":"\u00c9tiquettes en rouleau \u2713 Des \u00e9tiquettes papier autocollantes aux \u00e9tiquettes synth\u00e9tiques haut de gamme \u2713 Sans BPA","og_url":"https:\/\/ttr.works\/fr\/etiquettes\/","og_site_name":"TTR Euroworks","article_modified_time":"2026-02-23T09:20:39+00:00","og_image":[{"url":"https:\/\/ttr.works\/wp-content\/uploads\/ttr-labels-rol.png","type":"","width":"","height":""}],"twitter_card":"summary_large_image","twitter_misc":{"Dur\u00e9e de lecture estim\u00e9e":"1 minute"},"schema":{"@context":"https:\/\/schema.org","@graph":[{"@type":"WebPage","@id":"https:\/\/ttr.works\/fr\/etiquettes\/","url":"https:\/\/ttr.works\/fr\/etiquettes\/","name":"\u00c9tiquettes - TTR Euroworks","isPartOf":{"@id":"https:\/\/ttr.works\/fr\/#website"},"primaryImageOfPage":{"@id":"https:\/\/ttr.works\/fr\/etiquettes\/#primaryimage"},"image":{"@id":"https:\/\/ttr.works\/fr\/etiquettes\/#primaryimage"},"thumbnailUrl":"https:\/\/ttr.works\/wp-content\/uploads\/\/zd421-1-1024x927.png","datePublished":"2020-11-20T13:51:18+00:00","dateModified":"2026-02-23T09:20:39+00:00","description":"\u00c9tiquettes en rouleau \u2713 Des \u00e9tiquettes papier autocollantes aux \u00e9tiquettes synth\u00e9tiques haut de gamme \u2713 Sans BPA","breadcrumb":{"@id":"https:\/\/ttr.works\/fr\/etiquettes\/#breadcrumb"},"inLanguage":"fr-FR","potentialAction":[{"@type":"ReadAction","target":["https:\/\/ttr.works\/fr\/etiquettes\/"]}]},{"@type":"ImageObject","inLanguage":"fr-FR","@id":"https:\/\/ttr.works\/fr\/etiquettes\/#primaryimage","url":"https:\/\/ttr.works\/wp-content\/uploads\/\/zd421-1-1024x927.png","contentUrl":"https:\/\/ttr.works\/wp-content\/uploads\/\/zd421-1-1024x927.png"},{"@type":"BreadcrumbList","@id":"https:\/\/ttr.works\/fr\/etiquettes\/#breadcrumb","itemListElement":[{"@type":"ListItem","position":1,"name":"Home","item":"https:\/\/ttr.works\/fr\/accueil\/"},{"@type":"ListItem","position":2,"name":"\u00c9tiquettes"}]},{"@type":"WebSite","@id":"https:\/\/ttr.works\/fr\/#website","url":"https:\/\/ttr.works\/fr\/","name":"TTR Euroworks","description":"Your ttr partner","potentialAction":[{"@type":"SearchAction","target":{"@type":"EntryPoint","urlTemplate":"https:\/\/ttr.works\/fr\/?s={search_term_string}"},"query-input":{"@type":"PropertyValueSpecification","valueRequired":true,"valueName":"search_term_string"}}],"inLanguage":"fr-FR"}]}},"_links":{"self":[{"href":"https:\/\/ttr.works\/fr\/wp-json\/wp\/v2\/pages\/4408","targetHints":{"allow":["GET"]}}],"collection":[{"href":"https:\/\/ttr.works\/fr\/wp-json\/wp\/v2\/pages"}],"about":[{"href":"https:\/\/ttr.works\/fr\/wp-json\/wp\/v2\/types\/page"}],"author":[{"embeddable":true,"href":"https:\/\/ttr.works\/fr\/wp-json\/wp\/v2\/users\/1"}],"replies":[{"embeddable":true,"href":"https:\/\/ttr.works\/fr\/wp-json\/wp\/v2\/comments?post=4408"}],"version-history":[{"count":5,"href":"https:\/\/ttr.works\/fr\/wp-json\/wp\/v2\/pages\/4408\/revisions"}],"predecessor-version":[{"id":30628,"href":"https:\/\/ttr.works\/fr\/wp-json\/wp\/v2\/pages\/4408\/revisions\/30628"}],"wp:attachment":[{"href":"https:\/\/ttr.works\/fr\/wp-json\/wp\/v2\/media?parent=4408"}],"wp:term":[{"taxonomy":"category","embeddable":true,"href":"https:\/\/ttr.works\/fr\/wp-json\/wp\/v2\/categories?post=4408"},{"taxonomy":"post_tag","embeddable":true,"href":"https:\/\/ttr.works\/fr\/wp-json\/wp\/v2\/tags?post=4408"}],"curies":[{"name":"wp","href":"https:\/\/api.w.org\/{rel}","templated":true}]}}