{"id":4415,"date":"2020-11-20T13:54:40","date_gmt":"2020-11-20T13:54:40","guid":{"rendered":"https:\/\/ttr.works\/?page_id=4415"},"modified":"2024-11-15T09:37:13","modified_gmt":"2024-11-15T09:37:13","slug":"etiquettes-papier-et-synthetiques","status":"publish","type":"page","link":"https:\/\/ttr.works\/fr\/etiquettes\/etiquettes-papier-et-synthetiques\/","title":{"rendered":"\u00c9tiquettes papier et synth\u00e9tiques"},"content":{"rendered":"<div class=\"wp-block-image\">\n<figure class=\"alignright\"><img decoding=\"async\" data-src=\"https:\/\/ttr.works\/wp-content\/uploads\/ttr_labels.png\" alt=\"\" src=\"data:image\/svg+xml;base64,PHN2ZyB3aWR0aD0iMSIgaGVpZ2h0PSIxIiB4bWxucz0iaHR0cDovL3d3dy53My5vcmcvMjAwMC9zdmciPjwvc3ZnPg==\" class=\"lazyload\" style=\"--smush-placeholder-width: 276px; --smush-placeholder-aspect-ratio: 276\/276;\" \/><\/figure><\/div>\n\n\n<p>Nous proposons une large gamme d&rsquo;\u00e9tiquettes autocollantes en rouleau, disponibles en papier et en mat\u00e9riau synth\u00e9tique, id\u00e9ales pour diverses applications. Que ce soit pour des \u00e9tiquettes faciles \u00e0 retirer, r\u00e9sistantes \u00e0 la d\u00e9chirure, pour l\u2019exp\u00e9dition ou pour les passeports phytosanitaires \u2013 nous avons la solution adapt\u00e9e.<\/p>\n\n\n\n<p>La plupart de nos \u00e9tiquettes sont produites en interne selon des normes de qualit\u00e9 \u00e9lev\u00e9es. Elles sont enti\u00e8rement compatibles avec toutes les grandes marques et mod\u00e8les d&rsquo;imprimantes d&rsquo;\u00e9tiquettes.<\/p>\n\n\n\n<p>Utilisez notre <strong><a href=\"\/?page_id=1847\">S\u00e9lecteur d&rsquo;\u00c9tiquettes<\/a><\/strong> pour trouver les \u00e9tiquettes parfaites pour vos besoins. Choisissez le mat\u00e9riau et le format souhait\u00e9s et recevez un devis personnalis\u00e9. <\/p>\n\n\n\n<a href=\"\/?page_id=1847\" class=\"link-btn\">S\u00e9lecteur d\u2019\u00e9tiquette <i class=\"fal fa-chevron-right\"><\/i><\/a>\n","protected":false},"excerpt":{"rendered":"<p>Nous proposons une large gamme d&rsquo;\u00e9tiquettes autocollantes en rouleau, disponibles en papier et en mat\u00e9riau synth\u00e9tique, id\u00e9ales pour diverses applications. Que ce soit pour des \u00e9tiquettes faciles \u00e0 retirer, r\u00e9sistantes \u00e0 la d\u00e9chirure, pour l\u2019exp\u00e9dition ou pour les passeports phytosanitaires \u2013 nous avons la solution adapt\u00e9e. La plupart de nos \u00e9tiquettes sont produites en interne [&hellip;]<\/p>\n","protected":false},"author":1,"featured_media":0,"parent":4408,"menu_order":0,"comment_status":"closed","ping_status":"closed","template":"template-product.php","meta":{"_acf_changed":false,"content-type":"","footnotes":""},"categories":[],"tags":[262],"class_list":["post-4415","page","type-page","status-publish","hentry","tag-product-fr"],"acf":[],"yoast_head":"<!-- This site is optimized with the Yoast SEO plugin v25.9 - https:\/\/yoast.com\/wordpress\/plugins\/seo\/ -->\n<title>\u00c9tiquettes papier et synth\u00e9tiques - TTR Euroworks<\/title>\n<meta name=\"description\" content=\"Papier blanc auto-adh\u00e9sif et \u00e9tiquettes synth\u00e9tiques \u2713 Pour tout type d&#039;application, toutes les grandes marques et mod\u00e8les d&#039;imprimantes\" \/>\n<meta name=\"robots\" content=\"index, follow, max-snippet:-1, max-image-preview:large, max-video-preview:-1\" \/>\n<link rel=\"canonical\" href=\"https:\/\/ttr.works\/fr\/etiquettes\/etiquettes-papier-et-synthetiques\/\" \/>\n<meta property=\"og:locale\" content=\"fr_FR\" \/>\n<meta property=\"og:type\" content=\"article\" \/>\n<meta property=\"og:title\" content=\"\u00c9tiquettes papier et synth\u00e9tiques - TTR Euroworks\" \/>\n<meta property=\"og:description\" content=\"Papier blanc auto-adh\u00e9sif et \u00e9tiquettes synth\u00e9tiques \u2713 Pour tout type d&#039;application, toutes les grandes marques et mod\u00e8les d&#039;imprimantes\" \/>\n<meta property=\"og:url\" content=\"https:\/\/ttr.works\/fr\/etiquettes\/etiquettes-papier-et-synthetiques\/\" \/>\n<meta property=\"og:site_name\" content=\"TTR Euroworks\" \/>\n<meta property=\"article:modified_time\" content=\"2024-11-15T09:37:13+00:00\" \/>\n<meta property=\"og:image\" content=\"https:\/\/ttr.works\/wp-content\/uploads\/ttr_labels.png\" \/>\n<meta name=\"twitter:card\" content=\"summary_large_image\" \/>\n<meta name=\"twitter:label1\" content=\"Dur\u00e9e de lecture estim\u00e9e\" \/>\n\t<meta name=\"twitter:data1\" content=\"1 minute\" \/>\n<script type=\"application\/ld+json\" class=\"yoast-schema-graph\">{\"@context\":\"https:\/\/schema.org\",\"@graph\":[{\"@type\":\"WebPage\",\"@id\":\"https:\/\/ttr.works\/fr\/etiquettes\/etiquettes-papier-et-synthetiques\/\",\"url\":\"https:\/\/ttr.works\/fr\/etiquettes\/etiquettes-papier-et-synthetiques\/\",\"name\":\"\u00c9tiquettes papier et synth\u00e9tiques - TTR Euroworks\",\"isPartOf\":{\"@id\":\"https:\/\/ttr.works\/fr\/#website\"},\"primaryImageOfPage\":{\"@id\":\"https:\/\/ttr.works\/fr\/etiquettes\/etiquettes-papier-et-synthetiques\/#primaryimage\"},\"image\":{\"@id\":\"https:\/\/ttr.works\/fr\/etiquettes\/etiquettes-papier-et-synthetiques\/#primaryimage\"},\"thumbnailUrl\":\"https:\/\/ttr.works\/wp-content\/uploads\/ttr_labels.png\",\"datePublished\":\"2020-11-20T13:54:40+00:00\",\"dateModified\":\"2024-11-15T09:37:13+00:00\",\"description\":\"Papier blanc auto-adh\u00e9sif et \u00e9tiquettes synth\u00e9tiques \u2713 Pour tout type d'application, toutes les grandes marques et mod\u00e8les d'imprimantes\",\"breadcrumb\":{\"@id\":\"https:\/\/ttr.works\/fr\/etiquettes\/etiquettes-papier-et-synthetiques\/#breadcrumb\"},\"inLanguage\":\"fr-FR\",\"potentialAction\":[{\"@type\":\"ReadAction\",\"target\":[\"https:\/\/ttr.works\/fr\/etiquettes\/etiquettes-papier-et-synthetiques\/\"]}]},{\"@type\":\"ImageObject\",\"inLanguage\":\"fr-FR\",\"@id\":\"https:\/\/ttr.works\/fr\/etiquettes\/etiquettes-papier-et-synthetiques\/#primaryimage\",\"url\":\"https:\/\/ttr.works\/wp-content\/uploads\/ttr_labels.png\",\"contentUrl\":\"https:\/\/ttr.works\/wp-content\/uploads\/ttr_labels.png\"},{\"@type\":\"BreadcrumbList\",\"@id\":\"https:\/\/ttr.works\/fr\/etiquettes\/etiquettes-papier-et-synthetiques\/#breadcrumb\",\"itemListElement\":[{\"@type\":\"ListItem\",\"position\":1,\"name\":\"Home\",\"item\":\"https:\/\/ttr.works\/fr\/accueil\/\"},{\"@type\":\"ListItem\",\"position\":2,\"name\":\"\u00c9tiquettes\",\"item\":\"https:\/\/ttr.works\/fr\/etiquettes\/\"},{\"@type\":\"ListItem\",\"position\":3,\"name\":\"\u00c9tiquettes papier et synth\u00e9tiques\"}]},{\"@type\":\"WebSite\",\"@id\":\"https:\/\/ttr.works\/fr\/#website\",\"url\":\"https:\/\/ttr.works\/fr\/\",\"name\":\"TTR Euroworks\",\"description\":\"Your ttr partner\",\"potentialAction\":[{\"@type\":\"SearchAction\",\"target\":{\"@type\":\"EntryPoint\",\"urlTemplate\":\"https:\/\/ttr.works\/fr\/?s={search_term_string}\"},\"query-input\":{\"@type\":\"PropertyValueSpecification\",\"valueRequired\":true,\"valueName\":\"search_term_string\"}}],\"inLanguage\":\"fr-FR\"}]}<\/script>\n<!-- \/ Yoast SEO plugin. -->","yoast_head_json":{"title":"\u00c9tiquettes papier et synth\u00e9tiques - TTR Euroworks","description":"Papier blanc auto-adh\u00e9sif et \u00e9tiquettes synth\u00e9tiques \u2713 Pour tout type d'application, toutes les grandes marques et mod\u00e8les d'imprimantes","robots":{"index":"index","follow":"follow","max-snippet":"max-snippet:-1","max-image-preview":"max-image-preview:large","max-video-preview":"max-video-preview:-1"},"canonical":"https:\/\/ttr.works\/fr\/etiquettes\/etiquettes-papier-et-synthetiques\/","og_locale":"fr_FR","og_type":"article","og_title":"\u00c9tiquettes papier et synth\u00e9tiques - TTR Euroworks","og_description":"Papier blanc auto-adh\u00e9sif et \u00e9tiquettes synth\u00e9tiques \u2713 Pour tout type d'application, toutes les grandes marques et mod\u00e8les d'imprimantes","og_url":"https:\/\/ttr.works\/fr\/etiquettes\/etiquettes-papier-et-synthetiques\/","og_site_name":"TTR Euroworks","article_modified_time":"2024-11-15T09:37:13+00:00","og_image":[{"url":"https:\/\/ttr.works\/wp-content\/uploads\/ttr_labels.png","type":"","width":"","height":""}],"twitter_card":"summary_large_image","twitter_misc":{"Dur\u00e9e de lecture estim\u00e9e":"1 minute"},"schema":{"@context":"https:\/\/schema.org","@graph":[{"@type":"WebPage","@id":"https:\/\/ttr.works\/fr\/etiquettes\/etiquettes-papier-et-synthetiques\/","url":"https:\/\/ttr.works\/fr\/etiquettes\/etiquettes-papier-et-synthetiques\/","name":"\u00c9tiquettes papier et synth\u00e9tiques - TTR Euroworks","isPartOf":{"@id":"https:\/\/ttr.works\/fr\/#website"},"primaryImageOfPage":{"@id":"https:\/\/ttr.works\/fr\/etiquettes\/etiquettes-papier-et-synthetiques\/#primaryimage"},"image":{"@id":"https:\/\/ttr.works\/fr\/etiquettes\/etiquettes-papier-et-synthetiques\/#primaryimage"},"thumbnailUrl":"https:\/\/ttr.works\/wp-content\/uploads\/ttr_labels.png","datePublished":"2020-11-20T13:54:40+00:00","dateModified":"2024-11-15T09:37:13+00:00","description":"Papier blanc auto-adh\u00e9sif et \u00e9tiquettes synth\u00e9tiques \u2713 Pour tout type d'application, toutes les grandes marques et mod\u00e8les d'imprimantes","breadcrumb":{"@id":"https:\/\/ttr.works\/fr\/etiquettes\/etiquettes-papier-et-synthetiques\/#breadcrumb"},"inLanguage":"fr-FR","potentialAction":[{"@type":"ReadAction","target":["https:\/\/ttr.works\/fr\/etiquettes\/etiquettes-papier-et-synthetiques\/"]}]},{"@type":"ImageObject","inLanguage":"fr-FR","@id":"https:\/\/ttr.works\/fr\/etiquettes\/etiquettes-papier-et-synthetiques\/#primaryimage","url":"https:\/\/ttr.works\/wp-content\/uploads\/ttr_labels.png","contentUrl":"https:\/\/ttr.works\/wp-content\/uploads\/ttr_labels.png"},{"@type":"BreadcrumbList","@id":"https:\/\/ttr.works\/fr\/etiquettes\/etiquettes-papier-et-synthetiques\/#breadcrumb","itemListElement":[{"@type":"ListItem","position":1,"name":"Home","item":"https:\/\/ttr.works\/fr\/accueil\/"},{"@type":"ListItem","position":2,"name":"\u00c9tiquettes","item":"https:\/\/ttr.works\/fr\/etiquettes\/"},{"@type":"ListItem","position":3,"name":"\u00c9tiquettes papier et synth\u00e9tiques"}]},{"@type":"WebSite","@id":"https:\/\/ttr.works\/fr\/#website","url":"https:\/\/ttr.works\/fr\/","name":"TTR Euroworks","description":"Your ttr partner","potentialAction":[{"@type":"SearchAction","target":{"@type":"EntryPoint","urlTemplate":"https:\/\/ttr.works\/fr\/?s={search_term_string}"},"query-input":{"@type":"PropertyValueSpecification","valueRequired":true,"valueName":"search_term_string"}}],"inLanguage":"fr-FR"}]}},"_links":{"self":[{"href":"https:\/\/ttr.works\/fr\/wp-json\/wp\/v2\/pages\/4415","targetHints":{"allow":["GET"]}}],"collection":[{"href":"https:\/\/ttr.works\/fr\/wp-json\/wp\/v2\/pages"}],"about":[{"href":"https:\/\/ttr.works\/fr\/wp-json\/wp\/v2\/types\/page"}],"author":[{"embeddable":true,"href":"https:\/\/ttr.works\/fr\/wp-json\/wp\/v2\/users\/1"}],"replies":[{"embeddable":true,"href":"https:\/\/ttr.works\/fr\/wp-json\/wp\/v2\/comments?post=4415"}],"version-history":[{"count":3,"href":"https:\/\/ttr.works\/fr\/wp-json\/wp\/v2\/pages\/4415\/revisions"}],"predecessor-version":[{"id":26489,"href":"https:\/\/ttr.works\/fr\/wp-json\/wp\/v2\/pages\/4415\/revisions\/26489"}],"up":[{"embeddable":true,"href":"https:\/\/ttr.works\/fr\/wp-json\/wp\/v2\/pages\/4408"}],"wp:attachment":[{"href":"https:\/\/ttr.works\/fr\/wp-json\/wp\/v2\/media?parent=4415"}],"wp:term":[{"taxonomy":"category","embeddable":true,"href":"https:\/\/ttr.works\/fr\/wp-json\/wp\/v2\/categories?post=4415"},{"taxonomy":"post_tag","embeddable":true,"href":"https:\/\/ttr.works\/fr\/wp-json\/wp\/v2\/tags?post=4415"}],"curies":[{"name":"wp","href":"https:\/\/api.w.org\/{rel}","templated":true}]}}