{"id":4423,"date":"2020-11-20T13:58:48","date_gmt":"2020-11-20T13:58:48","guid":{"rendered":"https:\/\/ttr.works\/?page_id=4423"},"modified":"2025-11-12T12:43:03","modified_gmt":"2025-11-12T12:43:03","slug":"etiquettes-textiles","status":"publish","type":"page","link":"https:\/\/ttr.works\/fr\/etiquettes\/etiquettes-textiles\/","title":{"rendered":"\u00e9tiquettes textiles"},"content":{"rendered":"\r\n\r\n<p><img decoding=\"async\" class=\"wp-image-28664 alignright lazyload\" style=\"--smush-placeholder-width: 424px; --smush-placeholder-aspect-ratio: 424\/282;float: right; margin-left: 1em; margin-bottom: 1em;\" data-src=\"https:\/\/ttr.works\/wp-content\/uploads\/\/TTR-Euroworks-supply-advantage-1-300x200.png\" alt=\"\" width=\"424\" height=\"282\" data-srcset=\"https:\/\/ttr.works\/wp-content\/uploads\/TTR-Euroworks-supply-advantage-1-300x200.png 300w, https:\/\/ttr.works\/wp-content\/uploads\/TTR-Euroworks-supply-advantage-1-1024x683.png 1024w, https:\/\/ttr.works\/wp-content\/uploads\/TTR-Euroworks-supply-advantage-1-768x512.png 768w, https:\/\/ttr.works\/wp-content\/uploads\/TTR-Euroworks-supply-advantage-1.png 1536w\" data-sizes=\"(max-width: 424px) 100vw, 424px\" src=\"data:image\/svg+xml;base64,PHN2ZyB3aWR0aD0iMSIgaGVpZ2h0PSIxIiB4bWxucz0iaHR0cDovL3d3dy53My5vcmcvMjAwMC9zdmciPjwvc3ZnPg==\" \/><\/p>\r\n<p data-start=\"135\" data-end=\"528\"><strong data-start=\"135\" data-end=\"222\">Les produits qui durent des centaines de cycles de lavage n\u00e9cessitent des \u00e9tiquettes qui font de m\u00eame. <\/strong>Les rubans Resin Textile et les \u00e9tiquettes en nylon de TTR Euroworks offrent une identification durable, lisible et conforme pour chaque application d&rsquo;impression textile. Combinez des imprimantes haute performance, des rubans d&rsquo;encre Resin Textile premium et des mat\u00e9riaux d&rsquo;\u00e9tiquettes de qualit\u00e9 pour des r\u00e9sultats coh\u00e9rents et un temps d&rsquo;arr\u00eat minimal.<\/p>\r\n<p data-start=\"530\" data-end=\"700\">Essayez l&rsquo;<strong data-start=\"545\" data-end=\"579\">avantage d&rsquo;approvisionnement TTR Euroworks<\/strong> avec des remises sur volume d\u00e8s le premier jour, des prix annuels fixes et des offres exclusives lors de l&rsquo;ajout ou du remplacement d&rsquo;imprimantes pour tissus. Demandez votre prix sans engagement.<\/p>\r\n\r\n\r\n<p><a class=\"link-btn\" href=\"https:\/\/hs.ttreuroworks.com\/textile-label-printing\">D\u00e9couvrez l&rsquo;avantage d&rsquo;approvisionnement TTR<\/a><\/p>\r\n\r\n\r\n<div class=\"wp-block-spacer\" style=\"height: 17px;\" aria-hidden=\"true\">&nbsp;<\/div>\r\n\r\n\r\n<h3 class=\"wp-block-heading\" data-start=\"645\" data-end=\"671\">\u00c9tiquettes en Nylon &amp; Satin<\/h3>\r\n\r\n\r\n<p data-start=\"673\" data-end=\"907\">Le choix du bon mat\u00e9riau d&rsquo;\u00e9tiquette d\u00e9pend de votre type de v\u00eatement et de vos exigences de lavage. C&rsquo;est pourquoi nous proposons des mat\u00e9riaux d&rsquo;\u00e9tiquettes en Nylon et Satin certifi\u00e9s OEKO-TEX\u00ae Standard 100. Ils sont s\u00fbrs, durables et exempts de substances nocives.<\/p>\r\n\r\n\r\n<ul class=\"wp-block-list\" data-start=\"909\" data-end=\"1167\">\r\n<li data-start=\"909\" data-end=\"1054\"><strong data-start=\"911\" data-end=\"928\">\u00c9tiquettes en nylon :<\/strong> Durables, imprimables des deux c\u00f4t\u00e9s et r\u00e9sistantes aux lavages fr\u00e9quents &#8211; id\u00e9ales pour les v\u00eatements de travail, les uniformes et les textiles industriels.<\/li>\r\n<li data-start=\"1055\" data-end=\"1167\"><strong data-start=\"1057\" data-end=\"1074\">\u00c9tiquettes en satin :<\/strong> Douces, lisses et parfaites pour les tissus premium tels que les v\u00eatements de designer et les marques de luxe.<\/li>\r\n<\/ul>\r\n\r\n\r\n<figure class=\"wp-block-image size-medium is-style-default\"><img decoding=\"async\" class=\"wp-image-2282 lazyload\" data-src=\"https:\/\/ttr.works\/wp-content\/uploads\/\/ttr-header-nylon-3-300x300.jpg\" alt=\"\" width=\"300\" height=\"300\" data-srcset=\"https:\/\/ttr.works\/wp-content\/uploads\/ttr-header-nylon-3-300x300.jpg 300w, https:\/\/ttr.works\/wp-content\/uploads\/ttr-header-nylon-3-150x150.jpg 150w, https:\/\/ttr.works\/wp-content\/uploads\/ttr-header-nylon-3.jpg 600w\" data-sizes=\"(max-width: 300px) 100vw, 300px\" src=\"data:image\/svg+xml;base64,PHN2ZyB3aWR0aD0iMSIgaGVpZ2h0PSIxIiB4bWxucz0iaHR0cDovL3d3dy53My5vcmcvMjAwMC9zdmciPjwvc3ZnPg==\" style=\"--smush-placeholder-width: 300px; --smush-placeholder-aspect-ratio: 300\/300;\" \/><\/figure>\r\n\r\n\r\n<div class=\"wp-block-spacer\" style=\"height: 17px;\" aria-hidden=\"true\">&nbsp;<\/div>\r\n\r\n\r\n<h3 class=\"wp-block-heading\"><strong>Rubans 4U Resin Textile<\/strong><\/h3>\r\n\r\n\r\n<p>Obtenez une qualit\u00e9 d&rsquo;impression durable sur chaque \u00e9tiquette en tissu. Nos <strong data-start=\"1263\" data-end=\"1291\">rubans 4U Resin Textile<\/strong> offrent des r\u00e9sultats nets pour les petits textes et les symboles de lavage qui r\u00e9sistent au lavage, au repassage et au nettoyage \u00e0 sec. Enti\u00e8rement compatibles avec les \u00e9tiquettes en nylon et en satin et disponibles en plusieurs couleurs.<\/p>\r\n\r\n\r\n<div class=\"wp-block-spacer\" style=\"height: 17px;\" aria-hidden=\"true\">&nbsp;<\/div>\r\n\r\n<div class=\"wp-block-image\">\r\n<figure class=\"alignleft size-medium is-style-default\"><img decoding=\"async\" class=\"wp-image-28186 lazyload\" data-src=\"https:\/\/ttr.works\/wp-content\/uploads\/\/cab-textile-300x169.jpg\" alt=\"\" width=\"300\" height=\"169\" data-srcset=\"https:\/\/ttr.works\/wp-content\/uploads\/cab-textile-300x169.jpg 300w, https:\/\/ttr.works\/wp-content\/uploads\/cab-textile-768x432.jpg 768w, https:\/\/ttr.works\/wp-content\/uploads\/cab-textile.jpg 797w\" data-sizes=\"(max-width: 300px) 100vw, 300px\" src=\"data:image\/svg+xml;base64,PHN2ZyB3aWR0aD0iMSIgaGVpZ2h0PSIxIiB4bWxucz0iaHR0cDovL3d3dy53My5vcmcvMjAwMC9zdmciPjwvc3ZnPg==\" style=\"--smush-placeholder-width: 300px; --smush-placeholder-aspect-ratio: 300\/169;\" \/><\/figure><\/div>\r\n\r\n<div class=\"wp-block-spacer\" style=\"height: 17px;\" aria-hidden=\"true\">&nbsp;<\/div>\r\n\r\n\r\n<h3 class=\"wp-block-heading\"><strong>Imprimantes Professionnelles pour Tissus<\/strong><\/h3>\r\n\r\n\r\n<p data-start=\"1520\" data-end=\"1668\">\u00c9quipez votre ligne de production avec des <strong data-start=\"1561\" data-end=\"1603\">imprimantes pour tissus CAB\u00ae, TSC\u00ae et Avery\u00ae<\/strong> fiables dot\u00e9es de coupe-tissus int\u00e9gr\u00e9s pour des r\u00e9sultats fluides et pr\u00e9cis.<\/p>\r\n\r\n\r\n<ul class=\"wp-block-list\" data-start=\"1669\" data-end=\"1813\">\r\n<li data-start=\"1669\" data-end=\"1695\">D\u00e9coupe pr\u00e9cise des \u00e9tiquettes<\/li>\r\n<li data-start=\"1696\" data-end=\"1731\">Sortie \u00e0 haute vitesse et de haute qualit\u00e9<\/li>\r\n<li data-start=\"1732\" data-end=\"1763\">Int\u00e9gration facile dans la production<\/li>\r\n<\/ul>\r\n\r\n\r\n<div class=\"wp-block-spacer\" style=\"height: 40px;\" aria-hidden=\"true\">&nbsp;<\/div>\r\n\r\n\r\n<div class=\"wp-block-spacer\" style=\"height: 28px;\" aria-hidden=\"true\">&nbsp;<\/div>\r\n\r\n\r\n<h3 class=\"wp-block-heading\"><strong>Q&amp;R : Impression d&rsquo;\u00c9tiquettes en Tissu<\/strong><\/h3>\r\n\r\n\r\n<p><strong>Q : \u00c0 quoi servent les \u00e9tiquettes d&rsquo;entretien en nylon ?<\/strong><br \/>R : Les \u00e9tiquettes d&rsquo;entretien en nylon sont durables et r\u00e9sistantes aux lavages fr\u00e9quents, ce qui les rend id\u00e9ales pour les v\u00eatements de travail, les uniformes, les v\u00eatements d&rsquo;ext\u00e9rieur et d&rsquo;autres textiles industriels. Elles garantissent que les instructions de lavage et la marque restent lisibles tout au long du cycle de vie du v\u00eatement.<\/p>\r\n\r\n\r\n<p><strong>Q : Pourquoi choisir des \u00e9tiquettes en satin pour les v\u00eatements ?<\/strong><br \/>R : Les \u00e9tiquettes en satin sont douces, lisses et \u00e9l\u00e9gantes, ce qui en fait le choix pr\u00e9f\u00e9r\u00e9 pour les tissus premium et les v\u00eatements de luxe. Elles donnent un aspect haut de gamme tout en restant confortables contre la peau.<\/p>\r\n\r\n\r\n<p><strong>Q : Puis-je imprimer des \u00e9tiquettes textiles en interne ?<\/strong><br \/>R : Oui. Avec l&rsquo;\u00e9quipement appropri\u00e9, comme des <strong>imprimantes CAB ou TSC avec coupe-tissus<\/strong>, vous pouvez imprimer des \u00e9tiquettes en nylon et en satin directement en interne. Combin\u00e9 avec des <strong>rubans de transfert thermique en r\u00e9sine<\/strong>, cela garantit des r\u00e9sultats professionnels et durables.<\/p>\r\n\r\n\r\n<p><strong>Q : Vos \u00e9tiquettes textiles sont-elles certifi\u00e9es et s\u00e9curitaires ?<\/strong><br \/>R : Oui. Nos \u00e9tiquettes en tissu en nylon et en satin sont conformes \u00e0 la <strong>norme OEKO-TEX\u00ae Standard 100<\/strong>, garantissant qu&rsquo;elles sont exemptes de substances nocives et s\u00e9curitaires pour une utilisation dans les v\u00eatements, m\u00eame pour les peaux sensibles.<\/p>\r\n\r\n\r\n<p><strong>Q : Quels rubans sont les meilleurs pour l&rsquo;impression sur des \u00e9tiquettes en tissu ?<\/strong><br \/>R : Pour les applications textiles, nous recommandons les rubans de transfert thermique 4U Resin Textile. Ils offrent une qualit\u00e9 d&rsquo;impression nette et r\u00e9sistent au lavage, au repassage et au nettoyage \u00e0 sec, garantissant que les instructions d&rsquo;entretien restent visibles au fil du temps.<\/p>\r\n\r\n\r\n<p><strong>Q : Qu&rsquo;est-ce qu&rsquo;une solution compl\u00e8te d&rsquo;impression d&rsquo;\u00e9tiquettes textiles ?<\/strong><br \/>R : Une solution compl\u00e8te inclut des <strong>rouleaux d&rsquo;\u00e9tiquettes en tissu (nylon ou satin)<\/strong>, une <strong>imprimante avec coupe-tissu<\/strong> et des <strong>rubans thermiques en r\u00e9sine<\/strong>. Cette configuration tout-en-un permet d&rsquo;\u00e9conomiser du temps, de r\u00e9duire les co\u00fbts et de garantir une qualit\u00e9 constante pour l&rsquo;\u00e9tiquetage textile.<\/p>\r\n\r\n\r\n<p><strong>Q : Qu&rsquo;est-ce que les \u00e9tiquettes en taffetas de nylon ?<\/strong><br \/>R : Une \u00e9tiquette d&rsquo;entretien solide et flexible qui peut \u00eatre imprim\u00e9e des deux c\u00f4t\u00e9s. Les instructions de lavage et d&rsquo;autres informations sont facilement et nettement imprim\u00e9es sur l&rsquo;\u00e9tiquette \u00e0 300 dpi.<\/p>\r\n\r\n\r\n<p><strong>Q : Qu&rsquo;est-ce que le taffetas de satin en polyester ?<\/strong><br \/>R : L&rsquo;\u00e9tiquette d&rsquo;entretien la plus flexible et la plus douce de notre gamme, con\u00e7ue pour des tissus plus luxueux. Nous avons du polyester pour les lavages domestiques et agressifs. Gr\u00e2ce au bord fendu (chaud) dit, la tendance \u00e0 l&rsquo;effilochage associ\u00e9e \u00e0 ce type d&rsquo;\u00e9tiquette d&rsquo;entretien est \u00e9limin\u00e9e. Cette version en satin polyester peut \u00eatre imprim\u00e9e d&rsquo;un seul c\u00f4t\u00e9.<\/p>\r\n\r\n\r\n<p><strong>Q : Qu&rsquo;est-ce que le taffetas extra fort ?<\/strong><br \/>R : Ce type d&rsquo;\u00e9tiquette textile plus lourd est particuli\u00e8rement adapt\u00e9 aux v\u00eatements de travail et autres textiles n\u00e9cessitant des lavages industriels. Pensez aux salopettes, aux rideaux et m\u00eame aux couvertures pour chevaux ! Ce type d&rsquo;\u00e9tiquette textile offre \u00e9galement une solution pour les nettoyeurs \u00e0 sec. Apr\u00e8s des lavages fr\u00e9quents, les \u00e9tiquettes en taffetas extra fort conservent leur impression de haute qualit\u00e9. Le taffetas extra fort peut \u00eatre imprim\u00e9 d&rsquo;un seul c\u00f4t\u00e9 avec la combinaison d&rsquo;un ruban d&rsquo;encre en r\u00e9sine.<\/p>\r\n\r\n\r\n<div class=\"wp-block-spacer\" style=\"height: 29px;\" aria-hidden=\"true\">&nbsp;<\/div>\r\n\r\n\r\n<p><strong>Vous n&rsquo;avez pas trouv\u00e9 votre r\u00e9ponse ? Demandez-nous n&rsquo;importe quoi.<\/strong><\/p>\r\n\r\n\r\n<p><a class=\"link-btn\" href=\"https:\/\/ttr.works\/fr\/contact\/\">Contactez TTR Euroworks<\/a><\/p>\r\n\r\n","protected":false},"excerpt":{"rendered":"<p>Les produits qui durent des centaines de cycles de lavage n\u00e9cessitent des \u00e9tiquettes qui font de m\u00eame. Les rubans Resin Textile et les \u00e9tiquettes en nylon de TTR Euroworks offrent une identification durable, lisible et conforme pour chaque application d&rsquo;impression textile. Combinez des imprimantes haute performance, des rubans d&rsquo;encre Resin Textile premium et des mat\u00e9riaux [&hellip;]<\/p>\n","protected":false},"author":1,"featured_media":0,"parent":4408,"menu_order":0,"comment_status":"closed","ping_status":"closed","template":"template-product.php","meta":{"_acf_changed":false,"content-type":"","footnotes":""},"categories":[],"tags":[262],"class_list":["post-4423","page","type-page","status-publish","hentry","tag-product-fr"],"acf":[],"_links":{"self":[{"href":"https:\/\/ttr.works\/fr\/wp-json\/wp\/v2\/pages\/4423","targetHints":{"allow":["GET"]}}],"collection":[{"href":"https:\/\/ttr.works\/fr\/wp-json\/wp\/v2\/pages"}],"about":[{"href":"https:\/\/ttr.works\/fr\/wp-json\/wp\/v2\/types\/page"}],"author":[{"embeddable":true,"href":"https:\/\/ttr.works\/fr\/wp-json\/wp\/v2\/users\/1"}],"replies":[{"embeddable":true,"href":"https:\/\/ttr.works\/fr\/wp-json\/wp\/v2\/comments?post=4423"}],"version-history":[{"count":11,"href":"https:\/\/ttr.works\/fr\/wp-json\/wp\/v2\/pages\/4423\/revisions"}],"predecessor-version":[{"id":29337,"href":"https:\/\/ttr.works\/fr\/wp-json\/wp\/v2\/pages\/4423\/revisions\/29337"}],"up":[{"embeddable":true,"href":"https:\/\/ttr.works\/fr\/wp-json\/wp\/v2\/pages\/4408"}],"wp:attachment":[{"href":"https:\/\/ttr.works\/fr\/wp-json\/wp\/v2\/media?parent=4423"}],"wp:term":[{"taxonomy":"category","embeddable":true,"href":"https:\/\/ttr.works\/fr\/wp-json\/wp\/v2\/categories?post=4423"},{"taxonomy":"post_tag","embeddable":true,"href":"https:\/\/ttr.works\/fr\/wp-json\/wp\/v2\/tags?post=4423"}],"curies":[{"name":"wp","href":"https:\/\/api.w.org\/{rel}","templated":true}]}}