{"id":4427,"date":"2020-11-20T13:59:59","date_gmt":"2020-11-20T13:59:59","guid":{"rendered":"https:\/\/ttr.works\/?page_id=4427"},"modified":"2020-11-20T14:00:11","modified_gmt":"2020-11-20T14:00:11","slug":"politique-de-retour","status":"publish","type":"page","link":"https:\/\/ttr.works\/fr\/politique-de-retour\/","title":{"rendered":"Politique de retour"},"content":{"rendered":"\n<p>Les pi\u00e8ces endommag\u00e9es et\/ou install\u00e9es ou dont l\u2019emballage a \u00e9t\u00e9 ouvert ne peuvent \u00eatre renvoy\u00e9es. Il vous revient de renvoyer votre commande de mani\u00e8re appropri\u00e9e et les frais d\u2019envoi suppl\u00e9mentaires sont \u00e0 votre charge.<\/p>\n\n\n\n<p>Les cartes, alimentations et produits command\u00e9s sp\u00e9cialement achet\u00e9s aupr\u00e8s de ou produits par TTR Euroworks B.V. ne peuvent \u00eatre renvoy\u00e9s sauf s\u2019ils sont d\u00e9fectueux. Tout produit d\u00e9fectueux fera l\u2019objet d\u2019une \u00e9valuation par le fabricant. Si, apr\u00e8s \u00e9valuation, il ressort que le produit est effectivement d\u00e9fectueux, le fabricant d\u00e9terminera si une r\u00e9paration, un remplacement ou un cr\u00e9dit doit \u00eatre propos\u00e9. Si, toutefois, il apparaissait que le produit \u00e9tait en bon \u00e9tat, il vous sera renvoy\u00e9. Dans ce cas, vous serez responsable des frais engag\u00e9s.<\/p>\n\n\n\n<p>En cas de demande RMA, veuillez nous contacter par le biais de notre page de contact. Nous vous recontacterons d\u00e8s que possible et proposerons, dans la mesure du possible, une solution ad\u00e9quate.<\/p>\n\n\n\n<p>TTR Euroworks BV n\u2019est pas responsable des conseils fournis par une assistance technique.<\/p>\n","protected":false},"excerpt":{"rendered":"<p>Les pi\u00e8ces endommag\u00e9es et\/ou install\u00e9es ou dont l\u2019emballage a \u00e9t\u00e9 ouvert ne peuvent \u00eatre renvoy\u00e9es. Il vous revient de renvoyer votre commande de mani\u00e8re appropri\u00e9e et les frais d\u2019envoi suppl\u00e9mentaires sont \u00e0 votre charge. Les cartes, alimentations et produits command\u00e9s sp\u00e9cialement achet\u00e9s aupr\u00e8s de ou produits par TTR Euroworks B.V. ne peuvent \u00eatre renvoy\u00e9s sauf [&hellip;]<\/p>\n","protected":false},"author":1,"featured_media":0,"parent":0,"menu_order":0,"comment_status":"closed","ping_status":"closed","template":"template-content.php","meta":{"_acf_changed":false,"content-type":"","footnotes":""},"categories":[],"tags":[],"class_list":["post-4427","page","type-page","status-publish","hentry"],"acf":[],"yoast_head":"<!-- This site is optimized with the Yoast SEO plugin v25.9 - https:\/\/yoast.com\/wordpress\/plugins\/seo\/ -->\n<title>Politique de retour - TTR Euroworks<\/title>\n<meta name=\"robots\" content=\"index, follow, max-snippet:-1, max-image-preview:large, max-video-preview:-1\" \/>\n<link rel=\"canonical\" href=\"https:\/\/ttr.works\/fr\/politique-de-retour\/\" \/>\n<meta property=\"og:locale\" content=\"fr_FR\" \/>\n<meta property=\"og:type\" content=\"article\" \/>\n<meta property=\"og:title\" content=\"Politique de retour - TTR Euroworks\" \/>\n<meta property=\"og:description\" content=\"Les pi\u00e8ces endommag\u00e9es et\/ou install\u00e9es ou dont l\u2019emballage a \u00e9t\u00e9 ouvert ne peuvent \u00eatre renvoy\u00e9es. Il vous revient de renvoyer votre commande de mani\u00e8re appropri\u00e9e et les frais d\u2019envoi suppl\u00e9mentaires sont \u00e0 votre charge. Les cartes, alimentations et produits command\u00e9s sp\u00e9cialement achet\u00e9s aupr\u00e8s de ou produits par TTR Euroworks B.V. ne peuvent \u00eatre renvoy\u00e9s sauf [&hellip;]\" \/>\n<meta property=\"og:url\" content=\"https:\/\/ttr.works\/fr\/politique-de-retour\/\" \/>\n<meta property=\"og:site_name\" content=\"TTR Euroworks\" \/>\n<meta property=\"article:modified_time\" content=\"2020-11-20T14:00:11+00:00\" \/>\n<meta name=\"twitter:card\" content=\"summary_large_image\" \/>\n<meta name=\"twitter:label1\" content=\"Dur\u00e9e de lecture estim\u00e9e\" \/>\n\t<meta name=\"twitter:data1\" content=\"1 minute\" \/>\n<script type=\"application\/ld+json\" class=\"yoast-schema-graph\">{\"@context\":\"https:\/\/schema.org\",\"@graph\":[{\"@type\":\"WebPage\",\"@id\":\"https:\/\/ttr.works\/fr\/politique-de-retour\/\",\"url\":\"https:\/\/ttr.works\/fr\/politique-de-retour\/\",\"name\":\"Politique de retour - TTR Euroworks\",\"isPartOf\":{\"@id\":\"https:\/\/ttr.works\/fr\/#website\"},\"datePublished\":\"2020-11-20T13:59:59+00:00\",\"dateModified\":\"2020-11-20T14:00:11+00:00\",\"breadcrumb\":{\"@id\":\"https:\/\/ttr.works\/fr\/politique-de-retour\/#breadcrumb\"},\"inLanguage\":\"fr-FR\",\"potentialAction\":[{\"@type\":\"ReadAction\",\"target\":[\"https:\/\/ttr.works\/fr\/politique-de-retour\/\"]}]},{\"@type\":\"BreadcrumbList\",\"@id\":\"https:\/\/ttr.works\/fr\/politique-de-retour\/#breadcrumb\",\"itemListElement\":[{\"@type\":\"ListItem\",\"position\":1,\"name\":\"Home\",\"item\":\"https:\/\/ttr.works\/fr\/accueil\/\"},{\"@type\":\"ListItem\",\"position\":2,\"name\":\"Politique de retour\"}]},{\"@type\":\"WebSite\",\"@id\":\"https:\/\/ttr.works\/fr\/#website\",\"url\":\"https:\/\/ttr.works\/fr\/\",\"name\":\"TTR Euroworks\",\"description\":\"Your ttr partner\",\"potentialAction\":[{\"@type\":\"SearchAction\",\"target\":{\"@type\":\"EntryPoint\",\"urlTemplate\":\"https:\/\/ttr.works\/fr\/?s={search_term_string}\"},\"query-input\":{\"@type\":\"PropertyValueSpecification\",\"valueRequired\":true,\"valueName\":\"search_term_string\"}}],\"inLanguage\":\"fr-FR\"}]}<\/script>\n<!-- \/ Yoast SEO plugin. -->","yoast_head_json":{"title":"Politique de retour - TTR Euroworks","robots":{"index":"index","follow":"follow","max-snippet":"max-snippet:-1","max-image-preview":"max-image-preview:large","max-video-preview":"max-video-preview:-1"},"canonical":"https:\/\/ttr.works\/fr\/politique-de-retour\/","og_locale":"fr_FR","og_type":"article","og_title":"Politique de retour - TTR Euroworks","og_description":"Les pi\u00e8ces endommag\u00e9es et\/ou install\u00e9es ou dont l\u2019emballage a \u00e9t\u00e9 ouvert ne peuvent \u00eatre renvoy\u00e9es. Il vous revient de renvoyer votre commande de mani\u00e8re appropri\u00e9e et les frais d\u2019envoi suppl\u00e9mentaires sont \u00e0 votre charge. Les cartes, alimentations et produits command\u00e9s sp\u00e9cialement achet\u00e9s aupr\u00e8s de ou produits par TTR Euroworks B.V. ne peuvent \u00eatre renvoy\u00e9s sauf [&hellip;]","og_url":"https:\/\/ttr.works\/fr\/politique-de-retour\/","og_site_name":"TTR Euroworks","article_modified_time":"2020-11-20T14:00:11+00:00","twitter_card":"summary_large_image","twitter_misc":{"Dur\u00e9e de lecture estim\u00e9e":"1 minute"},"schema":{"@context":"https:\/\/schema.org","@graph":[{"@type":"WebPage","@id":"https:\/\/ttr.works\/fr\/politique-de-retour\/","url":"https:\/\/ttr.works\/fr\/politique-de-retour\/","name":"Politique de retour - TTR Euroworks","isPartOf":{"@id":"https:\/\/ttr.works\/fr\/#website"},"datePublished":"2020-11-20T13:59:59+00:00","dateModified":"2020-11-20T14:00:11+00:00","breadcrumb":{"@id":"https:\/\/ttr.works\/fr\/politique-de-retour\/#breadcrumb"},"inLanguage":"fr-FR","potentialAction":[{"@type":"ReadAction","target":["https:\/\/ttr.works\/fr\/politique-de-retour\/"]}]},{"@type":"BreadcrumbList","@id":"https:\/\/ttr.works\/fr\/politique-de-retour\/#breadcrumb","itemListElement":[{"@type":"ListItem","position":1,"name":"Home","item":"https:\/\/ttr.works\/fr\/accueil\/"},{"@type":"ListItem","position":2,"name":"Politique de retour"}]},{"@type":"WebSite","@id":"https:\/\/ttr.works\/fr\/#website","url":"https:\/\/ttr.works\/fr\/","name":"TTR Euroworks","description":"Your ttr partner","potentialAction":[{"@type":"SearchAction","target":{"@type":"EntryPoint","urlTemplate":"https:\/\/ttr.works\/fr\/?s={search_term_string}"},"query-input":{"@type":"PropertyValueSpecification","valueRequired":true,"valueName":"search_term_string"}}],"inLanguage":"fr-FR"}]}},"_links":{"self":[{"href":"https:\/\/ttr.works\/fr\/wp-json\/wp\/v2\/pages\/4427","targetHints":{"allow":["GET"]}}],"collection":[{"href":"https:\/\/ttr.works\/fr\/wp-json\/wp\/v2\/pages"}],"about":[{"href":"https:\/\/ttr.works\/fr\/wp-json\/wp\/v2\/types\/page"}],"author":[{"embeddable":true,"href":"https:\/\/ttr.works\/fr\/wp-json\/wp\/v2\/users\/1"}],"replies":[{"embeddable":true,"href":"https:\/\/ttr.works\/fr\/wp-json\/wp\/v2\/comments?post=4427"}],"version-history":[{"count":0,"href":"https:\/\/ttr.works\/fr\/wp-json\/wp\/v2\/pages\/4427\/revisions"}],"wp:attachment":[{"href":"https:\/\/ttr.works\/fr\/wp-json\/wp\/v2\/media?parent=4427"}],"wp:term":[{"taxonomy":"category","embeddable":true,"href":"https:\/\/ttr.works\/fr\/wp-json\/wp\/v2\/categories?post=4427"},{"taxonomy":"post_tag","embeddable":true,"href":"https:\/\/ttr.works\/fr\/wp-json\/wp\/v2\/tags?post=4427"}],"curies":[{"name":"wp","href":"https:\/\/api.w.org\/{rel}","templated":true}]}}