{"id":4430,"date":"2020-11-20T14:01:59","date_gmt":"2020-11-20T14:01:59","guid":{"rendered":"https:\/\/ttr.works\/?page_id=4430"},"modified":"2024-07-08T08:44:42","modified_gmt":"2024-07-08T08:44:42","slug":"imprimantes-thermiques","status":"publish","type":"page","link":"https:\/\/ttr.works\/fr\/imprimantes-thermiques\/","title":{"rendered":"Imprimantes Thermiques"},"content":{"rendered":"<div class=\"wp-block-image\">\n<figure class=\"alignright\"><img decoding=\"async\" data-src=\"https:\/\/ttr.works\/wp-content\/uploads\/ttr-printers.png\" alt=\"This image has an empty alt attribute; its file name is ttr-printers.png\" src=\"data:image\/svg+xml;base64,PHN2ZyB3aWR0aD0iMSIgaGVpZ2h0PSIxIiB4bWxucz0iaHR0cDovL3d3dy53My5vcmcvMjAwMC9zdmciPjwvc3ZnPg==\" class=\"lazyload\" style=\"--smush-placeholder-width: 401px; --smush-placeholder-aspect-ratio: 401\/275;\" \/><\/figure><\/div>\n\n\n<p><strong>En collaboration avec les fabricants d&rsquo;imprimantes d&rsquo;\u00e9tiquettes, nous aidons nos clients avec des conseils, des devis rapides et une livraison rapide. Pensez \u00e0 des marques comme Honeywell\u00ae, Zebra\u00ae, Sato\u00ae, TSC-Printronix\u00ae, Valentin\u00ae et autres. En \u00e9quipe, nous travaillons pour vous, pour vous aider \u00e0 \u00e9conomiser du temps et de l&rsquo;argent.<\/strong><\/p>\n\n\n\n<p>Parce que nous offrons tout sous un m\u00eame toit, vous b\u00e9n\u00e9ficiez d\u00e8s le premier jour d\u2019un volume suppl\u00e9mentaire et d\u2019avantages en mati\u00e8re de ventes crois\u00e9es. Par exemple, avec le programme de r\u00e9compenses 4U, vous \u00e9conomisez automatiquement des codes de r\u00e9duction \u00e0 chaque achat d&rsquo;une imprimante thermique ou d&rsquo;une t\u00eate d&rsquo;impression.<\/p>\n\n\n\n<p>Dans notre boutique en ligne, vous pouvez facilement trouver la bonne imprimante, la disponibilit\u00e9 et les produits associ\u00e9s \u00e0 l&rsquo;aide des filtres. Si vous avez des questions, nous serons heureux de vous aider.<\/p>\n\n\n\n<a href=\"https:\/\/thermalprinting.shop\/printers\" class=\"link-btn\">TTR shop <i class=\"fal fa-chevron-right\"><\/i><\/a><a href=\"https:\/\/ttr.works\/thermal-transfer\/4u-rewards.php\" class=\"link-btn second\">Codes de r\u00e9duction <i class=\"fal fa-chevron-right\"><\/i><\/a>\n\n\n\n<div style=\"height:119px\" aria-hidden=\"true\" class=\"wp-block-spacer\"><\/div>\n\n\n\n<h3 class=\"wp-block-heading\">Actualit\u00e9s sur les imprimantes thermiques<\/h3>\n\n\n\n<div style=\"height:20px\" aria-hidden=\"true\" class=\"wp-block-spacer\"><\/div>\n\n\n\n<div class=\"wp-block-media-text is-stacked-on-mobile\" style=\"grid-template-columns:31% auto\"><figure class=\"wp-block-media-text__media\"><img decoding=\"async\" width=\"558\" height=\"468\" data-src=\"https:\/\/ttr.works\/wp-content\/uploads\/Afbeelding1-2.png\" alt=\"\" class=\"wp-image-23142 size-full lazyload\" data-srcset=\"https:\/\/ttr.works\/wp-content\/uploads\/Afbeelding1-2.png 558w, https:\/\/ttr.works\/wp-content\/uploads\/Afbeelding1-2-300x252.png 300w\" data-sizes=\"(max-width: 558px) 100vw, 558px\" src=\"data:image\/svg+xml;base64,PHN2ZyB3aWR0aD0iMSIgaGVpZ2h0PSIxIiB4bWxucz0iaHR0cDovL3d3dy53My5vcmcvMjAwMC9zdmciPjwvc3ZnPg==\" style=\"--smush-placeholder-width: 558px; --smush-placeholder-aspect-ratio: 558\/468;\" \/><\/figure><div class=\"wp-block-media-text__content\">\n<p><strong><a href=\"https:\/\/ttr.works\/fr\/presentation-de-la-honeywell-pc42e-t\/\">Pr\u00e9sentation de la Honeywell PC42E-T<\/a><\/strong>: L&rsquo;imprimante de bureau PC42 d&rsquo;entr\u00e9e de gamme a \u00e9t\u00e9 remplac\u00e9e par la nouvelle PC42E-T. Il offre des fonctionnalit\u00e9s et des performances plus avanc\u00e9es \u00e0 peu pr\u00e8s au m\u00eame prix.<\/p>\n<\/div><\/div>\n\n\n\n<div style=\"height:36px\" aria-hidden=\"true\" class=\"wp-block-spacer\"><\/div>\n\n\n\n<div class=\"wp-block-media-text is-stacked-on-mobile\" style=\"grid-template-columns:31% auto\"><figure class=\"wp-block-media-text__media\"><img decoding=\"async\" width=\"301\" height=\"167\" data-src=\"https:\/\/ttr.works\/wp-content\/uploads\/argox-logo-1.png\" alt=\"\" class=\"wp-image-23476 size-full lazyload\" src=\"data:image\/svg+xml;base64,PHN2ZyB3aWR0aD0iMSIgaGVpZ2h0PSIxIiB4bWxucz0iaHR0cDovL3d3dy53My5vcmcvMjAwMC9zdmciPjwvc3ZnPg==\" style=\"--smush-placeholder-width: 301px; --smush-placeholder-aspect-ratio: 301\/167;\" \/><\/figure><div class=\"wp-block-media-text__content\">\n<p><a href=\"https:\/\/ttr.works\/fr\/presentation-de-limprimante-detiquettes-argox\/\"><strong>Comparatif des imprimantes Argox<\/strong><\/a>: quelle imprimante de bureau Argox correspond le mieux \u00e0 vos besoins d&rsquo;impression ? Nous avons fait une comparaison rapide entre les diff\u00e9rents mod\u00e8les, comme les imprimantes Argox s\u00e9rie 04, s\u00e9rie P4, OS et iX4. Trouvez rapidement celui qui convient le mieux \u00e0 vos besoins d&rsquo;impression.<\/p>\n<\/div><\/div>\n\n\n\n<div style=\"height:20px\" aria-hidden=\"true\" class=\"wp-block-spacer\"><\/div>\n\n\n\n<div class=\"wp-block-media-text is-stacked-on-mobile\" style=\"grid-template-columns:31% auto\"><figure class=\"wp-block-media-text__media\"><img decoding=\"async\" width=\"600\" height=\"600\" data-src=\"https:\/\/ttr.works\/wp-content\/uploads\/2-2.png\" alt=\"\" class=\"wp-image-23487 size-full lazyload\" data-srcset=\"https:\/\/ttr.works\/wp-content\/uploads\/2-2.png 600w, https:\/\/ttr.works\/wp-content\/uploads\/2-2-300x300.png 300w, https:\/\/ttr.works\/wp-content\/uploads\/2-2-150x150.png 150w\" data-sizes=\"(max-width: 600px) 100vw, 600px\" src=\"data:image\/svg+xml;base64,PHN2ZyB3aWR0aD0iMSIgaGVpZ2h0PSIxIiB4bWxucz0iaHR0cDovL3d3dy53My5vcmcvMjAwMC9zdmciPjwvc3ZnPg==\" style=\"--smush-placeholder-width: 600px; --smush-placeholder-aspect-ratio: 600\/600;\" \/><\/figure><div class=\"wp-block-media-text__content\">\n<p><a href=\"https:\/\/ttr.works\/fr\/le-nouveau-zebra-zt111-remplace-limprimante-zt220\/\"><strong>Les imprimantes Zebra ZT111 remplacent la ZT220<\/strong><\/a>: la ZT111 offre une configuration facile et une vari\u00e9t\u00e9 d&rsquo;options de connectivit\u00e9. \u00c0 10 pouces par seconde, elle imprime plus rapidement que la ZT220. Ethernet et USB sont standards sur toutes les versions du ZT111. Le prix commence \u00e0\u2026<\/p>\n<\/div><\/div>\n\n\n\n<div style=\"height:20px\" aria-hidden=\"true\" class=\"wp-block-spacer\"><\/div>\n\n\n\n<div class=\"wp-block-media-text is-stacked-on-mobile\" style=\"grid-template-columns:31% auto\"><figure class=\"wp-block-media-text__media\"><img decoding=\"async\" width=\"1024\" height=\"937\" data-src=\"https:\/\/ttr.works\/wp-content\/uploads\/\/zd421d-met-etiket-1024x937.png\" alt=\"\" class=\"wp-image-24180 size-full lazyload\" data-srcset=\"https:\/\/ttr.works\/wp-content\/uploads\/zd421d-met-etiket-1024x937.png 1024w, https:\/\/ttr.works\/wp-content\/uploads\/zd421d-met-etiket-300x274.png 300w, https:\/\/ttr.works\/wp-content\/uploads\/zd421d-met-etiket-768x703.png 768w, https:\/\/ttr.works\/wp-content\/uploads\/zd421d-met-etiket-1536x1405.png 1536w, https:\/\/ttr.works\/wp-content\/uploads\/zd421d-met-etiket-2048x1874.png 2048w\" data-sizes=\"(max-width: 1024px) 100vw, 1024px\" src=\"data:image\/svg+xml;base64,PHN2ZyB3aWR0aD0iMSIgaGVpZ2h0PSIxIiB4bWxucz0iaHR0cDovL3d3dy53My5vcmcvMjAwMC9zdmciPjwvc3ZnPg==\" style=\"--smush-placeholder-width: 1024px; --smush-placeholder-aspect-ratio: 1024\/937;\" \/><\/figure><div class=\"wp-block-media-text__content\">\n<p><a href=\"https:\/\/ttr.works\/fr\/les-nouvelles-imprimantes-detiquettes-de-bureau-zd421-et-zd621-de-zebra\/\"><strong>Zebra ZD421 remplace les ZD420 et GK420<\/strong><\/a>: Les GK420 et ZD420 ne sont plus disponibles. Ils ont \u00e9t\u00e9 remplac\u00e9s par le ZD421, avec des fonctionnalit\u00e9s et une s\u00e9curit\u00e9 suppl\u00e9mentaires. Une interface utilisateur plus intuitive, plus puissante et un kit sans fil \u00e9volutif sur site. Continuer \u00e0 lire..<\/p>\n<\/div><\/div>\n","protected":false},"excerpt":{"rendered":"<p>En collaboration avec les fabricants d&rsquo;imprimantes d&rsquo;\u00e9tiquettes, nous aidons nos clients avec des conseils, des devis rapides et une livraison rapide. Pensez \u00e0 des marques comme Honeywell\u00ae, Zebra\u00ae, Sato\u00ae, TSC-Printronix\u00ae, Valentin\u00ae et autres. En \u00e9quipe, nous travaillons pour vous, pour vous aider \u00e0 \u00e9conomiser du temps et de l&rsquo;argent. Parce que nous offrons tout sous [&hellip;]<\/p>\n","protected":false},"author":1,"featured_media":0,"parent":0,"menu_order":0,"comment_status":"closed","ping_status":"closed","template":"template-product.php","meta":{"_acf_changed":false,"content-type":"","footnotes":""},"categories":[],"tags":[262],"class_list":["post-4430","page","type-page","status-publish","hentry","tag-product-fr"],"acf":[],"_links":{"self":[{"href":"https:\/\/ttr.works\/fr\/wp-json\/wp\/v2\/pages\/4430","targetHints":{"allow":["GET"]}}],"collection":[{"href":"https:\/\/ttr.works\/fr\/wp-json\/wp\/v2\/pages"}],"about":[{"href":"https:\/\/ttr.works\/fr\/wp-json\/wp\/v2\/types\/page"}],"author":[{"embeddable":true,"href":"https:\/\/ttr.works\/fr\/wp-json\/wp\/v2\/users\/1"}],"replies":[{"embeddable":true,"href":"https:\/\/ttr.works\/fr\/wp-json\/wp\/v2\/comments?post=4430"}],"version-history":[{"count":23,"href":"https:\/\/ttr.works\/fr\/wp-json\/wp\/v2\/pages\/4430\/revisions"}],"predecessor-version":[{"id":24301,"href":"https:\/\/ttr.works\/fr\/wp-json\/wp\/v2\/pages\/4430\/revisions\/24301"}],"wp:attachment":[{"href":"https:\/\/ttr.works\/fr\/wp-json\/wp\/v2\/media?parent=4430"}],"wp:term":[{"taxonomy":"category","embeddable":true,"href":"https:\/\/ttr.works\/fr\/wp-json\/wp\/v2\/categories?post=4430"},{"taxonomy":"post_tag","embeddable":true,"href":"https:\/\/ttr.works\/fr\/wp-json\/wp\/v2\/tags?post=4430"}],"curies":[{"name":"wp","href":"https:\/\/api.w.org\/{rel}","templated":true}]}}