{"id":4440,"date":"2020-09-14T13:23:17","date_gmt":"2020-09-14T13:23:17","guid":{"rendered":"https:\/\/ttr.works\/?page_id=4440"},"modified":"2025-10-02T13:56:30","modified_gmt":"2025-10-02T13:56:30","slug":"tetes-dimpression-thermiques","status":"publish","type":"page","link":"https:\/\/ttr.works\/fr\/tetes-dimpression-thermiques\/","title":{"rendered":"Toutes les marques et mod\u00e8les de t\u00eates d&rsquo;impression thermiques"},"content":{"rendered":"<div class=\"wp-block-image\">\r\n<figure id=\"block-74e43d50-f0b5-4c0c-b23c-3cddcbfeee88\" class=\"alignright size-full\"><img decoding=\"async\" width=\"300\" height=\"196\" class=\"wp-image-20546 lazyload\" data-src=\"https:\/\/ttr.works\/wp-content\/uploads\/thgermal-printhead-website.png\" alt=\"thermal printhead\" src=\"data:image\/svg+xml;base64,PHN2ZyB3aWR0aD0iMSIgaGVpZ2h0PSIxIiB4bWxucz0iaHR0cDovL3d3dy53My5vcmcvMjAwMC9zdmciPjwvc3ZnPg==\" style=\"--smush-placeholder-width: 300px; --smush-placeholder-aspect-ratio: 300\/196;\" \/><\/figure><\/div>\r\n\r\n\r\n<p><strong>Nous fournissons toutes les t\u00eates d&rsquo;impression originales et compatibles aux clients du monde entier. Avec une moyenne de 6000 t\u00eates d\u2019impression en stock, nous essayons de livrer la plupart des commandes dans un d\u00e9lai de deux jours. Cela comprend des t\u00eates d&rsquo;imprimante de remplacement pour toutes les imprimantes de bureau, industrielles et TTO.<\/strong><\/p>\r\n\r\n\r\n\r\n<p>Vous \u00eates au bon endroit pour les marques de t\u00eates d&rsquo;impression thermique comme ALLEN\u00ae, Argox\u00ae, Avery\u00ae, Bizerba\u00ae, CAB\u00ae, Carl Valentin\u00ae, Citizen\u00ae, Datamax\u00ae, Delford\u00ae, Digi\u00ae, Domino\u00ae, Godex\u00ae, Honeywell\u00ae, Intermec\u00ae, Italora\u00ae, Jaguar\u00ae, Markem Smartdate\u00ae, Mectec\u00ae, Printronix\u00ae, Rohm\u00ae, SATO\u00ae, Toshiba TEC\u00ae, TSC\u00ae, Videojet\u00ae, and Zebra\u00ae.<\/p>\r\n\r\n\r\n\r\n<div class=\"wp-block-spacer\" style=\"height: 38px;\" aria-hidden=\"true\"><a class=\"link-btn\" href=\"https:\/\/thermalprinting.shop\/printheads\">TTR shop\u00a0<i class=\"fal fa-chevron-right\"><\/i><\/a><a class=\"link-btn second\" href=\"https:\/\/hs.ttreuroworks.com\/rewards-program\">Codes de r\u00e9duction<\/a><\/div>\r\n\r\n\r\n\r\n<h2 class=\"wp-block-heading\">\u00a0<\/h2>\r\n<h2>\u00a0<\/h2>\r\n<h2 class=\"wp-block-heading\">T\u00eates d&rsquo;impression 4U compatibles<\/h2>\r\n\r\n\r\n<div class=\"wp-block-image\">\r\n<figure id=\"block-74e43d50-f0b5-4c0c-b23c-3cddcbfeee88\" class=\"alignright size-full is-resized\"><img decoding=\"async\" width=\"1240\" height=\"500\" class=\"wp-image-23622 lazyload\" style=\"--smush-placeholder-width: 1240px; --smush-placeholder-aspect-ratio: 1240\/500;width: 534px; height: 216px;\" data-src=\"https:\/\/ttr.works\/wp-content\/uploads\/4U-compatible-printheads_rounded-with-space.png\" alt=\"\" data-srcset=\"https:\/\/ttr.works\/wp-content\/uploads\/4U-compatible-printheads_rounded-with-space.png 1240w, https:\/\/ttr.works\/wp-content\/uploads\/4U-compatible-printheads_rounded-with-space-300x121.png 300w, https:\/\/ttr.works\/wp-content\/uploads\/4U-compatible-printheads_rounded-with-space-1024x413.png 1024w, https:\/\/ttr.works\/wp-content\/uploads\/4U-compatible-printheads_rounded-with-space-768x310.png 768w\" data-sizes=\"(max-width: 1240px) 100vw, 1240px\" src=\"data:image\/svg+xml;base64,PHN2ZyB3aWR0aD0iMSIgaGVpZ2h0PSIxIiB4bWxucz0iaHR0cDovL3d3dy53My5vcmcvMjAwMC9zdmciPjwvc3ZnPg==\" \/><\/figure><\/div>\r\n\r\n\r\n<p>En plus des marques originales, vous pouvez \u00e9galement choisir l&rsquo;une de nos t\u00eates d&rsquo;impression compatibles 4U pour de nombreux mod\u00e8les d&rsquo;imprimantes. Ce sont des remplacements imm\u00e9diats des originaux, avec la m\u00eame qualit\u00e9 de fabrication, les m\u00eames performances et la m\u00eame p\u00e9riode de garantie. Consultez la boutique en ligne TTR pour conna\u00eetre le prix et la disponibilit\u00e9 des originaux et des compatibles.<\/p>\r\n\r\n\r\n\r\n\r\n\r\n<div class=\"wp-block-spacer\" style=\"height: 19px;\" aria-hidden=\"true\">\u00a0<\/div>\r\n\r\n\r\n\r\n<p>&nbsp;<\/p>\r\n\r\n\r\n\r\n<div class=\"wp-block-spacer\" style=\"height: 124px;\" aria-hidden=\"true\">\u00a0<\/div>\r\n\r\n\r\n\r\n<h2 id=\"block-fd49e112-241b-473f-8322-53d2dc1ccc06\" class=\"wp-block-heading\">Actualit\u00e9s sur les t\u00eates d&rsquo;impression<\/h2>\r\n\r\n\r\n\r\n<div class=\"wp-block-spacer\" style=\"height: 15px;\" aria-hidden=\"true\">\u00a0<\/div>\r\n\r\n\r\n\r\n<div class=\"wp-block-media-text is-stacked-on-mobile\" style=\"grid-template-columns: 29% auto;\">\r\n<figure class=\"wp-block-media-text__media\"><img decoding=\"async\" width=\"1024\" height=\"377\" class=\"wp-image-23595 size-full lazyload\" data-src=\"https:\/\/ttr.works\/wp-content\/uploads\/\/printhead-tips_rounded-1024x377.png\" alt=\"\" data-srcset=\"https:\/\/ttr.works\/wp-content\/uploads\/printhead-tips_rounded-1024x377.png 1024w, https:\/\/ttr.works\/wp-content\/uploads\/printhead-tips_rounded-300x110.png 300w, https:\/\/ttr.works\/wp-content\/uploads\/printhead-tips_rounded-768x282.png 768w, https:\/\/ttr.works\/wp-content\/uploads\/printhead-tips_rounded-1536x565.png 1536w, https:\/\/ttr.works\/wp-content\/uploads\/printhead-tips_rounded.png 2048w\" data-sizes=\"(max-width: 1024px) 100vw, 1024px\" src=\"data:image\/svg+xml;base64,PHN2ZyB3aWR0aD0iMSIgaGVpZ2h0PSIxIiB4bWxucz0iaHR0cDovL3d3dy53My5vcmcvMjAwMC9zdmciPjwvc3ZnPg==\" style=\"--smush-placeholder-width: 1024px; --smush-placeholder-aspect-ratio: 1024\/377;\" \/><\/figure>\r\n<div class=\"wp-block-media-text__content\">\r\n<p><strong><a href=\"https:\/\/ttr.works\/fr\/une-tete-dimpression-propre-durera-beaucoup-plus-longtemps\/\">Conseils d&rsquo;experts pour prolonger la dur\u00e9e de vie de la t\u00eate d&rsquo;impression<\/a><\/strong>: La t\u00eate d&rsquo;impression est l&rsquo;un des composants les plus importants et les plus co\u00fbteux. Il est soumis \u00e0 l&rsquo;usure naturelle, \u00e0 l&rsquo;encre, \u00e0 la salet\u00e9 et \u00e0 la poussi\u00e8re. Ces conseils d&rsquo;experts vous aideront \u00e0 prolonger la dur\u00e9e de vie de votre t\u00eate d&rsquo;impression. Vous \u00e9conomiserez de l&rsquo;argent en les rempla\u00e7ant moins souvent.<\/p>\r\n<\/div>\r\n<\/div>\r\n\r\n\r\n\r\n<div class=\"wp-block-spacer\" style=\"height: 35px;\" aria-hidden=\"true\">\u00a0<\/div>\r\n\r\n\r\n\r\n<div class=\"wp-block-media-text is-stacked-on-mobile\" style=\"grid-template-columns: 29% auto;\">\r\n<figure class=\"wp-block-media-text__media\"><img decoding=\"async\" width=\"988\" height=\"323\" class=\"wp-image-22878 size-full lazyload\" data-src=\"https:\/\/ttr.works\/wp-content\/uploads\/4URP-Homepage-Banner-2-1.png\" alt=\"\" data-srcset=\"https:\/\/ttr.works\/wp-content\/uploads\/4URP-Homepage-Banner-2-1.png 988w, https:\/\/ttr.works\/wp-content\/uploads\/4URP-Homepage-Banner-2-1-300x98.png 300w, https:\/\/ttr.works\/wp-content\/uploads\/4URP-Homepage-Banner-2-1-768x251.png 768w\" data-sizes=\"(max-width: 988px) 100vw, 988px\" src=\"data:image\/svg+xml;base64,PHN2ZyB3aWR0aD0iMSIgaGVpZ2h0PSIxIiB4bWxucz0iaHR0cDovL3d3dy53My5vcmcvMjAwMC9zdmciPjwvc3ZnPg==\" style=\"--smush-placeholder-width: 988px; --smush-placeholder-aspect-ratio: 988\/323;\" \/><\/figure>\r\n<div class=\"wp-block-media-text__content\">\r\n<p><a href=\"https:\/\/hs.ttreuroworks.com\/rewards-program\"><strong>Collectez des points pour vos propres r\u00e9ductions<\/strong>:<\/a> \u00e0 chaque achat de t\u00eates d&rsquo;impression et d&rsquo;imprimantes, vous gagnez automatiquement des points. C&rsquo;est 100% gratuit et vous n&rsquo;avez rien d&rsquo;autre \u00e0 faire que de vous inscrire. A la fin de chaque trimestre, vous recevrez un code de r\u00e9duction qui vous est exclusif, en fonction des points que vous avez collect\u00e9s.<\/p>\r\n<\/div>\r\n<\/div>\r\n\r\n\r\n\r\n<div class=\"wp-block-spacer\" style=\"height: 41px;\" aria-hidden=\"true\">\u00a0<\/div>\r\n<div aria-hidden=\"true\">\u00a0<\/div>\r\n<div aria-hidden=\"true\"><em>Tous les noms d\u2019entreprises et de produits mentionn\u00e9s sont des marques commerciales, des marques d\u00e9pos\u00e9es ou des droits d\u2019auteur appartenant \u00e0 leurs d\u00e9tenteurs respectifs. TTR Euroworks BV ne pr\u00e9tend en aucun cas \u2014 intentionnellement ou non \u2014 \u00eatre associ\u00e9e \u00e0 ou repr\u00e9senter l\u2019une de ces entreprises ou marques d\u00e9pos\u00e9es.<\/em><\/div>\r\n\r\n\r\n\r\n<div class=\"wp-block-spacer\" style=\"height: 52px;\" aria-hidden=\"true\">\u00a0<\/div>\r\n","protected":false},"excerpt":{"rendered":"<p>Nous fournissons toutes les t\u00eates d&rsquo;impression originales et compatibles aux clients du monde entier. Avec une moyenne de 6000 t\u00eates d\u2019impression en stock, nous essayons de livrer la plupart des commandes dans un d\u00e9lai de deux jours. Cela comprend des t\u00eates d&rsquo;imprimante de remplacement pour toutes les imprimantes de bureau, industrielles et TTO. Vous \u00eates [&hellip;]<\/p>\n","protected":false},"author":1,"featured_media":0,"parent":0,"menu_order":0,"comment_status":"closed","ping_status":"closed","template":"template-product.php","meta":{"_acf_changed":false,"content-type":"","footnotes":""},"categories":[],"tags":[262],"class_list":["post-4440","page","type-page","status-publish","hentry","tag-product-fr"],"acf":[],"yoast_head":"<!-- This site is optimized with the Yoast SEO plugin v25.9 - https:\/\/yoast.com\/wordpress\/plugins\/seo\/ -->\n<title>Toutes les marques et mod\u00e8les de t\u00eates d&#039;impression thermiques - TTR Euroworks<\/title>\n<meta name=\"description\" content=\"Le plus grand fournisseur mondial de t\u00eates d&#039;impression thermiques \u2713 Plus de 6000 t\u00eates d&#039;impression en stock\" \/>\n<meta name=\"robots\" content=\"index, follow, max-snippet:-1, max-image-preview:large, max-video-preview:-1\" \/>\n<link rel=\"canonical\" href=\"https:\/\/ttr.works\/fr\/tetes-dimpression-thermiques\/\" \/>\n<meta property=\"og:locale\" content=\"fr_FR\" \/>\n<meta property=\"og:type\" content=\"article\" \/>\n<meta property=\"og:title\" content=\"Toutes les marques et mod\u00e8les de t\u00eates d&#039;impression thermiques - TTR Euroworks\" \/>\n<meta property=\"og:description\" content=\"Le plus grand fournisseur mondial de t\u00eates d&#039;impression thermiques \u2713 Plus de 6000 t\u00eates d&#039;impression en stock\" \/>\n<meta property=\"og:url\" content=\"https:\/\/ttr.works\/fr\/tetes-dimpression-thermiques\/\" \/>\n<meta property=\"og:site_name\" content=\"TTR Euroworks\" \/>\n<meta property=\"article:modified_time\" content=\"2025-10-02T13:56:30+00:00\" \/>\n<meta property=\"og:image\" content=\"https:\/\/ttr.works\/wp-content\/uploads\/thgermal-printhead-website.png\" \/>\n<meta name=\"twitter:card\" content=\"summary_large_image\" \/>\n<meta name=\"twitter:label1\" content=\"Dur\u00e9e de lecture estim\u00e9e\" \/>\n\t<meta name=\"twitter:data1\" content=\"3 minutes\" \/>\n<script type=\"application\/ld+json\" class=\"yoast-schema-graph\">{\"@context\":\"https:\/\/schema.org\",\"@graph\":[{\"@type\":\"WebPage\",\"@id\":\"https:\/\/ttr.works\/fr\/tetes-dimpression-thermiques\/\",\"url\":\"https:\/\/ttr.works\/fr\/tetes-dimpression-thermiques\/\",\"name\":\"Toutes les marques et mod\u00e8les de t\u00eates d'impression thermiques - TTR Euroworks\",\"isPartOf\":{\"@id\":\"https:\/\/ttr.works\/fr\/#website\"},\"primaryImageOfPage\":{\"@id\":\"https:\/\/ttr.works\/fr\/tetes-dimpression-thermiques\/#primaryimage\"},\"image\":{\"@id\":\"https:\/\/ttr.works\/fr\/tetes-dimpression-thermiques\/#primaryimage\"},\"thumbnailUrl\":\"https:\/\/ttr.works\/wp-content\/uploads\/thgermal-printhead-website.png\",\"datePublished\":\"2020-09-14T13:23:17+00:00\",\"dateModified\":\"2025-10-02T13:56:30+00:00\",\"description\":\"Le plus grand fournisseur mondial de t\u00eates d'impression thermiques \u2713 Plus de 6000 t\u00eates d'impression en stock\",\"breadcrumb\":{\"@id\":\"https:\/\/ttr.works\/fr\/tetes-dimpression-thermiques\/#breadcrumb\"},\"inLanguage\":\"fr-FR\",\"potentialAction\":[{\"@type\":\"ReadAction\",\"target\":[\"https:\/\/ttr.works\/fr\/tetes-dimpression-thermiques\/\"]}]},{\"@type\":\"ImageObject\",\"inLanguage\":\"fr-FR\",\"@id\":\"https:\/\/ttr.works\/fr\/tetes-dimpression-thermiques\/#primaryimage\",\"url\":\"https:\/\/ttr.works\/wp-content\/uploads\/thgermal-printhead-website.png\",\"contentUrl\":\"https:\/\/ttr.works\/wp-content\/uploads\/thgermal-printhead-website.png\"},{\"@type\":\"BreadcrumbList\",\"@id\":\"https:\/\/ttr.works\/fr\/tetes-dimpression-thermiques\/#breadcrumb\",\"itemListElement\":[{\"@type\":\"ListItem\",\"position\":1,\"name\":\"Home\",\"item\":\"https:\/\/ttr.works\/fr\/accueil\/\"},{\"@type\":\"ListItem\",\"position\":2,\"name\":\"Toutes les marques et mod\u00e8les de t\u00eates d&#8217;impression thermiques\"}]},{\"@type\":\"WebSite\",\"@id\":\"https:\/\/ttr.works\/fr\/#website\",\"url\":\"https:\/\/ttr.works\/fr\/\",\"name\":\"TTR Euroworks\",\"description\":\"Your ttr partner\",\"potentialAction\":[{\"@type\":\"SearchAction\",\"target\":{\"@type\":\"EntryPoint\",\"urlTemplate\":\"https:\/\/ttr.works\/fr\/?s={search_term_string}\"},\"query-input\":{\"@type\":\"PropertyValueSpecification\",\"valueRequired\":true,\"valueName\":\"search_term_string\"}}],\"inLanguage\":\"fr-FR\"}]}<\/script>\n<!-- \/ Yoast SEO plugin. -->","yoast_head_json":{"title":"Toutes les marques et mod\u00e8les de t\u00eates d'impression thermiques - TTR Euroworks","description":"Le plus grand fournisseur mondial de t\u00eates d'impression thermiques \u2713 Plus de 6000 t\u00eates d'impression en stock","robots":{"index":"index","follow":"follow","max-snippet":"max-snippet:-1","max-image-preview":"max-image-preview:large","max-video-preview":"max-video-preview:-1"},"canonical":"https:\/\/ttr.works\/fr\/tetes-dimpression-thermiques\/","og_locale":"fr_FR","og_type":"article","og_title":"Toutes les marques et mod\u00e8les de t\u00eates d'impression thermiques - TTR Euroworks","og_description":"Le plus grand fournisseur mondial de t\u00eates d'impression thermiques \u2713 Plus de 6000 t\u00eates d'impression en stock","og_url":"https:\/\/ttr.works\/fr\/tetes-dimpression-thermiques\/","og_site_name":"TTR Euroworks","article_modified_time":"2025-10-02T13:56:30+00:00","og_image":[{"url":"https:\/\/ttr.works\/wp-content\/uploads\/thgermal-printhead-website.png","type":"","width":"","height":""}],"twitter_card":"summary_large_image","twitter_misc":{"Dur\u00e9e de lecture estim\u00e9e":"3 minutes"},"schema":{"@context":"https:\/\/schema.org","@graph":[{"@type":"WebPage","@id":"https:\/\/ttr.works\/fr\/tetes-dimpression-thermiques\/","url":"https:\/\/ttr.works\/fr\/tetes-dimpression-thermiques\/","name":"Toutes les marques et mod\u00e8les de t\u00eates d'impression thermiques - TTR Euroworks","isPartOf":{"@id":"https:\/\/ttr.works\/fr\/#website"},"primaryImageOfPage":{"@id":"https:\/\/ttr.works\/fr\/tetes-dimpression-thermiques\/#primaryimage"},"image":{"@id":"https:\/\/ttr.works\/fr\/tetes-dimpression-thermiques\/#primaryimage"},"thumbnailUrl":"https:\/\/ttr.works\/wp-content\/uploads\/thgermal-printhead-website.png","datePublished":"2020-09-14T13:23:17+00:00","dateModified":"2025-10-02T13:56:30+00:00","description":"Le plus grand fournisseur mondial de t\u00eates d'impression thermiques \u2713 Plus de 6000 t\u00eates d'impression en stock","breadcrumb":{"@id":"https:\/\/ttr.works\/fr\/tetes-dimpression-thermiques\/#breadcrumb"},"inLanguage":"fr-FR","potentialAction":[{"@type":"ReadAction","target":["https:\/\/ttr.works\/fr\/tetes-dimpression-thermiques\/"]}]},{"@type":"ImageObject","inLanguage":"fr-FR","@id":"https:\/\/ttr.works\/fr\/tetes-dimpression-thermiques\/#primaryimage","url":"https:\/\/ttr.works\/wp-content\/uploads\/thgermal-printhead-website.png","contentUrl":"https:\/\/ttr.works\/wp-content\/uploads\/thgermal-printhead-website.png"},{"@type":"BreadcrumbList","@id":"https:\/\/ttr.works\/fr\/tetes-dimpression-thermiques\/#breadcrumb","itemListElement":[{"@type":"ListItem","position":1,"name":"Home","item":"https:\/\/ttr.works\/fr\/accueil\/"},{"@type":"ListItem","position":2,"name":"Toutes les marques et mod\u00e8les de t\u00eates d&#8217;impression thermiques"}]},{"@type":"WebSite","@id":"https:\/\/ttr.works\/fr\/#website","url":"https:\/\/ttr.works\/fr\/","name":"TTR Euroworks","description":"Your ttr partner","potentialAction":[{"@type":"SearchAction","target":{"@type":"EntryPoint","urlTemplate":"https:\/\/ttr.works\/fr\/?s={search_term_string}"},"query-input":{"@type":"PropertyValueSpecification","valueRequired":true,"valueName":"search_term_string"}}],"inLanguage":"fr-FR"}]}},"_links":{"self":[{"href":"https:\/\/ttr.works\/fr\/wp-json\/wp\/v2\/pages\/4440","targetHints":{"allow":["GET"]}}],"collection":[{"href":"https:\/\/ttr.works\/fr\/wp-json\/wp\/v2\/pages"}],"about":[{"href":"https:\/\/ttr.works\/fr\/wp-json\/wp\/v2\/types\/page"}],"author":[{"embeddable":true,"href":"https:\/\/ttr.works\/fr\/wp-json\/wp\/v2\/users\/1"}],"replies":[{"embeddable":true,"href":"https:\/\/ttr.works\/fr\/wp-json\/wp\/v2\/comments?post=4440"}],"version-history":[{"count":28,"href":"https:\/\/ttr.works\/fr\/wp-json\/wp\/v2\/pages\/4440\/revisions"}],"predecessor-version":[{"id":28485,"href":"https:\/\/ttr.works\/fr\/wp-json\/wp\/v2\/pages\/4440\/revisions\/28485"}],"wp:attachment":[{"href":"https:\/\/ttr.works\/fr\/wp-json\/wp\/v2\/media?parent=4440"}],"wp:term":[{"taxonomy":"category","embeddable":true,"href":"https:\/\/ttr.works\/fr\/wp-json\/wp\/v2\/categories?post=4440"},{"taxonomy":"post_tag","embeddable":true,"href":"https:\/\/ttr.works\/fr\/wp-json\/wp\/v2\/tags?post=4440"}],"curies":[{"name":"wp","href":"https:\/\/api.w.org\/{rel}","templated":true}]}}