{"id":4446,"date":"2020-08-26T09:42:41","date_gmt":"2020-08-26T09:42:41","guid":{"rendered":"https:\/\/ttr.works\/?page_id=4446"},"modified":"2026-03-31T12:29:15","modified_gmt":"2026-03-31T12:29:15","slug":"thermal-transfer-ribbons","status":"publish","type":"page","link":"https:\/\/ttr.works\/fr\/thermal-transfer-ribbons\/","title":{"rendered":"Rubans de transfert thermique pour chaque application"},"content":{"rendered":"<div class=\"wp-block-image is-resized\">\n<figure class=\"alignright size-full\"><img decoding=\"async\" width=\"858\" height=\"520\" data-src=\"https:\/\/ttr.works\/wp-content\/uploads\/TTR-Ribbon-webpagina.png\" alt=\"\" class=\"wp-image-31142 lazyload\" style=\"--smush-placeholder-width: 858px; --smush-placeholder-aspect-ratio: 858\/520;width:400px\" data-srcset=\"https:\/\/ttr.works\/wp-content\/uploads\/TTR-Ribbon-webpagina.png 858w, https:\/\/ttr.works\/wp-content\/uploads\/TTR-Ribbon-webpagina-300x182.png 300w, https:\/\/ttr.works\/wp-content\/uploads\/TTR-Ribbon-webpagina-768x465.png 768w\" data-sizes=\"(max-width: 858px) 100vw, 858px\" src=\"data:image\/svg+xml;base64,PHN2ZyB3aWR0aD0iMSIgaGVpZ2h0PSIxIiB4bWxucz0iaHR0cDovL3d3dy53My5vcmcvMjAwMC9zdmciPjwvc3ZnPg==\" \/><\/figure><\/div>\n\n\n<p>Plus de 30 ans d\u2019expertise en rubans transfert thermique pour toutes les marques d\u2019imprimantes flathead et TTO \/ Near-Edge. Livraison depuis nos sites de production aux Pays-Bas et au Royaume-Uni, qualit\u00e9 d\u2019impression constante, flexibilit\u00e9 et rapidit\u00e9 gr\u00e2ce \u00e0 notre production en interne.<\/p>\n\n\n\n<p>Du wax \u00e0 la r\u00e9sine, chaque qualit\u00e9 est disponible en version \u00c9conomique et Premium afin d\u2019\u00e9quilibrer performance et co\u00fbt. Utilisez le <a href=\"https:\/\/ttr.works\/wp-content\/uploads\/Ribbon-selection-guide_TTR-NL.pdf\">Guide de s\u00e9lection des rubans<\/a> pour trouver le ruban 4U adapt\u00e9 selon le mod\u00e8le d\u2019imprimante, le mat\u00e9riau ou la marque de ruban alternative.<\/p>\n\n\n\n<p>Tous les rubans 4U sont certifi\u00e9s ISEGA pour le contact alimentaire indirect. La documentation est disponible sur demande.<\/p>\n\n\n\n<div class=\"wp-block-spacer\" style=\"height: 120px;\" aria-hidden=\"true\"><a class=\"link-btn\" href=\"https:\/\/ttr.works\/resellers\/\">Avantages revendeurs<\/a><a class=\"link-btn second\" href=\"https:\/\/ttr.works\/fr\/contact\/\">Votre prix<\/a><\/div>\n\n\n\n<p>D\u00e9couvrez comment nous soutenons votre activit\u00e9 ou demandez directement votre prix.<\/p>\n","protected":false},"excerpt":{"rendered":"<p>Plus de 30 ans d\u2019expertise en rubans transfert thermique pour toutes les marques d\u2019imprimantes flathead et TTO \/ Near-Edge. Livraison depuis nos sites de production aux Pays-Bas et au Royaume-Uni, qualit\u00e9 d\u2019impression constante, flexibilit\u00e9 et rapidit\u00e9 gr\u00e2ce \u00e0 notre production en interne. Du wax \u00e0 la r\u00e9sine, chaque qualit\u00e9 est disponible en version \u00c9conomique et [&hellip;]<\/p>\n","protected":false},"author":1,"featured_media":0,"parent":0,"menu_order":0,"comment_status":"closed","ping_status":"closed","template":"template-product.php","meta":{"_acf_changed":false,"content-type":"","footnotes":""},"categories":[],"tags":[262],"class_list":["post-4446","page","type-page","status-publish","hentry","tag-product-fr"],"acf":[],"yoast_head":"<!-- This site is optimized with the Yoast SEO plugin v25.9 - https:\/\/yoast.com\/wordpress\/plugins\/seo\/ -->\n<title>Rubans de transfert thermique pour chaque application - TTR Euroworks<\/title>\n<meta name=\"description\" content=\"Thermal transfer ribbons for every application \u2713 Wax \u2713 Wax-resin \u2713 Resin \u2713 Textile resin \u2713 Free sample boxes available\" \/>\n<meta name=\"robots\" content=\"index, follow, max-snippet:-1, max-image-preview:large, max-video-preview:-1\" \/>\n<link rel=\"canonical\" href=\"https:\/\/ttr.works\/fr\/thermal-transfer-ribbons\/\" \/>\n<meta property=\"og:locale\" content=\"fr_FR\" \/>\n<meta property=\"og:type\" content=\"article\" \/>\n<meta property=\"og:title\" content=\"Rubans de transfert thermique pour chaque application - TTR Euroworks\" \/>\n<meta property=\"og:description\" content=\"Thermal transfer ribbons for every application \u2713 Wax \u2713 Wax-resin \u2713 Resin \u2713 Textile resin \u2713 Free sample boxes available\" \/>\n<meta property=\"og:url\" content=\"https:\/\/ttr.works\/fr\/thermal-transfer-ribbons\/\" \/>\n<meta property=\"og:site_name\" content=\"TTR Euroworks\" \/>\n<meta property=\"article:modified_time\" content=\"2026-03-31T12:29:15+00:00\" \/>\n<meta property=\"og:image\" content=\"https:\/\/ttr.works\/wp-content\/uploads\/\/ribbons-4u-logo-300x300.png\" \/>\n<meta name=\"twitter:card\" content=\"summary_large_image\" \/>\n<meta name=\"twitter:label1\" content=\"Dur\u00e9e de lecture estim\u00e9e\" \/>\n\t<meta name=\"twitter:data1\" content=\"3 minutes\" \/>\n<script type=\"application\/ld+json\" class=\"yoast-schema-graph\">{\"@context\":\"https:\/\/schema.org\",\"@graph\":[{\"@type\":\"WebPage\",\"@id\":\"https:\/\/ttr.works\/fr\/thermal-transfer-ribbons\/\",\"url\":\"https:\/\/ttr.works\/fr\/thermal-transfer-ribbons\/\",\"name\":\"Rubans de transfert thermique pour chaque application - TTR Euroworks\",\"isPartOf\":{\"@id\":\"https:\/\/ttr.works\/fr\/#website\"},\"primaryImageOfPage\":{\"@id\":\"https:\/\/ttr.works\/fr\/thermal-transfer-ribbons\/#primaryimage\"},\"image\":{\"@id\":\"https:\/\/ttr.works\/fr\/thermal-transfer-ribbons\/#primaryimage\"},\"thumbnailUrl\":\"https:\/\/ttr.works\/wp-content\/uploads\/TTR-Ribbon-webpagina.png\",\"datePublished\":\"2020-08-26T09:42:41+00:00\",\"dateModified\":\"2026-03-31T12:29:15+00:00\",\"description\":\"Thermal transfer ribbons for every application \u2713 Wax \u2713 Wax-resin \u2713 Resin \u2713 Textile resin \u2713 Free sample boxes available\",\"breadcrumb\":{\"@id\":\"https:\/\/ttr.works\/fr\/thermal-transfer-ribbons\/#breadcrumb\"},\"inLanguage\":\"fr-FR\",\"potentialAction\":[{\"@type\":\"ReadAction\",\"target\":[\"https:\/\/ttr.works\/fr\/thermal-transfer-ribbons\/\"]}]},{\"@type\":\"ImageObject\",\"inLanguage\":\"fr-FR\",\"@id\":\"https:\/\/ttr.works\/fr\/thermal-transfer-ribbons\/#primaryimage\",\"url\":\"https:\/\/ttr.works\/wp-content\/uploads\/TTR-Ribbon-webpagina.png\",\"contentUrl\":\"https:\/\/ttr.works\/wp-content\/uploads\/TTR-Ribbon-webpagina.png\"},{\"@type\":\"BreadcrumbList\",\"@id\":\"https:\/\/ttr.works\/fr\/thermal-transfer-ribbons\/#breadcrumb\",\"itemListElement\":[{\"@type\":\"ListItem\",\"position\":1,\"name\":\"Home\",\"item\":\"https:\/\/ttr.works\/fr\/accueil\/\"},{\"@type\":\"ListItem\",\"position\":2,\"name\":\"Rubans de transfert thermique pour chaque application\"}]},{\"@type\":\"WebSite\",\"@id\":\"https:\/\/ttr.works\/fr\/#website\",\"url\":\"https:\/\/ttr.works\/fr\/\",\"name\":\"TTR Euroworks\",\"description\":\"Your ttr partner\",\"potentialAction\":[{\"@type\":\"SearchAction\",\"target\":{\"@type\":\"EntryPoint\",\"urlTemplate\":\"https:\/\/ttr.works\/fr\/?s={search_term_string}\"},\"query-input\":{\"@type\":\"PropertyValueSpecification\",\"valueRequired\":true,\"valueName\":\"search_term_string\"}}],\"inLanguage\":\"fr-FR\"}]}<\/script>\n<!-- \/ Yoast SEO plugin. -->","yoast_head_json":{"title":"Rubans de transfert thermique pour chaque application - TTR Euroworks","description":"Thermal transfer ribbons for every application \u2713 Wax \u2713 Wax-resin \u2713 Resin \u2713 Textile resin \u2713 Free sample boxes available","robots":{"index":"index","follow":"follow","max-snippet":"max-snippet:-1","max-image-preview":"max-image-preview:large","max-video-preview":"max-video-preview:-1"},"canonical":"https:\/\/ttr.works\/fr\/thermal-transfer-ribbons\/","og_locale":"fr_FR","og_type":"article","og_title":"Rubans de transfert thermique pour chaque application - TTR Euroworks","og_description":"Thermal transfer ribbons for every application \u2713 Wax \u2713 Wax-resin \u2713 Resin \u2713 Textile resin \u2713 Free sample boxes available","og_url":"https:\/\/ttr.works\/fr\/thermal-transfer-ribbons\/","og_site_name":"TTR Euroworks","article_modified_time":"2026-03-31T12:29:15+00:00","og_image":[{"url":"https:\/\/ttr.works\/wp-content\/uploads\/\/ribbons-4u-logo-300x300.png","type":"","width":"","height":""}],"twitter_card":"summary_large_image","twitter_misc":{"Dur\u00e9e de lecture estim\u00e9e":"3 minutes"},"schema":{"@context":"https:\/\/schema.org","@graph":[{"@type":"WebPage","@id":"https:\/\/ttr.works\/fr\/thermal-transfer-ribbons\/","url":"https:\/\/ttr.works\/fr\/thermal-transfer-ribbons\/","name":"Rubans de transfert thermique pour chaque application - TTR Euroworks","isPartOf":{"@id":"https:\/\/ttr.works\/fr\/#website"},"primaryImageOfPage":{"@id":"https:\/\/ttr.works\/fr\/thermal-transfer-ribbons\/#primaryimage"},"image":{"@id":"https:\/\/ttr.works\/fr\/thermal-transfer-ribbons\/#primaryimage"},"thumbnailUrl":"https:\/\/ttr.works\/wp-content\/uploads\/TTR-Ribbon-webpagina.png","datePublished":"2020-08-26T09:42:41+00:00","dateModified":"2026-03-31T12:29:15+00:00","description":"Thermal transfer ribbons for every application \u2713 Wax \u2713 Wax-resin \u2713 Resin \u2713 Textile resin \u2713 Free sample boxes available","breadcrumb":{"@id":"https:\/\/ttr.works\/fr\/thermal-transfer-ribbons\/#breadcrumb"},"inLanguage":"fr-FR","potentialAction":[{"@type":"ReadAction","target":["https:\/\/ttr.works\/fr\/thermal-transfer-ribbons\/"]}]},{"@type":"ImageObject","inLanguage":"fr-FR","@id":"https:\/\/ttr.works\/fr\/thermal-transfer-ribbons\/#primaryimage","url":"https:\/\/ttr.works\/wp-content\/uploads\/TTR-Ribbon-webpagina.png","contentUrl":"https:\/\/ttr.works\/wp-content\/uploads\/TTR-Ribbon-webpagina.png"},{"@type":"BreadcrumbList","@id":"https:\/\/ttr.works\/fr\/thermal-transfer-ribbons\/#breadcrumb","itemListElement":[{"@type":"ListItem","position":1,"name":"Home","item":"https:\/\/ttr.works\/fr\/accueil\/"},{"@type":"ListItem","position":2,"name":"Rubans de transfert thermique pour chaque application"}]},{"@type":"WebSite","@id":"https:\/\/ttr.works\/fr\/#website","url":"https:\/\/ttr.works\/fr\/","name":"TTR Euroworks","description":"Your ttr partner","potentialAction":[{"@type":"SearchAction","target":{"@type":"EntryPoint","urlTemplate":"https:\/\/ttr.works\/fr\/?s={search_term_string}"},"query-input":{"@type":"PropertyValueSpecification","valueRequired":true,"valueName":"search_term_string"}}],"inLanguage":"fr-FR"}]}},"_links":{"self":[{"href":"https:\/\/ttr.works\/fr\/wp-json\/wp\/v2\/pages\/4446","targetHints":{"allow":["GET"]}}],"collection":[{"href":"https:\/\/ttr.works\/fr\/wp-json\/wp\/v2\/pages"}],"about":[{"href":"https:\/\/ttr.works\/fr\/wp-json\/wp\/v2\/types\/page"}],"author":[{"embeddable":true,"href":"https:\/\/ttr.works\/fr\/wp-json\/wp\/v2\/users\/1"}],"replies":[{"embeddable":true,"href":"https:\/\/ttr.works\/fr\/wp-json\/wp\/v2\/comments?post=4446"}],"version-history":[{"count":79,"href":"https:\/\/ttr.works\/fr\/wp-json\/wp\/v2\/pages\/4446\/revisions"}],"predecessor-version":[{"id":31217,"href":"https:\/\/ttr.works\/fr\/wp-json\/wp\/v2\/pages\/4446\/revisions\/31217"}],"wp:attachment":[{"href":"https:\/\/ttr.works\/fr\/wp-json\/wp\/v2\/media?parent=4446"}],"wp:term":[{"taxonomy":"category","embeddable":true,"href":"https:\/\/ttr.works\/fr\/wp-json\/wp\/v2\/categories?post=4446"},{"taxonomy":"post_tag","embeddable":true,"href":"https:\/\/ttr.works\/fr\/wp-json\/wp\/v2\/tags?post=4446"}],"curies":[{"name":"wp","href":"https:\/\/api.w.org\/{rel}","templated":true}]}}