{"id":4456,"date":"2020-11-20T14:25:53","date_gmt":"2020-11-20T14:25:53","guid":{"rendered":"https:\/\/ttr.works\/?page_id=4456"},"modified":"2021-12-21T16:25:18","modified_gmt":"2021-12-21T16:25:18","slug":"resine","status":"publish","type":"page","link":"https:\/\/ttr.works\/fr\/thermal-transfer-ribbons\/resine\/","title":{"rendered":"R\u00e9sine"},"content":{"rendered":"\n<h2 class=\"wp-block-heading\">Rubans \u00e0 transfert thermique \u00e0 r\u00e9sine R4U<\/h2>\n\n\n\n<p>Les rubans \u00e0 r\u00e9sine sont n\u00e9cessaires pour les applications exigeant une excellente r\u00e9sistance m\u00e9canique et aux solvants. Ils conviennent pour une impression sur la plupart des mat\u00e9riaux synth\u00e9tiques tels que le PVC, le PET, le PP et divers papiers couch\u00e9s mats et brillants. Comme ils fondent \u00e0 une temp\u00e9rature beaucoup plus \u00e9lev\u00e9e, l\u2019encre se dissout dans le mat\u00e9riau sur lequel ils sont imprim\u00e9s, cr\u00e9ant des images extr\u00eamement r\u00e9sistantes et durables.<\/p>\n\n\n\n<a href=\"\/nl?page_id=1614\" class=\"link-btn\">Gratis sample box <i class=\"fal fa-chevron-right\"><\/i><\/a><a href=\"https:\/\/ttr.works\/wp-content\/uploads\/stock-list.pdf\" target=\"_blank\" class=\"link-btn second\" rel=\"noopener\">Voorraadlijst downloaden <i class=\"fal fa-chevron-right\"><\/i><\/a>\n\n\n\n<h3 class=\"wp-block-heading\">Produits<\/h3>\n\n\n\n<p>Parcourez les qualit\u00e9s de ruban par imprimante \u00e0 t\u00eate plate ou near-edge. Faites votre s\u00e9lection \u00e0 cet endroit.<\/p>\n","protected":false},"excerpt":{"rendered":"<p>Rubans \u00e0 transfert thermique \u00e0 r\u00e9sine R4U Les rubans \u00e0 r\u00e9sine sont n\u00e9cessaires pour les applications exigeant une excellente r\u00e9sistance m\u00e9canique et aux solvants. Ils conviennent pour une impression sur la plupart des mat\u00e9riaux synth\u00e9tiques tels que le PVC, le PET, le PP et divers papiers couch\u00e9s mats et brillants. Comme ils fondent \u00e0 une [&hellip;]<\/p>\n","protected":false},"author":1,"featured_media":0,"parent":4446,"menu_order":0,"comment_status":"closed","ping_status":"closed","template":"template-4u.php","meta":{"_acf_changed":false,"content-type":"","footnotes":""},"categories":[],"tags":[262],"class_list":["post-4456","page","type-page","status-publish","hentry","tag-product-fr"],"acf":[],"yoast_head":"<!-- This site is optimized with the Yoast SEO plugin v25.9 - https:\/\/yoast.com\/wordpress\/plugins\/seo\/ -->\n<title>R\u00e9sine - TTR Euroworks<\/title>\n<meta name=\"description\" content=\"Impressions durables \u2713 Processus \u00e0 grande vitesse \u00e0 grande vitesse \u2713 Pour papier, plastique et films d&#039;emballage flexibles\" \/>\n<meta name=\"robots\" content=\"index, follow, max-snippet:-1, max-image-preview:large, max-video-preview:-1\" \/>\n<link rel=\"canonical\" href=\"https:\/\/ttr.works\/fr\/thermal-transfer-ribbons\/resine\/\" \/>\n<meta property=\"og:locale\" content=\"fr_FR\" \/>\n<meta property=\"og:type\" content=\"article\" \/>\n<meta property=\"og:title\" content=\"R\u00e9sine - TTR Euroworks\" \/>\n<meta property=\"og:description\" content=\"Impressions durables \u2713 Processus \u00e0 grande vitesse \u00e0 grande vitesse \u2713 Pour papier, plastique et films d&#039;emballage flexibles\" \/>\n<meta property=\"og:url\" content=\"https:\/\/ttr.works\/fr\/thermal-transfer-ribbons\/resine\/\" \/>\n<meta property=\"og:site_name\" content=\"TTR Euroworks\" \/>\n<meta property=\"article:modified_time\" content=\"2021-12-21T16:25:18+00:00\" \/>\n<meta name=\"twitter:card\" content=\"summary_large_image\" \/>\n<meta name=\"twitter:label1\" content=\"Dur\u00e9e de lecture estim\u00e9e\" \/>\n\t<meta name=\"twitter:data1\" content=\"1 minute\" \/>\n<script type=\"application\/ld+json\" class=\"yoast-schema-graph\">{\"@context\":\"https:\/\/schema.org\",\"@graph\":[{\"@type\":\"WebPage\",\"@id\":\"https:\/\/ttr.works\/fr\/thermal-transfer-ribbons\/resine\/\",\"url\":\"https:\/\/ttr.works\/fr\/thermal-transfer-ribbons\/resine\/\",\"name\":\"R\u00e9sine - TTR Euroworks\",\"isPartOf\":{\"@id\":\"https:\/\/ttr.works\/fr\/#website\"},\"datePublished\":\"2020-11-20T14:25:53+00:00\",\"dateModified\":\"2021-12-21T16:25:18+00:00\",\"description\":\"Impressions durables \u2713 Processus \u00e0 grande vitesse \u00e0 grande vitesse \u2713 Pour papier, plastique et films d'emballage flexibles\",\"breadcrumb\":{\"@id\":\"https:\/\/ttr.works\/fr\/thermal-transfer-ribbons\/resine\/#breadcrumb\"},\"inLanguage\":\"fr-FR\",\"potentialAction\":[{\"@type\":\"ReadAction\",\"target\":[\"https:\/\/ttr.works\/fr\/thermal-transfer-ribbons\/resine\/\"]}]},{\"@type\":\"BreadcrumbList\",\"@id\":\"https:\/\/ttr.works\/fr\/thermal-transfer-ribbons\/resine\/#breadcrumb\",\"itemListElement\":[{\"@type\":\"ListItem\",\"position\":1,\"name\":\"Home\",\"item\":\"https:\/\/ttr.works\/fr\/accueil\/\"},{\"@type\":\"ListItem\",\"position\":2,\"name\":\"Rubans de transfert thermique pour chaque application\",\"item\":\"https:\/\/ttr.works\/fr\/thermal-transfer-ribbons\/\"},{\"@type\":\"ListItem\",\"position\":3,\"name\":\"R\u00e9sine\"}]},{\"@type\":\"WebSite\",\"@id\":\"https:\/\/ttr.works\/fr\/#website\",\"url\":\"https:\/\/ttr.works\/fr\/\",\"name\":\"TTR Euroworks\",\"description\":\"Your ttr partner\",\"potentialAction\":[{\"@type\":\"SearchAction\",\"target\":{\"@type\":\"EntryPoint\",\"urlTemplate\":\"https:\/\/ttr.works\/fr\/?s={search_term_string}\"},\"query-input\":{\"@type\":\"PropertyValueSpecification\",\"valueRequired\":true,\"valueName\":\"search_term_string\"}}],\"inLanguage\":\"fr-FR\"}]}<\/script>\n<!-- \/ Yoast SEO plugin. -->","yoast_head_json":{"title":"R\u00e9sine - TTR Euroworks","description":"Impressions durables \u2713 Processus \u00e0 grande vitesse \u00e0 grande vitesse \u2713 Pour papier, plastique et films d'emballage flexibles","robots":{"index":"index","follow":"follow","max-snippet":"max-snippet:-1","max-image-preview":"max-image-preview:large","max-video-preview":"max-video-preview:-1"},"canonical":"https:\/\/ttr.works\/fr\/thermal-transfer-ribbons\/resine\/","og_locale":"fr_FR","og_type":"article","og_title":"R\u00e9sine - TTR Euroworks","og_description":"Impressions durables \u2713 Processus \u00e0 grande vitesse \u00e0 grande vitesse \u2713 Pour papier, plastique et films d'emballage flexibles","og_url":"https:\/\/ttr.works\/fr\/thermal-transfer-ribbons\/resine\/","og_site_name":"TTR Euroworks","article_modified_time":"2021-12-21T16:25:18+00:00","twitter_card":"summary_large_image","twitter_misc":{"Dur\u00e9e de lecture estim\u00e9e":"1 minute"},"schema":{"@context":"https:\/\/schema.org","@graph":[{"@type":"WebPage","@id":"https:\/\/ttr.works\/fr\/thermal-transfer-ribbons\/resine\/","url":"https:\/\/ttr.works\/fr\/thermal-transfer-ribbons\/resine\/","name":"R\u00e9sine - TTR Euroworks","isPartOf":{"@id":"https:\/\/ttr.works\/fr\/#website"},"datePublished":"2020-11-20T14:25:53+00:00","dateModified":"2021-12-21T16:25:18+00:00","description":"Impressions durables \u2713 Processus \u00e0 grande vitesse \u00e0 grande vitesse \u2713 Pour papier, plastique et films d'emballage flexibles","breadcrumb":{"@id":"https:\/\/ttr.works\/fr\/thermal-transfer-ribbons\/resine\/#breadcrumb"},"inLanguage":"fr-FR","potentialAction":[{"@type":"ReadAction","target":["https:\/\/ttr.works\/fr\/thermal-transfer-ribbons\/resine\/"]}]},{"@type":"BreadcrumbList","@id":"https:\/\/ttr.works\/fr\/thermal-transfer-ribbons\/resine\/#breadcrumb","itemListElement":[{"@type":"ListItem","position":1,"name":"Home","item":"https:\/\/ttr.works\/fr\/accueil\/"},{"@type":"ListItem","position":2,"name":"Rubans de transfert thermique pour chaque application","item":"https:\/\/ttr.works\/fr\/thermal-transfer-ribbons\/"},{"@type":"ListItem","position":3,"name":"R\u00e9sine"}]},{"@type":"WebSite","@id":"https:\/\/ttr.works\/fr\/#website","url":"https:\/\/ttr.works\/fr\/","name":"TTR Euroworks","description":"Your ttr partner","potentialAction":[{"@type":"SearchAction","target":{"@type":"EntryPoint","urlTemplate":"https:\/\/ttr.works\/fr\/?s={search_term_string}"},"query-input":{"@type":"PropertyValueSpecification","valueRequired":true,"valueName":"search_term_string"}}],"inLanguage":"fr-FR"}]}},"_links":{"self":[{"href":"https:\/\/ttr.works\/fr\/wp-json\/wp\/v2\/pages\/4456","targetHints":{"allow":["GET"]}}],"collection":[{"href":"https:\/\/ttr.works\/fr\/wp-json\/wp\/v2\/pages"}],"about":[{"href":"https:\/\/ttr.works\/fr\/wp-json\/wp\/v2\/types\/page"}],"author":[{"embeddable":true,"href":"https:\/\/ttr.works\/fr\/wp-json\/wp\/v2\/users\/1"}],"replies":[{"embeddable":true,"href":"https:\/\/ttr.works\/fr\/wp-json\/wp\/v2\/comments?post=4456"}],"version-history":[{"count":1,"href":"https:\/\/ttr.works\/fr\/wp-json\/wp\/v2\/pages\/4456\/revisions"}],"predecessor-version":[{"id":7247,"href":"https:\/\/ttr.works\/fr\/wp-json\/wp\/v2\/pages\/4456\/revisions\/7247"}],"up":[{"embeddable":true,"href":"https:\/\/ttr.works\/fr\/wp-json\/wp\/v2\/pages\/4446"}],"wp:attachment":[{"href":"https:\/\/ttr.works\/fr\/wp-json\/wp\/v2\/media?parent=4456"}],"wp:term":[{"taxonomy":"category","embeddable":true,"href":"https:\/\/ttr.works\/fr\/wp-json\/wp\/v2\/categories?post=4456"},{"taxonomy":"post_tag","embeddable":true,"href":"https:\/\/ttr.works\/fr\/wp-json\/wp\/v2\/tags?post=4456"}],"curies":[{"name":"wp","href":"https:\/\/api.w.org\/{rel}","templated":true}]}}