{"id":4474,"date":"2020-11-20T14:45:33","date_gmt":"2020-11-20T14:45:33","guid":{"rendered":"https:\/\/ttr.works\/?page_id=4474"},"modified":"2024-01-04T10:26:00","modified_gmt":"2024-01-04T10:26:00","slug":"cire-resine","status":"publish","type":"page","link":"https:\/\/ttr.works\/fr\/thermal-transfer-ribbons\/cire-resine\/","title":{"rendered":"Cire-r\u00e9sine"},"content":{"rendered":"\n<h2 class=\"wp-block-heading\">Les rubans WR4U permettent des impressions de haute qualit\u00e9 dans pratiquement toutes les applications<\/h2>\n\n\n\n<p>Les rubans \u00e0 transfert thermique cire-r\u00e9sine WR4U produisent des impressions durables qui peuvent subsister des ann\u00e9es durant car elles r\u00e9sistent aux conditions plus rigoureuses. Ils conviennent \u00e9galement tr\u00e8s bien aux processus d\u2019impression en grande quantit\u00e9 \u00e0 vitesses \u00e9lev\u00e9es. Ils sont tr\u00e8s efficaces sur des supports tels que le papier, le plastique et les feuilles d\u2019emballage flexibles.<\/p>\n\n\n\n<a href=\"\/?page_id=1610\" class=\"link-btn\">Caisse d&rsquo;\u00e9chantillons gratuits <i class=\"fal fa-chevron-right\"><\/i><\/a><a href=\"https:\/\/ttr.works\/wp-content\/uploads\/stock-list.pdf\" target=\"_blank\" class=\"link-btn second\" rel=\"noopener\">T\u00e9l\u00e9charger la liste des stocks <i class=\"fal fa-chevron-right\"><\/i><\/a>\n\n\n\n<h3 class=\"wp-block-heading\">Produits<\/h3>\n","protected":false},"excerpt":{"rendered":"<p>Les rubans WR4U permettent des impressions de haute qualit\u00e9 dans pratiquement toutes les applications Les rubans \u00e0 transfert thermique cire-r\u00e9sine WR4U produisent des impressions durables qui peuvent subsister des ann\u00e9es durant car elles r\u00e9sistent aux conditions plus rigoureuses. Ils conviennent \u00e9galement tr\u00e8s bien aux processus d\u2019impression en grande quantit\u00e9 \u00e0 vitesses \u00e9lev\u00e9es. Ils sont tr\u00e8s [&hellip;]<\/p>\n","protected":false},"author":1,"featured_media":0,"parent":4446,"menu_order":0,"comment_status":"closed","ping_status":"closed","template":"template-4u.php","meta":{"_acf_changed":false,"content-type":"","footnotes":""},"categories":[],"tags":[262],"class_list":["post-4474","page","type-page","status-publish","hentry","tag-product-fr"],"acf":[],"yoast_head":"<!-- This site is optimized with the Yoast SEO plugin v25.9 - https:\/\/yoast.com\/wordpress\/plugins\/seo\/ -->\n<title>Cire-r\u00e9sine - TTR Euroworks<\/title>\n<meta name=\"description\" content=\"Impressions durables \u2713 Processus \u00e0 grande vitesse \u00e0 grande vitesse \u2713 Pour papier, plastique et films d&#039;emballage flexibles\" \/>\n<meta name=\"robots\" content=\"index, follow, max-snippet:-1, max-image-preview:large, max-video-preview:-1\" \/>\n<link rel=\"canonical\" href=\"https:\/\/ttr.works\/fr\/thermal-transfer-ribbons\/cire-resine\/\" \/>\n<meta property=\"og:locale\" content=\"fr_FR\" \/>\n<meta property=\"og:type\" content=\"article\" \/>\n<meta property=\"og:title\" content=\"Cire-r\u00e9sine - TTR Euroworks\" \/>\n<meta property=\"og:description\" content=\"Impressions durables \u2713 Processus \u00e0 grande vitesse \u00e0 grande vitesse \u2713 Pour papier, plastique et films d&#039;emballage flexibles\" \/>\n<meta property=\"og:url\" content=\"https:\/\/ttr.works\/fr\/thermal-transfer-ribbons\/cire-resine\/\" \/>\n<meta property=\"og:site_name\" content=\"TTR Euroworks\" \/>\n<meta property=\"article:modified_time\" content=\"2024-01-04T10:26:00+00:00\" \/>\n<meta name=\"twitter:card\" content=\"summary_large_image\" \/>\n<meta name=\"twitter:label1\" content=\"Dur\u00e9e de lecture estim\u00e9e\" \/>\n\t<meta name=\"twitter:data1\" content=\"1 minute\" \/>\n<script type=\"application\/ld+json\" class=\"yoast-schema-graph\">{\"@context\":\"https:\/\/schema.org\",\"@graph\":[{\"@type\":\"WebPage\",\"@id\":\"https:\/\/ttr.works\/fr\/thermal-transfer-ribbons\/cire-resine\/\",\"url\":\"https:\/\/ttr.works\/fr\/thermal-transfer-ribbons\/cire-resine\/\",\"name\":\"Cire-r\u00e9sine - TTR Euroworks\",\"isPartOf\":{\"@id\":\"https:\/\/ttr.works\/fr\/#website\"},\"datePublished\":\"2020-11-20T14:45:33+00:00\",\"dateModified\":\"2024-01-04T10:26:00+00:00\",\"description\":\"Impressions durables \u2713 Processus \u00e0 grande vitesse \u00e0 grande vitesse \u2713 Pour papier, plastique et films d'emballage flexibles\",\"breadcrumb\":{\"@id\":\"https:\/\/ttr.works\/fr\/thermal-transfer-ribbons\/cire-resine\/#breadcrumb\"},\"inLanguage\":\"fr-FR\",\"potentialAction\":[{\"@type\":\"ReadAction\",\"target\":[\"https:\/\/ttr.works\/fr\/thermal-transfer-ribbons\/cire-resine\/\"]}]},{\"@type\":\"BreadcrumbList\",\"@id\":\"https:\/\/ttr.works\/fr\/thermal-transfer-ribbons\/cire-resine\/#breadcrumb\",\"itemListElement\":[{\"@type\":\"ListItem\",\"position\":1,\"name\":\"Home\",\"item\":\"https:\/\/ttr.works\/fr\/accueil\/\"},{\"@type\":\"ListItem\",\"position\":2,\"name\":\"Rubans de transfert thermique pour chaque application\",\"item\":\"https:\/\/ttr.works\/fr\/thermal-transfer-ribbons\/\"},{\"@type\":\"ListItem\",\"position\":3,\"name\":\"Cire-r\u00e9sine\"}]},{\"@type\":\"WebSite\",\"@id\":\"https:\/\/ttr.works\/fr\/#website\",\"url\":\"https:\/\/ttr.works\/fr\/\",\"name\":\"TTR Euroworks\",\"description\":\"Your ttr partner\",\"potentialAction\":[{\"@type\":\"SearchAction\",\"target\":{\"@type\":\"EntryPoint\",\"urlTemplate\":\"https:\/\/ttr.works\/fr\/?s={search_term_string}\"},\"query-input\":{\"@type\":\"PropertyValueSpecification\",\"valueRequired\":true,\"valueName\":\"search_term_string\"}}],\"inLanguage\":\"fr-FR\"}]}<\/script>\n<!-- \/ Yoast SEO plugin. -->","yoast_head_json":{"title":"Cire-r\u00e9sine - TTR Euroworks","description":"Impressions durables \u2713 Processus \u00e0 grande vitesse \u00e0 grande vitesse \u2713 Pour papier, plastique et films d'emballage flexibles","robots":{"index":"index","follow":"follow","max-snippet":"max-snippet:-1","max-image-preview":"max-image-preview:large","max-video-preview":"max-video-preview:-1"},"canonical":"https:\/\/ttr.works\/fr\/thermal-transfer-ribbons\/cire-resine\/","og_locale":"fr_FR","og_type":"article","og_title":"Cire-r\u00e9sine - TTR Euroworks","og_description":"Impressions durables \u2713 Processus \u00e0 grande vitesse \u00e0 grande vitesse \u2713 Pour papier, plastique et films d'emballage flexibles","og_url":"https:\/\/ttr.works\/fr\/thermal-transfer-ribbons\/cire-resine\/","og_site_name":"TTR Euroworks","article_modified_time":"2024-01-04T10:26:00+00:00","twitter_card":"summary_large_image","twitter_misc":{"Dur\u00e9e de lecture estim\u00e9e":"1 minute"},"schema":{"@context":"https:\/\/schema.org","@graph":[{"@type":"WebPage","@id":"https:\/\/ttr.works\/fr\/thermal-transfer-ribbons\/cire-resine\/","url":"https:\/\/ttr.works\/fr\/thermal-transfer-ribbons\/cire-resine\/","name":"Cire-r\u00e9sine - TTR Euroworks","isPartOf":{"@id":"https:\/\/ttr.works\/fr\/#website"},"datePublished":"2020-11-20T14:45:33+00:00","dateModified":"2024-01-04T10:26:00+00:00","description":"Impressions durables \u2713 Processus \u00e0 grande vitesse \u00e0 grande vitesse \u2713 Pour papier, plastique et films d'emballage flexibles","breadcrumb":{"@id":"https:\/\/ttr.works\/fr\/thermal-transfer-ribbons\/cire-resine\/#breadcrumb"},"inLanguage":"fr-FR","potentialAction":[{"@type":"ReadAction","target":["https:\/\/ttr.works\/fr\/thermal-transfer-ribbons\/cire-resine\/"]}]},{"@type":"BreadcrumbList","@id":"https:\/\/ttr.works\/fr\/thermal-transfer-ribbons\/cire-resine\/#breadcrumb","itemListElement":[{"@type":"ListItem","position":1,"name":"Home","item":"https:\/\/ttr.works\/fr\/accueil\/"},{"@type":"ListItem","position":2,"name":"Rubans de transfert thermique pour chaque application","item":"https:\/\/ttr.works\/fr\/thermal-transfer-ribbons\/"},{"@type":"ListItem","position":3,"name":"Cire-r\u00e9sine"}]},{"@type":"WebSite","@id":"https:\/\/ttr.works\/fr\/#website","url":"https:\/\/ttr.works\/fr\/","name":"TTR Euroworks","description":"Your ttr partner","potentialAction":[{"@type":"SearchAction","target":{"@type":"EntryPoint","urlTemplate":"https:\/\/ttr.works\/fr\/?s={search_term_string}"},"query-input":{"@type":"PropertyValueSpecification","valueRequired":true,"valueName":"search_term_string"}}],"inLanguage":"fr-FR"}]}},"_links":{"self":[{"href":"https:\/\/ttr.works\/fr\/wp-json\/wp\/v2\/pages\/4474","targetHints":{"allow":["GET"]}}],"collection":[{"href":"https:\/\/ttr.works\/fr\/wp-json\/wp\/v2\/pages"}],"about":[{"href":"https:\/\/ttr.works\/fr\/wp-json\/wp\/v2\/types\/page"}],"author":[{"embeddable":true,"href":"https:\/\/ttr.works\/fr\/wp-json\/wp\/v2\/users\/1"}],"replies":[{"embeddable":true,"href":"https:\/\/ttr.works\/fr\/wp-json\/wp\/v2\/comments?post=4474"}],"version-history":[{"count":2,"href":"https:\/\/ttr.works\/fr\/wp-json\/wp\/v2\/pages\/4474\/revisions"}],"predecessor-version":[{"id":20960,"href":"https:\/\/ttr.works\/fr\/wp-json\/wp\/v2\/pages\/4474\/revisions\/20960"}],"up":[{"embeddable":true,"href":"https:\/\/ttr.works\/fr\/wp-json\/wp\/v2\/pages\/4446"}],"wp:attachment":[{"href":"https:\/\/ttr.works\/fr\/wp-json\/wp\/v2\/media?parent=4474"}],"wp:term":[{"taxonomy":"category","embeddable":true,"href":"https:\/\/ttr.works\/fr\/wp-json\/wp\/v2\/categories?post=4474"},{"taxonomy":"post_tag","embeddable":true,"href":"https:\/\/ttr.works\/fr\/wp-json\/wp\/v2\/tags?post=4474"}],"curies":[{"name":"wp","href":"https:\/\/api.w.org\/{rel}","templated":true}]}}