{"id":4534,"date":"2020-11-20T15:18:12","date_gmt":"2020-11-20T15:18:12","guid":{"rendered":"https:\/\/ttr.works\/?page_id=4534"},"modified":"2020-11-20T15:18:29","modified_gmt":"2020-11-20T15:18:29","slug":"demander-un-devis","status":"publish","type":"page","link":"https:\/\/ttr.works\/fr\/demander-un-devis\/","title":{"rendered":"Demander un devis"},"content":{"rendered":"\n<p>Notre connaissance fine du march\u00e9 mondial et de ses acteurs, sans jamais n\u00e9gliger pour autant la culture locale, nous permet d\u2019optimiser les qualit\u00e9s, les co\u00fbts, les services et les d\u00e9lais d\u2019approvisionnement. Pour des informations sur les achats et des demandes de renseignements en g\u00e9n\u00e9ral, veuillez remplir le formulaire. Nous vous recontacterons bient\u00f4t.<\/p>\n","protected":false},"excerpt":{"rendered":"<p>Notre connaissance fine du march\u00e9 mondial et de ses acteurs, sans jamais n\u00e9gliger pour autant la culture locale, nous permet d\u2019optimiser les qualit\u00e9s, les co\u00fbts, les services et les d\u00e9lais d\u2019approvisionnement. Pour des informations sur les achats et des demandes de renseignements en g\u00e9n\u00e9ral, veuillez remplir le formulaire. Nous vous recontacterons bient\u00f4t.<\/p>\n","protected":false},"author":1,"featured_media":0,"parent":0,"menu_order":0,"comment_status":"closed","ping_status":"closed","template":"template-quote.php","meta":{"_acf_changed":false,"content-type":"","footnotes":""},"categories":[],"tags":[],"class_list":["post-4534","page","type-page","status-publish","hentry"],"acf":[],"yoast_head":"<!-- This site is optimized with the Yoast SEO plugin v25.9 - https:\/\/yoast.com\/wordpress\/plugins\/seo\/ -->\n<title>Demander un devis - TTR Euroworks<\/title>\n<meta name=\"robots\" content=\"index, follow, max-snippet:-1, max-image-preview:large, max-video-preview:-1\" \/>\n<link rel=\"canonical\" href=\"https:\/\/ttr.works\/fr\/demander-un-devis\/\" \/>\n<meta property=\"og:locale\" content=\"fr_FR\" \/>\n<meta property=\"og:type\" content=\"article\" \/>\n<meta property=\"og:title\" content=\"Demander un devis - TTR Euroworks\" \/>\n<meta property=\"og:description\" content=\"Notre connaissance fine du march\u00e9 mondial et de ses acteurs, sans jamais n\u00e9gliger pour autant la culture locale, nous permet d\u2019optimiser les qualit\u00e9s, les co\u00fbts, les services et les d\u00e9lais d\u2019approvisionnement. Pour des informations sur les achats et des demandes de renseignements en g\u00e9n\u00e9ral, veuillez remplir le formulaire. Nous vous recontacterons bient\u00f4t.\" \/>\n<meta property=\"og:url\" content=\"https:\/\/ttr.works\/fr\/demander-un-devis\/\" \/>\n<meta property=\"og:site_name\" content=\"TTR Euroworks\" \/>\n<meta property=\"article:modified_time\" content=\"2020-11-20T15:18:29+00:00\" \/>\n<meta name=\"twitter:card\" content=\"summary_large_image\" \/>\n<script type=\"application\/ld+json\" class=\"yoast-schema-graph\">{\"@context\":\"https:\/\/schema.org\",\"@graph\":[{\"@type\":\"WebPage\",\"@id\":\"https:\/\/ttr.works\/fr\/demander-un-devis\/\",\"url\":\"https:\/\/ttr.works\/fr\/demander-un-devis\/\",\"name\":\"Demander un devis - TTR Euroworks\",\"isPartOf\":{\"@id\":\"https:\/\/ttr.works\/fr\/#website\"},\"datePublished\":\"2020-11-20T15:18:12+00:00\",\"dateModified\":\"2020-11-20T15:18:29+00:00\",\"breadcrumb\":{\"@id\":\"https:\/\/ttr.works\/fr\/demander-un-devis\/#breadcrumb\"},\"inLanguage\":\"fr-FR\",\"potentialAction\":[{\"@type\":\"ReadAction\",\"target\":[\"https:\/\/ttr.works\/fr\/demander-un-devis\/\"]}]},{\"@type\":\"BreadcrumbList\",\"@id\":\"https:\/\/ttr.works\/fr\/demander-un-devis\/#breadcrumb\",\"itemListElement\":[{\"@type\":\"ListItem\",\"position\":1,\"name\":\"Home\",\"item\":\"https:\/\/ttr.works\/fr\/accueil\/\"},{\"@type\":\"ListItem\",\"position\":2,\"name\":\"Demander un devis\"}]},{\"@type\":\"WebSite\",\"@id\":\"https:\/\/ttr.works\/fr\/#website\",\"url\":\"https:\/\/ttr.works\/fr\/\",\"name\":\"TTR Euroworks\",\"description\":\"Your ttr partner\",\"potentialAction\":[{\"@type\":\"SearchAction\",\"target\":{\"@type\":\"EntryPoint\",\"urlTemplate\":\"https:\/\/ttr.works\/fr\/?s={search_term_string}\"},\"query-input\":{\"@type\":\"PropertyValueSpecification\",\"valueRequired\":true,\"valueName\":\"search_term_string\"}}],\"inLanguage\":\"fr-FR\"}]}<\/script>\n<!-- \/ Yoast SEO plugin. -->","yoast_head_json":{"title":"Demander un devis - TTR Euroworks","robots":{"index":"index","follow":"follow","max-snippet":"max-snippet:-1","max-image-preview":"max-image-preview:large","max-video-preview":"max-video-preview:-1"},"canonical":"https:\/\/ttr.works\/fr\/demander-un-devis\/","og_locale":"fr_FR","og_type":"article","og_title":"Demander un devis - TTR Euroworks","og_description":"Notre connaissance fine du march\u00e9 mondial et de ses acteurs, sans jamais n\u00e9gliger pour autant la culture locale, nous permet d\u2019optimiser les qualit\u00e9s, les co\u00fbts, les services et les d\u00e9lais d\u2019approvisionnement. Pour des informations sur les achats et des demandes de renseignements en g\u00e9n\u00e9ral, veuillez remplir le formulaire. Nous vous recontacterons bient\u00f4t.","og_url":"https:\/\/ttr.works\/fr\/demander-un-devis\/","og_site_name":"TTR Euroworks","article_modified_time":"2020-11-20T15:18:29+00:00","twitter_card":"summary_large_image","schema":{"@context":"https:\/\/schema.org","@graph":[{"@type":"WebPage","@id":"https:\/\/ttr.works\/fr\/demander-un-devis\/","url":"https:\/\/ttr.works\/fr\/demander-un-devis\/","name":"Demander un devis - TTR Euroworks","isPartOf":{"@id":"https:\/\/ttr.works\/fr\/#website"},"datePublished":"2020-11-20T15:18:12+00:00","dateModified":"2020-11-20T15:18:29+00:00","breadcrumb":{"@id":"https:\/\/ttr.works\/fr\/demander-un-devis\/#breadcrumb"},"inLanguage":"fr-FR","potentialAction":[{"@type":"ReadAction","target":["https:\/\/ttr.works\/fr\/demander-un-devis\/"]}]},{"@type":"BreadcrumbList","@id":"https:\/\/ttr.works\/fr\/demander-un-devis\/#breadcrumb","itemListElement":[{"@type":"ListItem","position":1,"name":"Home","item":"https:\/\/ttr.works\/fr\/accueil\/"},{"@type":"ListItem","position":2,"name":"Demander un devis"}]},{"@type":"WebSite","@id":"https:\/\/ttr.works\/fr\/#website","url":"https:\/\/ttr.works\/fr\/","name":"TTR Euroworks","description":"Your ttr partner","potentialAction":[{"@type":"SearchAction","target":{"@type":"EntryPoint","urlTemplate":"https:\/\/ttr.works\/fr\/?s={search_term_string}"},"query-input":{"@type":"PropertyValueSpecification","valueRequired":true,"valueName":"search_term_string"}}],"inLanguage":"fr-FR"}]}},"_links":{"self":[{"href":"https:\/\/ttr.works\/fr\/wp-json\/wp\/v2\/pages\/4534","targetHints":{"allow":["GET"]}}],"collection":[{"href":"https:\/\/ttr.works\/fr\/wp-json\/wp\/v2\/pages"}],"about":[{"href":"https:\/\/ttr.works\/fr\/wp-json\/wp\/v2\/types\/page"}],"author":[{"embeddable":true,"href":"https:\/\/ttr.works\/fr\/wp-json\/wp\/v2\/users\/1"}],"replies":[{"embeddable":true,"href":"https:\/\/ttr.works\/fr\/wp-json\/wp\/v2\/comments?post=4534"}],"version-history":[{"count":0,"href":"https:\/\/ttr.works\/fr\/wp-json\/wp\/v2\/pages\/4534\/revisions"}],"wp:attachment":[{"href":"https:\/\/ttr.works\/fr\/wp-json\/wp\/v2\/media?parent=4534"}],"wp:term":[{"taxonomy":"category","embeddable":true,"href":"https:\/\/ttr.works\/fr\/wp-json\/wp\/v2\/categories?post=4534"},{"taxonomy":"post_tag","embeddable":true,"href":"https:\/\/ttr.works\/fr\/wp-json\/wp\/v2\/tags?post=4534"}],"curies":[{"name":"wp","href":"https:\/\/api.w.org\/{rel}","templated":true}]}}