{"id":6538,"date":"2021-10-11T07:30:47","date_gmt":"2021-10-11T07:30:47","guid":{"rendered":"https:\/\/ttr.works\/?page_id=6538"},"modified":"2026-04-03T11:58:17","modified_gmt":"2026-04-03T11:58:17","slug":"materiel-de-nettoyage-des-tetes-dimpression","status":"publish","type":"page","link":"https:\/\/ttr.works\/fr\/materiel-de-nettoyage-des-tetes-dimpression\/","title":{"rendered":"Produits de nettoyage pour imprimantes thermiques"},"content":{"rendered":"\n<h2 class=\"wp-block-heading\">Une t\u00eate d&rsquo;impression propre dure plus longtemps<\/h2>\n\n\n\n<p><strong>Non seulement cela dure beaucoup plus longtemps. La qualit\u00e9 d\u2019impression est \u00e9galement bien meilleure. La t\u00eate d&rsquo;impression est la pi\u00e8ce de rechange la plus importante et la plus co\u00fbteuse d&rsquo;une imprimante d&rsquo;\u00e9tiquettes. C\u2019est aussi la pi\u00e8ce la plus sujette \u00e0 l\u2019usure. Les r\u00e9sidus d&rsquo;encre, la salet\u00e9 et la poussi\u00e8re s&rsquo;accumulent. Cela provoque la plupart des probl\u00e8mes li\u00e9s \u00e0 l&rsquo;impression. Et cela r\u00e9duit les performances d\u2019impression de l\u2019imprimante d\u2019\u00e9tiquettes.<\/strong><\/p>\n\n\n\n<p>La bonne nouvelle? Vous pouvez \u00e9viter vous-m\u00eame les pannes pr\u00e9matur\u00e9es des t\u00eates d\u2019impression. Avec nos lingettes, stylos et \u00e9couvillons 4U, vous disposez d&rsquo;une solution certifi\u00e9e pour chaque imprimante d&rsquo;\u00e9tiquettes. Ils sont faciles \u00e0 utiliser et permettent \u00e0 tout le monde de nettoyer une t\u00eate d&rsquo;impression.<\/p>\n\n\n\n<div style=\"height:34px\" aria-hidden=\"true\" class=\"wp-block-spacer\"><\/div>\n\n\n\n<a href=\"https:\/\/thermalprinting.shop\/cleaning\" class=\"link-btn\">TTR shop <i class=\"fal fa-chevron-right\"><\/i><\/a><a href=\"https:\/\/ttr.works\/thermal-transfer\/reseller.php\" class=\"link-btn second\">Page revendeur <i class=\"fal fa-chevron-right\"><\/i><\/a>\n\n\n\n<div style=\"height:61px\" aria-hidden=\"true\" class=\"wp-block-spacer\"><\/div>\n\n\n\n<p><a href=\"https:\/\/ttr.works\/fr\/une-tete-dimpression-propre-durera-beaucoup-plus-longtemps\/\"><strong>Conseils d&rsquo;experts pour prolonger la dur\u00e9e de vie de la t\u00eate d&rsquo;impression<\/strong><\/a>: La t\u00eate d&rsquo;impression est l&rsquo;un des composants les plus importants et les plus co\u00fbteux. Il est soumis \u00e0 l&rsquo;usure naturelle, \u00e0 l&rsquo;encre, \u00e0 la salet\u00e9 et \u00e0 la poussi\u00e8re. Ces conseils d&rsquo;experts vous aideront \u00e0 prolonger la dur\u00e9e de vie de votre t\u00eate d&rsquo;impression. Vous \u00e9conomiserez de l&rsquo;argent en les rempla\u00e7ant moins souvent.<\/p>\n\n\n\n<div style=\"height:31px\" aria-hidden=\"true\" class=\"wp-block-spacer\"><\/div>\n\n\n\n<div style=\"height:31px\" aria-hidden=\"true\" class=\"wp-block-spacer\"><\/div>\n\n\n\n<p><\/p>\n","protected":false},"excerpt":{"rendered":"<p>Une t\u00eate d&rsquo;impression propre dure plus longtemps Non seulement cela dure beaucoup plus longtemps. La qualit\u00e9 d\u2019impression est \u00e9galement bien meilleure. La t\u00eate d&rsquo;impression est la pi\u00e8ce de rechange la plus importante et la plus co\u00fbteuse d&rsquo;une imprimante d&rsquo;\u00e9tiquettes. C\u2019est aussi la pi\u00e8ce la plus sujette \u00e0 l\u2019usure. Les r\u00e9sidus d&rsquo;encre, la salet\u00e9 et la [&hellip;]<\/p>\n","protected":false},"author":1,"featured_media":0,"parent":0,"menu_order":0,"comment_status":"closed","ping_status":"closed","template":"template-cleaning.php","meta":{"_acf_changed":false,"content-type":"","footnotes":""},"categories":[],"tags":[262],"class_list":["post-6538","page","type-page","status-publish","hentry","tag-product-fr"],"acf":[],"yoast_head":"<!-- This site is optimized with the Yoast SEO plugin v25.9 - https:\/\/yoast.com\/wordpress\/plugins\/seo\/ -->\n<title>Produits de nettoyage pour imprimantes thermiques - TTR Euroworks<\/title>\n<meta name=\"robots\" content=\"index, follow, max-snippet:-1, max-image-preview:large, max-video-preview:-1\" \/>\n<link rel=\"canonical\" href=\"https:\/\/ttr.works\/fr\/materiel-de-nettoyage-des-tetes-dimpression\/\" \/>\n<meta property=\"og:locale\" content=\"fr_FR\" \/>\n<meta property=\"og:type\" content=\"article\" \/>\n<meta property=\"og:title\" content=\"Produits de nettoyage pour imprimantes thermiques - TTR Euroworks\" \/>\n<meta property=\"og:description\" content=\"Une t\u00eate d&rsquo;impression propre dure plus longtemps Non seulement cela dure beaucoup plus longtemps. La qualit\u00e9 d\u2019impression est \u00e9galement bien meilleure. La t\u00eate d&rsquo;impression est la pi\u00e8ce de rechange la plus importante et la plus co\u00fbteuse d&rsquo;une imprimante d&rsquo;\u00e9tiquettes. C\u2019est aussi la pi\u00e8ce la plus sujette \u00e0 l\u2019usure. Les r\u00e9sidus d&rsquo;encre, la salet\u00e9 et la [&hellip;]\" \/>\n<meta property=\"og:url\" content=\"https:\/\/ttr.works\/fr\/materiel-de-nettoyage-des-tetes-dimpression\/\" \/>\n<meta property=\"og:site_name\" content=\"TTR Euroworks\" \/>\n<meta property=\"article:modified_time\" content=\"2026-04-03T11:58:17+00:00\" \/>\n<meta property=\"og:image\" content=\"https:\/\/ttr.works\/wp-content\/uploads\/\/printhead-tips_rounded-1024x377.png\" \/>\n<meta name=\"twitter:card\" content=\"summary_large_image\" \/>\n<meta name=\"twitter:label1\" content=\"Dur\u00e9e de lecture estim\u00e9e\" \/>\n\t<meta name=\"twitter:data1\" content=\"4 minutes\" \/>\n<script type=\"application\/ld+json\" class=\"yoast-schema-graph\">{\"@context\":\"https:\/\/schema.org\",\"@graph\":[{\"@type\":\"WebPage\",\"@id\":\"https:\/\/ttr.works\/fr\/materiel-de-nettoyage-des-tetes-dimpression\/\",\"url\":\"https:\/\/ttr.works\/fr\/materiel-de-nettoyage-des-tetes-dimpression\/\",\"name\":\"Produits de nettoyage pour imprimantes thermiques - TTR Euroworks\",\"isPartOf\":{\"@id\":\"https:\/\/ttr.works\/fr\/#website\"},\"datePublished\":\"2021-10-11T07:30:47+00:00\",\"dateModified\":\"2026-04-03T11:58:17+00:00\",\"breadcrumb\":{\"@id\":\"https:\/\/ttr.works\/fr\/materiel-de-nettoyage-des-tetes-dimpression\/#breadcrumb\"},\"inLanguage\":\"fr-FR\",\"potentialAction\":[{\"@type\":\"ReadAction\",\"target\":[\"https:\/\/ttr.works\/fr\/materiel-de-nettoyage-des-tetes-dimpression\/\"]}]},{\"@type\":\"BreadcrumbList\",\"@id\":\"https:\/\/ttr.works\/fr\/materiel-de-nettoyage-des-tetes-dimpression\/#breadcrumb\",\"itemListElement\":[{\"@type\":\"ListItem\",\"position\":1,\"name\":\"Home\",\"item\":\"https:\/\/ttr.works\/fr\/accueil\/\"},{\"@type\":\"ListItem\",\"position\":2,\"name\":\"Une t\u00eate d&#8217;impression propre dure plus longtemps\"}]},{\"@type\":\"WebSite\",\"@id\":\"https:\/\/ttr.works\/fr\/#website\",\"url\":\"https:\/\/ttr.works\/fr\/\",\"name\":\"TTR Euroworks\",\"description\":\"Your ttr partner\",\"potentialAction\":[{\"@type\":\"SearchAction\",\"target\":{\"@type\":\"EntryPoint\",\"urlTemplate\":\"https:\/\/ttr.works\/fr\/?s={search_term_string}\"},\"query-input\":{\"@type\":\"PropertyValueSpecification\",\"valueRequired\":true,\"valueName\":\"search_term_string\"}}],\"inLanguage\":\"fr-FR\"}]}<\/script>\n<!-- \/ Yoast SEO plugin. -->","yoast_head_json":{"title":"Produits de nettoyage pour imprimantes thermiques - TTR Euroworks","robots":{"index":"index","follow":"follow","max-snippet":"max-snippet:-1","max-image-preview":"max-image-preview:large","max-video-preview":"max-video-preview:-1"},"canonical":"https:\/\/ttr.works\/fr\/materiel-de-nettoyage-des-tetes-dimpression\/","og_locale":"fr_FR","og_type":"article","og_title":"Produits de nettoyage pour imprimantes thermiques - TTR Euroworks","og_description":"Une t\u00eate d&rsquo;impression propre dure plus longtemps Non seulement cela dure beaucoup plus longtemps. La qualit\u00e9 d\u2019impression est \u00e9galement bien meilleure. La t\u00eate d&rsquo;impression est la pi\u00e8ce de rechange la plus importante et la plus co\u00fbteuse d&rsquo;une imprimante d&rsquo;\u00e9tiquettes. C\u2019est aussi la pi\u00e8ce la plus sujette \u00e0 l\u2019usure. Les r\u00e9sidus d&rsquo;encre, la salet\u00e9 et la [&hellip;]","og_url":"https:\/\/ttr.works\/fr\/materiel-de-nettoyage-des-tetes-dimpression\/","og_site_name":"TTR Euroworks","article_modified_time":"2026-04-03T11:58:17+00:00","og_image":[{"url":"https:\/\/ttr.works\/wp-content\/uploads\/\/printhead-tips_rounded-1024x377.png","type":"","width":"","height":""}],"twitter_card":"summary_large_image","twitter_misc":{"Dur\u00e9e de lecture estim\u00e9e":"4 minutes"},"schema":{"@context":"https:\/\/schema.org","@graph":[{"@type":"WebPage","@id":"https:\/\/ttr.works\/fr\/materiel-de-nettoyage-des-tetes-dimpression\/","url":"https:\/\/ttr.works\/fr\/materiel-de-nettoyage-des-tetes-dimpression\/","name":"Produits de nettoyage pour imprimantes thermiques - TTR Euroworks","isPartOf":{"@id":"https:\/\/ttr.works\/fr\/#website"},"datePublished":"2021-10-11T07:30:47+00:00","dateModified":"2026-04-03T11:58:17+00:00","breadcrumb":{"@id":"https:\/\/ttr.works\/fr\/materiel-de-nettoyage-des-tetes-dimpression\/#breadcrumb"},"inLanguage":"fr-FR","potentialAction":[{"@type":"ReadAction","target":["https:\/\/ttr.works\/fr\/materiel-de-nettoyage-des-tetes-dimpression\/"]}]},{"@type":"BreadcrumbList","@id":"https:\/\/ttr.works\/fr\/materiel-de-nettoyage-des-tetes-dimpression\/#breadcrumb","itemListElement":[{"@type":"ListItem","position":1,"name":"Home","item":"https:\/\/ttr.works\/fr\/accueil\/"},{"@type":"ListItem","position":2,"name":"Une t\u00eate d&#8217;impression propre dure plus longtemps"}]},{"@type":"WebSite","@id":"https:\/\/ttr.works\/fr\/#website","url":"https:\/\/ttr.works\/fr\/","name":"TTR Euroworks","description":"Your ttr partner","potentialAction":[{"@type":"SearchAction","target":{"@type":"EntryPoint","urlTemplate":"https:\/\/ttr.works\/fr\/?s={search_term_string}"},"query-input":{"@type":"PropertyValueSpecification","valueRequired":true,"valueName":"search_term_string"}}],"inLanguage":"fr-FR"}]}},"_links":{"self":[{"href":"https:\/\/ttr.works\/fr\/wp-json\/wp\/v2\/pages\/6538","targetHints":{"allow":["GET"]}}],"collection":[{"href":"https:\/\/ttr.works\/fr\/wp-json\/wp\/v2\/pages"}],"about":[{"href":"https:\/\/ttr.works\/fr\/wp-json\/wp\/v2\/types\/page"}],"author":[{"embeddable":true,"href":"https:\/\/ttr.works\/fr\/wp-json\/wp\/v2\/users\/1"}],"replies":[{"embeddable":true,"href":"https:\/\/ttr.works\/fr\/wp-json\/wp\/v2\/comments?post=6538"}],"version-history":[{"count":18,"href":"https:\/\/ttr.works\/fr\/wp-json\/wp\/v2\/pages\/6538\/revisions"}],"predecessor-version":[{"id":31437,"href":"https:\/\/ttr.works\/fr\/wp-json\/wp\/v2\/pages\/6538\/revisions\/31437"}],"wp:attachment":[{"href":"https:\/\/ttr.works\/fr\/wp-json\/wp\/v2\/media?parent=6538"}],"wp:term":[{"taxonomy":"category","embeddable":true,"href":"https:\/\/ttr.works\/fr\/wp-json\/wp\/v2\/categories?post=6538"},{"taxonomy":"post_tag","embeddable":true,"href":"https:\/\/ttr.works\/fr\/wp-json\/wp\/v2\/tags?post=6538"}],"curies":[{"name":"wp","href":"https:\/\/api.w.org\/{rel}","templated":true}]}}