{"id":20846,"date":"2024-02-05T08:43:35","date_gmt":"2024-02-05T08:43:35","guid":{"rendered":"https:\/\/ttr.works\/?page_id=20846"},"modified":"2024-07-29T09:28:20","modified_gmt":"2024-07-29T09:28:20","slug":"wax-flathead-ribbons","status":"publish","type":"page","link":"https:\/\/ttr.works\/it\/nastri-a-trasferimento-termico\/wax-flathead-ribbons\/","title":{"rendered":"Wax flathead ribbons"},"content":{"rendered":"\n<h1 class=\"wp-block-heading\">Nastri di cera 4U<\/h1>\n<div class=\"wp-block-image\">\n<figure class=\"alignright size-large is-resized\"><img decoding=\"async\" width=\"1024\" height=\"861\" data-src=\"https:\/\/ttr.works\/wp-content\/uploads\/\/4U_logo_with_even_more_padding-1024x861.png\" alt=\"\" class=\"wp-image-24083 lazyload\" style=\"--smush-placeholder-width: 1024px; --smush-placeholder-aspect-ratio: 1024\/861;width:288px;height:auto\" data-srcset=\"https:\/\/ttr.works\/wp-content\/uploads\/4U_logo_with_even_more_padding-1024x861.png 1024w, https:\/\/ttr.works\/wp-content\/uploads\/4U_logo_with_even_more_padding-300x252.png 300w, https:\/\/ttr.works\/wp-content\/uploads\/4U_logo_with_even_more_padding-768x646.png 768w, https:\/\/ttr.works\/wp-content\/uploads\/4U_logo_with_even_more_padding.png 1211w\" data-sizes=\"(max-width: 1024px) 100vw, 1024px\" src=\"data:image\/svg+xml;base64,PHN2ZyB3aWR0aD0iMSIgaGVpZ2h0PSIxIiB4bWxucz0iaHR0cDovL3d3dy53My5vcmcvMjAwMC9zdmciPjwvc3ZnPg==\" \/><\/figure><\/div>\n<p>I nastri in cera vengono utilizzati nelle stampanti per etichette a trasferimento termico. Queste possono essere le piccole stampanti desktop o le robuste stampanti industriali pi\u00f9 grandi. Utilizzando un nastro inchiostrato \u00e8 possibile produrre immagini di qualit\u00e0 superiore. Un effetto collaterale positivo \u00e8 che la testina di stampa all&#8217;interno della stampante dura pi\u00f9 a lungo se si utilizza un nastro termico.<\/p>\n\n<p>Con Wax 4U 100 e 120 offriamo una scelta sia economica che premium per la stampa di codici a barre e testo. Entrambi producono immagini nitide, ma il 120 \u00e8 il nastro cerato della migliore qualit\u00e0 per la pi\u00f9 ampia gamma di requisiti e superfici di stampa.<\/p>\n\n<a href=\"https:\/\/ttr.works\/it\/kostenlose-muster-box\/\" class=\"link-btn\">Receive a free sample box <i class=\"fal fa-chevron-right\"><\/i><\/a><a href=\"https:\/\/ttr.works\/thermal-transfer\/reseller.php\" target=\"_blank\" class=\"link-btn second\" rel=\"noopener\">Reseller page <i class=\"fal fa-chevron-right\"><\/i><\/a>\r\n\n<div style=\"height:30px\" aria-hidden=\"true\" class=\"wp-block-spacer\"><\/div>\n\n<h2 class=\"wp-block-heading\">Le nostre opzioni di nastro cerato a testa piatta 4U<\/h2>\n\n<div class=\"wp-block-media-text alignwide is-stacked-on-mobile is-vertically-aligned-center\" style=\"grid-template-columns:21% auto\"><figure class=\"wp-block-media-text__media\"><img decoding=\"async\" width=\"360\" height=\"446\" data-src=\"https:\/\/ttr.works\/wp-content\/uploads\/w100-met-logo.png\" alt=\"\" class=\"wp-image-23919 size-medium lazyload\" data-srcset=\"https:\/\/ttr.works\/wp-content\/uploads\/w100-met-logo.png 360w, https:\/\/ttr.works\/wp-content\/uploads\/w100-met-logo-242x300.png 242w\" data-sizes=\"(max-width: 360px) 100vw, 360px\" src=\"data:image\/svg+xml;base64,PHN2ZyB3aWR0aD0iMSIgaGVpZ2h0PSIxIiB4bWxucz0iaHR0cDovL3d3dy53My5vcmcvMjAwMC9zdmciPjwvc3ZnPg==\" style=\"--smush-placeholder-width: 360px; --smush-placeholder-aspect-ratio: 360\/446;\" \/><\/figure><div class=\"wp-block-media-text__content\">\n<h3 class=\"wp-block-heading\"><strong>Economical Wax 4U 100\u00a0<\/strong><\/h3>\n\n\n\n<p><a href=\"https:\/\/ttr.works\/wp-content\/uploads\/w4u-100.pdf\" target=\"_blank\" rel=\"noreferrer noopener\">Download Datasheet\u00a0<\/a><\/p>\n\n\n\n<p>Il nastro in cera pi\u00f9 economico della nostra gamma, fornendo allo stesso tempo prestazioni costanti su un&#8217;ampia gamma di materiali. \u00c8 una buona soluzione per le etichette che non devono durare per anni e che non devono affrontare condizioni difficili come pioggia, temperature estreme, ecc.<\/p>\n\n\n\n<p>\u2013 Il nastro pi\u00f9 efficiente ed economico per tutti i giorni&#13;\n\u2013 Codici a barre ad alta nerezza e ad alta definizione<\/p>\n<\/div><\/div>\n\n<div style=\"height:30px\" aria-hidden=\"true\" class=\"wp-block-spacer\"><\/div>\n\n<div class=\"wp-block-media-text alignwide is-stacked-on-mobile is-vertically-aligned-center\" style=\"grid-template-columns:21% auto\"><figure class=\"wp-block-media-text__media\"><img decoding=\"async\" width=\"360\" height=\"446\" data-src=\"https:\/\/ttr.works\/wp-content\/uploads\/w120-met-logo.png\" alt=\"\" class=\"wp-image-23927 size-medium lazyload\" data-srcset=\"https:\/\/ttr.works\/wp-content\/uploads\/w120-met-logo.png 360w, https:\/\/ttr.works\/wp-content\/uploads\/w120-met-logo-242x300.png 242w\" data-sizes=\"(max-width: 360px) 100vw, 360px\" src=\"data:image\/svg+xml;base64,PHN2ZyB3aWR0aD0iMSIgaGVpZ2h0PSIxIiB4bWxucz0iaHR0cDovL3d3dy53My5vcmcvMjAwMC9zdmciPjwvc3ZnPg==\" style=\"--smush-placeholder-width: 360px; --smush-placeholder-aspect-ratio: 360\/446;\" \/><\/figure><div class=\"wp-block-media-text__content\">\n<h3 class=\"wp-block-heading\"><strong>Premium Wax 4U 120<\/strong><\/h3>\n\n\n\n<p><a href=\"https:\/\/ttr.works\/wp-content\/uploads\/w4u-120.pdf\" target=\"_blank\" rel=\"noreferrer noopener\">Download Datasheet<\/a><\/p>\n\n\n\n<p>Cera premium che stampa immagini scure e dense di alta qualit\u00e0 e offre una delle pi\u00f9 alte resistenze alle sbavature e ai graffi della sua gamma. \u00c8 ideale per etichette in carta patinata e non patinata, carta sintetica ed etichette verniciate UV.<\/p>\n\n\n\n<p>\u2013 La pi\u00f9 alta resistenza ai graffi della sua categoria&#13;\n\u2013 Compatibile con un\u2019ampia variet\u00e0 di materiali, come carte patinate e pellicole sintetiche<\/p>\n<\/div><\/div>\n","protected":false},"excerpt":{"rendered":"<p>Nastri di cera 4U I nastri in cera vengono utilizzati nelle stampanti per etichette a trasferimento termico. Queste possono essere le piccole stampanti desktop o le robuste stampanti industriali pi\u00f9 grandi. Utilizzando un nastro inchiostrato \u00e8 possibile produrre immagini di qualit\u00e0 superiore. Un effetto collaterale positivo \u00e8 che la testina di stampa all&#8217;interno della stampante [&hellip;]<\/p>\n","protected":false},"author":6,"featured_media":0,"parent":4285,"menu_order":0,"comment_status":"closed","ping_status":"closed","template":"template-4u.php","meta":{"_acf_changed":false,"content-type":"","footnotes":""},"categories":[],"tags":[265],"class_list":["post-20846","page","type-page","status-publish","hentry","tag-product-it"],"acf":[],"_links":{"self":[{"href":"https:\/\/ttr.works\/it\/wp-json\/wp\/v2\/pages\/20846","targetHints":{"allow":["GET"]}}],"collection":[{"href":"https:\/\/ttr.works\/it\/wp-json\/wp\/v2\/pages"}],"about":[{"href":"https:\/\/ttr.works\/it\/wp-json\/wp\/v2\/types\/page"}],"author":[{"embeddable":true,"href":"https:\/\/ttr.works\/it\/wp-json\/wp\/v2\/users\/6"}],"replies":[{"embeddable":true,"href":"https:\/\/ttr.works\/it\/wp-json\/wp\/v2\/comments?post=20846"}],"version-history":[{"count":10,"href":"https:\/\/ttr.works\/it\/wp-json\/wp\/v2\/pages\/20846\/revisions"}],"predecessor-version":[{"id":24495,"href":"https:\/\/ttr.works\/it\/wp-json\/wp\/v2\/pages\/20846\/revisions\/24495"}],"up":[{"embeddable":true,"href":"https:\/\/ttr.works\/it\/wp-json\/wp\/v2\/pages\/4285"}],"wp:attachment":[{"href":"https:\/\/ttr.works\/it\/wp-json\/wp\/v2\/media?parent=20846"}],"wp:term":[{"taxonomy":"category","embeddable":true,"href":"https:\/\/ttr.works\/it\/wp-json\/wp\/v2\/categories?post=20846"},{"taxonomy":"post_tag","embeddable":true,"href":"https:\/\/ttr.works\/it\/wp-json\/wp\/v2\/tags?post=20846"}],"curies":[{"name":"wp","href":"https:\/\/api.w.org\/{rel}","templated":true}]}}