{"id":21404,"date":"2024-02-05T08:44:21","date_gmt":"2024-02-05T08:44:21","guid":{"rendered":"https:\/\/ttr.works\/?page_id=21404"},"modified":"2024-07-29T10:07:07","modified_gmt":"2024-07-29T10:07:07","slug":"wax-resin-flathead-ribbons","status":"publish","type":"page","link":"https:\/\/ttr.works\/it\/nastri-a-trasferimento-termico\/wax-resin-flathead-ribbons\/","title":{"rendered":"Wax Resin flathead ribbons"},"content":{"rendered":"\n<h1 class=\"wp-block-heading\">Nastri Wax Resin 4U per stampanti Flathead<\/h1>\n\n<div style=\"height:30px\" aria-hidden=\"true\" class=\"wp-block-spacer\"><\/div>\n<div class=\"wp-block-image\">\n<figure class=\"alignright size-full is-resized\"><img decoding=\"async\" width=\"1211\" height=\"1018\" data-src=\"https:\/\/ttr.works\/wp-content\/uploads\/4U_logo_with_even_more_padding.png\" alt=\"\" class=\"wp-image-24083 lazyload\" style=\"--smush-placeholder-width: 1211px; --smush-placeholder-aspect-ratio: 1211\/1018;width:305px;height:auto\" data-srcset=\"https:\/\/ttr.works\/wp-content\/uploads\/4U_logo_with_even_more_padding.png 1211w, https:\/\/ttr.works\/wp-content\/uploads\/4U_logo_with_even_more_padding-300x252.png 300w, https:\/\/ttr.works\/wp-content\/uploads\/4U_logo_with_even_more_padding-1024x861.png 1024w, https:\/\/ttr.works\/wp-content\/uploads\/4U_logo_with_even_more_padding-768x646.png 768w\" data-sizes=\"(max-width: 1211px) 100vw, 1211px\" src=\"data:image\/svg+xml;base64,PHN2ZyB3aWR0aD0iMSIgaGVpZ2h0PSIxIiB4bWxucz0iaHR0cDovL3d3dy53My5vcmcvMjAwMC9zdmciPjwvc3ZnPg==\" \/><\/figure><\/div>\n<p>Realizza le immagini ad alto contrasto pi\u00f9 durevoli con la nostra selezione di nastri a trasferimento termico in cera cerata. I best-seller sono evidenziati di seguito in modo da poter restringere rapidamente la ricerca. Questi nastri sono certificati per l&#8217;uso con tutte le stampanti termiche desktop e industriali.<\/p>\n\n<p>Se invece cerchi nastri<a href=\"https:\/\/ttr.works\/it\/nastri-a-trasferimento-termico\/wax-resin-near-edge-ribbons\/\"> Near-Edge, clicca qui.<\/a><\/p>\n\n<p>La cera cerata produce una qualit\u00e0 di stampa migliore rispetto ai nastri in cera pura. Le tue stampe saranno pi\u00f9 resistenti alle sbavature, allo sporco e ai graffi. Il WR4U 250 \u00e8 il nastro inchiostrato pi\u00f9 versatile in grado di stampare su carta pergamena, carta patinata e substrati PE e PP.<\/p>\n\n<div style=\"height:30px\" aria-hidden=\"true\" class=\"wp-block-spacer\"><\/div>\n\n<a href=\"https:\/\/ttr.works\/it\/kostenlose-muster-box\/\" class=\"link-btn\">Receive a free sample box <i class=\"fal fa-chevron-right\"><\/i><\/a><a href=\"https:\/\/ttr.works\/wp-content\/uploads\/Standard-4U-ribbons_lijst-website.pdf\" target=\"_blank\" class=\"link-btn second\" rel=\"noopener\">Download stock list <i class=\"fal fa-chevron-right\"><\/i><\/a>\r\n\n<div style=\"height:30px\" aria-hidden=\"true\" class=\"wp-block-spacer\"><\/div>\n\n<h2 class=\"wp-block-heading\">Le nostre opzioni di nastri in resina cerata a testa piatta 4U<\/h2>\n\n<div class=\"wp-block-media-text alignwide is-stacked-on-mobile is-vertically-aligned-center\" style=\"grid-template-columns:21% auto\"><figure class=\"wp-block-media-text__media\"><img decoding=\"async\" width=\"360\" height=\"446\" data-src=\"https:\/\/ttr.works\/wp-content\/uploads\/wr250-met-logo.png\" alt=\"\" class=\"wp-image-23945 size-medium lazyload\" data-srcset=\"https:\/\/ttr.works\/wp-content\/uploads\/wr250-met-logo.png 360w, https:\/\/ttr.works\/wp-content\/uploads\/wr250-met-logo-242x300.png 242w\" data-sizes=\"(max-width: 360px) 100vw, 360px\" src=\"data:image\/svg+xml;base64,PHN2ZyB3aWR0aD0iMSIgaGVpZ2h0PSIxIiB4bWxucz0iaHR0cDovL3d3dy53My5vcmcvMjAwMC9zdmciPjwvc3ZnPg==\" style=\"--smush-placeholder-width: 360px; --smush-placeholder-aspect-ratio: 360\/446;\" \/><\/figure><div class=\"wp-block-media-text__content\">\n<h3 class=\"wp-block-heading\">Resina cerata pi\u00f9 versatile 4U 250 (WR4U250)<\/h3>\n\n\n\n<p><a href=\"https:\/\/ttr.works\/wp-content\/uploads\/wr4u-250-1.pdf\" target=\"_blank\" rel=\"noreferrer noopener\">Scarica la scheda tecnica<\/a><\/p>\n\n\n\n<p>La cera-resina pi\u00f9 versatile al prezzo della cera. La WR4U250 stampa su tutto. Beh&#8230; quasi tutto. Immagini nere ad alta definizione su un&#8217;ampia variet\u00e0 di substrati, come carta, materiali sintetici, etichette, polietilene (PE), polipropilene (PP), PET e PVC.<\/p>\n\n\n\n<p>\u2013 Protezione della testina di stampa con bassa energia di stampa e formulazione antistatica&#13;\n\u2013 Codici a barre, spedizioni e ricevimenti, inventario, etichettatura sugli scaffali, orticoltura e altro ancora<\/p>\n<\/div><\/div>\n\n<div style=\"height:30px\" aria-hidden=\"true\" class=\"wp-block-spacer\"><\/div>\n\n<div class=\"wp-block-media-text alignwide is-stacked-on-mobile is-vertically-aligned-center\" style=\"grid-template-columns:21% auto\"><figure class=\"wp-block-media-text__media\"><img decoding=\"async\" width=\"360\" height=\"446\" data-src=\"https:\/\/ttr.works\/wp-content\/uploads\/wr200-met-logo.png\" alt=\"\" class=\"wp-image-23936 size-medium lazyload\" data-srcset=\"https:\/\/ttr.works\/wp-content\/uploads\/wr200-met-logo.png 360w, https:\/\/ttr.works\/wp-content\/uploads\/wr200-met-logo-242x300.png 242w\" data-sizes=\"(max-width: 360px) 100vw, 360px\" src=\"data:image\/svg+xml;base64,PHN2ZyB3aWR0aD0iMSIgaGVpZ2h0PSIxIiB4bWxucz0iaHR0cDovL3d3dy53My5vcmcvMjAwMC9zdmciPjwvc3ZnPg==\" style=\"--smush-placeholder-width: 360px; --smush-placeholder-aspect-ratio: 360\/446;\" \/><\/figure><div class=\"wp-block-media-text__content\">\n<h3 class=\"wp-block-heading\">Resina cerata di alta qualit\u00e0 4U 200 (WR4U200)<\/h3>\n\n\n\n<p><a href=\"https:\/\/ttr.works\/wp-content\/uploads\/wr4u-200-1.pdf\" target=\"_blank\" rel=\"noreferrer noopener\">Scarica la scheda tecnica<\/a><\/p>\n\n\n\n<p>Resina cerata di alta qualit\u00e0 per stampanti a trasferimento termico a testa piatta. Stampa immagini in nero ad alta definizione su un&#8217;ampia variet\u00e0 di substrati, come etichette, materiali sintetici, polietilene, polipropilene, ecc. Fornisce la migliore resistenza ai graffi per stampe pi\u00f9 durevoli.<\/p>\n\n\n\n<p>\u2013 Resistenza ai graffi della migliore qualit\u00e0, resiste al calore fino a 100 \u00baC&#13;\n\u2013 Il rivestimento posteriore superiore prolunga la durata della testina di stampa<\/p>\n<\/div><\/div>\n\n<div style=\"height:30px\" aria-hidden=\"true\" class=\"wp-block-spacer\"><\/div>\n\n<div class=\"wp-block-media-text alignwide is-stacked-on-mobile is-vertically-aligned-center\" style=\"grid-template-columns:21% auto\"><figure class=\"wp-block-media-text__media\"><img decoding=\"async\" width=\"360\" height=\"446\" data-src=\"https:\/\/ttr.works\/wp-content\/uploads\/wr220-met-logo.png\" alt=\"\" class=\"wp-image-23953 size-medium lazyload\" data-srcset=\"https:\/\/ttr.works\/wp-content\/uploads\/wr220-met-logo.png 360w, https:\/\/ttr.works\/wp-content\/uploads\/wr220-met-logo-242x300.png 242w\" data-sizes=\"(max-width: 360px) 100vw, 360px\" src=\"data:image\/svg+xml;base64,PHN2ZyB3aWR0aD0iMSIgaGVpZ2h0PSIxIiB4bWxucz0iaHR0cDovL3d3dy53My5vcmcvMjAwMC9zdmciPjwvc3ZnPg==\" style=\"--smush-placeholder-width: 360px; --smush-placeholder-aspect-ratio: 360\/446;\" \/><\/figure><div class=\"wp-block-media-text__content\">\n<h3 class=\"wp-block-heading\">Resina cerata super premium 4U 220 (WR4U220)<\/h3>\n\n\n\n<p><a href=\"https:\/\/ttr.works\/wp-content\/uploads\/wr4u-220-1.pdf\" target=\"_blank\" rel=\"noreferrer noopener\">Scarica la scheda tecnica<\/a><\/p>\n\n\n\n<p>Resina cerata della migliore qualit\u00e0 per etichette che devono soddisfare condizioni difficili, dove \u00e8 necessaria durabilit\u00e0 per produrre immagini di lunga durata. La cera resina 220 offre una buona resistenza ai liquidi come l&#8217;acqua e ai detergenti domestici. Produce codici a barre e immagini eccellenti sia su carta che su substrati sintetici, garantendo una resistenza superiore all&#8217;abrasione, ai solventi e ai graffi. Stampa bene anche su superfici ruvide o porose.<\/p>\n\n\n\n<p>\u2013 Massima resistenza alle sbavature e ai graffi&#13;\n\u2013 Resistenza chimica agli agenti comuni<\/p>\n<\/div><\/div>\n","protected":false},"excerpt":{"rendered":"<p>Nastri Wax Resin 4U per stampanti Flathead Realizza le immagini ad alto contrasto pi\u00f9 durevoli con la nostra selezione di nastri a trasferimento termico in cera cerata. I best-seller sono evidenziati di seguito in modo da poter restringere rapidamente la ricerca. Questi nastri sono certificati per l&#8217;uso con tutte le stampanti termiche desktop e industriali. [&hellip;]<\/p>\n","protected":false},"author":6,"featured_media":0,"parent":4285,"menu_order":0,"comment_status":"closed","ping_status":"closed","template":"template-4u.php","meta":{"_acf_changed":false,"content-type":"","footnotes":""},"categories":[131],"tags":[265],"class_list":["post-21404","page","type-page","status-publish","hentry","category-nastri-e-forniture","tag-product-it"],"acf":[],"yoast_head":"<!-- This site is optimized with the Yoast SEO plugin v25.9 - https:\/\/yoast.com\/wordpress\/plugins\/seo\/ -->\n<title>Wax Resin flathead ribbons - TTR Euroworks<\/title>\n<meta name=\"description\" content=\"Stampe durevoli che possono durare per anni \u2713 Processi ad alto volume ad alta velocit\u00e0 \u2713 Eccellente per carta, plastica e pellicole per imballaggi flessibili\" \/>\n<meta name=\"robots\" content=\"index, follow, max-snippet:-1, max-image-preview:large, max-video-preview:-1\" \/>\n<link rel=\"canonical\" href=\"https:\/\/ttr.works\/it\/nastri-a-trasferimento-termico\/wax-resin-flathead-ribbons\/\" \/>\n<meta property=\"og:locale\" content=\"it_IT\" \/>\n<meta property=\"og:type\" content=\"article\" \/>\n<meta property=\"og:title\" content=\"Wax Resin flathead ribbons - TTR Euroworks\" \/>\n<meta property=\"og:description\" content=\"Stampe durevoli che possono durare per anni \u2713 Processi ad alto volume ad alta velocit\u00e0 \u2713 Eccellente per carta, plastica e pellicole per imballaggi flessibili\" \/>\n<meta property=\"og:url\" content=\"https:\/\/ttr.works\/it\/nastri-a-trasferimento-termico\/wax-resin-flathead-ribbons\/\" \/>\n<meta property=\"og:site_name\" content=\"TTR Euroworks\" \/>\n<meta property=\"article:modified_time\" content=\"2024-07-29T10:07:07+00:00\" \/>\n<meta property=\"og:image\" content=\"https:\/\/ttr.works\/wp-content\/uploads\/4U_logo_with_even_more_padding.png\" \/>\n<meta name=\"twitter:card\" content=\"summary_large_image\" \/>\n<meta name=\"twitter:label1\" content=\"Tempo di lettura stimato\" \/>\n\t<meta name=\"twitter:data1\" content=\"2 minuti\" \/>\n<script type=\"application\/ld+json\" class=\"yoast-schema-graph\">{\"@context\":\"https:\/\/schema.org\",\"@graph\":[{\"@type\":\"WebPage\",\"@id\":\"https:\/\/ttr.works\/it\/nastri-a-trasferimento-termico\/wax-resin-flathead-ribbons\/\",\"url\":\"https:\/\/ttr.works\/it\/nastri-a-trasferimento-termico\/wax-resin-flathead-ribbons\/\",\"name\":\"Wax Resin flathead ribbons - TTR Euroworks\",\"isPartOf\":{\"@id\":\"https:\/\/ttr.works\/it\/#website\"},\"primaryImageOfPage\":{\"@id\":\"https:\/\/ttr.works\/it\/nastri-a-trasferimento-termico\/wax-resin-flathead-ribbons\/#primaryimage\"},\"image\":{\"@id\":\"https:\/\/ttr.works\/it\/nastri-a-trasferimento-termico\/wax-resin-flathead-ribbons\/#primaryimage\"},\"thumbnailUrl\":\"https:\/\/ttr.works\/wp-content\/uploads\/4U_logo_with_even_more_padding.png\",\"datePublished\":\"2024-02-05T08:44:21+00:00\",\"dateModified\":\"2024-07-29T10:07:07+00:00\",\"description\":\"Stampe durevoli che possono durare per anni \u2713 Processi ad alto volume ad alta velocit\u00e0 \u2713 Eccellente per carta, plastica e pellicole per imballaggi flessibili\",\"breadcrumb\":{\"@id\":\"https:\/\/ttr.works\/it\/nastri-a-trasferimento-termico\/wax-resin-flathead-ribbons\/#breadcrumb\"},\"inLanguage\":\"it-IT\",\"potentialAction\":[{\"@type\":\"ReadAction\",\"target\":[\"https:\/\/ttr.works\/it\/nastri-a-trasferimento-termico\/wax-resin-flathead-ribbons\/\"]}]},{\"@type\":\"ImageObject\",\"inLanguage\":\"it-IT\",\"@id\":\"https:\/\/ttr.works\/it\/nastri-a-trasferimento-termico\/wax-resin-flathead-ribbons\/#primaryimage\",\"url\":\"https:\/\/ttr.works\/wp-content\/uploads\/4U_logo_with_even_more_padding.png\",\"contentUrl\":\"https:\/\/ttr.works\/wp-content\/uploads\/4U_logo_with_even_more_padding.png\"},{\"@type\":\"BreadcrumbList\",\"@id\":\"https:\/\/ttr.works\/it\/nastri-a-trasferimento-termico\/wax-resin-flathead-ribbons\/#breadcrumb\",\"itemListElement\":[{\"@type\":\"ListItem\",\"position\":1,\"name\":\"Home\",\"item\":\"https:\/\/ttr.works\/it\/home\/\"},{\"@type\":\"ListItem\",\"position\":2,\"name\":\"Nastri a trasferimento termico\",\"item\":\"https:\/\/ttr.works\/it\/nastri-a-trasferimento-termico\/\"},{\"@type\":\"ListItem\",\"position\":3,\"name\":\"Wax Resin flathead ribbons\"}]},{\"@type\":\"WebSite\",\"@id\":\"https:\/\/ttr.works\/it\/#website\",\"url\":\"https:\/\/ttr.works\/it\/\",\"name\":\"TTR Euroworks\",\"description\":\"Your ttr partner\",\"potentialAction\":[{\"@type\":\"SearchAction\",\"target\":{\"@type\":\"EntryPoint\",\"urlTemplate\":\"https:\/\/ttr.works\/it\/?s={search_term_string}\"},\"query-input\":{\"@type\":\"PropertyValueSpecification\",\"valueRequired\":true,\"valueName\":\"search_term_string\"}}],\"inLanguage\":\"it-IT\"}]}<\/script>\n<!-- \/ Yoast SEO plugin. -->","yoast_head_json":{"title":"Wax Resin flathead ribbons - TTR Euroworks","description":"Stampe durevoli che possono durare per anni \u2713 Processi ad alto volume ad alta velocit\u00e0 \u2713 Eccellente per carta, plastica e pellicole per imballaggi flessibili","robots":{"index":"index","follow":"follow","max-snippet":"max-snippet:-1","max-image-preview":"max-image-preview:large","max-video-preview":"max-video-preview:-1"},"canonical":"https:\/\/ttr.works\/it\/nastri-a-trasferimento-termico\/wax-resin-flathead-ribbons\/","og_locale":"it_IT","og_type":"article","og_title":"Wax Resin flathead ribbons - TTR Euroworks","og_description":"Stampe durevoli che possono durare per anni \u2713 Processi ad alto volume ad alta velocit\u00e0 \u2713 Eccellente per carta, plastica e pellicole per imballaggi flessibili","og_url":"https:\/\/ttr.works\/it\/nastri-a-trasferimento-termico\/wax-resin-flathead-ribbons\/","og_site_name":"TTR Euroworks","article_modified_time":"2024-07-29T10:07:07+00:00","og_image":[{"url":"https:\/\/ttr.works\/wp-content\/uploads\/4U_logo_with_even_more_padding.png","type":"","width":"","height":""}],"twitter_card":"summary_large_image","twitter_misc":{"Tempo di lettura stimato":"2 minuti"},"schema":{"@context":"https:\/\/schema.org","@graph":[{"@type":"WebPage","@id":"https:\/\/ttr.works\/it\/nastri-a-trasferimento-termico\/wax-resin-flathead-ribbons\/","url":"https:\/\/ttr.works\/it\/nastri-a-trasferimento-termico\/wax-resin-flathead-ribbons\/","name":"Wax Resin flathead ribbons - TTR Euroworks","isPartOf":{"@id":"https:\/\/ttr.works\/it\/#website"},"primaryImageOfPage":{"@id":"https:\/\/ttr.works\/it\/nastri-a-trasferimento-termico\/wax-resin-flathead-ribbons\/#primaryimage"},"image":{"@id":"https:\/\/ttr.works\/it\/nastri-a-trasferimento-termico\/wax-resin-flathead-ribbons\/#primaryimage"},"thumbnailUrl":"https:\/\/ttr.works\/wp-content\/uploads\/4U_logo_with_even_more_padding.png","datePublished":"2024-02-05T08:44:21+00:00","dateModified":"2024-07-29T10:07:07+00:00","description":"Stampe durevoli che possono durare per anni \u2713 Processi ad alto volume ad alta velocit\u00e0 \u2713 Eccellente per carta, plastica e pellicole per imballaggi flessibili","breadcrumb":{"@id":"https:\/\/ttr.works\/it\/nastri-a-trasferimento-termico\/wax-resin-flathead-ribbons\/#breadcrumb"},"inLanguage":"it-IT","potentialAction":[{"@type":"ReadAction","target":["https:\/\/ttr.works\/it\/nastri-a-trasferimento-termico\/wax-resin-flathead-ribbons\/"]}]},{"@type":"ImageObject","inLanguage":"it-IT","@id":"https:\/\/ttr.works\/it\/nastri-a-trasferimento-termico\/wax-resin-flathead-ribbons\/#primaryimage","url":"https:\/\/ttr.works\/wp-content\/uploads\/4U_logo_with_even_more_padding.png","contentUrl":"https:\/\/ttr.works\/wp-content\/uploads\/4U_logo_with_even_more_padding.png"},{"@type":"BreadcrumbList","@id":"https:\/\/ttr.works\/it\/nastri-a-trasferimento-termico\/wax-resin-flathead-ribbons\/#breadcrumb","itemListElement":[{"@type":"ListItem","position":1,"name":"Home","item":"https:\/\/ttr.works\/it\/home\/"},{"@type":"ListItem","position":2,"name":"Nastri a trasferimento termico","item":"https:\/\/ttr.works\/it\/nastri-a-trasferimento-termico\/"},{"@type":"ListItem","position":3,"name":"Wax Resin flathead ribbons"}]},{"@type":"WebSite","@id":"https:\/\/ttr.works\/it\/#website","url":"https:\/\/ttr.works\/it\/","name":"TTR Euroworks","description":"Your ttr partner","potentialAction":[{"@type":"SearchAction","target":{"@type":"EntryPoint","urlTemplate":"https:\/\/ttr.works\/it\/?s={search_term_string}"},"query-input":{"@type":"PropertyValueSpecification","valueRequired":true,"valueName":"search_term_string"}}],"inLanguage":"it-IT"}]}},"_links":{"self":[{"href":"https:\/\/ttr.works\/it\/wp-json\/wp\/v2\/pages\/21404","targetHints":{"allow":["GET"]}}],"collection":[{"href":"https:\/\/ttr.works\/it\/wp-json\/wp\/v2\/pages"}],"about":[{"href":"https:\/\/ttr.works\/it\/wp-json\/wp\/v2\/types\/page"}],"author":[{"embeddable":true,"href":"https:\/\/ttr.works\/it\/wp-json\/wp\/v2\/users\/6"}],"replies":[{"embeddable":true,"href":"https:\/\/ttr.works\/it\/wp-json\/wp\/v2\/comments?post=21404"}],"version-history":[{"count":6,"href":"https:\/\/ttr.works\/it\/wp-json\/wp\/v2\/pages\/21404\/revisions"}],"predecessor-version":[{"id":24501,"href":"https:\/\/ttr.works\/it\/wp-json\/wp\/v2\/pages\/21404\/revisions\/24501"}],"up":[{"embeddable":true,"href":"https:\/\/ttr.works\/it\/wp-json\/wp\/v2\/pages\/4285"}],"wp:attachment":[{"href":"https:\/\/ttr.works\/it\/wp-json\/wp\/v2\/media?parent=21404"}],"wp:term":[{"taxonomy":"category","embeddable":true,"href":"https:\/\/ttr.works\/it\/wp-json\/wp\/v2\/categories?post=21404"},{"taxonomy":"post_tag","embeddable":true,"href":"https:\/\/ttr.works\/it\/wp-json\/wp\/v2\/tags?post=21404"}],"curies":[{"name":"wp","href":"https:\/\/api.w.org\/{rel}","templated":true}]}}