{"id":21509,"date":"2024-02-05T13:26:43","date_gmt":"2024-02-05T13:26:43","guid":{"rendered":"https:\/\/ttr.works\/?page_id=21509"},"modified":"2024-07-29T09:17:38","modified_gmt":"2024-07-29T09:17:38","slug":"wax-resin-near-edge-ribbons","status":"publish","type":"page","link":"https:\/\/ttr.works\/it\/nastri-a-trasferimento-termico\/wax-resin-near-edge-ribbons\/","title":{"rendered":"Wax Resin Near edge ribbons"},"content":{"rendered":"\n<h1 class=\"wp-block-heading\">Near Edge ribbons 4U<\/h1>\n\n<div style=\"height:12px\" aria-hidden=\"true\" class=\"wp-block-spacer\"><\/div>\n\n<p>La stampa Near-Edge viene generalmente eseguita ad alta velocit\u00e0, il che richiede nastri inchiostrati di alta qualit\u00e0 adatti allo scopo. Per questi casi d&#8217;uso, i bestseller della nostra gamma sono le resine cerose 411 e 431. Sono perfetti per la stampa su un&#8217;ampia variet\u00e0 di substrati come carta, plastica, PE e pellicole per imballaggi flessibili. Il 410 funziona altrettanto bene e ha la pellicola pet pi\u00f9 sottile che pu\u00f2 contenere pi\u00f9 metri per rotolo.<\/p>\n\n<p>Scegli il marchio interno di TTR Euroworks per la stampa di grandi volumi ad alta velocit\u00e0.<\/p>\n\n<a href=\"https:\/\/ttr.works\/it\/kostenlose-muster-box\/\" class=\"link-btn\">Free samples <i class=\"fal fa-chevron-right\"><\/i><\/a><a href=\"https:\/\/ttr.works\/wp-content\/uploads\/stocklist.pdf\" target=\"_blank\" class=\"link-btn second\" rel=\"noopener\">Standard sizes <i class=\"fal fa-chevron-right\"><\/i><\/a>\r\n\n<div style=\"height:30px\" aria-hidden=\"true\" class=\"wp-block-spacer\"><\/div>\n\n<h2 class=\"wp-block-heading\">I nostri best-seller NEAR EDGE<\/h2>\n\n<div class=\"wp-block-media-text alignwide is-stacked-on-mobile is-vertically-aligned-center\" style=\"grid-template-columns:21% auto\"><figure class=\"wp-block-media-text__media\"><img decoding=\"async\" width=\"360\" height=\"446\" data-src=\"https:\/\/ttr.works\/wp-content\/uploads\/wr410-met-logo.png\" alt=\"\" class=\"wp-image-23980 size-medium lazyload\" data-srcset=\"https:\/\/ttr.works\/wp-content\/uploads\/wr410-met-logo.png 360w, https:\/\/ttr.works\/wp-content\/uploads\/wr410-met-logo-242x300.png 242w\" data-sizes=\"(max-width: 360px) 100vw, 360px\" src=\"data:image\/svg+xml;base64,PHN2ZyB3aWR0aD0iMSIgaGVpZ2h0PSIxIiB4bWxucz0iaHR0cDovL3d3dy53My5vcmcvMjAwMC9zdmciPjwvc3ZnPg==\" style=\"--smush-placeholder-width: 360px; --smush-placeholder-aspect-ratio: 360\/446;\" \/><\/figure><div class=\"wp-block-media-text__content\">\n<h3 class=\"wp-block-heading\">Resina cerata economica 4U 410 Near Edge<\/h3>\n\n\n\n<p><a href=\"https:\/\/ttr.works\/wp-content\/uploads\/wr4u-431NE.pdf\" target=\"_blank\" rel=\"noreferrer noopener\">Scarica la scheda tecnica<\/a><\/p>\n\n\n\n<p>Questa cera-resina per uso generale per stampanti in linea o Near Edge ha la pellicola PET pi\u00f9 sottile della gamma che consente pi\u00f9 metri per rotolo. Produce stampe durevoli e funziona bene ad alta velocit\u00e0.<\/p>\n\n\n\n<p>&#8211; Notevole risparmio complessivo sui costi per la stampa in linea e su imballaggi&#13;\n&#8211; Il rivestimento posteriore antistatico e il basso fabbisogno energetico prolungano la durata della testina di stampa<\/p>\n<\/div><\/div>\n\n<div style=\"height:30px\" aria-hidden=\"true\" class=\"wp-block-spacer\"><\/div>\n\n<div class=\"wp-block-media-text alignwide is-stacked-on-mobile is-vertically-aligned-center\" style=\"grid-template-columns:21% auto\"><figure class=\"wp-block-media-text__media\"><img decoding=\"async\" width=\"360\" height=\"446\" data-src=\"https:\/\/ttr.works\/wp-content\/uploads\/wr411-met-logo.png\" alt=\"\" class=\"wp-image-23989 size-medium lazyload\" data-srcset=\"https:\/\/ttr.works\/wp-content\/uploads\/wr411-met-logo.png 360w, https:\/\/ttr.works\/wp-content\/uploads\/wr411-met-logo-242x300.png 242w\" data-sizes=\"(max-width: 360px) 100vw, 360px\" src=\"data:image\/svg+xml;base64,PHN2ZyB3aWR0aD0iMSIgaGVpZ2h0PSIxIiB4bWxucz0iaHR0cDovL3d3dy53My5vcmcvMjAwMC9zdmciPjwvc3ZnPg==\" style=\"--smush-placeholder-width: 360px; --smush-placeholder-aspect-ratio: 360\/446;\" \/><\/figure><div class=\"wp-block-media-text__content\">\n<h3 class=\"wp-block-heading\">Resina cerata premium 4U 411 Near Edge<\/h3>\n\n\n\n<p><a href=\"https:\/\/ttr.works\/wp-content\/uploads\/wr4u-411-c-1.pdf\" target=\"_blank\" rel=\"noreferrer noopener\">Scarica la scheda tecnica<\/a><\/p>\n\n\n\n<p>Nastro in resina cerata progettato per stampanti industriali Near Edge in applicazioni di etichettatura ad alto volume come pellicole flessibili e applicazioni di stampa e applicazione. Produce una qualit\u00e0 di stampa uniforme e bordi dei punti puliti per codici a barre densi.<\/p>\n\n\n\n<p>\u2013 Elevata resistenza alle sbavature&#13;\n\u2013 Elevata resistenza ai graffi&#13;\n\u2013 Elevata resistenza ai raggi UV<\/p>\n<\/div><\/div>\n\n<div style=\"height:30px\" aria-hidden=\"true\" class=\"wp-block-spacer\"><\/div>\n\n<div class=\"wp-block-media-text alignwide is-stacked-on-mobile is-vertically-aligned-center\" style=\"grid-template-columns:21% auto\"><figure class=\"wp-block-media-text__media\"><img decoding=\"async\" width=\"360\" height=\"446\" data-src=\"https:\/\/ttr.works\/wp-content\/uploads\/wr431-met-logo.png\" alt=\"\" class=\"wp-image-23997 size-medium lazyload\" data-srcset=\"https:\/\/ttr.works\/wp-content\/uploads\/wr431-met-logo.png 360w, https:\/\/ttr.works\/wp-content\/uploads\/wr431-met-logo-242x300.png 242w\" data-sizes=\"(max-width: 360px) 100vw, 360px\" src=\"data:image\/svg+xml;base64,PHN2ZyB3aWR0aD0iMSIgaGVpZ2h0PSIxIiB4bWxucz0iaHR0cDovL3d3dy53My5vcmcvMjAwMC9zdmciPjwvc3ZnPg==\" style=\"--smush-placeholder-width: 360px; --smush-placeholder-aspect-ratio: 360\/446;\" \/><\/figure><div class=\"wp-block-media-text__content\">\n<h3 class=\"wp-block-heading\">Resina cerata durevole 4U 431 Near Edge<\/h3>\n\n\n\n<p><a href=\"https:\/\/ttr.works\/wp-content\/uploads\/wr4u-431NE-1.pdf\" target=\"_blank\" rel=\"noreferrer noopener\">Scarica la scheda tecnica<\/a><\/p>\n\n\n\n<p>Progettato per la stampa di imballaggi in linea, stampa e applica ad alta velocit\u00e0. Produce densit\u00e0 e definizione di stampa eccellenti su un&#8217;ampia gamma di substrati.<\/p>\n\n\n\n<p>&#8211; Buona resistenza alle alte temperature&#13;\n&#8211; Compatibile con film per imballaggi flessibili<\/p>\n<\/div><\/div>\n\n<div style=\"height:45px\" aria-hidden=\"true\" class=\"wp-block-spacer\"><\/div>\n\n<div class=\"wp-block-media-text alignwide is-stacked-on-mobile is-vertically-aligned-center\" style=\"grid-template-columns:21% auto\"><figure class=\"wp-block-media-text__media\"><img decoding=\"async\" width=\"360\" height=\"446\" data-src=\"https:\/\/ttr.works\/wp-content\/uploads\/r600-met-logo.png\" alt=\"\" class=\"wp-image-24005 size-medium lazyload\" data-srcset=\"https:\/\/ttr.works\/wp-content\/uploads\/r600-met-logo.png 360w, https:\/\/ttr.works\/wp-content\/uploads\/r600-met-logo-242x300.png 242w\" data-sizes=\"(max-width: 360px) 100vw, 360px\" src=\"data:image\/svg+xml;base64,PHN2ZyB3aWR0aD0iMSIgaGVpZ2h0PSIxIiB4bWxucz0iaHR0cDovL3d3dy53My5vcmcvMjAwMC9zdmciPjwvc3ZnPg==\" style=\"--smush-placeholder-width: 360px; --smush-placeholder-aspect-ratio: 360\/446;\" \/><\/figure><div class=\"wp-block-media-text__content\">\n<h3 class=\"wp-block-heading\">Resina premium 4U 600 Near Edge<\/h3>\n\n\n\n<p><a href=\"https:\/\/ttr.works\/wp-content\/uploads\/r4u-600NE-1.pdf\" target=\"_blank\" rel=\"noreferrer noopener\">Scarica la scheda tecnica<\/a><\/p>\n\n\n\n<p>Qualit\u00e0 della resina che produce immagini e codici a barre pi\u00f9 durevoli, anche a velocit\u00e0 di stampa elevate. Le immagini hanno un&#8217;elevata resistenza ai graffi e al calore.<\/p>\n\n\n\n<p>\u2013 Ottima combinazione di velocit\u00e0 e prestazioni&#13;\n\u2013 Le immagini pi\u00f9 durevoli con alta definizione<\/p>\n<\/div><\/div>\n","protected":false},"excerpt":{"rendered":"<p>Near Edge ribbons 4U La stampa Near-Edge viene generalmente eseguita ad alta velocit\u00e0, il che richiede nastri inchiostrati di alta qualit\u00e0 adatti allo scopo. Per questi casi d&#8217;uso, i bestseller della nostra gamma sono le resine cerose 411 e 431. Sono perfetti per la stampa su un&#8217;ampia variet\u00e0 di substrati come carta, plastica, PE e [&hellip;]<\/p>\n","protected":false},"author":6,"featured_media":0,"parent":4285,"menu_order":0,"comment_status":"closed","ping_status":"closed","template":"template-4u.php","meta":{"_acf_changed":false,"content-type":"","footnotes":""},"categories":[],"tags":[265],"class_list":["post-21509","page","type-page","status-publish","hentry","tag-product-it"],"acf":[],"yoast_head":"<!-- This site is optimized with the Yoast SEO plugin v25.9 - https:\/\/yoast.com\/wordpress\/plugins\/seo\/ -->\n<title>Wax Resin Near edge ribbons - TTR Euroworks<\/title>\n<meta name=\"description\" content=\"Stampe durevoli che possono durare per anni \u2713 Processi ad alto volume ad alta velocit\u00e0 \u2713 Eccellente per carta, plastica e pellicole per imballaggi flessibili\" \/>\n<meta name=\"robots\" content=\"index, follow, max-snippet:-1, max-image-preview:large, max-video-preview:-1\" \/>\n<link rel=\"canonical\" href=\"https:\/\/ttr.works\/it\/nastri-a-trasferimento-termico\/wax-resin-near-edge-ribbons\/\" \/>\n<meta property=\"og:locale\" content=\"it_IT\" \/>\n<meta property=\"og:type\" content=\"article\" \/>\n<meta property=\"og:title\" content=\"Wax Resin Near edge ribbons - TTR Euroworks\" \/>\n<meta property=\"og:description\" content=\"Stampe durevoli che possono durare per anni \u2713 Processi ad alto volume ad alta velocit\u00e0 \u2713 Eccellente per carta, plastica e pellicole per imballaggi flessibili\" \/>\n<meta property=\"og:url\" content=\"https:\/\/ttr.works\/it\/nastri-a-trasferimento-termico\/wax-resin-near-edge-ribbons\/\" \/>\n<meta property=\"og:site_name\" content=\"TTR Euroworks\" \/>\n<meta property=\"article:modified_time\" content=\"2024-07-29T09:17:38+00:00\" \/>\n<meta property=\"og:image\" content=\"https:\/\/ttr.works\/wp-content\/uploads\/wr410-met-logo.png\" \/>\n<meta name=\"twitter:card\" content=\"summary_large_image\" \/>\n<meta name=\"twitter:label1\" content=\"Tempo di lettura stimato\" \/>\n\t<meta name=\"twitter:data1\" content=\"2 minuti\" \/>\n<script type=\"application\/ld+json\" class=\"yoast-schema-graph\">{\"@context\":\"https:\/\/schema.org\",\"@graph\":[{\"@type\":\"WebPage\",\"@id\":\"https:\/\/ttr.works\/it\/nastri-a-trasferimento-termico\/wax-resin-near-edge-ribbons\/\",\"url\":\"https:\/\/ttr.works\/it\/nastri-a-trasferimento-termico\/wax-resin-near-edge-ribbons\/\",\"name\":\"Wax Resin Near edge ribbons - TTR Euroworks\",\"isPartOf\":{\"@id\":\"https:\/\/ttr.works\/it\/#website\"},\"primaryImageOfPage\":{\"@id\":\"https:\/\/ttr.works\/it\/nastri-a-trasferimento-termico\/wax-resin-near-edge-ribbons\/#primaryimage\"},\"image\":{\"@id\":\"https:\/\/ttr.works\/it\/nastri-a-trasferimento-termico\/wax-resin-near-edge-ribbons\/#primaryimage\"},\"thumbnailUrl\":\"https:\/\/ttr.works\/wp-content\/uploads\/wr410-met-logo.png\",\"datePublished\":\"2024-02-05T13:26:43+00:00\",\"dateModified\":\"2024-07-29T09:17:38+00:00\",\"description\":\"Stampe durevoli che possono durare per anni \u2713 Processi ad alto volume ad alta velocit\u00e0 \u2713 Eccellente per carta, plastica e pellicole per imballaggi flessibili\",\"breadcrumb\":{\"@id\":\"https:\/\/ttr.works\/it\/nastri-a-trasferimento-termico\/wax-resin-near-edge-ribbons\/#breadcrumb\"},\"inLanguage\":\"it-IT\",\"potentialAction\":[{\"@type\":\"ReadAction\",\"target\":[\"https:\/\/ttr.works\/it\/nastri-a-trasferimento-termico\/wax-resin-near-edge-ribbons\/\"]}]},{\"@type\":\"ImageObject\",\"inLanguage\":\"it-IT\",\"@id\":\"https:\/\/ttr.works\/it\/nastri-a-trasferimento-termico\/wax-resin-near-edge-ribbons\/#primaryimage\",\"url\":\"https:\/\/ttr.works\/wp-content\/uploads\/wr410-met-logo.png\",\"contentUrl\":\"https:\/\/ttr.works\/wp-content\/uploads\/wr410-met-logo.png\"},{\"@type\":\"BreadcrumbList\",\"@id\":\"https:\/\/ttr.works\/it\/nastri-a-trasferimento-termico\/wax-resin-near-edge-ribbons\/#breadcrumb\",\"itemListElement\":[{\"@type\":\"ListItem\",\"position\":1,\"name\":\"Home\",\"item\":\"https:\/\/ttr.works\/it\/home\/\"},{\"@type\":\"ListItem\",\"position\":2,\"name\":\"Nastri a trasferimento termico\",\"item\":\"https:\/\/ttr.works\/it\/nastri-a-trasferimento-termico\/\"},{\"@type\":\"ListItem\",\"position\":3,\"name\":\"Wax Resin Near edge ribbons\"}]},{\"@type\":\"WebSite\",\"@id\":\"https:\/\/ttr.works\/it\/#website\",\"url\":\"https:\/\/ttr.works\/it\/\",\"name\":\"TTR Euroworks\",\"description\":\"Your ttr partner\",\"potentialAction\":[{\"@type\":\"SearchAction\",\"target\":{\"@type\":\"EntryPoint\",\"urlTemplate\":\"https:\/\/ttr.works\/it\/?s={search_term_string}\"},\"query-input\":{\"@type\":\"PropertyValueSpecification\",\"valueRequired\":true,\"valueName\":\"search_term_string\"}}],\"inLanguage\":\"it-IT\"}]}<\/script>\n<!-- \/ Yoast SEO plugin. -->","yoast_head_json":{"title":"Wax Resin Near edge ribbons - TTR Euroworks","description":"Stampe durevoli che possono durare per anni \u2713 Processi ad alto volume ad alta velocit\u00e0 \u2713 Eccellente per carta, plastica e pellicole per imballaggi flessibili","robots":{"index":"index","follow":"follow","max-snippet":"max-snippet:-1","max-image-preview":"max-image-preview:large","max-video-preview":"max-video-preview:-1"},"canonical":"https:\/\/ttr.works\/it\/nastri-a-trasferimento-termico\/wax-resin-near-edge-ribbons\/","og_locale":"it_IT","og_type":"article","og_title":"Wax Resin Near edge ribbons - TTR Euroworks","og_description":"Stampe durevoli che possono durare per anni \u2713 Processi ad alto volume ad alta velocit\u00e0 \u2713 Eccellente per carta, plastica e pellicole per imballaggi flessibili","og_url":"https:\/\/ttr.works\/it\/nastri-a-trasferimento-termico\/wax-resin-near-edge-ribbons\/","og_site_name":"TTR Euroworks","article_modified_time":"2024-07-29T09:17:38+00:00","og_image":[{"url":"https:\/\/ttr.works\/wp-content\/uploads\/wr410-met-logo.png","type":"","width":"","height":""}],"twitter_card":"summary_large_image","twitter_misc":{"Tempo di lettura stimato":"2 minuti"},"schema":{"@context":"https:\/\/schema.org","@graph":[{"@type":"WebPage","@id":"https:\/\/ttr.works\/it\/nastri-a-trasferimento-termico\/wax-resin-near-edge-ribbons\/","url":"https:\/\/ttr.works\/it\/nastri-a-trasferimento-termico\/wax-resin-near-edge-ribbons\/","name":"Wax Resin Near edge ribbons - TTR Euroworks","isPartOf":{"@id":"https:\/\/ttr.works\/it\/#website"},"primaryImageOfPage":{"@id":"https:\/\/ttr.works\/it\/nastri-a-trasferimento-termico\/wax-resin-near-edge-ribbons\/#primaryimage"},"image":{"@id":"https:\/\/ttr.works\/it\/nastri-a-trasferimento-termico\/wax-resin-near-edge-ribbons\/#primaryimage"},"thumbnailUrl":"https:\/\/ttr.works\/wp-content\/uploads\/wr410-met-logo.png","datePublished":"2024-02-05T13:26:43+00:00","dateModified":"2024-07-29T09:17:38+00:00","description":"Stampe durevoli che possono durare per anni \u2713 Processi ad alto volume ad alta velocit\u00e0 \u2713 Eccellente per carta, plastica e pellicole per imballaggi flessibili","breadcrumb":{"@id":"https:\/\/ttr.works\/it\/nastri-a-trasferimento-termico\/wax-resin-near-edge-ribbons\/#breadcrumb"},"inLanguage":"it-IT","potentialAction":[{"@type":"ReadAction","target":["https:\/\/ttr.works\/it\/nastri-a-trasferimento-termico\/wax-resin-near-edge-ribbons\/"]}]},{"@type":"ImageObject","inLanguage":"it-IT","@id":"https:\/\/ttr.works\/it\/nastri-a-trasferimento-termico\/wax-resin-near-edge-ribbons\/#primaryimage","url":"https:\/\/ttr.works\/wp-content\/uploads\/wr410-met-logo.png","contentUrl":"https:\/\/ttr.works\/wp-content\/uploads\/wr410-met-logo.png"},{"@type":"BreadcrumbList","@id":"https:\/\/ttr.works\/it\/nastri-a-trasferimento-termico\/wax-resin-near-edge-ribbons\/#breadcrumb","itemListElement":[{"@type":"ListItem","position":1,"name":"Home","item":"https:\/\/ttr.works\/it\/home\/"},{"@type":"ListItem","position":2,"name":"Nastri a trasferimento termico","item":"https:\/\/ttr.works\/it\/nastri-a-trasferimento-termico\/"},{"@type":"ListItem","position":3,"name":"Wax Resin Near edge ribbons"}]},{"@type":"WebSite","@id":"https:\/\/ttr.works\/it\/#website","url":"https:\/\/ttr.works\/it\/","name":"TTR Euroworks","description":"Your ttr partner","potentialAction":[{"@type":"SearchAction","target":{"@type":"EntryPoint","urlTemplate":"https:\/\/ttr.works\/it\/?s={search_term_string}"},"query-input":{"@type":"PropertyValueSpecification","valueRequired":true,"valueName":"search_term_string"}}],"inLanguage":"it-IT"}]}},"_links":{"self":[{"href":"https:\/\/ttr.works\/it\/wp-json\/wp\/v2\/pages\/21509","targetHints":{"allow":["GET"]}}],"collection":[{"href":"https:\/\/ttr.works\/it\/wp-json\/wp\/v2\/pages"}],"about":[{"href":"https:\/\/ttr.works\/it\/wp-json\/wp\/v2\/types\/page"}],"author":[{"embeddable":true,"href":"https:\/\/ttr.works\/it\/wp-json\/wp\/v2\/users\/6"}],"replies":[{"embeddable":true,"href":"https:\/\/ttr.works\/it\/wp-json\/wp\/v2\/comments?post=21509"}],"version-history":[{"count":6,"href":"https:\/\/ttr.works\/it\/wp-json\/wp\/v2\/pages\/21509\/revisions"}],"predecessor-version":[{"id":24489,"href":"https:\/\/ttr.works\/it\/wp-json\/wp\/v2\/pages\/21509\/revisions\/24489"}],"up":[{"embeddable":true,"href":"https:\/\/ttr.works\/it\/wp-json\/wp\/v2\/pages\/4285"}],"wp:attachment":[{"href":"https:\/\/ttr.works\/it\/wp-json\/wp\/v2\/media?parent=21509"}],"wp:term":[{"taxonomy":"category","embeddable":true,"href":"https:\/\/ttr.works\/it\/wp-json\/wp\/v2\/categories?post=21509"},{"taxonomy":"post_tag","embeddable":true,"href":"https:\/\/ttr.works\/it\/wp-json\/wp\/v2\/tags?post=21509"}],"curies":[{"name":"wp","href":"https:\/\/api.w.org\/{rel}","templated":true}]}}