{"id":4212,"date":"2020-11-19T13:28:05","date_gmt":"2020-11-19T13:28:05","guid":{"rendered":"https:\/\/ttr.works\/?page_id=4212"},"modified":"2021-02-05T15:26:53","modified_gmt":"2021-02-05T15:26:53","slug":"fogli-per-stampa-a-caldo","status":"publish","type":"page","link":"https:\/\/ttr.works\/it\/fogli-per-stampa-a-caldo\/","title":{"rendered":"Fogli per stampa a caldo"},"content":{"rendered":"\n<div class=\"wp-block-image\"><figure class=\"alignright\"><img decoding=\"async\" data-src=\"https:\/\/ttr.works\/wp-content\/uploads\/ttr-hotfoil.png\" alt=\"\" src=\"data:image\/svg+xml;base64,PHN2ZyB3aWR0aD0iMSIgaGVpZ2h0PSIxIiB4bWxucz0iaHR0cDovL3d3dy53My5vcmcvMjAwMC9zdmciPjwvc3ZnPg==\" class=\"lazyload\" style=\"--smush-placeholder-width: 401px; --smush-placeholder-aspect-ratio: 401\/275;\" \/><\/figure><\/div>\n\n\n\n<p>La stampa a caldo \u00e8 considerata l&#8217;avanguardia della stampa a trasferimento termico. Si tratta della stampa diretta su una superficie, invece che su un\u2019etichetta. Mentre la stampa a trasferimento termico utilizza una testina di stampa digitale, la stampa a caldo utilizza lettere e numeri fisici, solitamente in metallo. In molti ambienti industriali la stampa a caldo rappresenta la soluzione migliore e pi\u00f9 economica.<\/p>\n\n\n\n<a href=\"\/?page_id=1610\" class=\"link-btn\">Richiedi campioni gratuiti  <i class=\"fal fa-chevron-right\"><\/i><\/a><a href=\"\/?page_id=172\" class=\"link-btn second\">Contatti <i class=\"fal fa-chevron-right\"><\/i><\/a>\n\n\n\n<h3 class=\"wp-block-heading\">Ottimo rapporto qualit\u00e0\/prezzo: Hot Foil 4U<\/h3>\n\n\n\n<p>I nostri fogli per stampa a caldo ad alte prestazioni soddisfano gli esigenti requisiti di qualit\u00e0 e affidabilit\u00e0 dei moderni metodi di etichettatura. Offriamo fogli per stampa a caldo di due tipi. Sono entrambi disponibili in rotoli di grandi dimensioni (76 cm o 96 cm) o in rotoli tagliati longitudinalmente su un nucleo da 1 pollice. Richiedete subito un campione gratuito di entrambi i tipi, per trovare quello pi\u00f9 adatto a voi. Oppure contattateci per consigli e preventivi.<\/p>\n\n\n\n<ul class=\"wp-block-list\"><li>HF4U 60 \u00e8 il nostro foglio per stampa a caldo generico, che offre stampe di qualit\u00e0 in una vasta gamma di applicazioni.<\/li><li>SCF4U 900 \u00e8 la nostra soluzione all&#8217;avanguardia, che offre stampe estremamente durature.<\/li><\/ul>\n\n\n\n<h3 class=\"wp-block-heading\">Quattro vantaggi della stampa a caldo<\/h3>\n\n\n\n<p>Solitamente si utilizza la stampa a caldo per molti motivi.<\/p>\n\n\n\n<ul class=\"wp-block-list\"><li>\u00c8 un metodo di stampa estremamente affidabile ed economico.<\/li><li>\u00c8 particolarmente utile in situazioni in cui la stampa non deve cambiare spesso o in cui numeri o date si applicano in modo seriale semplice.<\/li><li>Negli ambienti industriali o agricoli, in sui sono presenti polvere e sporcizia, la stampa a caldo \u00e8 pi\u00f9 adatta della stampa a trasferimento termico.<\/li><li>La lavorazione di fogli per stampa a caldo \u00e8 un processo ecologico, perch\u00e9 non vengono utilizzati solventi o inchiostri che producono fumi pericolosi. Il foglio \u00e8 una pellicola multistrato con uno spessore di 12 micron, costituita da formulazioni atossiche e prive di metalli pesanti.<\/li><\/ul>\n","protected":false},"excerpt":{"rendered":"<p>La stampa a caldo \u00e8 considerata l&#8217;avanguardia della stampa a trasferimento termico. Si tratta della stampa diretta su una superficie, invece che su un\u2019etichetta. Mentre la stampa a trasferimento termico utilizza una testina di stampa digitale, la stampa a caldo utilizza lettere e numeri fisici, solitamente in metallo. In molti ambienti industriali la stampa a [&hellip;]<\/p>\n","protected":false},"author":1,"featured_media":0,"parent":0,"menu_order":0,"comment_status":"closed","ping_status":"closed","template":"template-product.php","meta":{"_acf_changed":false,"content-type":"","footnotes":""},"categories":[],"tags":[],"class_list":["post-4212","page","type-page","status-publish","hentry"],"acf":[],"_links":{"self":[{"href":"https:\/\/ttr.works\/it\/wp-json\/wp\/v2\/pages\/4212","targetHints":{"allow":["GET"]}}],"collection":[{"href":"https:\/\/ttr.works\/it\/wp-json\/wp\/v2\/pages"}],"about":[{"href":"https:\/\/ttr.works\/it\/wp-json\/wp\/v2\/types\/page"}],"author":[{"embeddable":true,"href":"https:\/\/ttr.works\/it\/wp-json\/wp\/v2\/users\/1"}],"replies":[{"embeddable":true,"href":"https:\/\/ttr.works\/it\/wp-json\/wp\/v2\/comments?post=4212"}],"version-history":[{"count":0,"href":"https:\/\/ttr.works\/it\/wp-json\/wp\/v2\/pages\/4212\/revisions"}],"wp:attachment":[{"href":"https:\/\/ttr.works\/it\/wp-json\/wp\/v2\/media?parent=4212"}],"wp:term":[{"taxonomy":"category","embeddable":true,"href":"https:\/\/ttr.works\/it\/wp-json\/wp\/v2\/categories?post=4212"},{"taxonomy":"post_tag","embeddable":true,"href":"https:\/\/ttr.works\/it\/wp-json\/wp\/v2\/tags?post=4212"}],"curies":[{"name":"wp","href":"https:\/\/api.w.org\/{rel}","templated":true}]}}