{"id":4229,"date":"2020-11-19T14:35:07","date_gmt":"2020-11-19T14:35:07","guid":{"rendered":"https:\/\/ttr.works\/?page_id=4229"},"modified":"2026-02-23T09:23:24","modified_gmt":"2026-02-23T09:23:24","slug":"etichette","status":"publish","type":"page","link":"https:\/\/ttr.works\/it\/etichette\/","title":{"rendered":"Etichette"},"content":{"rendered":"<div class=\"wp-block-image\">\n<figure class=\"alignright size-large is-resized\"><img decoding=\"async\" width=\"1024\" height=\"927\" data-src=\"https:\/\/ttr.works\/wp-content\/uploads\/\/zd421-1-1024x927.png\" alt=\"\" class=\"wp-image-23729 lazyload\" style=\"--smush-placeholder-width: 1024px; --smush-placeholder-aspect-ratio: 1024\/927;width:401px;height:auto\" data-srcset=\"https:\/\/ttr.works\/wp-content\/uploads\/zd421-1-1024x927.png 1024w, https:\/\/ttr.works\/wp-content\/uploads\/zd421-1-300x272.png 300w, https:\/\/ttr.works\/wp-content\/uploads\/zd421-1-768x695.png 768w, https:\/\/ttr.works\/wp-content\/uploads\/zd421-1-1536x1391.png 1536w, https:\/\/ttr.works\/wp-content\/uploads\/zd421-1-2048x1854.png 2048w\" data-sizes=\"(max-width: 1024px) 100vw, 1024px\" src=\"data:image\/svg+xml;base64,PHN2ZyB3aWR0aD0iMSIgaGVpZ2h0PSIxIiB4bWxucz0iaHR0cDovL3d3dy53My5vcmcvMjAwMC9zdmciPjwvc3ZnPg==\" \/><\/figure><\/div>\n\n\n<p>Forniamo etichette neutre in rotolo, etichette linerless ed etichette tessili per uso quotidiano e volumi ricorrenti. Prezzi fissi per rotolo, consegna dal vostro \u201cstock dedicato\u201d e supporto nella selezione dei materiali.<\/p>\n\n\n\n<p>Ricevete una proposta basata sulla vostra stampante e sull\u2019utilizzo. Specifiche e qualit\u00e0 sempre costanti, con il vantaggio aggiuntivo della stabilit\u00e0 dei prezzi e della continuit\u00e0 di fornitura. Disponibili consegne su chiamata da stock o in conto deposito.<\/p>\n\n\n\n<a href=\"https:\/\/ttr.works\/it\/contatti\/\" class=\"link-btn\">Richiedi il tuo prezzo <i class=\"fal fa-chevron-right\"><\/i><\/a>\n\n\n\n<div style=\"height:41px\" aria-hidden=\"true\" class=\"wp-block-spacer\"><\/div>\n\n\n\n<h2 class=\"wp-block-heading\"><strong>Etichette neutre in rotolo per stampanti di etichette<\/strong><\/h2>\n\n\n<div class=\"wp-block-image\">\n<figure class=\"alignright size-full is-resized\"><img decoding=\"async\" width=\"565\" height=\"457\" data-src=\"https:\/\/ttr.works\/wp-content\/uploads\/Blank-coated-labels.jpg\" alt=\"\" class=\"wp-image-25938 lazyload\" style=\"--smush-placeholder-width: 565px; --smush-placeholder-aspect-ratio: 565\/457;width:370px;height:auto\" data-srcset=\"https:\/\/ttr.works\/wp-content\/uploads\/Blank-coated-labels.jpg 565w, https:\/\/ttr.works\/wp-content\/uploads\/Blank-coated-labels-300x243.jpg 300w\" data-sizes=\"(max-width: 565px) 100vw, 565px\" src=\"data:image\/svg+xml;base64,PHN2ZyB3aWR0aD0iMSIgaGVpZ2h0PSIxIiB4bWxucz0iaHR0cDovL3d3dy53My5vcmcvMjAwMC9zdmciPjwvc3ZnPg==\" \/><\/figure><\/div>\n\n\n<p>I nostri clienti sono <strong>rivenditori e produttori<\/strong> che richiedono certezza nei prezzi e nella fornitura. Scegliete il metodo di stampa pi\u00f9 adatto al vostro processo e noi garantiamo il materiale, l\u2019adesivo e la configurazione del rotolo corretti. Grazie alla nostra produzione interna, consegniamo etichette rapidamente a prezzi competitivi.<\/p>\n\n\n\n<ul class=\"wp-block-list\">\n<li>Disponibili con adesivo permanente, removibile e per surgelati<\/li>\n\n\n\n<li>Compatibili con Zebra, Honeywell, CAB, Sato e altri*<\/li>\n\n\n\n<li>Prezzi fissi per rotolo su volumi ricorrenti<\/li>\n\n\n\n<li>Consegna da stock o su chiamata<\/li>\n<\/ul>\n\n\n\n<a href=\"https:\/\/ttr.works\/it\/contatti\/\" class=\"link-btn\">Richiedi il tuo prezzo <i class=\"fal fa-chevron-right\"><\/i><\/a>\n\n\n\n<div style=\"height:49px\" aria-hidden=\"true\" class=\"wp-block-spacer\"><\/div>\n\n\n\n<h2 class=\"wp-block-heading\"><strong>Nylon e raso per etichette di manutenzione<\/strong><\/h2>\n\n\n<div class=\"wp-block-image\">\n<figure class=\"alignright size-full is-resized\"><img decoding=\"async\" width=\"1536\" height=\"1024\" data-src=\"https:\/\/ttr.works\/wp-content\/uploads\/TTR-Euroworks-supply-advantage-1.png\" alt=\"\" class=\"wp-image-28665 lazyload\" style=\"--smush-placeholder-width: 1536px; --smush-placeholder-aspect-ratio: 1536\/1024;width:448px;height:auto\" data-srcset=\"https:\/\/ttr.works\/wp-content\/uploads\/TTR-Euroworks-supply-advantage-1.png 1536w, https:\/\/ttr.works\/wp-content\/uploads\/TTR-Euroworks-supply-advantage-1-300x200.png 300w, https:\/\/ttr.works\/wp-content\/uploads\/TTR-Euroworks-supply-advantage-1-1024x683.png 1024w, https:\/\/ttr.works\/wp-content\/uploads\/TTR-Euroworks-supply-advantage-1-768x512.png 768w\" data-sizes=\"(max-width: 1536px) 100vw, 1536px\" src=\"data:image\/svg+xml;base64,PHN2ZyB3aWR0aD0iMSIgaGVpZ2h0PSIxIiB4bWxucz0iaHR0cDovL3d3dy53My5vcmcvMjAwMC9zdmciPjwvc3ZnPg==\" \/><\/figure><\/div>\n\n\n<p>I prodotti che resistono a centinaia di cicli di lavaggio richiedono etichette altrettanto resistenti. Le nostre etichette in nylon e raso certificate <strong>OEKO-TEX\u00ae Standard 100<\/strong> garantiscono stampe durevoli e altamente leggibili e si abbinano perfettamente ai nostri <strong>nastri Resin Textile 4U<\/strong>. Stampabili su entrambi i lati e progettate per lavaggi frequenti, sono ideali per abbigliamento da lavoro, uniformi e tessuti industriali.<\/p>\n\n\n\n<p>Con TTR Supply Advantage ricevete sconti sui volumi fin dal primo giorno e prezzi annuali fissi. Richiedete il vostro prezzo senza impegno.<\/p>\n\n\n\n<a href=\"https:\/\/hs.ttreuroworks.com\/textile-label-printing\" class=\"link-btn\">TTR Supply Advantage <i class=\"fal fa-chevron-right\"><\/i><\/a>\n\n\n\n<div style=\"height:114px\" aria-hidden=\"true\" class=\"wp-block-spacer\"><\/div>\n\n\n\n<h2 class=\"wp-block-heading\"><strong>Meno rifiuti e meno cambi rotolo<\/strong> con le etichette linerless<\/h2>\n\n\n<div class=\"wp-block-image\">\n<figure class=\"alignright size-full is-resized\"><img decoding=\"async\" width=\"1024\" height=\"1024\" data-src=\"https:\/\/ttr.works\/wp-content\/uploads\/it.png\" alt=\"\" class=\"wp-image-30614 lazyload\" style=\"--smush-placeholder-width: 1024px; --smush-placeholder-aspect-ratio: 1024\/1024;width:357px;height:auto\" data-srcset=\"https:\/\/ttr.works\/wp-content\/uploads\/it.png 1024w, https:\/\/ttr.works\/wp-content\/uploads\/it-300x300.png 300w, https:\/\/ttr.works\/wp-content\/uploads\/it-150x150.png 150w, https:\/\/ttr.works\/wp-content\/uploads\/it-768x768.png 768w\" data-sizes=\"(max-width: 1024px) 100vw, 1024px\" src=\"data:image\/svg+xml;base64,PHN2ZyB3aWR0aD0iMSIgaGVpZ2h0PSIxIiB4bWxucz0iaHR0cDovL3d3dy53My5vcmcvMjAwMC9zdmciPjwvc3ZnPg==\" \/><\/figure><\/div>\n\n\n<p>Le etichette linerless sono una soluzione di etichettatura efficiente e pi\u00f9 sostenibile, senza supporto siliconato. Si svolgono in modo fluido grazie a uno strato adesivo su un lato e a un rivestimento di rilascio sull\u2019altro. Con una stampante linerless vengono stampate e tagliate alla lunghezza desiderata su richiesta, ideali per formati variabili. Nota: non tutte le stampanti di etichette sono adatte alle etichette linerless, <a href=\"https:\/\/ttr.works\/it\/contatti\/\">contattateci per una consulenza<\/a>.<\/p>\n\n\n\n<p><\/p>\n\n\n\n<ul class=\"wp-block-list\">\n<li>Pi\u00f9 etichette per rotolo: meno cambi, costi inferiori di stoccaggio e trasporto<\/li>\n\n\n\n<li>Meno rifiuti: nessun supporto siliconato<\/li>\n\n\n\n<li>Ampia gamma di applicazioni: logistica, retail e alimentare<\/li>\n<\/ul>\n\n\n\n<p><\/p>\n\n\n\n<p>Vuoi saperne di pi\u00f9 sulla stampa linerless e sulle sue applicazioni? Leggi il nostro blog: <strong><a href=\"https:\/\/ttr.works\/it\/soluzioni-di-stampa-linerless-sostenibili\/\" target=\"_blank\" rel=\"noreferrer noopener\">Soluzioni di stampa linerless sostenibili<\/a><\/strong>.<\/p>\n\n\n\n<div style=\"height:96px\" aria-hidden=\"true\" class=\"wp-block-spacer\"><\/div>\n\n\n\n<p>* <em>Tutti i nomi di aziende e prodotti menzionati sono marchi o marchi registrati dei rispettivi proprietari. TTR Euroworks BV non implica alcuna affiliazione n\u00e9 approvazione da parte di tali aziende o titolari dei marchi.<\/em><\/p>\n","protected":false},"excerpt":{"rendered":"<p>Forniamo etichette neutre in rotolo, etichette linerless ed etichette tessili per uso quotidiano e volumi ricorrenti. Prezzi fissi per rotolo, consegna dal vostro \u201cstock dedicato\u201d e supporto nella selezione dei materiali. Ricevete una proposta basata sulla vostra stampante e sull\u2019utilizzo. Specifiche e qualit\u00e0 sempre costanti, con il vantaggio aggiuntivo della stabilit\u00e0 dei prezzi e della [&hellip;]<\/p>\n","protected":false},"author":1,"featured_media":0,"parent":0,"menu_order":0,"comment_status":"closed","ping_status":"closed","template":"template-product.php","meta":{"_acf_changed":false,"content-type":"","footnotes":""},"categories":[],"tags":[],"class_list":["post-4229","page","type-page","status-publish","hentry"],"acf":[],"yoast_head":"<!-- This site is optimized with the Yoast SEO plugin v25.9 - https:\/\/yoast.com\/wordpress\/plugins\/seo\/ -->\n<title>Etichette - TTR Euroworks<\/title>\n<meta name=\"description\" content=\"Etichette in rotolo \u2713 Autoadesive e etichette sintetiche di fascia alta \u2713 Etichette in tessuto di varie qualit\u00e0 e size \u2713 Senza BPA\" \/>\n<meta name=\"robots\" content=\"index, follow, max-snippet:-1, max-image-preview:large, max-video-preview:-1\" \/>\n<link rel=\"canonical\" href=\"https:\/\/ttr.works\/it\/etichette\/\" \/>\n<meta property=\"og:locale\" content=\"it_IT\" \/>\n<meta property=\"og:type\" content=\"article\" \/>\n<meta property=\"og:title\" content=\"Etichette - TTR Euroworks\" \/>\n<meta property=\"og:description\" content=\"Etichette in rotolo \u2713 Autoadesive e etichette sintetiche di fascia alta \u2713 Etichette in tessuto di varie qualit\u00e0 e size \u2713 Senza BPA\" \/>\n<meta property=\"og:url\" content=\"https:\/\/ttr.works\/it\/etichette\/\" \/>\n<meta property=\"og:site_name\" content=\"TTR Euroworks\" \/>\n<meta property=\"article:modified_time\" content=\"2026-02-23T09:23:24+00:00\" \/>\n<meta property=\"og:image\" content=\"https:\/\/ttr.works\/wp-content\/uploads\/ttr-labels-rol.png\" \/>\n<meta name=\"twitter:card\" content=\"summary_large_image\" \/>\n<meta name=\"twitter:label1\" content=\"Tempo di lettura stimato\" \/>\n\t<meta name=\"twitter:data1\" content=\"2 minuti\" \/>\n<script type=\"application\/ld+json\" class=\"yoast-schema-graph\">{\"@context\":\"https:\/\/schema.org\",\"@graph\":[{\"@type\":\"WebPage\",\"@id\":\"https:\/\/ttr.works\/it\/etichette\/\",\"url\":\"https:\/\/ttr.works\/it\/etichette\/\",\"name\":\"Etichette - TTR Euroworks\",\"isPartOf\":{\"@id\":\"https:\/\/ttr.works\/it\/#website\"},\"primaryImageOfPage\":{\"@id\":\"https:\/\/ttr.works\/it\/etichette\/#primaryimage\"},\"image\":{\"@id\":\"https:\/\/ttr.works\/it\/etichette\/#primaryimage\"},\"thumbnailUrl\":\"https:\/\/ttr.works\/wp-content\/uploads\/\/zd421-1-1024x927.png\",\"datePublished\":\"2020-11-19T14:35:07+00:00\",\"dateModified\":\"2026-02-23T09:23:24+00:00\",\"description\":\"Etichette in rotolo \u2713 Autoadesive e etichette sintetiche di fascia alta \u2713 Etichette in tessuto di varie qualit\u00e0 e size \u2713 Senza BPA\",\"breadcrumb\":{\"@id\":\"https:\/\/ttr.works\/it\/etichette\/#breadcrumb\"},\"inLanguage\":\"it-IT\",\"potentialAction\":[{\"@type\":\"ReadAction\",\"target\":[\"https:\/\/ttr.works\/it\/etichette\/\"]}]},{\"@type\":\"ImageObject\",\"inLanguage\":\"it-IT\",\"@id\":\"https:\/\/ttr.works\/it\/etichette\/#primaryimage\",\"url\":\"https:\/\/ttr.works\/wp-content\/uploads\/\/zd421-1-1024x927.png\",\"contentUrl\":\"https:\/\/ttr.works\/wp-content\/uploads\/\/zd421-1-1024x927.png\"},{\"@type\":\"BreadcrumbList\",\"@id\":\"https:\/\/ttr.works\/it\/etichette\/#breadcrumb\",\"itemListElement\":[{\"@type\":\"ListItem\",\"position\":1,\"name\":\"Home\",\"item\":\"https:\/\/ttr.works\/it\/home\/\"},{\"@type\":\"ListItem\",\"position\":2,\"name\":\"Etichette\"}]},{\"@type\":\"WebSite\",\"@id\":\"https:\/\/ttr.works\/it\/#website\",\"url\":\"https:\/\/ttr.works\/it\/\",\"name\":\"TTR Euroworks\",\"description\":\"Your ttr partner\",\"potentialAction\":[{\"@type\":\"SearchAction\",\"target\":{\"@type\":\"EntryPoint\",\"urlTemplate\":\"https:\/\/ttr.works\/it\/?s={search_term_string}\"},\"query-input\":{\"@type\":\"PropertyValueSpecification\",\"valueRequired\":true,\"valueName\":\"search_term_string\"}}],\"inLanguage\":\"it-IT\"}]}<\/script>\n<!-- \/ Yoast SEO plugin. -->","yoast_head_json":{"title":"Etichette - TTR Euroworks","description":"Etichette in rotolo \u2713 Autoadesive e etichette sintetiche di fascia alta \u2713 Etichette in tessuto di varie qualit\u00e0 e size \u2713 Senza BPA","robots":{"index":"index","follow":"follow","max-snippet":"max-snippet:-1","max-image-preview":"max-image-preview:large","max-video-preview":"max-video-preview:-1"},"canonical":"https:\/\/ttr.works\/it\/etichette\/","og_locale":"it_IT","og_type":"article","og_title":"Etichette - TTR Euroworks","og_description":"Etichette in rotolo \u2713 Autoadesive e etichette sintetiche di fascia alta \u2713 Etichette in tessuto di varie qualit\u00e0 e size \u2713 Senza BPA","og_url":"https:\/\/ttr.works\/it\/etichette\/","og_site_name":"TTR Euroworks","article_modified_time":"2026-02-23T09:23:24+00:00","og_image":[{"url":"https:\/\/ttr.works\/wp-content\/uploads\/ttr-labels-rol.png","type":"","width":"","height":""}],"twitter_card":"summary_large_image","twitter_misc":{"Tempo di lettura stimato":"2 minuti"},"schema":{"@context":"https:\/\/schema.org","@graph":[{"@type":"WebPage","@id":"https:\/\/ttr.works\/it\/etichette\/","url":"https:\/\/ttr.works\/it\/etichette\/","name":"Etichette - TTR Euroworks","isPartOf":{"@id":"https:\/\/ttr.works\/it\/#website"},"primaryImageOfPage":{"@id":"https:\/\/ttr.works\/it\/etichette\/#primaryimage"},"image":{"@id":"https:\/\/ttr.works\/it\/etichette\/#primaryimage"},"thumbnailUrl":"https:\/\/ttr.works\/wp-content\/uploads\/\/zd421-1-1024x927.png","datePublished":"2020-11-19T14:35:07+00:00","dateModified":"2026-02-23T09:23:24+00:00","description":"Etichette in rotolo \u2713 Autoadesive e etichette sintetiche di fascia alta \u2713 Etichette in tessuto di varie qualit\u00e0 e size \u2713 Senza BPA","breadcrumb":{"@id":"https:\/\/ttr.works\/it\/etichette\/#breadcrumb"},"inLanguage":"it-IT","potentialAction":[{"@type":"ReadAction","target":["https:\/\/ttr.works\/it\/etichette\/"]}]},{"@type":"ImageObject","inLanguage":"it-IT","@id":"https:\/\/ttr.works\/it\/etichette\/#primaryimage","url":"https:\/\/ttr.works\/wp-content\/uploads\/\/zd421-1-1024x927.png","contentUrl":"https:\/\/ttr.works\/wp-content\/uploads\/\/zd421-1-1024x927.png"},{"@type":"BreadcrumbList","@id":"https:\/\/ttr.works\/it\/etichette\/#breadcrumb","itemListElement":[{"@type":"ListItem","position":1,"name":"Home","item":"https:\/\/ttr.works\/it\/home\/"},{"@type":"ListItem","position":2,"name":"Etichette"}]},{"@type":"WebSite","@id":"https:\/\/ttr.works\/it\/#website","url":"https:\/\/ttr.works\/it\/","name":"TTR Euroworks","description":"Your ttr partner","potentialAction":[{"@type":"SearchAction","target":{"@type":"EntryPoint","urlTemplate":"https:\/\/ttr.works\/it\/?s={search_term_string}"},"query-input":{"@type":"PropertyValueSpecification","valueRequired":true,"valueName":"search_term_string"}}],"inLanguage":"it-IT"}]}},"_links":{"self":[{"href":"https:\/\/ttr.works\/it\/wp-json\/wp\/v2\/pages\/4229","targetHints":{"allow":["GET"]}}],"collection":[{"href":"https:\/\/ttr.works\/it\/wp-json\/wp\/v2\/pages"}],"about":[{"href":"https:\/\/ttr.works\/it\/wp-json\/wp\/v2\/types\/page"}],"author":[{"embeddable":true,"href":"https:\/\/ttr.works\/it\/wp-json\/wp\/v2\/users\/1"}],"replies":[{"embeddable":true,"href":"https:\/\/ttr.works\/it\/wp-json\/wp\/v2\/comments?post=4229"}],"version-history":[{"count":4,"href":"https:\/\/ttr.works\/it\/wp-json\/wp\/v2\/pages\/4229\/revisions"}],"predecessor-version":[{"id":30630,"href":"https:\/\/ttr.works\/it\/wp-json\/wp\/v2\/pages\/4229\/revisions\/30630"}],"wp:attachment":[{"href":"https:\/\/ttr.works\/it\/wp-json\/wp\/v2\/media?parent=4229"}],"wp:term":[{"taxonomy":"category","embeddable":true,"href":"https:\/\/ttr.works\/it\/wp-json\/wp\/v2\/categories?post=4229"},{"taxonomy":"post_tag","embeddable":true,"href":"https:\/\/ttr.works\/it\/wp-json\/wp\/v2\/tags?post=4229"}],"curies":[{"name":"wp","href":"https:\/\/api.w.org\/{rel}","templated":true}]}}