{"id":4245,"date":"2020-11-20T10:46:38","date_gmt":"2020-11-20T10:46:38","guid":{"rendered":"https:\/\/ttr.works\/?page_id=4245"},"modified":"2025-11-12T12:43:19","modified_gmt":"2025-11-12T12:43:19","slug":"etichette-tessili","status":"publish","type":"page","link":"https:\/\/ttr.works\/it\/etichette\/etichette-tessili\/","title":{"rendered":"etichette tessili"},"content":{"rendered":"\r\n\r\n<p><img decoding=\"async\" class=\"wp-image-28664 alignright lazyload\" style=\"--smush-placeholder-width: 424px; --smush-placeholder-aspect-ratio: 424\/282;float: right; margin-left: 1em; margin-bottom: 1em;\" data-src=\"https:\/\/ttr.works\/wp-content\/uploads\/\/TTR-Euroworks-supply-advantage-1-300x200.png\" alt=\"\" width=\"424\" height=\"282\" data-srcset=\"https:\/\/ttr.works\/wp-content\/uploads\/TTR-Euroworks-supply-advantage-1-300x200.png 300w, https:\/\/ttr.works\/wp-content\/uploads\/TTR-Euroworks-supply-advantage-1-1024x683.png 1024w, https:\/\/ttr.works\/wp-content\/uploads\/TTR-Euroworks-supply-advantage-1-768x512.png 768w, https:\/\/ttr.works\/wp-content\/uploads\/TTR-Euroworks-supply-advantage-1.png 1536w\" data-sizes=\"(max-width: 424px) 100vw, 424px\" src=\"data:image\/svg+xml;base64,PHN2ZyB3aWR0aD0iMSIgaGVpZ2h0PSIxIiB4bWxucz0iaHR0cDovL3d3dy53My5vcmcvMjAwMC9zdmciPjwvc3ZnPg==\" \/><\/p>\r\n<p data-start=\"135\" data-end=\"528\"><strong data-start=\"135\" data-end=\"222\">Prodotti che durano centinaia di cicli di lavaggio necessitano di etichette che facciano lo stesso. <\/strong>I nastri Resin Textile e le etichette in nylon di TTR Euroworks offrono un&#8217;identificazione duratura, leggibile e conforme per ogni applicazione di stampa tessile. Combina stampanti ad alte prestazioni, nastri di inchiostro Resin Textile premium e materiali per etichette di qualit\u00e0 per risultati consistenti e tempi di inattivit\u00e0 minimi.<\/p>\r\n<p data-start=\"530\" data-end=\"700\">Prova il <strong data-start=\"545\" data-end=\"579\">TTR Euroworks Supply Advantage<\/strong> con sconti sul volume dal primo giorno, prezzi annuali fissi e offerte esclusive quando si aggiungono o sostituiscono stampanti per tessuti. Richiedi il tuo prezzo senza impegno.<\/p>\r\n\r\n\r\n<p><a class=\"link-btn\" href=\"https:\/\/hs.ttreuroworks.com\/textile-label-printing\">Scopri il TTR supply advantage<\/a><\/p>\r\n\r\n\r\n<div class=\"wp-block-spacer\" style=\"height: 17px;\" aria-hidden=\"true\">&nbsp;<\/div>\r\n\r\n\r\n<h3 class=\"wp-block-heading\" data-start=\"645\" data-end=\"671\">Etichette in Nylon &amp; Raso<\/h3>\r\n\r\n\r\n<p data-start=\"673\" data-end=\"907\">La scelta del giusto materiale per etichette dipende dal tipo di capo e dai requisiti di lavaggio. Ecco perch\u00e9 offriamo materiali per etichette in Nylon e Raso certificati OEKO-TEX\u00ae Standard 100. Sono sicuri, sostenibili e privi di sostanze nocive.<\/p>\r\n\r\n\r\n<ul class=\"wp-block-list\" data-start=\"909\" data-end=\"1167\">\r\n<li data-start=\"909\" data-end=\"1054\"><strong data-start=\"911\" data-end=\"928\">Etichette in nylon:<\/strong> Durature, stampabili su entrambi i lati e resistenti a lavaggi frequenti &#8211; ideali per abbigliamento da lavoro, uniformi e tessuti industriali.<\/li>\r\n<li data-start=\"1055\" data-end=\"1167\"><strong data-start=\"1057\" data-end=\"1074\">Etichette in raso:<\/strong> Morbide, lisce e perfette per tessuti premium come abbigliamento di design e marchi di lusso.<\/li>\r\n<\/ul>\r\n\r\n\r\n<figure class=\"wp-block-image size-medium is-style-default\"><img decoding=\"async\" class=\"wp-image-2282 lazyload\" data-src=\"https:\/\/ttr.works\/wp-content\/uploads\/\/ttr-header-nylon-3-300x300.jpg\" alt=\"\" width=\"300\" height=\"300\" data-srcset=\"https:\/\/ttr.works\/wp-content\/uploads\/ttr-header-nylon-3-300x300.jpg 300w, https:\/\/ttr.works\/wp-content\/uploads\/ttr-header-nylon-3-150x150.jpg 150w, https:\/\/ttr.works\/wp-content\/uploads\/ttr-header-nylon-3.jpg 600w\" data-sizes=\"(max-width: 300px) 100vw, 300px\" src=\"data:image\/svg+xml;base64,PHN2ZyB3aWR0aD0iMSIgaGVpZ2h0PSIxIiB4bWxucz0iaHR0cDovL3d3dy53My5vcmcvMjAwMC9zdmciPjwvc3ZnPg==\" style=\"--smush-placeholder-width: 300px; --smush-placeholder-aspect-ratio: 300\/300;\" \/><\/figure>\r\n\r\n\r\n<div class=\"wp-block-spacer\" style=\"height: 17px;\" aria-hidden=\"true\">&nbsp;<\/div>\r\n\r\n\r\n<h3 class=\"wp-block-heading\"><strong>Nastri 4U Resin Textile<\/strong><\/h3>\r\n\r\n\r\n<p>Ottieni una qualit\u00e0 di stampa duratura su ogni etichetta in tessuto. I nostri <strong data-start=\"1263\" data-end=\"1291\">nastri 4U Resin Textile<\/strong> offrono risultati nitidi per testi piccoli e simboli di lavaggio che resistono a lavaggi, stirature e pulizie a secco. Completamente compatibili con etichette in nylon e raso e disponibili in pi\u00f9 colori.<\/p>\r\n\r\n\r\n<div class=\"wp-block-spacer\" style=\"height: 17px;\" aria-hidden=\"true\">&nbsp;<\/div>\r\n\r\n<div class=\"wp-block-image\">\r\n<figure class=\"alignleft size-medium is-style-default\"><img decoding=\"async\" class=\"wp-image-28186 lazyload\" data-src=\"https:\/\/ttr.works\/wp-content\/uploads\/\/cab-textile-300x169.jpg\" alt=\"\" width=\"300\" height=\"169\" data-srcset=\"https:\/\/ttr.works\/wp-content\/uploads\/cab-textile-300x169.jpg 300w, https:\/\/ttr.works\/wp-content\/uploads\/cab-textile-768x432.jpg 768w, https:\/\/ttr.works\/wp-content\/uploads\/cab-textile.jpg 797w\" data-sizes=\"(max-width: 300px) 100vw, 300px\" src=\"data:image\/svg+xml;base64,PHN2ZyB3aWR0aD0iMSIgaGVpZ2h0PSIxIiB4bWxucz0iaHR0cDovL3d3dy53My5vcmcvMjAwMC9zdmciPjwvc3ZnPg==\" style=\"--smush-placeholder-width: 300px; --smush-placeholder-aspect-ratio: 300\/169;\" \/><\/figure><\/div>\r\n\r\n<div class=\"wp-block-spacer\" style=\"height: 17px;\" aria-hidden=\"true\">&nbsp;<\/div>\r\n\r\n\r\n<h3 class=\"wp-block-heading\"><strong>Stampanti Professionali per Tessuti<\/strong><\/h3>\r\n\r\n\r\n<p data-start=\"1520\" data-end=\"1668\">Equipaggia la tua linea di produzione con <strong data-start=\"1561\" data-end=\"1603\">stampanti per tessuti CAB\u00ae, TSC\u00ae e Avery\u00ae<\/strong> affidabili dotate di taglierine per tessuti integrate per risultati fluidi e precisi.<\/p>\r\n\r\n\r\n<ul class=\"wp-block-list\" data-start=\"1669\" data-end=\"1813\">\r\n<li data-start=\"1669\" data-end=\"1695\">Taglio preciso delle etichette<\/li>\r\n<li data-start=\"1696\" data-end=\"1731\">Uscita ad alta velocit\u00e0 e di alta qualit\u00e0<\/li>\r\n<li data-start=\"1732\" data-end=\"1763\">Facile integrazione nella produzione<\/li>\r\n<\/ul>\r\n\r\n\r\n<div class=\"wp-block-spacer\" style=\"height: 40px;\" aria-hidden=\"true\">&nbsp;<\/div>\r\n\r\n\r\n<div class=\"wp-block-spacer\" style=\"height: 28px;\" aria-hidden=\"true\">&nbsp;<\/div>\r\n\r\n\r\n<h3 class=\"wp-block-heading\"><strong>Domande e Risposte: Stampa di Etichette in Tessuto<\/strong><\/h3>\r\n\r\n\r\n<p><strong>D: A cosa servono le etichette di cura in nylon?<\/strong><br \/>R: Le etichette di cura in nylon sono durature e resistenti a lavaggi frequenti, rendendole ideali per abbigliamento da lavoro, uniformi, abbigliamento outdoor e altri tessuti industriali. Garantiscono che le istruzioni di lavaggio e il branding rimangano leggibili per tutto il ciclo di vita del capo.<\/p>\r\n\r\n\r\n<p><strong>D: Perch\u00e9 scegliere etichette in raso per l&#8217;abbigliamento?<\/strong><br \/>R: Le etichette in raso sono morbide, lisce ed eleganti, rendendole la scelta preferita per tessuti premium e capi di lusso. Conferiscono un aspetto di alta gamma rimanendo comode a contatto con la pelle.<\/p>\r\n\r\n\r\n<p><strong>D: Posso stampare etichette tessili in-house?<\/strong><br \/>R: S\u00ec. Con l&#8217;attrezzatura giusta, come <strong>stampanti CAB o TSC con taglierine per tessuti<\/strong>, puoi stampare etichette in nylon e raso direttamente in-house. Combinato con <strong>nastri di trasferimento termico in resina<\/strong>, questo garantisce risultati professionali e duraturi.<\/p>\r\n\r\n\r\n<p><strong>D: Le vostre etichette tessili sono certificate e sicure?<\/strong><br \/>R: S\u00ec. Le nostre etichette in tessuto in nylon e raso sono conformi allo <strong>standard OEKO-TEX\u00ae Standard 100<\/strong>, garantendo che siano prive di sostanze nocive e sicure per l&#8217;uso nell&#8217;abbigliamento, anche per pelli sensibili.<\/p>\r\n\r\n\r\n<p><strong>D: Quali nastri sono i migliori per la stampa su etichette in tessuto?<\/strong><br \/>R: Per applicazioni tessili, raccomandiamo i nastri di trasferimento termico 4U Resin Textile. Offrono una qualit\u00e0 di stampa nitida e resistono a lavaggi, stirature e pulizie a secco, garantendo che le istruzioni di cura rimangano visibili nel tempo.<\/p>\r\n\r\n\r\n<p><strong>D: Cos&#8217;\u00e8 una soluzione completa per la stampa di etichette tessili?<\/strong><br \/>R: Una soluzione completa include <strong>rotoli di etichette in tessuto (nylon o raso)<\/strong>, una <strong>stampante con taglierina per tessuti<\/strong> e <strong>nastri termici in resina<\/strong>. Questa configurazione all-in-one risparmia tempo, riduce i costi e garantisce una qualit\u00e0 costante per l&#8217;etichettatura tessile.<\/p>\r\n\r\n\r\n<p><strong>D: Cosa sono le etichette in taffet\u00e0 di nylon?<\/strong><br \/>R: Un&#8217;etichetta di manutenzione forte e flessibile che pu\u00f2 essere stampata su entrambi i lati. Le istruzioni di lavaggio e altre informazioni vengono stampate facilmente e in modo nitido sull&#8217;etichetta a 300 dpi.<\/p>\r\n\r\n\r\n<p><strong>D: Cos&#8217;\u00e8 il taffet\u00e0 di raso in poliestere?<\/strong><br \/>R: L&#8217;etichetta di manutenzione pi\u00f9 flessibile e morbida della nostra gamma, progettata per tessuti pi\u00f9 lussuosi. Abbiamo poliestere per lavaggi domestici e aggressivi. Grazie al cosiddetto bordo tagliato (caldo), la tendenza allo sfilacciamento associata a questo tipo di etichetta di manutenzione viene eliminata. Questa versione in raso poliestere pu\u00f2 essere stampata su un solo lato.<\/p>\r\n\r\n\r\n<p><strong>D: Cos&#8217;\u00e8 il taffet\u00e0 extra forte?<\/strong><br \/>R: Questo tipo di etichetta tessile pi\u00f9 pesante \u00e8 particolarmente adatto per abbigliamento da lavoro e altri tessuti che richiedono lavaggi industriali. Pensa a tute, tende e persino coperte per cavalli! Questo tipo di etichetta tessile offre anche una soluzione per le pulizie a secco. Dopo lavaggi frequenti, le etichette in taffet\u00e0 extra forte mantengono la loro stampa di alta qualit\u00e0. Il taffet\u00e0 extra forte pu\u00f2 essere stampato su un solo lato con la combinazione di un nastro di inchiostro in resina.<\/p>\r\n\r\n\r\n<div class=\"wp-block-spacer\" style=\"height: 29px;\" aria-hidden=\"true\">&nbsp;<\/div>\r\n\r\n\r\n<p><strong>Non hai trovato la tua risposta? Chiedici qualsiasi cosa.<\/strong><\/p>\r\n\r\n\r\n<p><a class=\"link-btn\" href=\"https:\/\/ttr.works\/it\/contatti\/\">Contatta TTR Euroworks<\/a><\/p>\r\n","protected":false},"excerpt":{"rendered":"<p>Prodotti che durano centinaia di cicli di lavaggio necessitano di etichette che facciano lo stesso. I nastri Resin Textile e le etichette in nylon di TTR Euroworks offrono un&#8217;identificazione duratura, leggibile e conforme per ogni applicazione di stampa tessile. Combina stampanti ad alte prestazioni, nastri di inchiostro Resin Textile premium e materiali per etichette di [&hellip;]<\/p>\n","protected":false},"author":1,"featured_media":0,"parent":4229,"menu_order":0,"comment_status":"closed","ping_status":"closed","template":"template-product.php","meta":{"_acf_changed":false,"content-type":"","footnotes":""},"categories":[],"tags":[265],"class_list":["post-4245","page","type-page","status-publish","hentry","tag-product-it"],"acf":[],"yoast_head":"<!-- This site is optimized with the Yoast SEO plugin v25.9 - https:\/\/yoast.com\/wordpress\/plugins\/seo\/ -->\n<title>etichette tessili - TTR Euroworks<\/title>\n<meta name=\"description\" content=\"Etichette tessili \u2713 Taffet\u00e0 di nylon \u2713 Taffet\u00e0 di raso di poliestere \u2713 Taffet\u00e0 extra forte \u2713 Etichette di manutenzione\" \/>\n<meta name=\"robots\" content=\"index, follow, max-snippet:-1, max-image-preview:large, max-video-preview:-1\" \/>\n<link rel=\"canonical\" href=\"https:\/\/ttr.works\/it\/etichette\/etichette-tessili\/\" \/>\n<meta property=\"og:locale\" content=\"it_IT\" \/>\n<meta property=\"og:type\" content=\"article\" \/>\n<meta property=\"og:title\" content=\"etichette tessili - TTR Euroworks\" \/>\n<meta property=\"og:description\" content=\"Etichette tessili \u2713 Taffet\u00e0 di nylon \u2713 Taffet\u00e0 di raso di poliestere \u2713 Taffet\u00e0 extra forte \u2713 Etichette di manutenzione\" \/>\n<meta property=\"og:url\" content=\"https:\/\/ttr.works\/it\/etichette\/etichette-tessili\/\" \/>\n<meta property=\"og:site_name\" content=\"TTR Euroworks\" \/>\n<meta property=\"article:modified_time\" content=\"2025-11-12T12:43:19+00:00\" \/>\n<meta property=\"og:image\" content=\"https:\/\/ttr.works\/wp-content\/uploads\/\/ttr-header-nylon-3-300x300.jpg\" \/>\n<meta name=\"twitter:card\" content=\"summary_large_image\" \/>\n<meta name=\"twitter:label1\" content=\"Tempo di lettura stimato\" \/>\n\t<meta name=\"twitter:data1\" content=\"3 minuti\" \/>\n<script type=\"application\/ld+json\" class=\"yoast-schema-graph\">{\"@context\":\"https:\/\/schema.org\",\"@graph\":[{\"@type\":\"WebPage\",\"@id\":\"https:\/\/ttr.works\/it\/etichette\/etichette-tessili\/\",\"url\":\"https:\/\/ttr.works\/it\/etichette\/etichette-tessili\/\",\"name\":\"etichette tessili - TTR Euroworks\",\"isPartOf\":{\"@id\":\"https:\/\/ttr.works\/it\/#website\"},\"primaryImageOfPage\":{\"@id\":\"https:\/\/ttr.works\/it\/etichette\/etichette-tessili\/#primaryimage\"},\"image\":{\"@id\":\"https:\/\/ttr.works\/it\/etichette\/etichette-tessili\/#primaryimage\"},\"thumbnailUrl\":\"https:\/\/ttr.works\/wp-content\/uploads\/\/TTR-Euroworks-supply-advantage-1-300x200.png\",\"datePublished\":\"2020-11-20T10:46:38+00:00\",\"dateModified\":\"2025-11-12T12:43:19+00:00\",\"description\":\"Etichette tessili \u2713 Taffet\u00e0 di nylon \u2713 Taffet\u00e0 di raso di poliestere \u2713 Taffet\u00e0 extra forte \u2713 Etichette di manutenzione\",\"breadcrumb\":{\"@id\":\"https:\/\/ttr.works\/it\/etichette\/etichette-tessili\/#breadcrumb\"},\"inLanguage\":\"it-IT\",\"potentialAction\":[{\"@type\":\"ReadAction\",\"target\":[\"https:\/\/ttr.works\/it\/etichette\/etichette-tessili\/\"]}]},{\"@type\":\"ImageObject\",\"inLanguage\":\"it-IT\",\"@id\":\"https:\/\/ttr.works\/it\/etichette\/etichette-tessili\/#primaryimage\",\"url\":\"https:\/\/ttr.works\/wp-content\/uploads\/\/TTR-Euroworks-supply-advantage-1-300x200.png\",\"contentUrl\":\"https:\/\/ttr.works\/wp-content\/uploads\/\/TTR-Euroworks-supply-advantage-1-300x200.png\"},{\"@type\":\"BreadcrumbList\",\"@id\":\"https:\/\/ttr.works\/it\/etichette\/etichette-tessili\/#breadcrumb\",\"itemListElement\":[{\"@type\":\"ListItem\",\"position\":1,\"name\":\"Home\",\"item\":\"https:\/\/ttr.works\/it\/home\/\"},{\"@type\":\"ListItem\",\"position\":2,\"name\":\"Etichette\",\"item\":\"https:\/\/ttr.works\/it\/etichette\/\"},{\"@type\":\"ListItem\",\"position\":3,\"name\":\"Etichette in tessuto\"}]},{\"@type\":\"WebSite\",\"@id\":\"https:\/\/ttr.works\/it\/#website\",\"url\":\"https:\/\/ttr.works\/it\/\",\"name\":\"TTR Euroworks\",\"description\":\"Your ttr partner\",\"potentialAction\":[{\"@type\":\"SearchAction\",\"target\":{\"@type\":\"EntryPoint\",\"urlTemplate\":\"https:\/\/ttr.works\/it\/?s={search_term_string}\"},\"query-input\":{\"@type\":\"PropertyValueSpecification\",\"valueRequired\":true,\"valueName\":\"search_term_string\"}}],\"inLanguage\":\"it-IT\"}]}<\/script>\n<!-- \/ Yoast SEO plugin. -->","yoast_head_json":{"title":"etichette tessili - TTR Euroworks","description":"Etichette tessili \u2713 Taffet\u00e0 di nylon \u2713 Taffet\u00e0 di raso di poliestere \u2713 Taffet\u00e0 extra forte \u2713 Etichette di manutenzione","robots":{"index":"index","follow":"follow","max-snippet":"max-snippet:-1","max-image-preview":"max-image-preview:large","max-video-preview":"max-video-preview:-1"},"canonical":"https:\/\/ttr.works\/it\/etichette\/etichette-tessili\/","og_locale":"it_IT","og_type":"article","og_title":"etichette tessili - TTR Euroworks","og_description":"Etichette tessili \u2713 Taffet\u00e0 di nylon \u2713 Taffet\u00e0 di raso di poliestere \u2713 Taffet\u00e0 extra forte \u2713 Etichette di manutenzione","og_url":"https:\/\/ttr.works\/it\/etichette\/etichette-tessili\/","og_site_name":"TTR Euroworks","article_modified_time":"2025-11-12T12:43:19+00:00","og_image":[{"url":"https:\/\/ttr.works\/wp-content\/uploads\/\/ttr-header-nylon-3-300x300.jpg","type":"","width":"","height":""}],"twitter_card":"summary_large_image","twitter_misc":{"Tempo di lettura stimato":"3 minuti"},"schema":{"@context":"https:\/\/schema.org","@graph":[{"@type":"WebPage","@id":"https:\/\/ttr.works\/it\/etichette\/etichette-tessili\/","url":"https:\/\/ttr.works\/it\/etichette\/etichette-tessili\/","name":"etichette tessili - TTR Euroworks","isPartOf":{"@id":"https:\/\/ttr.works\/it\/#website"},"primaryImageOfPage":{"@id":"https:\/\/ttr.works\/it\/etichette\/etichette-tessili\/#primaryimage"},"image":{"@id":"https:\/\/ttr.works\/it\/etichette\/etichette-tessili\/#primaryimage"},"thumbnailUrl":"https:\/\/ttr.works\/wp-content\/uploads\/\/TTR-Euroworks-supply-advantage-1-300x200.png","datePublished":"2020-11-20T10:46:38+00:00","dateModified":"2025-11-12T12:43:19+00:00","description":"Etichette tessili \u2713 Taffet\u00e0 di nylon \u2713 Taffet\u00e0 di raso di poliestere \u2713 Taffet\u00e0 extra forte \u2713 Etichette di manutenzione","breadcrumb":{"@id":"https:\/\/ttr.works\/it\/etichette\/etichette-tessili\/#breadcrumb"},"inLanguage":"it-IT","potentialAction":[{"@type":"ReadAction","target":["https:\/\/ttr.works\/it\/etichette\/etichette-tessili\/"]}]},{"@type":"ImageObject","inLanguage":"it-IT","@id":"https:\/\/ttr.works\/it\/etichette\/etichette-tessili\/#primaryimage","url":"https:\/\/ttr.works\/wp-content\/uploads\/\/TTR-Euroworks-supply-advantage-1-300x200.png","contentUrl":"https:\/\/ttr.works\/wp-content\/uploads\/\/TTR-Euroworks-supply-advantage-1-300x200.png"},{"@type":"BreadcrumbList","@id":"https:\/\/ttr.works\/it\/etichette\/etichette-tessili\/#breadcrumb","itemListElement":[{"@type":"ListItem","position":1,"name":"Home","item":"https:\/\/ttr.works\/it\/home\/"},{"@type":"ListItem","position":2,"name":"Etichette","item":"https:\/\/ttr.works\/it\/etichette\/"},{"@type":"ListItem","position":3,"name":"Etichette in tessuto"}]},{"@type":"WebSite","@id":"https:\/\/ttr.works\/it\/#website","url":"https:\/\/ttr.works\/it\/","name":"TTR Euroworks","description":"Your ttr partner","potentialAction":[{"@type":"SearchAction","target":{"@type":"EntryPoint","urlTemplate":"https:\/\/ttr.works\/it\/?s={search_term_string}"},"query-input":{"@type":"PropertyValueSpecification","valueRequired":true,"valueName":"search_term_string"}}],"inLanguage":"it-IT"}]}},"_links":{"self":[{"href":"https:\/\/ttr.works\/it\/wp-json\/wp\/v2\/pages\/4245","targetHints":{"allow":["GET"]}}],"collection":[{"href":"https:\/\/ttr.works\/it\/wp-json\/wp\/v2\/pages"}],"about":[{"href":"https:\/\/ttr.works\/it\/wp-json\/wp\/v2\/types\/page"}],"author":[{"embeddable":true,"href":"https:\/\/ttr.works\/it\/wp-json\/wp\/v2\/users\/1"}],"replies":[{"embeddable":true,"href":"https:\/\/ttr.works\/it\/wp-json\/wp\/v2\/comments?post=4245"}],"version-history":[{"count":15,"href":"https:\/\/ttr.works\/it\/wp-json\/wp\/v2\/pages\/4245\/revisions"}],"predecessor-version":[{"id":29338,"href":"https:\/\/ttr.works\/it\/wp-json\/wp\/v2\/pages\/4245\/revisions\/29338"}],"up":[{"embeddable":true,"href":"https:\/\/ttr.works\/it\/wp-json\/wp\/v2\/pages\/4229"}],"wp:attachment":[{"href":"https:\/\/ttr.works\/it\/wp-json\/wp\/v2\/media?parent=4245"}],"wp:term":[{"taxonomy":"category","embeddable":true,"href":"https:\/\/ttr.works\/it\/wp-json\/wp\/v2\/categories?post=4245"},{"taxonomy":"post_tag","embeddable":true,"href":"https:\/\/ttr.works\/it\/wp-json\/wp\/v2\/tags?post=4245"}],"curies":[{"name":"wp","href":"https:\/\/api.w.org\/{rel}","templated":true}]}}