{"id":4263,"date":"2020-11-20T10:54:23","date_gmt":"2020-11-20T10:54:23","guid":{"rendered":"https:\/\/ttr.works\/?page_id=4263"},"modified":"2020-11-20T10:54:37","modified_gmt":"2020-11-20T10:54:37","slug":"politica-per-i-resi","status":"publish","type":"page","link":"https:\/\/ttr.works\/it\/politica-per-i-resi\/","title":{"rendered":"Politica per i resi"},"content":{"rendered":"\n<p>I componenti danneggiati e\/o installati o la cui confezione \u00e8 stata aperta non possono essere resi. Il cliente che desidera restituire un ordine \u00e8 responsabile della corretta spedizione e dei costi di spedizione aggiuntivi.<\/p>\n\n\n\n<p>Tutte le schede, gli alimentatori e i prodotti speciali acquistati o prodotti da TTR Euroworks B.V. non sono restituibili, se non difettosi. Se restituite un prodotto difettoso, questo sar\u00e0 valutato dal produttore. Se, dopo la valutazione, ritiene che il prodotto sia effettivamente difettoso, il produttore determiner\u00e0 se offrire una riparazione, una sostituzione o un credito. Tuttavia, se il prodotto \u00e8 in condizioni adeguate, verr\u00e0 restituito al cliente. In tal caso il cliente sar\u00e0 responsabile dei costi affrontati.<\/p>\n\n\n\n<p>Se avete una richiesta RMA, contattateci tramite la pagina di contatto. Vi risponderemo al pi\u00f9 presto e, se possibile, vi offriremo una soluzione adeguata.<\/p>\n\n\n\n<p>TTR Euroworks BV non \u00e8 responsabile della consulenza offerta da un\u2019assistenza tecnica.<\/p>\n","protected":false},"excerpt":{"rendered":"<p>I componenti danneggiati e\/o installati o la cui confezione \u00e8 stata aperta non possono essere resi. Il cliente che desidera restituire un ordine \u00e8 responsabile della corretta spedizione e dei costi di spedizione aggiuntivi. Tutte le schede, gli alimentatori e i prodotti speciali acquistati o prodotti da TTR Euroworks B.V. non sono restituibili, se non [&hellip;]<\/p>\n","protected":false},"author":1,"featured_media":0,"parent":0,"menu_order":0,"comment_status":"closed","ping_status":"closed","template":"template-content.php","meta":{"_acf_changed":false,"content-type":"","footnotes":""},"categories":[],"tags":[],"class_list":["post-4263","page","type-page","status-publish","hentry"],"acf":[],"yoast_head":"<!-- This site is optimized with the Yoast SEO plugin v25.9 - https:\/\/yoast.com\/wordpress\/plugins\/seo\/ -->\n<title>Politica per i resi - TTR Euroworks<\/title>\n<meta name=\"robots\" content=\"index, follow, max-snippet:-1, max-image-preview:large, max-video-preview:-1\" \/>\n<link rel=\"canonical\" href=\"https:\/\/ttr.works\/it\/politica-per-i-resi\/\" \/>\n<meta property=\"og:locale\" content=\"it_IT\" \/>\n<meta property=\"og:type\" content=\"article\" \/>\n<meta property=\"og:title\" content=\"Politica per i resi - TTR Euroworks\" \/>\n<meta property=\"og:description\" content=\"I componenti danneggiati e\/o installati o la cui confezione \u00e8 stata aperta non possono essere resi. Il cliente che desidera restituire un ordine \u00e8 responsabile della corretta spedizione e dei costi di spedizione aggiuntivi. Tutte le schede, gli alimentatori e i prodotti speciali acquistati o prodotti da TTR Euroworks B.V. non sono restituibili, se non [&hellip;]\" \/>\n<meta property=\"og:url\" content=\"https:\/\/ttr.works\/it\/politica-per-i-resi\/\" \/>\n<meta property=\"og:site_name\" content=\"TTR Euroworks\" \/>\n<meta property=\"article:modified_time\" content=\"2020-11-20T10:54:37+00:00\" \/>\n<meta name=\"twitter:card\" content=\"summary_large_image\" \/>\n<meta name=\"twitter:label1\" content=\"Tempo di lettura stimato\" \/>\n\t<meta name=\"twitter:data1\" content=\"1 minuto\" \/>\n<script type=\"application\/ld+json\" class=\"yoast-schema-graph\">{\"@context\":\"https:\/\/schema.org\",\"@graph\":[{\"@type\":\"WebPage\",\"@id\":\"https:\/\/ttr.works\/it\/politica-per-i-resi\/\",\"url\":\"https:\/\/ttr.works\/it\/politica-per-i-resi\/\",\"name\":\"Politica per i resi - TTR Euroworks\",\"isPartOf\":{\"@id\":\"https:\/\/ttr.works\/it\/#website\"},\"datePublished\":\"2020-11-20T10:54:23+00:00\",\"dateModified\":\"2020-11-20T10:54:37+00:00\",\"breadcrumb\":{\"@id\":\"https:\/\/ttr.works\/it\/politica-per-i-resi\/#breadcrumb\"},\"inLanguage\":\"it-IT\",\"potentialAction\":[{\"@type\":\"ReadAction\",\"target\":[\"https:\/\/ttr.works\/it\/politica-per-i-resi\/\"]}]},{\"@type\":\"BreadcrumbList\",\"@id\":\"https:\/\/ttr.works\/it\/politica-per-i-resi\/#breadcrumb\",\"itemListElement\":[{\"@type\":\"ListItem\",\"position\":1,\"name\":\"Home\",\"item\":\"https:\/\/ttr.works\/it\/home\/\"},{\"@type\":\"ListItem\",\"position\":2,\"name\":\"Politica per i resi\"}]},{\"@type\":\"WebSite\",\"@id\":\"https:\/\/ttr.works\/it\/#website\",\"url\":\"https:\/\/ttr.works\/it\/\",\"name\":\"TTR Euroworks\",\"description\":\"Your ttr partner\",\"potentialAction\":[{\"@type\":\"SearchAction\",\"target\":{\"@type\":\"EntryPoint\",\"urlTemplate\":\"https:\/\/ttr.works\/it\/?s={search_term_string}\"},\"query-input\":{\"@type\":\"PropertyValueSpecification\",\"valueRequired\":true,\"valueName\":\"search_term_string\"}}],\"inLanguage\":\"it-IT\"}]}<\/script>\n<!-- \/ Yoast SEO plugin. -->","yoast_head_json":{"title":"Politica per i resi - TTR Euroworks","robots":{"index":"index","follow":"follow","max-snippet":"max-snippet:-1","max-image-preview":"max-image-preview:large","max-video-preview":"max-video-preview:-1"},"canonical":"https:\/\/ttr.works\/it\/politica-per-i-resi\/","og_locale":"it_IT","og_type":"article","og_title":"Politica per i resi - TTR Euroworks","og_description":"I componenti danneggiati e\/o installati o la cui confezione \u00e8 stata aperta non possono essere resi. Il cliente che desidera restituire un ordine \u00e8 responsabile della corretta spedizione e dei costi di spedizione aggiuntivi. Tutte le schede, gli alimentatori e i prodotti speciali acquistati o prodotti da TTR Euroworks B.V. non sono restituibili, se non [&hellip;]","og_url":"https:\/\/ttr.works\/it\/politica-per-i-resi\/","og_site_name":"TTR Euroworks","article_modified_time":"2020-11-20T10:54:37+00:00","twitter_card":"summary_large_image","twitter_misc":{"Tempo di lettura stimato":"1 minuto"},"schema":{"@context":"https:\/\/schema.org","@graph":[{"@type":"WebPage","@id":"https:\/\/ttr.works\/it\/politica-per-i-resi\/","url":"https:\/\/ttr.works\/it\/politica-per-i-resi\/","name":"Politica per i resi - TTR Euroworks","isPartOf":{"@id":"https:\/\/ttr.works\/it\/#website"},"datePublished":"2020-11-20T10:54:23+00:00","dateModified":"2020-11-20T10:54:37+00:00","breadcrumb":{"@id":"https:\/\/ttr.works\/it\/politica-per-i-resi\/#breadcrumb"},"inLanguage":"it-IT","potentialAction":[{"@type":"ReadAction","target":["https:\/\/ttr.works\/it\/politica-per-i-resi\/"]}]},{"@type":"BreadcrumbList","@id":"https:\/\/ttr.works\/it\/politica-per-i-resi\/#breadcrumb","itemListElement":[{"@type":"ListItem","position":1,"name":"Home","item":"https:\/\/ttr.works\/it\/home\/"},{"@type":"ListItem","position":2,"name":"Politica per i resi"}]},{"@type":"WebSite","@id":"https:\/\/ttr.works\/it\/#website","url":"https:\/\/ttr.works\/it\/","name":"TTR Euroworks","description":"Your ttr partner","potentialAction":[{"@type":"SearchAction","target":{"@type":"EntryPoint","urlTemplate":"https:\/\/ttr.works\/it\/?s={search_term_string}"},"query-input":{"@type":"PropertyValueSpecification","valueRequired":true,"valueName":"search_term_string"}}],"inLanguage":"it-IT"}]}},"_links":{"self":[{"href":"https:\/\/ttr.works\/it\/wp-json\/wp\/v2\/pages\/4263","targetHints":{"allow":["GET"]}}],"collection":[{"href":"https:\/\/ttr.works\/it\/wp-json\/wp\/v2\/pages"}],"about":[{"href":"https:\/\/ttr.works\/it\/wp-json\/wp\/v2\/types\/page"}],"author":[{"embeddable":true,"href":"https:\/\/ttr.works\/it\/wp-json\/wp\/v2\/users\/1"}],"replies":[{"embeddable":true,"href":"https:\/\/ttr.works\/it\/wp-json\/wp\/v2\/comments?post=4263"}],"version-history":[{"count":0,"href":"https:\/\/ttr.works\/it\/wp-json\/wp\/v2\/pages\/4263\/revisions"}],"wp:attachment":[{"href":"https:\/\/ttr.works\/it\/wp-json\/wp\/v2\/media?parent=4263"}],"wp:term":[{"taxonomy":"category","embeddable":true,"href":"https:\/\/ttr.works\/it\/wp-json\/wp\/v2\/categories?post=4263"},{"taxonomy":"post_tag","embeddable":true,"href":"https:\/\/ttr.works\/it\/wp-json\/wp\/v2\/tags?post=4263"}],"curies":[{"name":"wp","href":"https:\/\/api.w.org\/{rel}","templated":true}]}}