{"id":4266,"date":"2020-11-20T11:04:39","date_gmt":"2020-11-20T11:04:39","guid":{"rendered":"https:\/\/ttr.works\/?page_id=4266"},"modified":"2024-07-04T10:19:28","modified_gmt":"2024-07-04T10:19:28","slug":"stampanti-a-trasferimento-termico","status":"publish","type":"page","link":"https:\/\/ttr.works\/it\/stampanti-a-trasferimento-termico\/","title":{"rendered":"Stampanti a trasferimento termico"},"content":{"rendered":"<div class=\"wp-block-image\">\n<figure class=\"alignright size-large is-resized\"><img decoding=\"async\" width=\"401\" height=\"275\" data-src=\"https:\/\/ttr.works\/wp-content\/uploads\/ttr-printers.png\" alt=\"\" class=\"wp-image-2022 lazyload\" style=\"--smush-placeholder-width: 401px; --smush-placeholder-aspect-ratio: 401\/275;width:446px;height:auto\" data-srcset=\"https:\/\/ttr.works\/wp-content\/uploads\/ttr-printers.png 401w, https:\/\/ttr.works\/wp-content\/uploads\/ttr-printers-300x206.png 300w\" data-sizes=\"(max-width: 401px) 100vw, 401px\" src=\"data:image\/svg+xml;base64,PHN2ZyB3aWR0aD0iMSIgaGVpZ2h0PSIxIiB4bWxucz0iaHR0cDovL3d3dy53My5vcmcvMjAwMC9zdmciPjwvc3ZnPg==\" \/><\/figure><\/div>\n<p><strong>Insieme ai produttori di stampanti per etichette, aiutiamo i nostri clienti con consigli, preventivi rapidi e consegne veloci. Pensa a marchi come Honeywell\u00ae, Zebra\u00ae, Sato\u00ae, TSC-Printronix\u00ae, Valentin\u00ae e altri. Come team lavoriamo per te, per aiutarti a risparmiare tempo e denaro.<\/strong><\/p>\n\n<p>Poich\u00e9 offriamo tutto sotto un unico tetto, hai vantaggi di volume extra e di vendita incrociata fin dal primo giorno. Ad esempio, con il programma di premi 4U, accumuli automaticamente punti per i codici sconto con ogni acquisto di una stampante termica o di una testina di stampa.<\/p>\n\n<p>Nel nostro negozio online, puoi trovare facilmente la stampante giusta, la disponibilit\u00e0 e i prodotti correlati utilizzando i filtri. Se hai domande, siamo felici di assisterti.<\/p>\n\n<a href=\"https:\/\/thermalprinting.shop\/printers\" class=\"link-btn\">Negozio online TTR <i class=\"fal fa-chevron-right\"><\/i><\/a><a href=\"https:\/\/ttr.works\/thermal-transfer\/4u-rewards.php\" class=\"link-btn second\">Codici sconto <i class=\"fal fa-chevron-right\"><\/i><\/a>\r\n\n<div style=\"height:47px\" aria-hidden=\"true\" class=\"wp-block-spacer\"><\/div>\n\n<h3 class=\"wp-block-heading\">Dal nostro blog<\/h3>\n\n<div style=\"height:28px\" aria-hidden=\"true\" class=\"wp-block-spacer\"><\/div>\n\n<div class=\"wp-block-media-text is-stacked-on-mobile\" style=\"grid-template-columns:29% auto\"><figure class=\"wp-block-media-text__media\"><img decoding=\"async\" width=\"558\" height=\"468\" data-src=\"https:\/\/ttr.works\/wp-content\/uploads\/Afbeelding1-2.png\" alt=\"\" class=\"wp-image-23140 size-full lazyload\" data-srcset=\"https:\/\/ttr.works\/wp-content\/uploads\/\/Afbeelding1-2.png 558w, https:\/\/ttr.works\/wp-content\/uploads\/\/Afbeelding1-2-300x252.png 300w\" data-sizes=\"(max-width: 558px) 100vw, 558px\" src=\"data:image\/svg+xml;base64,PHN2ZyB3aWR0aD0iMSIgaGVpZ2h0PSIxIiB4bWxucz0iaHR0cDovL3d3dy53My5vcmcvMjAwMC9zdmciPjwvc3ZnPg==\" style=\"--smush-placeholder-width: 558px; --smush-placeholder-aspect-ratio: 558\/468;\" \/><\/figure><div class=\"wp-block-media-text__content\">\n<p><a href=\"https:\/\/ttr.works\/it\/presentazione-di-honeywell-pc42e-t\/\"><strong>Presentazione della Honeywell PC42E-T<\/strong><\/a>: La stampante desktop entry-level PC42 \u00e8 stata sostituita con la nuova PC42E-T. Offre funzionalit\u00e0 e prestazioni pi\u00f9 avanzate a un prezzo approssimativamente uguale.<\/p>\n<\/div><\/div>\n\n<div style=\"height:38px\" aria-hidden=\"true\" class=\"wp-block-spacer\"><\/div>\n\n<div class=\"wp-block-media-text is-stacked-on-mobile\" style=\"grid-template-columns:28% auto\"><figure class=\"wp-block-media-text__media\"><img decoding=\"async\" width=\"301\" height=\"167\" data-src=\"https:\/\/ttr.works\/wp-content\/uploads\/argox-logo-1.png\" alt=\"\" class=\"wp-image-23474 size-full lazyload\" src=\"data:image\/svg+xml;base64,PHN2ZyB3aWR0aD0iMSIgaGVpZ2h0PSIxIiB4bWxucz0iaHR0cDovL3d3dy53My5vcmcvMjAwMC9zdmciPjwvc3ZnPg==\" style=\"--smush-placeholder-width: 301px; --smush-placeholder-aspect-ratio: 301\/167;\" \/><\/figure><div class=\"wp-block-media-text__content\">\n<p><a href=\"https:\/\/ttr.works\/it\/confronti-tra-stampanti-argox\/\"><strong>Confronto stampanti Argox<\/strong><\/a>: Quale stampante desktop Argox si adatta meglio alle tue esigenze di stampa? Abbiamo realizzato un rapido confronto tra i diversi modelli, come la serie Argox 04, la serie P4, le stampanti OS e iX4. Trova rapidamente quella che meglio soddisfa le tue esigenze di stampa.<\/p>\n<\/div><\/div>\n\n<div style=\"height:38px\" aria-hidden=\"true\" class=\"wp-block-spacer\"><\/div>\n\n<div class=\"wp-block-media-text is-stacked-on-mobile\" style=\"grid-template-columns:28% auto\"><figure class=\"wp-block-media-text__media\"><img decoding=\"async\" width=\"600\" height=\"600\" data-src=\"https:\/\/ttr.works\/wp-content\/uploads\/2-2.png\" alt=\"\" class=\"wp-image-23485 size-full lazyload\" data-srcset=\"https:\/\/ttr.works\/wp-content\/uploads\/2-2.png 600w, https:\/\/ttr.works\/wp-content\/uploads\/2-2-300x300.png 300w, https:\/\/ttr.works\/wp-content\/uploads\/2-2-150x150.png 150w\" data-sizes=\"(max-width: 600px) 100vw, 600px\" src=\"data:image\/svg+xml;base64,PHN2ZyB3aWR0aD0iMSIgaGVpZ2h0PSIxIiB4bWxucz0iaHR0cDovL3d3dy53My5vcmcvMjAwMC9zdmciPjwvc3ZnPg==\" style=\"--smush-placeholder-width: 600px; --smush-placeholder-aspect-ratio: 600\/600;\" \/><\/figure><div class=\"wp-block-media-text__content\">\n<p><strong><strong><a href=\"https:\/\/ttr.works\/it\/la-nuova-zebra-zt111-sostituisce-la-stampante-zt220\/\">Le stampanti Zebra ZT111 sostituiscono le ZT220:<\/a>\u00a0<\/strong><\/strong>a ZT111 offre una configurazione semplice e una variet\u00e0 di opzioni di connettivit\u00e0. Con una velocit\u00e0 di stampa di 10 pollici al secondo, stampa pi\u00f9 velocemente della ZT220. Ethernet e USB sono standard su tutte le versioni ZT111. Il prezzo parte da \u2026<\/p>\n<\/div><\/div>\n\n<div style=\"height:38px\" aria-hidden=\"true\" class=\"wp-block-spacer\"><\/div>\n\n<div class=\"wp-block-media-text is-stacked-on-mobile\" style=\"grid-template-columns:28% auto\"><figure class=\"wp-block-media-text__media\"><img decoding=\"async\" width=\"1024\" height=\"937\" data-src=\"https:\/\/ttr.works\/wp-content\/uploads\/\/zd421-2-1024x937.png\" alt=\"Zebra ZD421d label printer\" class=\"wp-image-9421 size-full lazyload\" data-srcset=\"https:\/\/ttr.works\/wp-content\/uploads\/zd421-2-1024x937.png 1024w, https:\/\/ttr.works\/wp-content\/uploads\/zd421-2-300x274.png 300w, https:\/\/ttr.works\/wp-content\/uploads\/zd421-2-768x703.png 768w, https:\/\/ttr.works\/wp-content\/uploads\/zd421-2-1536x1405.png 1536w, https:\/\/ttr.works\/wp-content\/uploads\/zd421-2-2048x1874.png 2048w\" data-sizes=\"(max-width: 1024px) 100vw, 1024px\" src=\"data:image\/svg+xml;base64,PHN2ZyB3aWR0aD0iMSIgaGVpZ2h0PSIxIiB4bWxucz0iaHR0cDovL3d3dy53My5vcmcvMjAwMC9zdmciPjwvc3ZnPg==\" style=\"--smush-placeholder-width: 1024px; --smush-placeholder-aspect-ratio: 1024\/937;\" \/><\/figure><div class=\"wp-block-media-text__content\">\n<p><strong><strong><a href=\"https:\/\/ttr.works\/it\/la-nuova-zebra-zt111-sostituisce-la-stampante-zt220\/\">La Zebra ZD421 sostituisce le ZD420 e GK420<\/a><\/strong><\/strong>: Le GK420 e ZD420 non sono pi\u00f9 disponibili. Sono state sostituite dalla ZD421, con funzionalit\u00e0 e sicurezza aggiuntive. Un&#8217;interfaccia utente pi\u00f9 intuitiva, pi\u00f9 potente e un kit wireless aggiornabile sul campo. Continua a leggere&#8230;<\/p>\n<\/div><\/div>\n\n<div style=\"height:83px\" aria-hidden=\"true\" class=\"wp-block-spacer\"><\/div>\n\n<div class=\"wp-block-buttons is-content-justification-center is-layout-flex wp-container-core-buttons-is-layout-16018d1d wp-block-buttons-is-layout-flex\"><\/div>\n","protected":false},"excerpt":{"rendered":"<p>Insieme ai produttori di stampanti per etichette, aiutiamo i nostri clienti con consigli, preventivi rapidi e consegne veloci. Pensa a marchi come Honeywell\u00ae, Zebra\u00ae, Sato\u00ae, TSC-Printronix\u00ae, Valentin\u00ae e altri. Come team lavoriamo per te, per aiutarti a risparmiare tempo e denaro. Poich\u00e9 offriamo tutto sotto un unico tetto, hai vantaggi di volume extra e di [&hellip;]<\/p>\n","protected":false},"author":1,"featured_media":0,"parent":0,"menu_order":0,"comment_status":"closed","ping_status":"closed","template":"template-product.php","meta":{"_acf_changed":false,"content-type":"","footnotes":""},"categories":[],"tags":[265],"class_list":["post-4266","page","type-page","status-publish","hentry","tag-product-it"],"acf":[],"yoast_head":"<!-- This site is optimized with the Yoast SEO plugin v25.9 - https:\/\/yoast.com\/wordpress\/plugins\/seo\/ -->\n<title>Stampanti a trasferimento termico - TTR Euroworks<\/title>\n<meta name=\"description\" content=\"TTR Euroworks \u00e8 il tuo fornitore specializzato di stampanti per etichette come Zebra. Offriamo marchi di alta qualit\u00e0 come Zebra, Honeywell e Sato, con consegne rapide a livello globale e supporto esperto. Iscriviti al nostro programma 4U Rewards per guadagnare sconti su ogni acquisto. Esplora oggi la nostra gamma di stampanti affidabili ed efficienti!\" \/>\n<meta name=\"robots\" content=\"index, follow, max-snippet:-1, max-image-preview:large, max-video-preview:-1\" \/>\n<link rel=\"canonical\" href=\"https:\/\/ttr.works\/it\/stampanti-a-trasferimento-termico\/\" \/>\n<meta property=\"og:locale\" content=\"it_IT\" \/>\n<meta property=\"og:type\" content=\"article\" \/>\n<meta property=\"og:title\" content=\"Stampanti a trasferimento termico - TTR Euroworks\" \/>\n<meta property=\"og:description\" content=\"TTR Euroworks \u00e8 il tuo fornitore specializzato di stampanti per etichette come Zebra. Offriamo marchi di alta qualit\u00e0 come Zebra, Honeywell e Sato, con consegne rapide a livello globale e supporto esperto. Iscriviti al nostro programma 4U Rewards per guadagnare sconti su ogni acquisto. Esplora oggi la nostra gamma di stampanti affidabili ed efficienti!\" \/>\n<meta property=\"og:url\" content=\"https:\/\/ttr.works\/it\/stampanti-a-trasferimento-termico\/\" \/>\n<meta property=\"og:site_name\" content=\"TTR Euroworks\" \/>\n<meta property=\"article:modified_time\" content=\"2024-07-04T10:19:28+00:00\" \/>\n<meta property=\"og:image\" content=\"https:\/\/ttr.works\/wp-content\/uploads\/ttr-printers.png\" \/>\n<meta name=\"twitter:card\" content=\"summary_large_image\" \/>\n<meta name=\"twitter:label1\" content=\"Tempo di lettura stimato\" \/>\n\t<meta name=\"twitter:data1\" content=\"1 minuto\" \/>\n<script type=\"application\/ld+json\" class=\"yoast-schema-graph\">{\"@context\":\"https:\/\/schema.org\",\"@graph\":[{\"@type\":\"WebPage\",\"@id\":\"https:\/\/ttr.works\/it\/stampanti-a-trasferimento-termico\/\",\"url\":\"https:\/\/ttr.works\/it\/stampanti-a-trasferimento-termico\/\",\"name\":\"Stampanti a trasferimento termico - TTR Euroworks\",\"isPartOf\":{\"@id\":\"https:\/\/ttr.works\/it\/#website\"},\"primaryImageOfPage\":{\"@id\":\"https:\/\/ttr.works\/it\/stampanti-a-trasferimento-termico\/#primaryimage\"},\"image\":{\"@id\":\"https:\/\/ttr.works\/it\/stampanti-a-trasferimento-termico\/#primaryimage\"},\"thumbnailUrl\":\"https:\/\/ttr.works\/wp-content\/uploads\/ttr-printers.png\",\"datePublished\":\"2020-11-20T11:04:39+00:00\",\"dateModified\":\"2024-07-04T10:19:28+00:00\",\"description\":\"TTR Euroworks \u00e8 il tuo fornitore specializzato di stampanti per etichette come Zebra. Offriamo marchi di alta qualit\u00e0 come Zebra, Honeywell e Sato, con consegne rapide a livello globale e supporto esperto. Iscriviti al nostro programma 4U Rewards per guadagnare sconti su ogni acquisto. Esplora oggi la nostra gamma di stampanti affidabili ed efficienti!\",\"breadcrumb\":{\"@id\":\"https:\/\/ttr.works\/it\/stampanti-a-trasferimento-termico\/#breadcrumb\"},\"inLanguage\":\"it-IT\",\"potentialAction\":[{\"@type\":\"ReadAction\",\"target\":[\"https:\/\/ttr.works\/it\/stampanti-a-trasferimento-termico\/\"]}]},{\"@type\":\"ImageObject\",\"inLanguage\":\"it-IT\",\"@id\":\"https:\/\/ttr.works\/it\/stampanti-a-trasferimento-termico\/#primaryimage\",\"url\":\"https:\/\/ttr.works\/wp-content\/uploads\/ttr-printers.png\",\"contentUrl\":\"https:\/\/ttr.works\/wp-content\/uploads\/ttr-printers.png\"},{\"@type\":\"BreadcrumbList\",\"@id\":\"https:\/\/ttr.works\/it\/stampanti-a-trasferimento-termico\/#breadcrumb\",\"itemListElement\":[{\"@type\":\"ListItem\",\"position\":1,\"name\":\"Home\",\"item\":\"https:\/\/ttr.works\/it\/home\/\"},{\"@type\":\"ListItem\",\"position\":2,\"name\":\"Stampanti a trasferimento termico\"}]},{\"@type\":\"WebSite\",\"@id\":\"https:\/\/ttr.works\/it\/#website\",\"url\":\"https:\/\/ttr.works\/it\/\",\"name\":\"TTR Euroworks\",\"description\":\"Your ttr partner\",\"potentialAction\":[{\"@type\":\"SearchAction\",\"target\":{\"@type\":\"EntryPoint\",\"urlTemplate\":\"https:\/\/ttr.works\/it\/?s={search_term_string}\"},\"query-input\":{\"@type\":\"PropertyValueSpecification\",\"valueRequired\":true,\"valueName\":\"search_term_string\"}}],\"inLanguage\":\"it-IT\"}]}<\/script>\n<!-- \/ Yoast SEO plugin. -->","yoast_head_json":{"title":"Stampanti a trasferimento termico - TTR Euroworks","description":"TTR Euroworks \u00e8 il tuo fornitore specializzato di stampanti per etichette come Zebra. Offriamo marchi di alta qualit\u00e0 come Zebra, Honeywell e Sato, con consegne rapide a livello globale e supporto esperto. Iscriviti al nostro programma 4U Rewards per guadagnare sconti su ogni acquisto. Esplora oggi la nostra gamma di stampanti affidabili ed efficienti!","robots":{"index":"index","follow":"follow","max-snippet":"max-snippet:-1","max-image-preview":"max-image-preview:large","max-video-preview":"max-video-preview:-1"},"canonical":"https:\/\/ttr.works\/it\/stampanti-a-trasferimento-termico\/","og_locale":"it_IT","og_type":"article","og_title":"Stampanti a trasferimento termico - TTR Euroworks","og_description":"TTR Euroworks \u00e8 il tuo fornitore specializzato di stampanti per etichette come Zebra. Offriamo marchi di alta qualit\u00e0 come Zebra, Honeywell e Sato, con consegne rapide a livello globale e supporto esperto. Iscriviti al nostro programma 4U Rewards per guadagnare sconti su ogni acquisto. Esplora oggi la nostra gamma di stampanti affidabili ed efficienti!","og_url":"https:\/\/ttr.works\/it\/stampanti-a-trasferimento-termico\/","og_site_name":"TTR Euroworks","article_modified_time":"2024-07-04T10:19:28+00:00","og_image":[{"url":"https:\/\/ttr.works\/wp-content\/uploads\/ttr-printers.png","type":"","width":"","height":""}],"twitter_card":"summary_large_image","twitter_misc":{"Tempo di lettura stimato":"1 minuto"},"schema":{"@context":"https:\/\/schema.org","@graph":[{"@type":"WebPage","@id":"https:\/\/ttr.works\/it\/stampanti-a-trasferimento-termico\/","url":"https:\/\/ttr.works\/it\/stampanti-a-trasferimento-termico\/","name":"Stampanti a trasferimento termico - TTR Euroworks","isPartOf":{"@id":"https:\/\/ttr.works\/it\/#website"},"primaryImageOfPage":{"@id":"https:\/\/ttr.works\/it\/stampanti-a-trasferimento-termico\/#primaryimage"},"image":{"@id":"https:\/\/ttr.works\/it\/stampanti-a-trasferimento-termico\/#primaryimage"},"thumbnailUrl":"https:\/\/ttr.works\/wp-content\/uploads\/ttr-printers.png","datePublished":"2020-11-20T11:04:39+00:00","dateModified":"2024-07-04T10:19:28+00:00","description":"TTR Euroworks \u00e8 il tuo fornitore specializzato di stampanti per etichette come Zebra. Offriamo marchi di alta qualit\u00e0 come Zebra, Honeywell e Sato, con consegne rapide a livello globale e supporto esperto. Iscriviti al nostro programma 4U Rewards per guadagnare sconti su ogni acquisto. Esplora oggi la nostra gamma di stampanti affidabili ed efficienti!","breadcrumb":{"@id":"https:\/\/ttr.works\/it\/stampanti-a-trasferimento-termico\/#breadcrumb"},"inLanguage":"it-IT","potentialAction":[{"@type":"ReadAction","target":["https:\/\/ttr.works\/it\/stampanti-a-trasferimento-termico\/"]}]},{"@type":"ImageObject","inLanguage":"it-IT","@id":"https:\/\/ttr.works\/it\/stampanti-a-trasferimento-termico\/#primaryimage","url":"https:\/\/ttr.works\/wp-content\/uploads\/ttr-printers.png","contentUrl":"https:\/\/ttr.works\/wp-content\/uploads\/ttr-printers.png"},{"@type":"BreadcrumbList","@id":"https:\/\/ttr.works\/it\/stampanti-a-trasferimento-termico\/#breadcrumb","itemListElement":[{"@type":"ListItem","position":1,"name":"Home","item":"https:\/\/ttr.works\/it\/home\/"},{"@type":"ListItem","position":2,"name":"Stampanti a trasferimento termico"}]},{"@type":"WebSite","@id":"https:\/\/ttr.works\/it\/#website","url":"https:\/\/ttr.works\/it\/","name":"TTR Euroworks","description":"Your ttr partner","potentialAction":[{"@type":"SearchAction","target":{"@type":"EntryPoint","urlTemplate":"https:\/\/ttr.works\/it\/?s={search_term_string}"},"query-input":{"@type":"PropertyValueSpecification","valueRequired":true,"valueName":"search_term_string"}}],"inLanguage":"it-IT"}]}},"_links":{"self":[{"href":"https:\/\/ttr.works\/it\/wp-json\/wp\/v2\/pages\/4266","targetHints":{"allow":["GET"]}}],"collection":[{"href":"https:\/\/ttr.works\/it\/wp-json\/wp\/v2\/pages"}],"about":[{"href":"https:\/\/ttr.works\/it\/wp-json\/wp\/v2\/types\/page"}],"author":[{"embeddable":true,"href":"https:\/\/ttr.works\/it\/wp-json\/wp\/v2\/users\/1"}],"replies":[{"embeddable":true,"href":"https:\/\/ttr.works\/it\/wp-json\/wp\/v2\/comments?post=4266"}],"version-history":[{"count":4,"href":"https:\/\/ttr.works\/it\/wp-json\/wp\/v2\/pages\/4266\/revisions"}],"predecessor-version":[{"id":24238,"href":"https:\/\/ttr.works\/it\/wp-json\/wp\/v2\/pages\/4266\/revisions\/24238"}],"wp:attachment":[{"href":"https:\/\/ttr.works\/it\/wp-json\/wp\/v2\/media?parent=4266"}],"wp:term":[{"taxonomy":"category","embeddable":true,"href":"https:\/\/ttr.works\/it\/wp-json\/wp\/v2\/categories?post=4266"},{"taxonomy":"post_tag","embeddable":true,"href":"https:\/\/ttr.works\/it\/wp-json\/wp\/v2\/tags?post=4266"}],"curies":[{"name":"wp","href":"https:\/\/api.w.org\/{rel}","templated":true}]}}