{"id":4276,"date":"2020-11-20T11:12:23","date_gmt":"2020-11-20T11:12:23","guid":{"rendered":"https:\/\/ttr.works\/?page_id=4276"},"modified":"2025-10-02T14:03:07","modified_gmt":"2025-10-02T14:03:07","slug":"testine-di-stampa-a-trasferimento-termico","status":"publish","type":"page","link":"https:\/\/ttr.works\/it\/testine-di-stampa-a-trasferimento-termico\/","title":{"rendered":"Testine di stampa a trasferimento termico"},"content":{"rendered":"\r\n<h1 id=\"block-25e85f4e-f4ea-4e2b-9d26-34ab8ef3ca88\" class=\"wp-block-heading has-text-align-left\"><strong>Tutti i marchi di testine di stampa termiche disponibili<\/strong><\/h1>\r\n\r\n\r\n\r\n<div class=\"wp-block-spacer\" style=\"height: 29px;\" aria-hidden=\"true\">\u00a0<\/div>\r\n\r\n\r\n<div class=\"wp-block-image\">\r\n<figure id=\"block-74e43d50-f0b5-4c0c-b23c-3cddcbfeee88\" class=\"alignright size-full is-resized\"><img decoding=\"async\" width=\"400\" height=\"218\" class=\"wp-image-23611 lazyload\" style=\"--smush-placeholder-width: 400px; --smush-placeholder-aspect-ratio: 400\/218;width: 353px; height: auto;\" data-src=\"https:\/\/ttr.works\/wp-content\/uploads\/printhead-example_with-space-1.png\" alt=\"\" data-srcset=\"https:\/\/ttr.works\/wp-content\/uploads\/printhead-example_with-space-1.png 400w, https:\/\/ttr.works\/wp-content\/uploads\/printhead-example_with-space-1-300x164.png 300w\" data-sizes=\"(max-width: 400px) 100vw, 400px\" src=\"data:image\/svg+xml;base64,PHN2ZyB3aWR0aD0iMSIgaGVpZ2h0PSIxIiB4bWxucz0iaHR0cDovL3d3dy53My5vcmcvMjAwMC9zdmciPjwvc3ZnPg==\" \/><\/figure><\/div>\r\n\r\n\r\n<p><strong>Forniamo tutte le testine di stampa originali e compatibili ai clienti di tutto il mondo. Con una media di 6.000 testine di stampa in magazzino, cerchiamo di consegnare la maggior parte degli ordini entro due giorni. Questo include le testine di ricambio per tutte le stampanti desktop, industriali e TTO.<\/strong><\/p>\r\n\r\n\r\n\r\n<p>Siete nel posto giusto per i marchi di testine di stampa termiche come ALLEN\u00ae, Argox\u00ae, Avery\u00ae, Bizerba\u00ae, CAB\u00ae, Carl Valentin\u00ae, Citizen\u00ae, Datamax\u00ae, Delford\u00ae, Digi\u00ae, Domino\u00ae, Godex\u00ae, Honeywell\u00ae, Intermec\u00ae, Italora\u00ae, Jaguar\u00ae, Markem Smartdate\u00ae, Mectec\u00ae, Printronix\u00ae, Rohm\u00ae, SATO\u00ae, Toshiba TEC\u00ae, TSC\u00ae, Videojet\u00ae, and Zebra\u00ae.<\/p>\r\n\r\n\r\n\r\n<div class=\"wp-block-spacer\" style=\"height: 29px;\" aria-hidden=\"true\"><a class=\"link-btn\" href=\"https:\/\/thermalprinting.shop\/printheads\">TTR Negozio online\u00a0<i class=\"fal fa-chevron-right\"><\/i><\/a><a class=\"link-btn second\" href=\"https:\/\/hs.ttreuroworks.com\/rewards-program\">Codici sconto<\/a><\/div>\r\n\r\n\r\n\r\n<h1 class=\"wp-block-heading\">\u00a0<\/h1>\r\n<h1>\u00a0<\/h1>\r\n<h1>\u00a0<\/h1>\r\n<h1 id=\"block-25e85f4e-f4ea-4e2b-9d26-34ab8ef3ca88\" class=\"wp-block-heading has-text-align-left\"><strong>Testine di stampa compatibili 4U<\/strong><\/h1>\r\n\r\n\r\n\r\n<div class=\"wp-block-spacer\" style=\"height: 29px;\" aria-hidden=\"true\">\u00a0<\/div>\r\n\r\n\r\n<div class=\"wp-block-image\">\r\n<figure id=\"block-74e43d50-f0b5-4c0c-b23c-3cddcbfeee88\" class=\"alignright size-full is-resized\"><img decoding=\"async\" width=\"1240\" height=\"500\" class=\"wp-image-23620 lazyload\" style=\"--smush-placeholder-width: 1240px; --smush-placeholder-aspect-ratio: 1240\/500;width: 458px; height: 185px;\" data-src=\"https:\/\/ttr.works\/wp-content\/uploads\/4U-compatible-printheads_rounded-with-space.png\" alt=\"\" data-srcset=\"https:\/\/ttr.works\/wp-content\/uploads\/4U-compatible-printheads_rounded-with-space.png 1240w, https:\/\/ttr.works\/wp-content\/uploads\/4U-compatible-printheads_rounded-with-space-300x121.png 300w, https:\/\/ttr.works\/wp-content\/uploads\/4U-compatible-printheads_rounded-with-space-1024x413.png 1024w, https:\/\/ttr.works\/wp-content\/uploads\/4U-compatible-printheads_rounded-with-space-768x310.png 768w\" data-sizes=\"(max-width: 1240px) 100vw, 1240px\" src=\"data:image\/svg+xml;base64,PHN2ZyB3aWR0aD0iMSIgaGVpZ2h0PSIxIiB4bWxucz0iaHR0cDovL3d3dy53My5vcmcvMjAwMC9zdmciPjwvc3ZnPg==\" \/><\/figure><\/div>\r\n\r\n\r\n<p>Oltre ai marchi originali, puoi anche scegliere una delle nostre testine di stampa compatibili 4U per molti modelli di stampanti. Sono sostituzioni drop-in per le originali, con la stessa qualit\u00e0 costruttiva, prestazioni e periodo di garanzia. Controlla il webshop TTR per prezzi e disponibilit\u00e0 di originali e compatibili.<\/p>\r\n\r\n\r\n\r\n<div class=\"wp-block-spacer\" style=\"height: 15px;\" aria-hidden=\"true\">\u00a0<\/div>\r\n\r\n\r\n\r\n\r\n\r\n<div class=\"wp-block-spacer\" style=\"height: 16px;\" aria-hidden=\"true\">\u00a0<\/div>\r\n\r\n\r\n\r\n<p>&nbsp;<\/p>\r\n\r\n\r\n\r\n\r\n\r\n<h2 class=\"wp-block-heading\">\u00a0<\/h2>\r\n<h2 id=\"block-fd49e112-241b-473f-8322-53d2dc1ccc06\" class=\"wp-block-heading\"><strong>Dal nostro blog<\/strong><\/h2>\r\n\r\n\r\n\r\n<div class=\"wp-block-spacer\" style=\"height: 13px;\" aria-hidden=\"true\">\u00a0<\/div>\r\n\r\n\r\n\r\n<div class=\"wp-block-media-text is-stacked-on-mobile is-vertically-aligned-center\" style=\"grid-template-columns: 25% auto;\">\r\n<figure class=\"wp-block-media-text__media\"><a href=\"https:\/\/ttr.works\/it\/suggerimenti-per-prolungare-la-durata-della-testina-di-stampa\/\"><img decoding=\"async\" width=\"1024\" height=\"377\" class=\"wp-image-23593 size-full lazyload\" data-src=\"https:\/\/ttr.works\/wp-content\/uploads\/\/printhead-tips_rounded-1024x377.png\" alt=\"\" data-srcset=\"https:\/\/ttr.works\/wp-content\/uploads\/printhead-tips_rounded-1024x377.png 1024w, https:\/\/ttr.works\/wp-content\/uploads\/printhead-tips_rounded-300x110.png 300w, https:\/\/ttr.works\/wp-content\/uploads\/printhead-tips_rounded-768x282.png 768w, https:\/\/ttr.works\/wp-content\/uploads\/printhead-tips_rounded-1536x565.png 1536w, https:\/\/ttr.works\/wp-content\/uploads\/printhead-tips_rounded.png 2048w\" data-sizes=\"(max-width: 1024px) 100vw, 1024px\" src=\"data:image\/svg+xml;base64,PHN2ZyB3aWR0aD0iMSIgaGVpZ2h0PSIxIiB4bWxucz0iaHR0cDovL3d3dy53My5vcmcvMjAwMC9zdmciPjwvc3ZnPg==\" style=\"--smush-placeholder-width: 1024px; --smush-placeholder-aspect-ratio: 1024\/377;\" \/><\/a><\/figure>\r\n<div class=\"wp-block-media-text__content\">\r\n<p><strong><a href=\"https:\/\/ttr.works\/it\/suggerimenti-per-prolungare-la-durata-della-testina-di-stampa\/\">Consigli degli esperti per una maggiore durata della testina di stampa:<\/a><\/strong>\u00a0La testina di stampa \u00e8 una delle componenti pi\u00f9 importanti e costose. \u00c8 soggetta a usura naturale, inchiostro, sporco e polvere. Questi consigli degli esperti ti aiuteranno a ottenere la massima durata dalla tua testina di stampa. Risparmierai denaro sostituendola meno frequentemente.<\/p>\r\n<\/div>\r\n<\/div>\r\n\r\n\r\n\r\n<div class=\"wp-block-spacer\" style=\"height: 35px;\" aria-hidden=\"true\">\u00a0<\/div>\r\n\r\n\r\n\r\n<div class=\"wp-block-media-text is-stacked-on-mobile is-vertically-aligned-center\" style=\"grid-template-columns: 25% auto;\">\r\n<figure class=\"wp-block-media-text__media\"><a href=\"https:\/\/ttr.works\/it\/suggerimenti-per-prolungare-la-durata-della-testina-di-stampa\/\"><img decoding=\"async\" width=\"988\" height=\"323\" class=\"wp-image-22877 size-full lazyload\" data-src=\"https:\/\/ttr.works\/wp-content\/uploads\/4URP-Homepage-Banner-2-1.png\" alt=\"\" data-srcset=\"https:\/\/ttr.works\/wp-content\/uploads\/4URP-Homepage-Banner-2-1.png 988w, https:\/\/ttr.works\/wp-content\/uploads\/4URP-Homepage-Banner-2-1-300x98.png 300w, https:\/\/ttr.works\/wp-content\/uploads\/4URP-Homepage-Banner-2-1-768x251.png 768w\" data-sizes=\"(max-width: 988px) 100vw, 988px\" src=\"data:image\/svg+xml;base64,PHN2ZyB3aWR0aD0iMSIgaGVpZ2h0PSIxIiB4bWxucz0iaHR0cDovL3d3dy53My5vcmcvMjAwMC9zdmciPjwvc3ZnPg==\" style=\"--smush-placeholder-width: 988px; --smush-placeholder-aspect-ratio: 988\/323;\" \/><\/a><\/figure>\r\n<div class=\"wp-block-media-text__content\">\r\n<p><a href=\"https:\/\/hs.ttreuroworks.com\/rewards-program\" target=\"_blank\" rel=\"noreferrer noopener\"><strong>Raccogli punti per i tuoi sconti:<\/strong><\/a>\u00a0Con ogni acquisto di testine di stampa e stampanti, accumuli punti automaticamente. \u00c8 completamente gratuito e non devi fare nulla, tranne iscriverti. Alla fine di ogni trimestre, riceverai un codice sconto esclusivo per te, in base ai punti che hai raccolto.<\/p>\r\n<\/div>\r\n<p>&nbsp;<\/p>\r\n<p>&nbsp;<\/p>\r\n<p>&nbsp;<\/p>\r\n<p>&nbsp;<\/p>\r\n<\/div>\r\n","protected":false},"excerpt":{"rendered":"<p>Tutti i marchi di testine di stampa termiche disponibili Forniamo tutte le testine di stampa originali e compatibili ai clienti di tutto il mondo. Con una media di 6.000 testine di stampa in magazzino, cerchiamo di consegnare la maggior parte degli ordini entro due giorni. Questo include le testine di ricambio per tutte le stampanti [&hellip;]<\/p>\n","protected":false},"author":1,"featured_media":0,"parent":0,"menu_order":0,"comment_status":"closed","ping_status":"closed","template":"template-product.php","meta":{"_acf_changed":false,"content-type":"","footnotes":""},"categories":[],"tags":[265],"class_list":["post-4276","page","type-page","status-publish","hentry","tag-product-it"],"acf":[],"_links":{"self":[{"href":"https:\/\/ttr.works\/it\/wp-json\/wp\/v2\/pages\/4276","targetHints":{"allow":["GET"]}}],"collection":[{"href":"https:\/\/ttr.works\/it\/wp-json\/wp\/v2\/pages"}],"about":[{"href":"https:\/\/ttr.works\/it\/wp-json\/wp\/v2\/types\/page"}],"author":[{"embeddable":true,"href":"https:\/\/ttr.works\/it\/wp-json\/wp\/v2\/users\/1"}],"replies":[{"embeddable":true,"href":"https:\/\/ttr.works\/it\/wp-json\/wp\/v2\/comments?post=4276"}],"version-history":[{"count":16,"href":"https:\/\/ttr.works\/it\/wp-json\/wp\/v2\/pages\/4276\/revisions"}],"predecessor-version":[{"id":28494,"href":"https:\/\/ttr.works\/it\/wp-json\/wp\/v2\/pages\/4276\/revisions\/28494"}],"wp:attachment":[{"href":"https:\/\/ttr.works\/it\/wp-json\/wp\/v2\/media?parent=4276"}],"wp:term":[{"taxonomy":"category","embeddable":true,"href":"https:\/\/ttr.works\/it\/wp-json\/wp\/v2\/categories?post=4276"},{"taxonomy":"post_tag","embeddable":true,"href":"https:\/\/ttr.works\/it\/wp-json\/wp\/v2\/tags?post=4276"}],"curies":[{"name":"wp","href":"https:\/\/api.w.org\/{rel}","templated":true}]}}