{"id":4285,"date":"2020-11-20T12:19:31","date_gmt":"2020-11-20T12:19:31","guid":{"rendered":"https:\/\/ttr.works\/?page_id=4285"},"modified":"2026-03-31T12:43:02","modified_gmt":"2026-03-31T12:43:02","slug":"nastri-a-trasferimento-termico","status":"publish","type":"page","link":"https:\/\/ttr.works\/it\/nastri-a-trasferimento-termico\/","title":{"rendered":"Nastri a trasferimento termico"},"content":{"rendered":"<div class=\"wp-block-image is-resized\">\n<figure class=\"alignright size-full\"><img decoding=\"async\" width=\"858\" height=\"520\" data-src=\"https:\/\/ttr.works\/wp-content\/uploads\/TTR-Ribbon-webpagina.png\" alt=\"\" class=\"wp-image-31144 lazyload\" style=\"--smush-placeholder-width: 858px; --smush-placeholder-aspect-ratio: 858\/520;width:400px\" data-srcset=\"https:\/\/ttr.works\/wp-content\/uploads\/TTR-Ribbon-webpagina.png 858w, https:\/\/ttr.works\/wp-content\/uploads\/TTR-Ribbon-webpagina-300x182.png 300w, https:\/\/ttr.works\/wp-content\/uploads\/TTR-Ribbon-webpagina-768x465.png 768w\" data-sizes=\"(max-width: 858px) 100vw, 858px\" src=\"data:image\/svg+xml;base64,PHN2ZyB3aWR0aD0iMSIgaGVpZ2h0PSIxIiB4bWxucz0iaHR0cDovL3d3dy53My5vcmcvMjAwMC9zdmciPjwvc3ZnPg==\" \/><\/figure><\/div>\n\n\n<p>Oltre 30 anni di esperienza nel settore dei nastri a trasferimento termico per tutte le marche di stampanti a testina piatta e TTO \/ Near-Edge. Consegna dai nostri stabilimenti di produzione nei Paesi Bassi e nel Regno Unito; qualit\u00e0 di stampa costante, flessibilit\u00e0 e rapidit\u00e0 grazie alla produzione interna.<\/p>\n\n\n\n<p>Dalla cera alla resina, ogni tipo di nastro \u00e8 disponibile nelle versioni <em>Value<\/em> e <em>Premium<\/em>, per consentirti di trovare il giusto equilibrio tra prestazioni e costo. Utilizza la <a href=\"https:\/\/ttr.works\/wp-content\/uploads\/Ribbon-selection-guide_TTR-NL.pdf\" data-type=\"link\" data-id=\"https:\/\/ttr.works\/wp-content\/uploads\/Ribbon-selection-guide_TTR-NL.pdf\">Guida alla scelta dei nastri<\/a> per trovare il nastro 4U pi\u00f9 adatto in base al modello di stampante, al materiale o alla marca alternativa.<\/p>\n\n\n\n<p>Tutti i nastri 4U sono <strong>certificati ISEGA<\/strong> per il contatto indiretto con gli alimenti. La documentazione \u00e8 disponibile su richiesta.<\/p>\n\n\n\n<div class=\"wp-block-spacer\" style=\"height: 120px;\" aria-hidden=\"true\"><a class=\"link-btn\" href=\"https:\/\/ttr.works\/resellers\/\">Vantaggi per i rivenditori<\/a><a class=\"link-btn second\" href=\"https:\/\/ttr.works\/it\/contatti\/\">Richiedi un preventivo<\/a><\/div>\n\n\n\n<p>Scopri come possiamo aiutare la tua azienda oppure richiedi direttamente un preventivo.<\/p>\n","protected":false},"excerpt":{"rendered":"<p>Oltre 30 anni di esperienza nel settore dei nastri a trasferimento termico per tutte le marche di stampanti a testina piatta e TTO \/ Near-Edge. Consegna dai nostri stabilimenti di produzione nei Paesi Bassi e nel Regno Unito; qualit\u00e0 di stampa costante, flessibilit\u00e0 e rapidit\u00e0 grazie alla produzione interna. Dalla cera alla resina, ogni tipo [&hellip;]<\/p>\n","protected":false},"author":1,"featured_media":0,"parent":0,"menu_order":0,"comment_status":"closed","ping_status":"closed","template":"template-product.php","meta":{"_acf_changed":false,"content-type":"","footnotes":""},"categories":[],"tags":[265],"class_list":["post-4285","page","type-page","status-publish","hentry","tag-product-it"],"acf":[],"yoast_head":"<!-- This site is optimized with the Yoast SEO plugin v25.9 - https:\/\/yoast.com\/wordpress\/plugins\/seo\/ -->\n<title>Nastri a trasferimento termico - TTR Euroworks<\/title>\n<meta name=\"description\" content=\"Nastri a trasferimento termico \u2713 Cera \u2713 Cera-resina \u2713 Resina \u2713 Resina tessile \u2713 Disponibili scatole campione gratuite\" \/>\n<meta name=\"robots\" content=\"index, follow, max-snippet:-1, max-image-preview:large, max-video-preview:-1\" \/>\n<link rel=\"canonical\" href=\"https:\/\/ttr.works\/it\/nastri-a-trasferimento-termico\/\" \/>\n<meta property=\"og:locale\" content=\"it_IT\" \/>\n<meta property=\"og:type\" content=\"article\" \/>\n<meta property=\"og:title\" content=\"Nastri a trasferimento termico - TTR Euroworks\" \/>\n<meta property=\"og:description\" content=\"Nastri a trasferimento termico \u2713 Cera \u2713 Cera-resina \u2713 Resina \u2713 Resina tessile \u2713 Disponibili scatole campione gratuite\" \/>\n<meta property=\"og:url\" content=\"https:\/\/ttr.works\/it\/nastri-a-trasferimento-termico\/\" \/>\n<meta property=\"og:site_name\" content=\"TTR Euroworks\" \/>\n<meta property=\"article:modified_time\" content=\"2026-03-31T12:43:02+00:00\" \/>\n<meta property=\"og:image\" content=\"https:\/\/ttr.works\/wp-content\/uploads\/ribbons-nieuw-logo-292x300.png\" \/>\n<meta name=\"twitter:card\" content=\"summary_large_image\" \/>\n<meta name=\"twitter:label1\" content=\"Tempo di lettura stimato\" \/>\n\t<meta name=\"twitter:data1\" content=\"2 minuti\" \/>\n<script type=\"application\/ld+json\" class=\"yoast-schema-graph\">{\"@context\":\"https:\/\/schema.org\",\"@graph\":[{\"@type\":\"WebPage\",\"@id\":\"https:\/\/ttr.works\/it\/nastri-a-trasferimento-termico\/\",\"url\":\"https:\/\/ttr.works\/it\/nastri-a-trasferimento-termico\/\",\"name\":\"Nastri a trasferimento termico - TTR Euroworks\",\"isPartOf\":{\"@id\":\"https:\/\/ttr.works\/it\/#website\"},\"primaryImageOfPage\":{\"@id\":\"https:\/\/ttr.works\/it\/nastri-a-trasferimento-termico\/#primaryimage\"},\"image\":{\"@id\":\"https:\/\/ttr.works\/it\/nastri-a-trasferimento-termico\/#primaryimage\"},\"thumbnailUrl\":\"https:\/\/ttr.works\/wp-content\/uploads\/TTR-Ribbon-webpagina.png\",\"datePublished\":\"2020-11-20T12:19:31+00:00\",\"dateModified\":\"2026-03-31T12:43:02+00:00\",\"description\":\"Nastri a trasferimento termico \u2713 Cera \u2713 Cera-resina \u2713 Resina \u2713 Resina tessile \u2713 Disponibili scatole campione gratuite\",\"breadcrumb\":{\"@id\":\"https:\/\/ttr.works\/it\/nastri-a-trasferimento-termico\/#breadcrumb\"},\"inLanguage\":\"it-IT\",\"potentialAction\":[{\"@type\":\"ReadAction\",\"target\":[\"https:\/\/ttr.works\/it\/nastri-a-trasferimento-termico\/\"]}]},{\"@type\":\"ImageObject\",\"inLanguage\":\"it-IT\",\"@id\":\"https:\/\/ttr.works\/it\/nastri-a-trasferimento-termico\/#primaryimage\",\"url\":\"https:\/\/ttr.works\/wp-content\/uploads\/TTR-Ribbon-webpagina.png\",\"contentUrl\":\"https:\/\/ttr.works\/wp-content\/uploads\/TTR-Ribbon-webpagina.png\"},{\"@type\":\"BreadcrumbList\",\"@id\":\"https:\/\/ttr.works\/it\/nastri-a-trasferimento-termico\/#breadcrumb\",\"itemListElement\":[{\"@type\":\"ListItem\",\"position\":1,\"name\":\"Home\",\"item\":\"https:\/\/ttr.works\/it\/home\/\"},{\"@type\":\"ListItem\",\"position\":2,\"name\":\"Nastri a trasferimento termico\"}]},{\"@type\":\"WebSite\",\"@id\":\"https:\/\/ttr.works\/it\/#website\",\"url\":\"https:\/\/ttr.works\/it\/\",\"name\":\"TTR Euroworks\",\"description\":\"Your ttr partner\",\"potentialAction\":[{\"@type\":\"SearchAction\",\"target\":{\"@type\":\"EntryPoint\",\"urlTemplate\":\"https:\/\/ttr.works\/it\/?s={search_term_string}\"},\"query-input\":{\"@type\":\"PropertyValueSpecification\",\"valueRequired\":true,\"valueName\":\"search_term_string\"}}],\"inLanguage\":\"it-IT\"}]}<\/script>\n<!-- \/ Yoast SEO plugin. -->","yoast_head_json":{"title":"Nastri a trasferimento termico - TTR Euroworks","description":"Nastri a trasferimento termico \u2713 Cera \u2713 Cera-resina \u2713 Resina \u2713 Resina tessile \u2713 Disponibili scatole campione gratuite","robots":{"index":"index","follow":"follow","max-snippet":"max-snippet:-1","max-image-preview":"max-image-preview:large","max-video-preview":"max-video-preview:-1"},"canonical":"https:\/\/ttr.works\/it\/nastri-a-trasferimento-termico\/","og_locale":"it_IT","og_type":"article","og_title":"Nastri a trasferimento termico - TTR Euroworks","og_description":"Nastri a trasferimento termico \u2713 Cera \u2713 Cera-resina \u2713 Resina \u2713 Resina tessile \u2713 Disponibili scatole campione gratuite","og_url":"https:\/\/ttr.works\/it\/nastri-a-trasferimento-termico\/","og_site_name":"TTR Euroworks","article_modified_time":"2026-03-31T12:43:02+00:00","og_image":[{"url":"https:\/\/ttr.works\/wp-content\/uploads\/ribbons-nieuw-logo-292x300.png","type":"","width":"","height":""}],"twitter_card":"summary_large_image","twitter_misc":{"Tempo di lettura stimato":"2 minuti"},"schema":{"@context":"https:\/\/schema.org","@graph":[{"@type":"WebPage","@id":"https:\/\/ttr.works\/it\/nastri-a-trasferimento-termico\/","url":"https:\/\/ttr.works\/it\/nastri-a-trasferimento-termico\/","name":"Nastri a trasferimento termico - TTR Euroworks","isPartOf":{"@id":"https:\/\/ttr.works\/it\/#website"},"primaryImageOfPage":{"@id":"https:\/\/ttr.works\/it\/nastri-a-trasferimento-termico\/#primaryimage"},"image":{"@id":"https:\/\/ttr.works\/it\/nastri-a-trasferimento-termico\/#primaryimage"},"thumbnailUrl":"https:\/\/ttr.works\/wp-content\/uploads\/TTR-Ribbon-webpagina.png","datePublished":"2020-11-20T12:19:31+00:00","dateModified":"2026-03-31T12:43:02+00:00","description":"Nastri a trasferimento termico \u2713 Cera \u2713 Cera-resina \u2713 Resina \u2713 Resina tessile \u2713 Disponibili scatole campione gratuite","breadcrumb":{"@id":"https:\/\/ttr.works\/it\/nastri-a-trasferimento-termico\/#breadcrumb"},"inLanguage":"it-IT","potentialAction":[{"@type":"ReadAction","target":["https:\/\/ttr.works\/it\/nastri-a-trasferimento-termico\/"]}]},{"@type":"ImageObject","inLanguage":"it-IT","@id":"https:\/\/ttr.works\/it\/nastri-a-trasferimento-termico\/#primaryimage","url":"https:\/\/ttr.works\/wp-content\/uploads\/TTR-Ribbon-webpagina.png","contentUrl":"https:\/\/ttr.works\/wp-content\/uploads\/TTR-Ribbon-webpagina.png"},{"@type":"BreadcrumbList","@id":"https:\/\/ttr.works\/it\/nastri-a-trasferimento-termico\/#breadcrumb","itemListElement":[{"@type":"ListItem","position":1,"name":"Home","item":"https:\/\/ttr.works\/it\/home\/"},{"@type":"ListItem","position":2,"name":"Nastri a trasferimento termico"}]},{"@type":"WebSite","@id":"https:\/\/ttr.works\/it\/#website","url":"https:\/\/ttr.works\/it\/","name":"TTR Euroworks","description":"Your ttr partner","potentialAction":[{"@type":"SearchAction","target":{"@type":"EntryPoint","urlTemplate":"https:\/\/ttr.works\/it\/?s={search_term_string}"},"query-input":{"@type":"PropertyValueSpecification","valueRequired":true,"valueName":"search_term_string"}}],"inLanguage":"it-IT"}]}},"_links":{"self":[{"href":"https:\/\/ttr.works\/it\/wp-json\/wp\/v2\/pages\/4285","targetHints":{"allow":["GET"]}}],"collection":[{"href":"https:\/\/ttr.works\/it\/wp-json\/wp\/v2\/pages"}],"about":[{"href":"https:\/\/ttr.works\/it\/wp-json\/wp\/v2\/types\/page"}],"author":[{"embeddable":true,"href":"https:\/\/ttr.works\/it\/wp-json\/wp\/v2\/users\/1"}],"replies":[{"embeddable":true,"href":"https:\/\/ttr.works\/it\/wp-json\/wp\/v2\/comments?post=4285"}],"version-history":[{"count":15,"href":"https:\/\/ttr.works\/it\/wp-json\/wp\/v2\/pages\/4285\/revisions"}],"predecessor-version":[{"id":31222,"href":"https:\/\/ttr.works\/it\/wp-json\/wp\/v2\/pages\/4285\/revisions\/31222"}],"wp:attachment":[{"href":"https:\/\/ttr.works\/it\/wp-json\/wp\/v2\/media?parent=4285"}],"wp:term":[{"taxonomy":"category","embeddable":true,"href":"https:\/\/ttr.works\/it\/wp-json\/wp\/v2\/categories?post=4285"},{"taxonomy":"post_tag","embeddable":true,"href":"https:\/\/ttr.works\/it\/wp-json\/wp\/v2\/tags?post=4285"}],"curies":[{"name":"wp","href":"https:\/\/api.w.org\/{rel}","templated":true}]}}