{"id":6545,"date":"2021-10-11T07:38:23","date_gmt":"2021-10-11T07:38:23","guid":{"rendered":"https:\/\/ttr.works\/?page_id=6545"},"modified":"2024-07-04T13:43:26","modified_gmt":"2024-07-04T13:43:26","slug":"materiali-per-la-pulizia-delle-testine-di-stampa","status":"publish","type":"page","link":"https:\/\/ttr.works\/it\/materiali-per-la-pulizia-delle-testine-di-stampa\/","title":{"rendered":"Una testina di stampa pulita dura il doppio del tempo"},"content":{"rendered":"\n<h2 class=\"wp-block-heading\">Una testina di stampa pulita dura molto di pi\u00f9<\/h2>\n\n<p><strong>Non c&#8217;\u00e8 bisogno di dirvi che la testina di stampa \u00e8 la parte di ricambio pi\u00f9 costosa in una stampante per etichette. \u00c8 anche la parte pi\u00f9 soggetta a usura. Residui di inchiostro, sporco e polvere si accumulano. Questo causa la maggior parte dei problemi legati alla stampa e riduce le prestazioni della stampante per etichette.<\/strong><\/p>\n\n<p>La buona notizia? Puoi prevenire il guasto prematuro della testina di stampa da solo. Con i nostri prodotti di pulizia per testine di stampa 4U, avrai una soluzione certificata per ogni stampante per etichette. I nostri panni, penne e tamponi per la pulizia sono facili da usare. Chiunque pu\u00f2 farlo.<\/p>\n\n<div style=\"height:20px\" aria-hidden=\"true\" class=\"wp-block-spacer\"><\/div>\n\n<a href=\"https:\/\/thermalprinting.shop\/cleaning\" class=\"link-btn\">Negozio online TTR <i class=\"fal fa-chevron-right\"><\/i><\/a><a href=\"https:\/\/ttr.works\/thermal-transfer\/reseller.php\" class=\"link-btn second\">Pagina rivenditori <i class=\"fal fa-chevron-right\"><\/i><\/a>\r\n\n<div style=\"height:42px\" aria-hidden=\"true\" class=\"wp-block-spacer\"><\/div>\n\n<h2 class=\"wp-block-heading\">Dal nostro blog<\/h2>\n\n<div style=\"height:18px\" aria-hidden=\"true\" class=\"wp-block-spacer\"><\/div>\n\n<div class=\"wp-block-media-text is-stacked-on-mobile\" style=\"grid-template-columns:29% auto\"><figure class=\"wp-block-media-text__media\"><a href=\"https:\/\/ttr.works\/tips-for-a-longer-printhead-life\/\"><img decoding=\"async\" width=\"218\" height=\"171\" data-src=\"https:\/\/ttr.works\/wp-content\/uploads\/blog-TTR-cleaning.png\" alt=\"\" class=\"wp-image-23261 size-full lazyload\" src=\"data:image\/svg+xml;base64,PHN2ZyB3aWR0aD0iMSIgaGVpZ2h0PSIxIiB4bWxucz0iaHR0cDovL3d3dy53My5vcmcvMjAwMC9zdmciPjwvc3ZnPg==\" style=\"--smush-placeholder-width: 218px; --smush-placeholder-aspect-ratio: 218\/171;\" \/><\/a><\/figure><div class=\"wp-block-media-text__content\">\n<p><strong><a href=\"https:\/\/ttr.works\/it\/suggerimenti-per-prolungare-la-durata-della-testina-di-stampa\/\">Consigli di esperti per una maggiore durata della testina di stampa:<\/a><\/strong>\u00a0La testina di stampa \u00e8 una delle componenti pi\u00f9 importanti e costose. \u00c8 soggetta a usura naturale, inchiostro, sporco e polvere. Questi consigli degli esperti ti aiuteranno a prolungare la vita della tua testina di stampa. Risparmierai denaro sostituendole meno frequentemente.<\/p>\n<\/div><\/div>\n\n<div style=\"height:25px\" aria-hidden=\"true\" class=\"wp-block-spacer\"><\/div>\n\n<div class=\"wp-block-media-text is-stacked-on-mobile\" style=\"grid-template-columns:29% auto\"><figure class=\"wp-block-media-text__media\"><a href=\"https:\/\/ttr.works\/tips-for-a-longer-printhead-life\/\"><img decoding=\"async\" width=\"988\" height=\"323\" data-src=\"https:\/\/ttr.works\/wp-content\/uploads\/4URP-Homepage-Banner-2-1.png\" alt=\"\" class=\"wp-image-22877 size-full lazyload\" data-srcset=\"https:\/\/ttr.works\/wp-content\/uploads\/4URP-Homepage-Banner-2-1.png 988w, https:\/\/ttr.works\/wp-content\/uploads\/4URP-Homepage-Banner-2-1-300x98.png 300w, https:\/\/ttr.works\/wp-content\/uploads\/4URP-Homepage-Banner-2-1-768x251.png 768w\" data-sizes=\"(max-width: 988px) 100vw, 988px\" src=\"data:image\/svg+xml;base64,PHN2ZyB3aWR0aD0iMSIgaGVpZ2h0PSIxIiB4bWxucz0iaHR0cDovL3d3dy53My5vcmcvMjAwMC9zdmciPjwvc3ZnPg==\" style=\"--smush-placeholder-width: 988px; --smush-placeholder-aspect-ratio: 988\/323;\" \/><\/a><\/figure><div class=\"wp-block-media-text__content\">\n<p><a href=\"https:\/\/ttr.works\/thermal-transfer\/4u-rewards.php\"><strong>Raccogli punti per i tuoi sconti:<\/strong><\/a>\u00a0Puoi accumulare punti con ogni acquisto di testine di stampa e stampanti. \u00c8 completamente gratuito e non devi fare altro che iscriverti. Puoi utilizzare questo sconto per i prodotti di pulizia 4U o per i nastri termici.<\/p>\n<\/div><\/div>\n\n<div style=\"height:25px\" aria-hidden=\"true\" class=\"wp-block-spacer\"><\/div>\n","protected":false},"excerpt":{"rendered":"<p>Una testina di stampa pulita dura molto di pi\u00f9 Non c&#8217;\u00e8 bisogno di dirvi che la testina di stampa \u00e8 la parte di ricambio pi\u00f9 costosa in una stampante per etichette. \u00c8 anche la parte pi\u00f9 soggetta a usura. Residui di inchiostro, sporco e polvere si accumulano. Questo causa la maggior parte dei problemi legati [&hellip;]<\/p>\n","protected":false},"author":1,"featured_media":0,"parent":0,"menu_order":0,"comment_status":"closed","ping_status":"closed","template":"template-cleaning.php","meta":{"_acf_changed":false,"content-type":"","footnotes":""},"categories":[],"tags":[265],"class_list":["post-6545","page","type-page","status-publish","hentry","tag-product-it"],"acf":[],"yoast_head":"<!-- This site is optimized with the Yoast SEO plugin v25.9 - https:\/\/yoast.com\/wordpress\/plugins\/seo\/ -->\n<title>Una testina di stampa pulita dura il doppio del tempo - TTR Euroworks<\/title>\n<meta name=\"robots\" content=\"index, follow, max-snippet:-1, max-image-preview:large, max-video-preview:-1\" \/>\n<link rel=\"canonical\" href=\"https:\/\/ttr.works\/it\/materiali-per-la-pulizia-delle-testine-di-stampa\/\" \/>\n<meta property=\"og:locale\" content=\"it_IT\" \/>\n<meta property=\"og:type\" content=\"article\" \/>\n<meta property=\"og:title\" content=\"Una testina di stampa pulita dura il doppio del tempo - TTR Euroworks\" \/>\n<meta property=\"og:description\" content=\"Una testina di stampa pulita dura molto di pi\u00f9 Non c&#8217;\u00e8 bisogno di dirvi che la testina di stampa \u00e8 la parte di ricambio pi\u00f9 costosa in una stampante per etichette. \u00c8 anche la parte pi\u00f9 soggetta a usura. Residui di inchiostro, sporco e polvere si accumulano. Questo causa la maggior parte dei problemi legati [&hellip;]\" \/>\n<meta property=\"og:url\" content=\"https:\/\/ttr.works\/it\/materiali-per-la-pulizia-delle-testine-di-stampa\/\" \/>\n<meta property=\"og:site_name\" content=\"TTR Euroworks\" \/>\n<meta property=\"article:modified_time\" content=\"2024-07-04T13:43:26+00:00\" \/>\n<meta property=\"og:image\" content=\"https:\/\/ttr.works\/wp-content\/uploads\/blog-TTR-cleaning.png\" \/>\n<meta name=\"twitter:card\" content=\"summary_large_image\" \/>\n<meta name=\"twitter:label1\" content=\"Tempo di lettura stimato\" \/>\n\t<meta name=\"twitter:data1\" content=\"1 minuto\" \/>\n<script type=\"application\/ld+json\" class=\"yoast-schema-graph\">{\"@context\":\"https:\/\/schema.org\",\"@graph\":[{\"@type\":\"WebPage\",\"@id\":\"https:\/\/ttr.works\/it\/materiali-per-la-pulizia-delle-testine-di-stampa\/\",\"url\":\"https:\/\/ttr.works\/it\/materiali-per-la-pulizia-delle-testine-di-stampa\/\",\"name\":\"Una testina di stampa pulita dura il doppio del tempo - TTR Euroworks\",\"isPartOf\":{\"@id\":\"https:\/\/ttr.works\/it\/#website\"},\"primaryImageOfPage\":{\"@id\":\"https:\/\/ttr.works\/it\/materiali-per-la-pulizia-delle-testine-di-stampa\/#primaryimage\"},\"image\":{\"@id\":\"https:\/\/ttr.works\/it\/materiali-per-la-pulizia-delle-testine-di-stampa\/#primaryimage\"},\"thumbnailUrl\":\"https:\/\/ttr.works\/wp-content\/uploads\/blog-TTR-cleaning.png\",\"datePublished\":\"2021-10-11T07:38:23+00:00\",\"dateModified\":\"2024-07-04T13:43:26+00:00\",\"breadcrumb\":{\"@id\":\"https:\/\/ttr.works\/it\/materiali-per-la-pulizia-delle-testine-di-stampa\/#breadcrumb\"},\"inLanguage\":\"it-IT\",\"potentialAction\":[{\"@type\":\"ReadAction\",\"target\":[\"https:\/\/ttr.works\/it\/materiali-per-la-pulizia-delle-testine-di-stampa\/\"]}]},{\"@type\":\"ImageObject\",\"inLanguage\":\"it-IT\",\"@id\":\"https:\/\/ttr.works\/it\/materiali-per-la-pulizia-delle-testine-di-stampa\/#primaryimage\",\"url\":\"https:\/\/ttr.works\/wp-content\/uploads\/blog-TTR-cleaning.png\",\"contentUrl\":\"https:\/\/ttr.works\/wp-content\/uploads\/blog-TTR-cleaning.png\"},{\"@type\":\"BreadcrumbList\",\"@id\":\"https:\/\/ttr.works\/it\/materiali-per-la-pulizia-delle-testine-di-stampa\/#breadcrumb\",\"itemListElement\":[{\"@type\":\"ListItem\",\"position\":1,\"name\":\"Home\",\"item\":\"https:\/\/ttr.works\/it\/home\/\"},{\"@type\":\"ListItem\",\"position\":2,\"name\":\"Una testina di stampa pulita dura il doppio del tempo\"}]},{\"@type\":\"WebSite\",\"@id\":\"https:\/\/ttr.works\/it\/#website\",\"url\":\"https:\/\/ttr.works\/it\/\",\"name\":\"TTR Euroworks\",\"description\":\"Your ttr partner\",\"potentialAction\":[{\"@type\":\"SearchAction\",\"target\":{\"@type\":\"EntryPoint\",\"urlTemplate\":\"https:\/\/ttr.works\/it\/?s={search_term_string}\"},\"query-input\":{\"@type\":\"PropertyValueSpecification\",\"valueRequired\":true,\"valueName\":\"search_term_string\"}}],\"inLanguage\":\"it-IT\"}]}<\/script>\n<!-- \/ Yoast SEO plugin. -->","yoast_head_json":{"title":"Una testina di stampa pulita dura il doppio del tempo - TTR Euroworks","robots":{"index":"index","follow":"follow","max-snippet":"max-snippet:-1","max-image-preview":"max-image-preview:large","max-video-preview":"max-video-preview:-1"},"canonical":"https:\/\/ttr.works\/it\/materiali-per-la-pulizia-delle-testine-di-stampa\/","og_locale":"it_IT","og_type":"article","og_title":"Una testina di stampa pulita dura il doppio del tempo - TTR Euroworks","og_description":"Una testina di stampa pulita dura molto di pi\u00f9 Non c&#8217;\u00e8 bisogno di dirvi che la testina di stampa \u00e8 la parte di ricambio pi\u00f9 costosa in una stampante per etichette. \u00c8 anche la parte pi\u00f9 soggetta a usura. Residui di inchiostro, sporco e polvere si accumulano. Questo causa la maggior parte dei problemi legati [&hellip;]","og_url":"https:\/\/ttr.works\/it\/materiali-per-la-pulizia-delle-testine-di-stampa\/","og_site_name":"TTR Euroworks","article_modified_time":"2024-07-04T13:43:26+00:00","og_image":[{"url":"https:\/\/ttr.works\/wp-content\/uploads\/blog-TTR-cleaning.png","type":"","width":"","height":""}],"twitter_card":"summary_large_image","twitter_misc":{"Tempo di lettura stimato":"1 minuto"},"schema":{"@context":"https:\/\/schema.org","@graph":[{"@type":"WebPage","@id":"https:\/\/ttr.works\/it\/materiali-per-la-pulizia-delle-testine-di-stampa\/","url":"https:\/\/ttr.works\/it\/materiali-per-la-pulizia-delle-testine-di-stampa\/","name":"Una testina di stampa pulita dura il doppio del tempo - TTR Euroworks","isPartOf":{"@id":"https:\/\/ttr.works\/it\/#website"},"primaryImageOfPage":{"@id":"https:\/\/ttr.works\/it\/materiali-per-la-pulizia-delle-testine-di-stampa\/#primaryimage"},"image":{"@id":"https:\/\/ttr.works\/it\/materiali-per-la-pulizia-delle-testine-di-stampa\/#primaryimage"},"thumbnailUrl":"https:\/\/ttr.works\/wp-content\/uploads\/blog-TTR-cleaning.png","datePublished":"2021-10-11T07:38:23+00:00","dateModified":"2024-07-04T13:43:26+00:00","breadcrumb":{"@id":"https:\/\/ttr.works\/it\/materiali-per-la-pulizia-delle-testine-di-stampa\/#breadcrumb"},"inLanguage":"it-IT","potentialAction":[{"@type":"ReadAction","target":["https:\/\/ttr.works\/it\/materiali-per-la-pulizia-delle-testine-di-stampa\/"]}]},{"@type":"ImageObject","inLanguage":"it-IT","@id":"https:\/\/ttr.works\/it\/materiali-per-la-pulizia-delle-testine-di-stampa\/#primaryimage","url":"https:\/\/ttr.works\/wp-content\/uploads\/blog-TTR-cleaning.png","contentUrl":"https:\/\/ttr.works\/wp-content\/uploads\/blog-TTR-cleaning.png"},{"@type":"BreadcrumbList","@id":"https:\/\/ttr.works\/it\/materiali-per-la-pulizia-delle-testine-di-stampa\/#breadcrumb","itemListElement":[{"@type":"ListItem","position":1,"name":"Home","item":"https:\/\/ttr.works\/it\/home\/"},{"@type":"ListItem","position":2,"name":"Una testina di stampa pulita dura il doppio del tempo"}]},{"@type":"WebSite","@id":"https:\/\/ttr.works\/it\/#website","url":"https:\/\/ttr.works\/it\/","name":"TTR Euroworks","description":"Your ttr partner","potentialAction":[{"@type":"SearchAction","target":{"@type":"EntryPoint","urlTemplate":"https:\/\/ttr.works\/it\/?s={search_term_string}"},"query-input":{"@type":"PropertyValueSpecification","valueRequired":true,"valueName":"search_term_string"}}],"inLanguage":"it-IT"}]}},"_links":{"self":[{"href":"https:\/\/ttr.works\/it\/wp-json\/wp\/v2\/pages\/6545","targetHints":{"allow":["GET"]}}],"collection":[{"href":"https:\/\/ttr.works\/it\/wp-json\/wp\/v2\/pages"}],"about":[{"href":"https:\/\/ttr.works\/it\/wp-json\/wp\/v2\/types\/page"}],"author":[{"embeddable":true,"href":"https:\/\/ttr.works\/it\/wp-json\/wp\/v2\/users\/1"}],"replies":[{"embeddable":true,"href":"https:\/\/ttr.works\/it\/wp-json\/wp\/v2\/comments?post=6545"}],"version-history":[{"count":11,"href":"https:\/\/ttr.works\/it\/wp-json\/wp\/v2\/pages\/6545\/revisions"}],"predecessor-version":[{"id":24244,"href":"https:\/\/ttr.works\/it\/wp-json\/wp\/v2\/pages\/6545\/revisions\/24244"}],"wp:attachment":[{"href":"https:\/\/ttr.works\/it\/wp-json\/wp\/v2\/media?parent=6545"}],"wp:term":[{"taxonomy":"category","embeddable":true,"href":"https:\/\/ttr.works\/it\/wp-json\/wp\/v2\/categories?post=6545"},{"taxonomy":"post_tag","embeddable":true,"href":"https:\/\/ttr.works\/it\/wp-json\/wp\/v2\/tags?post=6545"}],"curies":[{"name":"wp","href":"https:\/\/api.w.org\/{rel}","templated":true}]}}