{"id":1390,"date":"2020-09-16T13:46:47","date_gmt":"2020-09-16T13:46:47","guid":{"rendered":"https:\/\/ttr.works\/?page_id=1390"},"modified":"2025-11-12T12:39:36","modified_gmt":"2025-11-12T12:39:36","slug":"textiel-etiketten","status":"publish","type":"page","link":"https:\/\/ttr.works\/nl\/labels\/textiel-etiketten\/","title":{"rendered":"Textiel etiketten"},"content":{"rendered":"\r\n\r\n\r\n<p><img decoding=\"async\" class=\"wp-image-28664 alignright lazyload\" style=\"--smush-placeholder-width: 424px; --smush-placeholder-aspect-ratio: 424\/282;float: right; margin-left: 1em; margin-bottom: 1em;\" data-src=\"https:\/\/ttr.works\/wp-content\/uploads\/\/TTR-Euroworks-supply-advantage-1-300x200.png\" alt=\"\" width=\"424\" height=\"282\" data-srcset=\"https:\/\/ttr.works\/wp-content\/uploads\/TTR-Euroworks-supply-advantage-1-300x200.png 300w, https:\/\/ttr.works\/wp-content\/uploads\/TTR-Euroworks-supply-advantage-1-1024x683.png 1024w, https:\/\/ttr.works\/wp-content\/uploads\/TTR-Euroworks-supply-advantage-1-768x512.png 768w, https:\/\/ttr.works\/wp-content\/uploads\/TTR-Euroworks-supply-advantage-1.png 1536w\" data-sizes=\"(max-width: 424px) 100vw, 424px\" src=\"data:image\/svg+xml;base64,PHN2ZyB3aWR0aD0iMSIgaGVpZ2h0PSIxIiB4bWxucz0iaHR0cDovL3d3dy53My5vcmcvMjAwMC9zdmciPjwvc3ZnPg==\" \/><\/p>\r\n<p data-start=\"135\" data-end=\"528\"><strong data-start=\"135\" data-end=\"222\">Producten die honderden wascycli doorstaan, hebben labels nodig die hetzelfde doen. <\/strong>Resin Textile-linten en nylon labels van TTR Euroworks bieden duurzame, leesbare en conforme identificatie voor elke textielprinttoepassing. Combineer hoogwaardige printers, premium Resin Textile-inktbanden en kwaliteitslabelmaterialen voor consistente resultaten en minimale downtime.<\/p>\r\n<p data-start=\"530\" data-end=\"700\">Probeer de <strong data-start=\"545\" data-end=\"579\">TTR Euroworks Supply Advantage<\/strong> met volumekortingen vanaf dag \u00e9\u00e9n, vaste jaarlijkse prijzen en exclusieve aanbiedingen bij het toevoegen of vervangen van stofprinters. Vraag uw prijs aan zonder verplichting.<\/p>\r\n\r\n\r\n\r\n<p><a class=\"link-btn\" href=\"https:\/\/hs.ttreuroworks.com\/textile-label-printing\">Ontdek de TTR supply advantage<\/a><\/p>\r\n\r\n\r\n\r\n<div class=\"wp-block-spacer\" style=\"height: 17px;\" aria-hidden=\"true\">\u00a0<\/div>\r\n\r\n\r\n\r\n<h3 class=\"wp-block-heading\" data-start=\"645\" data-end=\"671\">Nylon &amp; Satijnen Labels<\/h3>\r\n\r\n\r\n\r\n<p data-start=\"673\" data-end=\"907\">Het kiezen van het juiste labelmateriaal hangt af van uw type kledingstuk en wasvereisten. Daarom bieden wij OEKO-TEX\u00ae Standard 100 gecertificeerde Nylon en Satijnen labelmaterialen aan. Ze zijn veilig, duurzaam en vrij van schadelijke stoffen.<\/p>\r\n\r\n\r\n\r\n<ul class=\"wp-block-list\" data-start=\"909\" data-end=\"1167\">\r\n<li data-start=\"909\" data-end=\"1054\"><strong data-start=\"911\" data-end=\"928\">Nylon labels:<\/strong> Duurzaam, dubbelzijdig bedrukbaar en bestand tegen frequent wassen &#8211; ideaal voor werkkleding, uniformen en industri\u00eble textiel.<\/li>\r\n<li data-start=\"1055\" data-end=\"1167\"><strong data-start=\"1057\" data-end=\"1074\">Satijnen labels:<\/strong> Zacht, glad en perfect voor premium stoffen zoals designerkleding en luxemerken.<\/li>\r\n<\/ul>\r\n\r\n\r\n\r\n<figure class=\"wp-block-image size-medium is-style-default\"><img decoding=\"async\" class=\"wp-image-2282 lazyload\" data-src=\"https:\/\/ttr.works\/wp-content\/uploads\/\/ttr-header-nylon-3-300x300.jpg\" alt=\"\" width=\"300\" height=\"300\" data-srcset=\"https:\/\/ttr.works\/wp-content\/uploads\/ttr-header-nylon-3-300x300.jpg 300w, https:\/\/ttr.works\/wp-content\/uploads\/ttr-header-nylon-3-150x150.jpg 150w, https:\/\/ttr.works\/wp-content\/uploads\/ttr-header-nylon-3.jpg 600w\" data-sizes=\"(max-width: 300px) 100vw, 300px\" src=\"data:image\/svg+xml;base64,PHN2ZyB3aWR0aD0iMSIgaGVpZ2h0PSIxIiB4bWxucz0iaHR0cDovL3d3dy53My5vcmcvMjAwMC9zdmciPjwvc3ZnPg==\" style=\"--smush-placeholder-width: 300px; --smush-placeholder-aspect-ratio: 300\/300;\" \/><\/figure>\r\n\r\n\r\n\r\n<div class=\"wp-block-spacer\" style=\"height: 17px;\" aria-hidden=\"true\">\u00a0<\/div>\r\n\r\n\r\n\r\n<h3 class=\"wp-block-heading\"><strong>4U Resin Textile Lint<\/strong><\/h3>\r\n\r\n\r\n\r\n<p>Bereik duurzame printkwaliteit op elk stoffen label. Onze <strong data-start=\"1263\" data-end=\"1291\">4U Resin Textile Lint<\/strong> levert scherpe resultaten voor kleine tekst en wassymbolen die bestand zijn tegen wassen, strijken en chemisch reinigen. Volledig compatibel met nylon en satijnen labels en beschikbaar in meerdere kleuren.<\/p>\r\n\r\n\r\n\r\n<div class=\"wp-block-spacer\" style=\"height: 17px;\" aria-hidden=\"true\">\u00a0<\/div>\r\n\r\n\r\n<div class=\"wp-block-image\">\r\n<figure class=\"alignleft size-medium is-style-default\"><img decoding=\"async\" class=\"wp-image-28186 lazyload\" data-src=\"https:\/\/ttr.works\/wp-content\/uploads\/\/cab-textile-300x169.jpg\" alt=\"\" width=\"300\" height=\"169\" data-srcset=\"https:\/\/ttr.works\/wp-content\/uploads\/cab-textile-300x169.jpg 300w, https:\/\/ttr.works\/wp-content\/uploads\/cab-textile-768x432.jpg 768w, https:\/\/ttr.works\/wp-content\/uploads\/cab-textile.jpg 797w\" data-sizes=\"(max-width: 300px) 100vw, 300px\" src=\"data:image\/svg+xml;base64,PHN2ZyB3aWR0aD0iMSIgaGVpZ2h0PSIxIiB4bWxucz0iaHR0cDovL3d3dy53My5vcmcvMjAwMC9zdmciPjwvc3ZnPg==\" style=\"--smush-placeholder-width: 300px; --smush-placeholder-aspect-ratio: 300\/169;\" \/><\/figure><\/div>\r\n\r\n\r\n<div class=\"wp-block-spacer\" style=\"height: 17px;\" aria-hidden=\"true\">\u00a0<\/div>\r\n\r\n\r\n\r\n<h3 class=\"wp-block-heading\"><strong>Professionele Stofprinters<\/strong><\/h3>\r\n\r\n\r\n\r\n<p data-start=\"1520\" data-end=\"1668\">Rust uw productielijn uit met betrouwbare <strong data-start=\"1561\" data-end=\"1603\">CAB\u00ae, TSC\u00ae en Avery\u00ae stofprinters<\/strong> met ingebouwde stoftsnijders voor soepele, precieze resultaten.<\/p>\r\n\r\n\r\n\r\n<ul class=\"wp-block-list\" data-start=\"1669\" data-end=\"1813\">\r\n<li data-start=\"1669\" data-end=\"1695\">Nauwkeurige labelsnijden<\/li>\r\n<li data-start=\"1696\" data-end=\"1731\">Hoge snelheid, hoge kwaliteit output<\/li>\r\n<li data-start=\"1732\" data-end=\"1763\">Eenvoudige integratie in productie<\/li>\r\n<\/ul>\r\n\r\n\r\n\r\n<div class=\"wp-block-spacer\" style=\"height: 40px;\" aria-hidden=\"true\">\u00a0<\/div>\r\n\r\n\r\n\r\n<div class=\"wp-block-spacer\" style=\"height: 28px;\" aria-hidden=\"true\">\u00a0<\/div>\r\n\r\n\r\n\r\n<h3 class=\"wp-block-heading\"><strong>V&amp;A: Stoffen Label Printen<\/strong><\/h3>\r\n\r\n\r\n\r\n<p><strong>V: Waar worden nylon onderhoudslabels voor gebruikt?<\/strong><br \/>A: Nylon onderhoudslabels zijn duurzaam en bestand tegen frequent wassen, waardoor ze ideaal zijn voor werkkleding, uniformen, outdoorkleding en ander industrieel textiel. Ze zorgen ervoor dat wasinstructies en branding leesbaar blijven gedurende de levenscyclus van het kledingstuk.<\/p>\r\n\r\n\r\n\r\n<p><strong>V: Waarom kiezen voor satijnen labels voor kleding?<\/strong><br \/>A: Satijnen labels zijn zacht, glad en elegant, waardoor ze de voorkeur hebben voor premium stoffen en luxekleding. Ze geven een high-end uitstraling terwijl ze comfortabel blijven tegen de huid.<\/p>\r\n\r\n\r\n\r\n<p><strong>V: Kan ik textiellabels in-house printen?<\/strong><br \/>A: Ja. Met de juiste apparatuur, zoals <strong>CAB of TSC printers met stoftsnijders<\/strong>, kunt u nylon en satijnen labels direct in-house printen. Gecombineerd met <strong>resin thermal transfer linten<\/strong>, zorgt dit voor professionele, duurzame resultaten.<\/p>\r\n\r\n\r\n\r\n<p><strong>V: Zijn uw textiellabels gecertificeerd en veilig?<\/strong><br \/>A: Ja. Onze nylon en satijnen stoffen labels voldoen aan <strong>OEKO-TEX\u00ae Standard 100<\/strong>, waardoor ze vrij zijn van schadelijke stoffen en veilig voor gebruik in kleding, zelfs voor gevoelige huid.<\/p>\r\n\r\n\r\n\r\n<p><strong>V: Welke linten zijn het beste voor het printen op stoffen labels?<\/strong><br \/>A: Voor textieltoepassingen raden wij 4U Resin Textile thermal transfer linten aan. Ze leveren scherpe printkwaliteit en zijn bestand tegen wassen, strijken en chemisch reinigen, waardoor zorginstructies zichtbaar blijven na verloop van tijd.<\/p>\r\n\r\n\r\n\r\n<p><strong>V: Wat is een complete textiellabel printoplossing?<\/strong><br \/>A: Een complete oplossing omvat <strong>stoffen labelrollen (nylon of satijn)<\/strong>, een <strong>printer met stoftsnijder<\/strong> en <strong>resin thermal linten<\/strong>. Deze alles-in-\u00e9\u00e9n opstelling bespaart tijd, verlaagt kosten en garandeert consistente kwaliteit voor textiellabeling.<\/p>\r\n\r\n\r\n\r\n<p><strong>V: Wat zijn nylon taffeta labels?<\/strong><br \/>A: Een sterk en flexibel onderhoudslabel dat dubbelzijdig bedrukt kan worden. Wasinstructies en andere informatie worden gemakkelijk en scherp op het label gedrukt bij 300 dpi.<\/p>\r\n\r\n\r\n\r\n<p><strong>V: Wat is Polyester Satijn Taffeta?<\/strong><br \/>A: Het meest flexibele en zachte onderhoudslabel in ons assortiment, ontworpen voor luxere stoffen. We hebben polyester voor huishoudelijke en agressieve wassen. Dankzij de zogenaamde (hot) slit edge wordt de neiging tot rafelen die bij dit type onderhoudslabel hoort ge\u00eblimineerd. Deze polyester satijnversie kan aan \u00e9\u00e9n kant worden bedrukt.<\/p>\r\n\r\n\r\n\r\n<p><strong>V: Wat is Extra Sterk Taffeta?<\/strong><br \/>A: Dit zwaardere type textiellabel is vooral geschikt voor werkkleding en ander textiel waar industri\u00eble wassen vereist zijn. Denk aan overalls, gordijnen en zelfs paardendekens! Dit type textiellabel biedt ook een oplossing voor stomerijen. Na frequent wassen behouden extra sterke taffeta labels hun hoogwaardige print. Extra sterk taffeta kan aan \u00e9\u00e9n kant worden bedrukt met de combinatie van een resin inktlint.<\/p>\r\n\r\n\r\n\r\n<div class=\"wp-block-spacer\" style=\"height: 29px;\" aria-hidden=\"true\">\u00a0<\/div>\r\n\r\n\r\n\r\n<p><strong>Hebt u uw antwoord niet gevonden? Vraag ons alles.<\/strong><\/p>\r\n\r\n\r\n\r\n<p><a class=\"link-btn\" href=\"https:\/\/ttr.works\/nl\/contact\/\">Neem contact op met TTR Euroworks<\/a><\/p>\r\n\r\n<p>&nbsp;<\/p>","protected":false},"excerpt":{"rendered":"<p>Producten die honderden wascycli doorstaan, hebben labels nodig die hetzelfde doen. Resin Textile-linten en nylon labels van TTR Euroworks bieden duurzame, leesbare en conforme identificatie voor elke textielprinttoepassing. Combineer hoogwaardige printers, premium Resin Textile-inktbanden en kwaliteitslabelmaterialen voor consistente resultaten en minimale downtime. Probeer de TTR Euroworks Supply Advantage met volumekortingen vanaf dag \u00e9\u00e9n, vaste jaarlijkse [&hellip;]<\/p>\n","protected":false},"author":1,"featured_media":0,"parent":1559,"menu_order":0,"comment_status":"closed","ping_status":"closed","template":"template-product.php","meta":{"_acf_changed":false,"content-type":"","footnotes":""},"categories":[],"tags":[261],"class_list":["post-1390","page","type-page","status-publish","hentry","tag-product-nl"],"acf":[],"yoast_head":"<!-- This site is optimized with the Yoast SEO plugin v25.9 - https:\/\/yoast.com\/wordpress\/plugins\/seo\/ -->\n<title>Textiel etiketten - TTR Euroworks<\/title>\n<meta name=\"robots\" content=\"index, follow, max-snippet:-1, max-image-preview:large, max-video-preview:-1\" \/>\n<link rel=\"canonical\" href=\"https:\/\/ttr.works\/nl\/labels\/textiel-etiketten\/\" \/>\n<meta property=\"og:locale\" content=\"nl_NL\" \/>\n<meta property=\"og:type\" content=\"article\" \/>\n<meta property=\"og:title\" content=\"Textiel etiketten - TTR Euroworks\" \/>\n<meta property=\"og:description\" content=\"Producten die honderden wascycli doorstaan, hebben labels nodig die hetzelfde doen. Resin Textile-linten en nylon labels van TTR Euroworks bieden duurzame, leesbare en conforme identificatie voor elke textielprinttoepassing. Combineer hoogwaardige printers, premium Resin Textile-inktbanden en kwaliteitslabelmaterialen voor consistente resultaten en minimale downtime. Probeer de TTR Euroworks Supply Advantage met volumekortingen vanaf dag \u00e9\u00e9n, vaste jaarlijkse [&hellip;]\" \/>\n<meta property=\"og:url\" content=\"https:\/\/ttr.works\/nl\/labels\/textiel-etiketten\/\" \/>\n<meta property=\"og:site_name\" content=\"TTR Euroworks\" \/>\n<meta property=\"article:modified_time\" content=\"2025-11-12T12:39:36+00:00\" \/>\n<meta property=\"og:image\" content=\"https:\/\/ttr.works\/wp-content\/uploads\/ttr-header-nylon-3.jpg\" \/>\n<meta name=\"twitter:card\" content=\"summary_large_image\" \/>\n<meta name=\"twitter:label1\" content=\"Geschatte leestijd\" \/>\n\t<meta name=\"twitter:data1\" content=\"2 minuten\" \/>\n<script type=\"application\/ld+json\" class=\"yoast-schema-graph\">{\"@context\":\"https:\/\/schema.org\",\"@graph\":[{\"@type\":\"WebPage\",\"@id\":\"https:\/\/ttr.works\/nl\/labels\/textiel-etiketten\/\",\"url\":\"https:\/\/ttr.works\/nl\/labels\/textiel-etiketten\/\",\"name\":\"Textiel etiketten - TTR Euroworks\",\"isPartOf\":{\"@id\":\"https:\/\/ttr.works\/nl\/#website\"},\"primaryImageOfPage\":{\"@id\":\"https:\/\/ttr.works\/nl\/labels\/textiel-etiketten\/#primaryimage\"},\"image\":{\"@id\":\"https:\/\/ttr.works\/nl\/labels\/textiel-etiketten\/#primaryimage\"},\"thumbnailUrl\":\"https:\/\/ttr.works\/wp-content\/uploads\/\/TTR-Euroworks-supply-advantage-1-300x200.png\",\"datePublished\":\"2020-09-16T13:46:47+00:00\",\"dateModified\":\"2025-11-12T12:39:36+00:00\",\"breadcrumb\":{\"@id\":\"https:\/\/ttr.works\/nl\/labels\/textiel-etiketten\/#breadcrumb\"},\"inLanguage\":\"nl-NL\",\"potentialAction\":[{\"@type\":\"ReadAction\",\"target\":[\"https:\/\/ttr.works\/nl\/labels\/textiel-etiketten\/\"]}]},{\"@type\":\"ImageObject\",\"inLanguage\":\"nl-NL\",\"@id\":\"https:\/\/ttr.works\/nl\/labels\/textiel-etiketten\/#primaryimage\",\"url\":\"https:\/\/ttr.works\/wp-content\/uploads\/\/TTR-Euroworks-supply-advantage-1-300x200.png\",\"contentUrl\":\"https:\/\/ttr.works\/wp-content\/uploads\/\/TTR-Euroworks-supply-advantage-1-300x200.png\"},{\"@type\":\"BreadcrumbList\",\"@id\":\"https:\/\/ttr.works\/nl\/labels\/textiel-etiketten\/#breadcrumb\",\"itemListElement\":[{\"@type\":\"ListItem\",\"position\":1,\"name\":\"Home\",\"item\":\"https:\/\/ttr.works\/nl\/home\/\"},{\"@type\":\"ListItem\",\"position\":2,\"name\":\"Labels op rol\",\"item\":\"https:\/\/ttr.works\/nl\/labels\/\"},{\"@type\":\"ListItem\",\"position\":3,\"name\":\"Textiel labels\"}]},{\"@type\":\"WebSite\",\"@id\":\"https:\/\/ttr.works\/nl\/#website\",\"url\":\"https:\/\/ttr.works\/nl\/\",\"name\":\"TTR Euroworks\",\"description\":\"Your ttr partner\",\"potentialAction\":[{\"@type\":\"SearchAction\",\"target\":{\"@type\":\"EntryPoint\",\"urlTemplate\":\"https:\/\/ttr.works\/nl\/?s={search_term_string}\"},\"query-input\":{\"@type\":\"PropertyValueSpecification\",\"valueRequired\":true,\"valueName\":\"search_term_string\"}}],\"inLanguage\":\"nl-NL\"}]}<\/script>\n<!-- \/ Yoast SEO plugin. -->","yoast_head_json":{"title":"Textiel etiketten - TTR Euroworks","robots":{"index":"index","follow":"follow","max-snippet":"max-snippet:-1","max-image-preview":"max-image-preview:large","max-video-preview":"max-video-preview:-1"},"canonical":"https:\/\/ttr.works\/nl\/labels\/textiel-etiketten\/","og_locale":"nl_NL","og_type":"article","og_title":"Textiel etiketten - TTR Euroworks","og_description":"Producten die honderden wascycli doorstaan, hebben labels nodig die hetzelfde doen. Resin Textile-linten en nylon labels van TTR Euroworks bieden duurzame, leesbare en conforme identificatie voor elke textielprinttoepassing. Combineer hoogwaardige printers, premium Resin Textile-inktbanden en kwaliteitslabelmaterialen voor consistente resultaten en minimale downtime. Probeer de TTR Euroworks Supply Advantage met volumekortingen vanaf dag \u00e9\u00e9n, vaste jaarlijkse [&hellip;]","og_url":"https:\/\/ttr.works\/nl\/labels\/textiel-etiketten\/","og_site_name":"TTR Euroworks","article_modified_time":"2025-11-12T12:39:36+00:00","og_image":[{"url":"https:\/\/ttr.works\/wp-content\/uploads\/ttr-header-nylon-3.jpg","type":"","width":"","height":""}],"twitter_card":"summary_large_image","twitter_misc":{"Geschatte leestijd":"2 minuten"},"schema":{"@context":"https:\/\/schema.org","@graph":[{"@type":"WebPage","@id":"https:\/\/ttr.works\/nl\/labels\/textiel-etiketten\/","url":"https:\/\/ttr.works\/nl\/labels\/textiel-etiketten\/","name":"Textiel etiketten - TTR Euroworks","isPartOf":{"@id":"https:\/\/ttr.works\/nl\/#website"},"primaryImageOfPage":{"@id":"https:\/\/ttr.works\/nl\/labels\/textiel-etiketten\/#primaryimage"},"image":{"@id":"https:\/\/ttr.works\/nl\/labels\/textiel-etiketten\/#primaryimage"},"thumbnailUrl":"https:\/\/ttr.works\/wp-content\/uploads\/\/TTR-Euroworks-supply-advantage-1-300x200.png","datePublished":"2020-09-16T13:46:47+00:00","dateModified":"2025-11-12T12:39:36+00:00","breadcrumb":{"@id":"https:\/\/ttr.works\/nl\/labels\/textiel-etiketten\/#breadcrumb"},"inLanguage":"nl-NL","potentialAction":[{"@type":"ReadAction","target":["https:\/\/ttr.works\/nl\/labels\/textiel-etiketten\/"]}]},{"@type":"ImageObject","inLanguage":"nl-NL","@id":"https:\/\/ttr.works\/nl\/labels\/textiel-etiketten\/#primaryimage","url":"https:\/\/ttr.works\/wp-content\/uploads\/\/TTR-Euroworks-supply-advantage-1-300x200.png","contentUrl":"https:\/\/ttr.works\/wp-content\/uploads\/\/TTR-Euroworks-supply-advantage-1-300x200.png"},{"@type":"BreadcrumbList","@id":"https:\/\/ttr.works\/nl\/labels\/textiel-etiketten\/#breadcrumb","itemListElement":[{"@type":"ListItem","position":1,"name":"Home","item":"https:\/\/ttr.works\/nl\/home\/"},{"@type":"ListItem","position":2,"name":"Labels op rol","item":"https:\/\/ttr.works\/nl\/labels\/"},{"@type":"ListItem","position":3,"name":"Textiel labels"}]},{"@type":"WebSite","@id":"https:\/\/ttr.works\/nl\/#website","url":"https:\/\/ttr.works\/nl\/","name":"TTR Euroworks","description":"Your ttr partner","potentialAction":[{"@type":"SearchAction","target":{"@type":"EntryPoint","urlTemplate":"https:\/\/ttr.works\/nl\/?s={search_term_string}"},"query-input":{"@type":"PropertyValueSpecification","valueRequired":true,"valueName":"search_term_string"}}],"inLanguage":"nl-NL"}]}},"_links":{"self":[{"href":"https:\/\/ttr.works\/nl\/wp-json\/wp\/v2\/pages\/1390","targetHints":{"allow":["GET"]}}],"collection":[{"href":"https:\/\/ttr.works\/nl\/wp-json\/wp\/v2\/pages"}],"about":[{"href":"https:\/\/ttr.works\/nl\/wp-json\/wp\/v2\/types\/page"}],"author":[{"embeddable":true,"href":"https:\/\/ttr.works\/nl\/wp-json\/wp\/v2\/users\/1"}],"replies":[{"embeddable":true,"href":"https:\/\/ttr.works\/nl\/wp-json\/wp\/v2\/comments?post=1390"}],"version-history":[{"count":22,"href":"https:\/\/ttr.works\/nl\/wp-json\/wp\/v2\/pages\/1390\/revisions"}],"predecessor-version":[{"id":29332,"href":"https:\/\/ttr.works\/nl\/wp-json\/wp\/v2\/pages\/1390\/revisions\/29332"}],"up":[{"embeddable":true,"href":"https:\/\/ttr.works\/nl\/wp-json\/wp\/v2\/pages\/1559"}],"wp:attachment":[{"href":"https:\/\/ttr.works\/nl\/wp-json\/wp\/v2\/media?parent=1390"}],"wp:term":[{"taxonomy":"category","embeddable":true,"href":"https:\/\/ttr.works\/nl\/wp-json\/wp\/v2\/categories?post=1390"},{"taxonomy":"post_tag","embeddable":true,"href":"https:\/\/ttr.works\/nl\/wp-json\/wp\/v2\/tags?post=1390"}],"curies":[{"name":"wp","href":"https:\/\/api.w.org\/{rel}","templated":true}]}}