{"id":1559,"date":"2020-09-24T09:26:29","date_gmt":"2020-09-24T09:26:29","guid":{"rendered":"https:\/\/ttr.works\/?page_id=1559"},"modified":"2026-02-23T09:17:05","modified_gmt":"2026-02-23T09:17:05","slug":"labels","status":"publish","type":"page","link":"https:\/\/ttr.works\/nl\/labels\/","title":{"rendered":"Labels op rol"},"content":{"rendered":"<div class=\"wp-block-image\">\n<figure class=\"alignright size-large is-resized\"><img decoding=\"async\" width=\"1024\" height=\"927\" data-src=\"https:\/\/ttr.works\/wp-content\/uploads\/\/zd421-1-1024x927.png\" alt=\"\" class=\"wp-image-23729 lazyload\" style=\"--smush-placeholder-width: 1024px; --smush-placeholder-aspect-ratio: 1024\/927;width:358px;height:auto\" data-srcset=\"https:\/\/ttr.works\/wp-content\/uploads\/zd421-1-1024x927.png 1024w, https:\/\/ttr.works\/wp-content\/uploads\/zd421-1-300x272.png 300w, https:\/\/ttr.works\/wp-content\/uploads\/zd421-1-768x695.png 768w, https:\/\/ttr.works\/wp-content\/uploads\/zd421-1-1536x1391.png 1536w, https:\/\/ttr.works\/wp-content\/uploads\/zd421-1-2048x1854.png 2048w\" data-sizes=\"(max-width: 1024px) 100vw, 1024px\" src=\"data:image\/svg+xml;base64,PHN2ZyB3aWR0aD0iMSIgaGVpZ2h0PSIxIiB4bWxucz0iaHR0cDovL3d3dy53My5vcmcvMjAwMC9zdmciPjwvc3ZnPg==\" \/><\/figure><\/div>\n\n\n<p>Wij leveren blanco etiketten op rol, linerless, en textieletiketten voor dagelijks gebruik en structurele volumes. Vaste rol prijzen, levering uit uw &#8220;eigen voorraad&#8221; en ondersteuning bij materiaalkeuze. <\/p>\n\n\n\n<p>U krijgt een voorstel op basis van uw printer en verbruik. Altijd consistente specificaties en kwaliteit. Extra voordeel met prijszekerheid en levercontinu\u00efteit. Call-off levering vanuit voorraad of consignatie is mogelijk.<\/p>\n\n\n\n<p><\/p>\n\n\n\n<a href=\"https:\/\/ttr.works\/nl\/contact\/\" class=\"link-btn\">Vraag direct een prijs op <i class=\"fal fa-chevron-right\"><\/i><\/a>\n\n\n\n<div style=\"height:41px\" aria-hidden=\"true\" class=\"wp-block-spacer\"><\/div>\n\n\n\n<h2 class=\"wp-block-heading\"><strong>Blanco etiketten op rol voor labelprinters<\/strong><\/h2>\n\n\n<div class=\"wp-block-image\">\n<figure class=\"alignright size-full is-resized\"><img decoding=\"async\" width=\"565\" height=\"457\" data-src=\"https:\/\/ttr.works\/wp-content\/uploads\/Blank-coated-labels.jpg\" alt=\"\" class=\"wp-image-25938 lazyload\" style=\"--smush-placeholder-width: 565px; --smush-placeholder-aspect-ratio: 565\/457;width:370px;height:auto\" data-srcset=\"https:\/\/ttr.works\/wp-content\/uploads\/Blank-coated-labels.jpg 565w, https:\/\/ttr.works\/wp-content\/uploads\/Blank-coated-labels-300x243.jpg 300w\" data-sizes=\"(max-width: 565px) 100vw, 565px\" src=\"data:image\/svg+xml;base64,PHN2ZyB3aWR0aD0iMSIgaGVpZ2h0PSIxIiB4bWxucz0iaHR0cDovL3d3dy53My5vcmcvMjAwMC9zdmciPjwvc3ZnPg==\" \/><\/figure><\/div>\n\n\n<p><\/p>\n\n\n\n<p>Onze klanten zijn <strong>resellers en producenten <\/strong>die zekerheid nodig hebben in prijs en levering. Kies de printmethode die past bij uw proces, wij zorgen dat materiaal, belijming en rolconfiguratie kloppen. Dankzij onze in huis productie leveren we etiketten snel en tegen een scherpe prijs.<\/p>\n\n\n\n<ul class=\"wp-block-list\">\n<li>Beschikbaar met permanente, removable en deep freeze belijming<\/li>\n\n\n\n<li>Geschikt voor Zebra, Honeywell, CAB, Sato en meer*<\/li>\n\n\n\n<li>Vaste rol prijzen bij structureel verbruik<\/li>\n\n\n\n<li>Levering uit voorraad of op afroep<\/li>\n<\/ul>\n\n\n\n<a href=\"https:\/\/ttr.works\/nl\/contact\/\" class=\"link-btn\">Vraag direct een prijs op <i class=\"fal fa-chevron-right\"><\/i><\/a>\n\n\n\n<div style=\"height:99px\" aria-hidden=\"true\" class=\"wp-block-spacer\"><\/div>\n\n\n\n<h2 class=\"wp-block-heading\"><strong><strong>Nylon en Satijn labels op rol<\/strong><\/strong><\/h2>\n\n\n<div class=\"wp-block-image\">\n<figure class=\"alignright size-full is-resized\"><img decoding=\"async\" width=\"1536\" height=\"1024\" data-src=\"https:\/\/ttr.works\/wp-content\/uploads\/TTR-Euroworks-supply-advantage-1.png\" alt=\"\" class=\"wp-image-28665 lazyload\" style=\"--smush-placeholder-width: 1536px; --smush-placeholder-aspect-ratio: 1536\/1024;width:442px;height:auto\" data-srcset=\"https:\/\/ttr.works\/wp-content\/uploads\/TTR-Euroworks-supply-advantage-1.png 1536w, https:\/\/ttr.works\/wp-content\/uploads\/TTR-Euroworks-supply-advantage-1-300x200.png 300w, https:\/\/ttr.works\/wp-content\/uploads\/TTR-Euroworks-supply-advantage-1-1024x683.png 1024w, https:\/\/ttr.works\/wp-content\/uploads\/TTR-Euroworks-supply-advantage-1-768x512.png 768w\" data-sizes=\"(max-width: 1536px) 100vw, 1536px\" src=\"data:image\/svg+xml;base64,PHN2ZyB3aWR0aD0iMSIgaGVpZ2h0PSIxIiB4bWxucz0iaHR0cDovL3d3dy53My5vcmcvMjAwMC9zdmciPjwvc3ZnPg==\" \/><\/figure><\/div>\n\n\n<p>Producten die honderden wascycli doorstaan, vragen om labels die hetzelfde doen. Onze <strong>OEKO TEX Standard 100<\/strong> gecertificeerde nylon en satijnen labels zorgen voor duurzame, goed leesbare prints en combineren perfect met onze <strong>Resin Textile 4U inktlinten<\/strong>. Dubbelzijdig bedrukbaar en gemaakt voor frequent wassen, ideaal voor werkkleding, uniformen en industrieel textiel.<\/p>\n\n\n\n<p>Met TTR Supply Advantage krijg je volumekorting vanaf dag \u00e9\u00e9n en vaste jaarlijkse prijzen. Vraag je prijs aan zonder verplichting.<\/p>\n\n\n\n<a href=\"https:\/\/hs.ttreuroworks.com\/textile-label-printing\" class=\"link-btn\">TTR supply advantage <i class=\"fal fa-chevron-right\"><\/i><\/a>\n\n\n\n<div style=\"height:114px\" aria-hidden=\"true\" class=\"wp-block-spacer\"><\/div>\n\n\n\n<h2 class=\"wp-block-heading\"><strong><strong>Linerless labels voor minder afval en minder rolwissels<\/strong><\/strong><\/h2>\n\n\n<div class=\"wp-block-image\">\n<figure class=\"alignright size-full is-resized\"><img decoding=\"async\" width=\"1024\" height=\"1024\" data-src=\"https:\/\/ttr.works\/wp-content\/uploads\/nl-1.png\" alt=\"\" class=\"wp-image-30544 lazyload\" style=\"--smush-placeholder-width: 1024px; --smush-placeholder-aspect-ratio: 1024\/1024;width:357px;height:auto\" data-srcset=\"https:\/\/ttr.works\/wp-content\/uploads\/nl-1.png 1024w, https:\/\/ttr.works\/wp-content\/uploads\/nl-1-300x300.png 300w, https:\/\/ttr.works\/wp-content\/uploads\/nl-1-150x150.png 150w, https:\/\/ttr.works\/wp-content\/uploads\/nl-1-768x768.png 768w\" data-sizes=\"(max-width: 1024px) 100vw, 1024px\" src=\"data:image\/svg+xml;base64,PHN2ZyB3aWR0aD0iMSIgaGVpZ2h0PSIxIiB4bWxucz0iaHR0cDovL3d3dy53My5vcmcvMjAwMC9zdmciPjwvc3ZnPg==\" \/><\/figure><\/div>\n\n\n<p>Linerless labels zijn een effici\u00ebnte en duurzamere labeloplossing zonder rugfolie. Ze rollen soepel af dankzij een kleeflaag aan \u00e9\u00e9n kant en een loslaatlaag aan de andere kant. Met een linerless printer worden ze geprint en direct op lengte gesneden, ideaal bij variabele labellengtes. Pas op, niet elke labelprinter is geschikt voor linerless etiketten. <a href=\"https:\/\/ttr.works\/nl\/contact\/\">We adviseren u graag<\/a>.<\/p>\n\n\n\n<ul class=\"wp-block-list\">\n<li>Meer labels per rol: minder wissels, opslag en transport kosten<\/li>\n\n\n\n<li>Minder afval: geen backing materiaal<\/li>\n\n\n\n<li>Breed inzetbaar: logistiek, retail en food<\/li>\n<\/ul>\n\n\n\n<p>Meer weten over de werking en toepassingen van linerless printen? Je leest er alles over op de blog &#8220;<strong><a href=\"https:\/\/ttr.works\/nl\/linerless-labels\/\" target=\"_blank\" rel=\"noreferrer noopener\">Hoe linerless printen werkt<\/a><\/strong>&#8220;.<\/p>\n\n\n\n<div style=\"height:71px\" aria-hidden=\"true\" class=\"wp-block-spacer\"><\/div>\n\n\n\n<p>* <em>Alle genoemde bedrijfs- en productnamen zijn handelsmerken, geregistreerde handelsmerken of auteursrechten van hun respectieve eigenaren. TTR Euroworks BV doet niet opzettelijk of op enige andere wijze voorkomen dat zij gelieerd is aan of een vertegenwoordiger is van een van de bedrijven of geregistreerde merken.<\/em><\/p>\n\n\n\n<p><\/p>\n","protected":false},"excerpt":{"rendered":"<p>Wij leveren blanco etiketten op rol, linerless, en textieletiketten voor dagelijks gebruik en structurele volumes. Vaste rol prijzen, levering uit uw &#8220;eigen voorraad&#8221; en ondersteuning bij materiaalkeuze. U krijgt een voorstel op basis van uw printer en verbruik. Altijd consistente specificaties en kwaliteit. Extra voordeel met prijszekerheid en levercontinu\u00efteit. Call-off levering vanuit voorraad of consignatie [&hellip;]<\/p>\n","protected":false},"author":1,"featured_media":0,"parent":0,"menu_order":0,"comment_status":"closed","ping_status":"closed","template":"template-product.php","meta":{"_acf_changed":false,"content-type":"","footnotes":""},"categories":[],"tags":[],"class_list":["post-1559","page","type-page","status-publish","hentry"],"acf":[],"_links":{"self":[{"href":"https:\/\/ttr.works\/nl\/wp-json\/wp\/v2\/pages\/1559","targetHints":{"allow":["GET"]}}],"collection":[{"href":"https:\/\/ttr.works\/nl\/wp-json\/wp\/v2\/pages"}],"about":[{"href":"https:\/\/ttr.works\/nl\/wp-json\/wp\/v2\/types\/page"}],"author":[{"embeddable":true,"href":"https:\/\/ttr.works\/nl\/wp-json\/wp\/v2\/users\/1"}],"replies":[{"embeddable":true,"href":"https:\/\/ttr.works\/nl\/wp-json\/wp\/v2\/comments?post=1559"}],"version-history":[{"count":5,"href":"https:\/\/ttr.works\/nl\/wp-json\/wp\/v2\/pages\/1559\/revisions"}],"predecessor-version":[{"id":30626,"href":"https:\/\/ttr.works\/nl\/wp-json\/wp\/v2\/pages\/1559\/revisions\/30626"}],"wp:attachment":[{"href":"https:\/\/ttr.works\/nl\/wp-json\/wp\/v2\/media?parent=1559"}],"wp:term":[{"taxonomy":"category","embeddable":true,"href":"https:\/\/ttr.works\/nl\/wp-json\/wp\/v2\/categories?post=1559"},{"taxonomy":"post_tag","embeddable":true,"href":"https:\/\/ttr.works\/nl\/wp-json\/wp\/v2\/tags?post=1559"}],"curies":[{"name":"wp","href":"https:\/\/api.w.org\/{rel}","templated":true}]}}