{"id":21462,"date":"2024-02-05T08:29:02","date_gmt":"2024-02-05T08:29:02","guid":{"rendered":"https:\/\/ttr.works\/?page_id=21462"},"modified":"2024-07-29T08:38:57","modified_gmt":"2024-07-29T08:38:57","slug":"resin-flathead-ribbons","status":"publish","type":"page","link":"https:\/\/ttr.works\/nl\/thermal-transfer-ribbons\/resin-flathead-ribbons\/","title":{"rendered":"Resin flathead ribbons"},"content":{"rendered":"\n<h1 class=\"wp-block-heading\">Resin 4U ribbons<\/h1>\n<div class=\"wp-block-image\">\n<figure class=\"alignright size-large is-resized\"><img decoding=\"async\" width=\"1024\" height=\"861\" data-src=\"https:\/\/ttr.works\/wp-content\/uploads\/\/4U_logo_with_even_more_padding-1024x861.png\" alt=\"\" class=\"wp-image-24083 lazyload\" style=\"--smush-placeholder-width: 1024px; --smush-placeholder-aspect-ratio: 1024\/861;width:304px;height:auto\" data-srcset=\"https:\/\/ttr.works\/wp-content\/uploads\/4U_logo_with_even_more_padding-1024x861.png 1024w, https:\/\/ttr.works\/wp-content\/uploads\/4U_logo_with_even_more_padding-300x252.png 300w, https:\/\/ttr.works\/wp-content\/uploads\/4U_logo_with_even_more_padding-768x646.png 768w, https:\/\/ttr.works\/wp-content\/uploads\/4U_logo_with_even_more_padding.png 1211w\" data-sizes=\"(max-width: 1024px) 100vw, 1024px\" src=\"data:image\/svg+xml;base64,PHN2ZyB3aWR0aD0iMSIgaGVpZ2h0PSIxIiB4bWxucz0iaHR0cDovL3d3dy53My5vcmcvMjAwMC9zdmciPjwvc3ZnPg==\" \/><\/figure><\/div>\n<p>Resin linten zijn vereist in toepassingen die een uitstekende mechanische en oplosmiddelbestendigheid vereisen. Ze zijn geschikt voor het printen op de meeste synthetische materialen zoals PVC, PET, PP en diverse mat- en glanzend gecoate papiersoorten.<\/p>\n\n<p>Als je op zoek bent naar <a href=\"https:\/\/ttr.works\/nl\/thermal-transfer-ribbons\/wax-resin-near-edge-ribbons\/\">Near-Edge ribbons, klik hier<\/a>.<\/p>\n\n<p>Omdat ze bij een veel hogere temperatuur smelten, lost de inkt op in het materiaal waarop ze zijn gedrukt, waardoor extreem duurzame en duurzame afbeeldingen ontstaan.<\/p>\n\n<a href=\"https:\/\/ttr.works\/nl\/gratis-sample-box\/\" class=\"link-btn\">Receive a free sample box <i class=\"fal fa-chevron-right\"><\/i><\/a><a href=\"https:\/\/ttr.works\/wp-content\/uploads\/Standard-4U-ribbons_lijst-website.pdf\" target=\"_blank\" class=\"link-btn second\" rel=\"noopener\">Download stock list <i class=\"fal fa-chevron-right\"><\/i><\/a>\r\n\n<div style=\"height:30px\" aria-hidden=\"true\" class=\"wp-block-spacer\"><\/div>\n\n<h2 class=\"wp-block-heading\">Onze 4U flathead resin ribbon opties<\/h2>\n\n<div class=\"wp-block-media-text alignwide is-stacked-on-mobile is-vertically-aligned-center\" style=\"grid-template-columns:21% auto\"><figure class=\"wp-block-media-text__media\"><img decoding=\"async\" width=\"360\" height=\"446\" data-src=\"https:\/\/ttr.works\/wp-content\/uploads\/r300-met-logo.png\" alt=\"\" class=\"wp-image-23962 size-medium lazyload\" data-srcset=\"https:\/\/ttr.works\/wp-content\/uploads\/r300-met-logo.png 360w, https:\/\/ttr.works\/wp-content\/uploads\/r300-met-logo-242x300.png 242w\" data-sizes=\"(max-width: 360px) 100vw, 360px\" src=\"data:image\/svg+xml;base64,PHN2ZyB3aWR0aD0iMSIgaGVpZ2h0PSIxIiB4bWxucz0iaHR0cDovL3d3dy53My5vcmcvMjAwMC9zdmciPjwvc3ZnPg==\" style=\"--smush-placeholder-width: 360px; --smush-placeholder-aspect-ratio: 360\/446;\" \/><\/figure><div class=\"wp-block-media-text__content\">\n<h3 class=\"wp-block-heading\">Economical Resin 4U 300<\/h3>\n\n\n\n<p><a href=\"https:\/\/ttr.works\/wp-content\/uploads\/r4u-350.pdf\" target=\"_blank\" rel=\"noreferrer noopener\">Download Datasheet<\/a><\/p>\n\n\n\n<p>Resin voor algemeen gebruik die duurzame en heldere beelden produceert met uitstekende kras- en veegbestendigheid.<\/p>\n\n\n\n<p>\u2013 Extreme slijtvastheid&#13;\n\u2013 Antistatische achterlaag verlengt de levensduur van de printkop<\/p>\n<\/div><\/div>\n\n<div style=\"height:30px\" aria-hidden=\"true\" class=\"wp-block-spacer\"><\/div>\n\n<div class=\"wp-block-media-text alignwide is-stacked-on-mobile is-vertically-aligned-center\" style=\"grid-template-columns:21% auto\"><figure class=\"wp-block-media-text__media\"><img decoding=\"async\" width=\"360\" height=\"446\" data-src=\"https:\/\/ttr.works\/wp-content\/uploads\/r350-met-logo.png\" alt=\"\" class=\"wp-image-23971 size-medium lazyload\" data-srcset=\"https:\/\/ttr.works\/wp-content\/uploads\/r350-met-logo.png 360w, https:\/\/ttr.works\/wp-content\/uploads\/r350-met-logo-242x300.png 242w\" data-sizes=\"(max-width: 360px) 100vw, 360px\" src=\"data:image\/svg+xml;base64,PHN2ZyB3aWR0aD0iMSIgaGVpZ2h0PSIxIiB4bWxucz0iaHR0cDovL3d3dy53My5vcmcvMjAwMC9zdmciPjwvc3ZnPg==\" style=\"--smush-placeholder-width: 360px; --smush-placeholder-aspect-ratio: 360\/446;\" \/><\/figure><div class=\"wp-block-media-text__content\">\n<h3 class=\"wp-block-heading\">Premium Resin 4U 350<\/h3>\n\n\n\n<p><a href=\"https:\/\/ttr.works\/wp-content\/uploads\/r4u-350-1.pdf\" target=\"_blank\" rel=\"noreferrer noopener\">Download Datasheet<\/a><\/p>\n\n\n\n<p>Hoge weerstand tegen agressieve chemicali\u00ebn, zoals aceton, tolueen en MEK. Het elimineert de noodzaak van plastic lamineren in bepaalde industrie\u00ebn, waardoor de productie van labels wordt teruggebracht tot een proces in \u00e9\u00e9n stap, waardoor de kosten worden ge\u00eblimineerd.<\/p>\n\n\n\n<p>\u2013 Extreme weerstand tegen agressieve chemicali\u00ebn&#13;\n\u2013 Micro-labels en asset-tags in de elektronica- en auto-industrie&#13;\n\u2013 Chemische labels op vaten en containers<\/p>\n<\/div><\/div>\n","protected":false},"excerpt":{"rendered":"<p>Resin 4U ribbons Resin linten zijn vereist in toepassingen die een uitstekende mechanische en oplosmiddelbestendigheid vereisen. Ze zijn geschikt voor het printen op de meeste synthetische materialen zoals PVC, PET, PP en diverse mat- en glanzend gecoate papiersoorten. Als je op zoek bent naar Near-Edge ribbons, klik hier. Omdat ze bij een veel hogere temperatuur [&hellip;]<\/p>\n","protected":false},"author":6,"featured_media":0,"parent":1017,"menu_order":0,"comment_status":"closed","ping_status":"closed","template":"template-4u.php","meta":{"_acf_changed":false,"content-type":"","footnotes":""},"categories":[],"tags":[261],"class_list":["post-21462","page","type-page","status-publish","hentry","tag-product-nl"],"acf":[],"_links":{"self":[{"href":"https:\/\/ttr.works\/nl\/wp-json\/wp\/v2\/pages\/21462","targetHints":{"allow":["GET"]}}],"collection":[{"href":"https:\/\/ttr.works\/nl\/wp-json\/wp\/v2\/pages"}],"about":[{"href":"https:\/\/ttr.works\/nl\/wp-json\/wp\/v2\/types\/page"}],"author":[{"embeddable":true,"href":"https:\/\/ttr.works\/nl\/wp-json\/wp\/v2\/users\/6"}],"replies":[{"embeddable":true,"href":"https:\/\/ttr.works\/nl\/wp-json\/wp\/v2\/comments?post=21462"}],"version-history":[{"count":5,"href":"https:\/\/ttr.works\/nl\/wp-json\/wp\/v2\/pages\/21462\/revisions"}],"predecessor-version":[{"id":24480,"href":"https:\/\/ttr.works\/nl\/wp-json\/wp\/v2\/pages\/21462\/revisions\/24480"}],"up":[{"embeddable":true,"href":"https:\/\/ttr.works\/nl\/wp-json\/wp\/v2\/pages\/1017"}],"wp:attachment":[{"href":"https:\/\/ttr.works\/nl\/wp-json\/wp\/v2\/media?parent=21462"}],"wp:term":[{"taxonomy":"category","embeddable":true,"href":"https:\/\/ttr.works\/nl\/wp-json\/wp\/v2\/categories?post=21462"},{"taxonomy":"post_tag","embeddable":true,"href":"https:\/\/ttr.works\/nl\/wp-json\/wp\/v2\/tags?post=21462"}],"curies":[{"name":"wp","href":"https:\/\/api.w.org\/{rel}","templated":true}]}}