{"id":23701,"date":"2024-06-24T11:14:59","date_gmt":"2024-06-24T11:14:59","guid":{"rendered":"https:\/\/ttr.works\/?page_id=23701"},"modified":"2024-06-24T11:15:00","modified_gmt":"2024-06-24T11:15:00","slug":"lendahand","status":"publish","type":"page","link":"https:\/\/ttr.works\/nl\/lendahand\/","title":{"rendered":"Lendahand"},"content":{"rendered":"\n<p><strong>Deze bedrijven dragen niet alleen bij aan de economische ontwikkeling van hun land door banen te cre\u00ebren, maar ze hebben ook een betekenisvolle sociale en ecologische impact. Ze hebben echter \u00e9\u00e9n grote uitdaging: toegang tot financiering om hun bedrijf te laten groeien en sneller banen te cre\u00ebren.<\/strong><\/p>\n\n\n\n<p>We investeren in deze kleine bedrijven door onze samenwerking met <strong>Lendahand<\/strong>, een crowdfunding platform dat zich inzet voor sociale, ecologische en economische verandering. Deze bedrijven hebben vaak geen toegang tot traditionele financieringskanalen vanwege hoge rentetarieven en strenge eisen en worden meestal over het hoofd gezien door investeerders ondanks hun potentieel en het belang van het ondersteunen van bedrijven zoals deze om een positieve impact te hebben op het leven van veel mensen.<\/p>\n\n\n\n<p>Daarom willen we onze inspanningen intensiveren en helpen de financi\u00eble middelen te bieden die hardwerkende ondernemers in opkomende markten nodig hebben om te slagen.<\/p>\n\n\n\n<a href=\"https:\/\/www.lendahand.com\/en-EU\" style=\"font-family: 'neuzeit-grotesk', Helvetica, Arial, sans-serif;font-size: 19px;margin-top: 20px;background: linear-gradient(45deg, #369983, #237f6a);padding: 15px 30px;border-radius: 7px;color: #fff;display: inline-block;\" target=\"_blank\" rel=\"noopener\">Lees meer over Lendahand \u2192<\/a>\n","protected":false},"excerpt":{"rendered":"<p>Deze bedrijven dragen niet alleen bij aan de economische ontwikkeling van hun land door banen te cre\u00ebren, maar ze hebben ook een betekenisvolle sociale en ecologische impact. Ze hebben echter \u00e9\u00e9n grote uitdaging: toegang tot financiering om hun bedrijf te laten groeien en sneller banen te cre\u00ebren. We investeren in deze kleine bedrijven door onze [&hellip;]<\/p>\n","protected":false},"author":5,"featured_media":0,"parent":0,"menu_order":0,"comment_status":"closed","ping_status":"closed","template":"template-lendahand.php","meta":{"_acf_changed":false,"content-type":"","footnotes":""},"categories":[],"tags":[],"class_list":["post-23701","page","type-page","status-publish","hentry"],"acf":[],"yoast_head":"<!-- This site is optimized with the Yoast SEO plugin v25.9 - https:\/\/yoast.com\/wordpress\/plugins\/seo\/ -->\n<title>Lendahand - TTR Euroworks<\/title>\n<meta name=\"robots\" content=\"index, follow, max-snippet:-1, max-image-preview:large, max-video-preview:-1\" \/>\n<link rel=\"canonical\" href=\"https:\/\/ttr.works\/nl\/lendahand\/\" \/>\n<meta property=\"og:locale\" content=\"nl_NL\" \/>\n<meta property=\"og:type\" content=\"article\" \/>\n<meta property=\"og:title\" content=\"Lendahand - TTR Euroworks\" \/>\n<meta property=\"og:description\" content=\"Deze bedrijven dragen niet alleen bij aan de economische ontwikkeling van hun land door banen te cre\u00ebren, maar ze hebben ook een betekenisvolle sociale en ecologische impact. Ze hebben echter \u00e9\u00e9n grote uitdaging: toegang tot financiering om hun bedrijf te laten groeien en sneller banen te cre\u00ebren. We investeren in deze kleine bedrijven door onze [&hellip;]\" \/>\n<meta property=\"og:url\" content=\"https:\/\/ttr.works\/nl\/lendahand\/\" \/>\n<meta property=\"og:site_name\" content=\"TTR Euroworks\" \/>\n<meta property=\"article:modified_time\" content=\"2024-06-24T11:15:00+00:00\" \/>\n<meta name=\"twitter:card\" content=\"summary_large_image\" \/>\n<meta name=\"twitter:label1\" content=\"Geschatte leestijd\" \/>\n\t<meta name=\"twitter:data1\" content=\"1 minuut\" \/>\n<script type=\"application\/ld+json\" class=\"yoast-schema-graph\">{\"@context\":\"https:\/\/schema.org\",\"@graph\":[{\"@type\":\"WebPage\",\"@id\":\"https:\/\/ttr.works\/nl\/lendahand\/\",\"url\":\"https:\/\/ttr.works\/nl\/lendahand\/\",\"name\":\"Lendahand - TTR Euroworks\",\"isPartOf\":{\"@id\":\"https:\/\/ttr.works\/nl\/#website\"},\"datePublished\":\"2024-06-24T11:14:59+00:00\",\"dateModified\":\"2024-06-24T11:15:00+00:00\",\"breadcrumb\":{\"@id\":\"https:\/\/ttr.works\/nl\/lendahand\/#breadcrumb\"},\"inLanguage\":\"nl-NL\",\"potentialAction\":[{\"@type\":\"ReadAction\",\"target\":[\"https:\/\/ttr.works\/nl\/lendahand\/\"]}]},{\"@type\":\"BreadcrumbList\",\"@id\":\"https:\/\/ttr.works\/nl\/lendahand\/#breadcrumb\",\"itemListElement\":[{\"@type\":\"ListItem\",\"position\":1,\"name\":\"Home\",\"item\":\"https:\/\/ttr.works\/nl\/home\/\"},{\"@type\":\"ListItem\",\"position\":2,\"name\":\"Lendahand\"}]},{\"@type\":\"WebSite\",\"@id\":\"https:\/\/ttr.works\/nl\/#website\",\"url\":\"https:\/\/ttr.works\/nl\/\",\"name\":\"TTR Euroworks\",\"description\":\"Your ttr partner\",\"potentialAction\":[{\"@type\":\"SearchAction\",\"target\":{\"@type\":\"EntryPoint\",\"urlTemplate\":\"https:\/\/ttr.works\/nl\/?s={search_term_string}\"},\"query-input\":{\"@type\":\"PropertyValueSpecification\",\"valueRequired\":true,\"valueName\":\"search_term_string\"}}],\"inLanguage\":\"nl-NL\"}]}<\/script>\n<!-- \/ Yoast SEO plugin. -->","yoast_head_json":{"title":"Lendahand - TTR Euroworks","robots":{"index":"index","follow":"follow","max-snippet":"max-snippet:-1","max-image-preview":"max-image-preview:large","max-video-preview":"max-video-preview:-1"},"canonical":"https:\/\/ttr.works\/nl\/lendahand\/","og_locale":"nl_NL","og_type":"article","og_title":"Lendahand - TTR Euroworks","og_description":"Deze bedrijven dragen niet alleen bij aan de economische ontwikkeling van hun land door banen te cre\u00ebren, maar ze hebben ook een betekenisvolle sociale en ecologische impact. Ze hebben echter \u00e9\u00e9n grote uitdaging: toegang tot financiering om hun bedrijf te laten groeien en sneller banen te cre\u00ebren. We investeren in deze kleine bedrijven door onze [&hellip;]","og_url":"https:\/\/ttr.works\/nl\/lendahand\/","og_site_name":"TTR Euroworks","article_modified_time":"2024-06-24T11:15:00+00:00","twitter_card":"summary_large_image","twitter_misc":{"Geschatte leestijd":"1 minuut"},"schema":{"@context":"https:\/\/schema.org","@graph":[{"@type":"WebPage","@id":"https:\/\/ttr.works\/nl\/lendahand\/","url":"https:\/\/ttr.works\/nl\/lendahand\/","name":"Lendahand - TTR Euroworks","isPartOf":{"@id":"https:\/\/ttr.works\/nl\/#website"},"datePublished":"2024-06-24T11:14:59+00:00","dateModified":"2024-06-24T11:15:00+00:00","breadcrumb":{"@id":"https:\/\/ttr.works\/nl\/lendahand\/#breadcrumb"},"inLanguage":"nl-NL","potentialAction":[{"@type":"ReadAction","target":["https:\/\/ttr.works\/nl\/lendahand\/"]}]},{"@type":"BreadcrumbList","@id":"https:\/\/ttr.works\/nl\/lendahand\/#breadcrumb","itemListElement":[{"@type":"ListItem","position":1,"name":"Home","item":"https:\/\/ttr.works\/nl\/home\/"},{"@type":"ListItem","position":2,"name":"Lendahand"}]},{"@type":"WebSite","@id":"https:\/\/ttr.works\/nl\/#website","url":"https:\/\/ttr.works\/nl\/","name":"TTR Euroworks","description":"Your ttr partner","potentialAction":[{"@type":"SearchAction","target":{"@type":"EntryPoint","urlTemplate":"https:\/\/ttr.works\/nl\/?s={search_term_string}"},"query-input":{"@type":"PropertyValueSpecification","valueRequired":true,"valueName":"search_term_string"}}],"inLanguage":"nl-NL"}]}},"_links":{"self":[{"href":"https:\/\/ttr.works\/nl\/wp-json\/wp\/v2\/pages\/23701","targetHints":{"allow":["GET"]}}],"collection":[{"href":"https:\/\/ttr.works\/nl\/wp-json\/wp\/v2\/pages"}],"about":[{"href":"https:\/\/ttr.works\/nl\/wp-json\/wp\/v2\/types\/page"}],"author":[{"embeddable":true,"href":"https:\/\/ttr.works\/nl\/wp-json\/wp\/v2\/users\/5"}],"replies":[{"embeddable":true,"href":"https:\/\/ttr.works\/nl\/wp-json\/wp\/v2\/comments?post=23701"}],"version-history":[{"count":2,"href":"https:\/\/ttr.works\/nl\/wp-json\/wp\/v2\/pages\/23701\/revisions"}],"predecessor-version":[{"id":24014,"href":"https:\/\/ttr.works\/nl\/wp-json\/wp\/v2\/pages\/23701\/revisions\/24014"}],"wp:attachment":[{"href":"https:\/\/ttr.works\/nl\/wp-json\/wp\/v2\/media?parent=23701"}],"wp:term":[{"taxonomy":"category","embeddable":true,"href":"https:\/\/ttr.works\/nl\/wp-json\/wp\/v2\/categories?post=23701"},{"taxonomy":"post_tag","embeddable":true,"href":"https:\/\/ttr.works\/nl\/wp-json\/wp\/v2\/tags?post=23701"}],"curies":[{"name":"wp","href":"https:\/\/api.w.org\/{rel}","templated":true}]}}