{"id":20852,"date":"2024-02-05T08:54:54","date_gmt":"2024-02-05T08:54:54","guid":{"rendered":"https:\/\/ttr.works\/?page_id=20852"},"modified":"2024-07-29T09:28:21","modified_gmt":"2024-07-29T09:28:21","slug":"wax-flathead-ribbons","status":"publish","type":"page","link":"https:\/\/ttr.works\/pt-br\/ribbons-de-transferencia-termica\/wax-flathead-ribbons\/","title":{"rendered":"Wax flathead ribbons"},"content":{"rendered":"\n<h1 class=\"wp-block-heading\">Fitas de cera 4U<\/h1>\n<div class=\"wp-block-image\">\n<figure class=\"alignright size-large is-resized\"><img decoding=\"async\" width=\"1024\" height=\"861\" data-src=\"https:\/\/ttr.works\/wp-content\/uploads\/\/4U_logo_with_even_more_padding-1024x861.png\" alt=\"\" class=\"wp-image-24083 lazyload\" style=\"--smush-placeholder-width: 1024px; --smush-placeholder-aspect-ratio: 1024\/861;width:288px;height:auto\" data-srcset=\"https:\/\/ttr.works\/wp-content\/uploads\/4U_logo_with_even_more_padding-1024x861.png 1024w, https:\/\/ttr.works\/wp-content\/uploads\/4U_logo_with_even_more_padding-300x252.png 300w, https:\/\/ttr.works\/wp-content\/uploads\/4U_logo_with_even_more_padding-768x646.png 768w, https:\/\/ttr.works\/wp-content\/uploads\/4U_logo_with_even_more_padding.png 1211w\" data-sizes=\"(max-width: 1024px) 100vw, 1024px\" src=\"data:image\/svg+xml;base64,PHN2ZyB3aWR0aD0iMSIgaGVpZ2h0PSIxIiB4bWxucz0iaHR0cDovL3d3dy53My5vcmcvMjAwMC9zdmciPjwvc3ZnPg==\" \/><\/figure><\/div>\n<p>As fitas de cera s\u00e3o usadas em impressoras de etiquetas de transfer\u00eancia t\u00e9rmica. Podem ser pequenas impressoras de mesa ou impressoras industriais maiores e robustas. Ao usar uma fita de tinta, voc\u00ea pode produzir imagens de maior qualidade. Um efeito colateral positivo \u00e9 que o cabe\u00e7ote de impress\u00e3o dentro da impressora dura mais se voc\u00ea usar uma fita t\u00e9rmica.<\/p>\n\n<p>Com a Wax 4U 100 e 120 oferecemos uma op\u00e7\u00e3o econ\u00f4mica e premium para impress\u00e3o de c\u00f3digos de barras e texto. Ambas produzem imagens n\u00edtidas, mas a 120 \u00e9 a fita de cera de melhor qualidade para a mais ampla variedade de requisitos e superf\u00edcies de impress\u00e3o.<\/p>\n\n<a href=\"https:\/\/ttr.works\/pt-br\/caixa-de-amostra-gratis\/\" class=\"link-btn\">Receive a free sample box <i class=\"fal fa-chevron-right\"><\/i><\/a><a href=\"https:\/\/ttr.works\/thermal-transfer\/reseller.php\" target=\"_blank\" class=\"link-btn second\" rel=\"noopener\">Reseller page <i class=\"fal fa-chevron-right\"><\/i><\/a>\r\n\n<div style=\"height:30px\" aria-hidden=\"true\" class=\"wp-block-spacer\"><\/div>\n\n<h2 class=\"wp-block-heading\">Nossas op\u00e7\u00f5es de fita de cera de cabe\u00e7a chata 4U<\/h2>\n\n<div class=\"wp-block-media-text alignwide is-stacked-on-mobile is-vertically-aligned-center\" style=\"grid-template-columns:21% auto\"><figure class=\"wp-block-media-text__media\"><img decoding=\"async\" width=\"360\" height=\"446\" data-src=\"https:\/\/ttr.works\/wp-content\/uploads\/w100-met-logo.png\" alt=\"\" class=\"wp-image-23919 size-medium lazyload\" data-srcset=\"https:\/\/ttr.works\/wp-content\/uploads\/w100-met-logo.png 360w, https:\/\/ttr.works\/wp-content\/uploads\/w100-met-logo-242x300.png 242w\" data-sizes=\"(max-width: 360px) 100vw, 360px\" src=\"data:image\/svg+xml;base64,PHN2ZyB3aWR0aD0iMSIgaGVpZ2h0PSIxIiB4bWxucz0iaHR0cDovL3d3dy53My5vcmcvMjAwMC9zdmciPjwvc3ZnPg==\" style=\"--smush-placeholder-width: 360px; --smush-placeholder-aspect-ratio: 360\/446;\" \/><\/figure><div class=\"wp-block-media-text__content\">\n<h3 class=\"wp-block-heading\"><strong>Economical Wax 4U 100\u00a0<\/strong><\/h3>\n\n\n\n<p><a href=\"https:\/\/ttr.works\/wp-content\/uploads\/w4u-100.pdf\" target=\"_blank\" rel=\"noreferrer noopener\">Download Datasheet\u00a0<\/a><\/p>\n\n\n\n<p>A fita de cera mais econ\u00f3mica da nossa gama, ao mesmo tempo que proporciona um desempenho consistente numa vasta gama de materiais. \u00c9 uma boa solu\u00e7\u00e3o para etiquetas que n\u00e3o precisam durar anos e que n\u00e3o enfrentam condi\u00e7\u00f5es adversas como chuva, temperaturas extremas, etc.<\/p>\n\n\n\n<p>\u2013 Ribbon mais eficiente e econ\u00f4mico para o dia a dia&#13;\n\u2013 Alta escurid\u00e3o e c\u00f3digo de barras de defini\u00e7\u00e3o fina<\/p>\n<\/div><\/div>\n\n<div style=\"height:30px\" aria-hidden=\"true\" class=\"wp-block-spacer\"><\/div>\n\n<div class=\"wp-block-media-text alignwide is-stacked-on-mobile is-vertically-aligned-center\" style=\"grid-template-columns:21% auto\"><figure class=\"wp-block-media-text__media\"><img decoding=\"async\" width=\"360\" height=\"446\" data-src=\"https:\/\/ttr.works\/wp-content\/uploads\/w120-met-logo.png\" alt=\"\" class=\"wp-image-23927 size-medium lazyload\" data-srcset=\"https:\/\/ttr.works\/wp-content\/uploads\/w120-met-logo.png 360w, https:\/\/ttr.works\/wp-content\/uploads\/w120-met-logo-242x300.png 242w\" data-sizes=\"(max-width: 360px) 100vw, 360px\" src=\"data:image\/svg+xml;base64,PHN2ZyB3aWR0aD0iMSIgaGVpZ2h0PSIxIiB4bWxucz0iaHR0cDovL3d3dy53My5vcmcvMjAwMC9zdmciPjwvc3ZnPg==\" style=\"--smush-placeholder-width: 360px; --smush-placeholder-aspect-ratio: 360\/446;\" \/><\/figure><div class=\"wp-block-media-text__content\">\n<h3 class=\"wp-block-heading\"><strong>Premium Wax 4U 120<\/strong><\/h3>\n\n\n\n<p><a href=\"https:\/\/ttr.works\/wp-content\/uploads\/w4u-120.pdf\" target=\"_blank\" rel=\"noreferrer noopener\">Download Datasheet<\/a><\/p>\n\n\n\n<p>Cera premium que imprime imagens escuras e densas de alta qualidade e oferece uma das mais altas resist\u00eancias a manchas e arranh\u00f5es em sua linha. \u00c9 ideal para etiquetas de papel revestido e n\u00e3o revestido, papel sint\u00e9tico e etiquetas com verniz UV.<\/p>\n\n\n\n<p>\u2013 Maior resist\u00eancia a arranh\u00f5es em sua faixa&#13;\n\u2013 Compat\u00edvel com uma grande variedade de materiais, como pap\u00e9is revestidos e filmes sint\u00e9ticos<\/p>\n<\/div><\/div>\n","protected":false},"excerpt":{"rendered":"<p>Fitas de cera 4U As fitas de cera s\u00e3o usadas em impressoras de etiquetas de transfer\u00eancia t\u00e9rmica. Podem ser pequenas impressoras de mesa ou impressoras industriais maiores e robustas. Ao usar uma fita de tinta, voc\u00ea pode produzir imagens de maior qualidade. Um efeito colateral positivo \u00e9 que o cabe\u00e7ote de impress\u00e3o dentro da impressora [&hellip;]<\/p>\n","protected":false},"author":6,"featured_media":0,"parent":2682,"menu_order":0,"comment_status":"closed","ping_status":"closed","template":"template-4u.php","meta":{"_acf_changed":false,"content-type":"","footnotes":""},"categories":[],"tags":[266],"class_list":["post-20852","page","type-page","status-publish","hentry","tag-product-pt-br"],"acf":[],"_links":{"self":[{"href":"https:\/\/ttr.works\/pt-br\/wp-json\/wp\/v2\/pages\/20852","targetHints":{"allow":["GET"]}}],"collection":[{"href":"https:\/\/ttr.works\/pt-br\/wp-json\/wp\/v2\/pages"}],"about":[{"href":"https:\/\/ttr.works\/pt-br\/wp-json\/wp\/v2\/types\/page"}],"author":[{"embeddable":true,"href":"https:\/\/ttr.works\/pt-br\/wp-json\/wp\/v2\/users\/6"}],"replies":[{"embeddable":true,"href":"https:\/\/ttr.works\/pt-br\/wp-json\/wp\/v2\/comments?post=20852"}],"version-history":[{"count":11,"href":"https:\/\/ttr.works\/pt-br\/wp-json\/wp\/v2\/pages\/20852\/revisions"}],"predecessor-version":[{"id":24496,"href":"https:\/\/ttr.works\/pt-br\/wp-json\/wp\/v2\/pages\/20852\/revisions\/24496"}],"up":[{"embeddable":true,"href":"https:\/\/ttr.works\/pt-br\/wp-json\/wp\/v2\/pages\/2682"}],"wp:attachment":[{"href":"https:\/\/ttr.works\/pt-br\/wp-json\/wp\/v2\/media?parent=20852"}],"wp:term":[{"taxonomy":"category","embeddable":true,"href":"https:\/\/ttr.works\/pt-br\/wp-json\/wp\/v2\/categories?post=20852"},{"taxonomy":"post_tag","embeddable":true,"href":"https:\/\/ttr.works\/pt-br\/wp-json\/wp\/v2\/tags?post=20852"}],"curies":[{"name":"wp","href":"https:\/\/api.w.org\/{rel}","templated":true}]}}