{"id":21406,"date":"2024-02-05T08:55:37","date_gmt":"2024-02-05T08:55:37","guid":{"rendered":"https:\/\/ttr.works\/?page_id=21406"},"modified":"2024-07-29T10:07:07","modified_gmt":"2024-07-29T10:07:07","slug":"wax-resin-flathead-ribbons","status":"publish","type":"page","link":"https:\/\/ttr.works\/pt-br\/ribbons-de-transferencia-termica\/wax-resin-flathead-ribbons\/","title":{"rendered":"Wax Resin flathead ribbons"},"content":{"rendered":"\n<h1 class=\"wp-block-heading\">Fitas de resina de cera 4U para impressoras Flathead<\/h1>\n\n<div style=\"height:30px\" aria-hidden=\"true\" class=\"wp-block-spacer\"><\/div>\n<div class=\"wp-block-image\">\n<figure class=\"alignright size-full is-resized\"><img decoding=\"async\" width=\"1211\" height=\"1018\" data-src=\"https:\/\/ttr.works\/wp-content\/uploads\/4U_logo_with_even_more_padding.png\" alt=\"\" class=\"wp-image-24083 lazyload\" style=\"--smush-placeholder-width: 1211px; --smush-placeholder-aspect-ratio: 1211\/1018;width:305px;height:auto\" data-srcset=\"https:\/\/ttr.works\/wp-content\/uploads\/4U_logo_with_even_more_padding.png 1211w, https:\/\/ttr.works\/wp-content\/uploads\/4U_logo_with_even_more_padding-300x252.png 300w, https:\/\/ttr.works\/wp-content\/uploads\/4U_logo_with_even_more_padding-1024x861.png 1024w, https:\/\/ttr.works\/wp-content\/uploads\/4U_logo_with_even_more_padding-768x646.png 768w\" data-sizes=\"(max-width: 1211px) 100vw, 1211px\" src=\"data:image\/svg+xml;base64,PHN2ZyB3aWR0aD0iMSIgaGVpZ2h0PSIxIiB4bWxucz0iaHR0cDovL3d3dy53My5vcmcvMjAwMC9zdmciPjwvc3ZnPg==\" \/><\/figure><\/div>\n<p>Crie imagens de alto contraste mais dur\u00e1veis \u200b\u200bcom nossa sele\u00e7\u00e3o de fitas de transfer\u00eancia t\u00e9rmica de resina de cera. Os mais vendidos est\u00e3o destacados abaixo para que voc\u00ea possa restringir sua pesquisa rapidamente. Essas fitas s\u00e3o certificadas para uso com todas as impressoras t\u00e9rmicas industriais e de mesa.<\/p>\n\n<p>Se voc\u00ea estiver procurando fitas <a href=\"https:\/\/ttr.works\/pt-br\/ribbons-de-transferencia-termica\/wax-resin-near-edge-ribbons\/\">Near-Edge, clique aqui.<\/a><\/p>\n\n<p>A resina de cera produz uma qualidade de impress\u00e3o melhor do que as fitas de cera pura. Suas impress\u00f5es ficar\u00e3o mais resistentes a manchas, sujeira e arranh\u00f5es. A WR4U 250 \u00e9 a fita de tinta mais vers\u00e1til que pode imprimir em papel pergaminho, papel revestido, bem como em substratos PE e PP.<\/p>\n\n<div style=\"height:30px\" aria-hidden=\"true\" class=\"wp-block-spacer\"><\/div>\n\n<a href=\"https:\/\/ttr.works\/pt-br\/caixa-de-amostra-gratis\/\" class=\"link-btn\">Receive a free sample box <i class=\"fal fa-chevron-right\"><\/i><\/a><a href=\"https:\/\/ttr.works\/wp-content\/uploads\/Standard-4U-ribbons_lijst-website.pdf\" target=\"_blank\" class=\"link-btn second\" rel=\"noopener\">Download stock list <i class=\"fal fa-chevron-right\"><\/i><\/a>\r\n\n<div style=\"height:30px\" aria-hidden=\"true\" class=\"wp-block-spacer\"><\/div>\n\n<h2 class=\"wp-block-heading\">Nossas op\u00e7\u00f5es de fita de resina de cera de cabe\u00e7a chata 4U<\/h2>\n\n<div class=\"wp-block-media-text alignwide is-stacked-on-mobile is-vertically-aligned-center\" style=\"grid-template-columns:21% auto\"><figure class=\"wp-block-media-text__media\"><img decoding=\"async\" width=\"360\" height=\"446\" data-src=\"https:\/\/ttr.works\/wp-content\/uploads\/wr250-met-logo.png\" alt=\"\" class=\"wp-image-23945 size-medium lazyload\" data-srcset=\"https:\/\/ttr.works\/wp-content\/uploads\/wr250-met-logo.png 360w, https:\/\/ttr.works\/wp-content\/uploads\/wr250-met-logo-242x300.png 242w\" data-sizes=\"(max-width: 360px) 100vw, 360px\" src=\"data:image\/svg+xml;base64,PHN2ZyB3aWR0aD0iMSIgaGVpZ2h0PSIxIiB4bWxucz0iaHR0cDovL3d3dy53My5vcmcvMjAwMC9zdmciPjwvc3ZnPg==\" style=\"--smush-placeholder-width: 360px; --smush-placeholder-aspect-ratio: 360\/446;\" \/><\/figure><div class=\"wp-block-media-text__content\">\n<h3 class=\"wp-block-heading\">Resina de cera mais vers\u00e1til 4U 250 (WR4U250)<\/h3>\n\n\n\n<p><a href=\"https:\/\/ttr.works\/wp-content\/uploads\/wr4u-250-1.pdf\" target=\"_blank\" rel=\"noreferrer noopener\">Baixar ficha t\u00e9cnica<\/a><\/p>\n\n\n\n<p>A resina de cera mais vers\u00e1til por um pre\u00e7o de cera. A WR4U250 imprime em tudo. Bem&#8230; quase tudo. Imagens em preto de \u00f3tima defini\u00e7\u00e3o em uma ampla variedade de substratos, como papel, sint\u00e9ticos, etiquetas, polietileno (PE), polipropileno (PP), PET e PVC.<\/p>\n\n\n\n<p>\u2013 Prote\u00e7\u00e3o do cabe\u00e7ote de impress\u00e3o com baixa energia de impress\u00e3o e formula\u00e7\u00e3o antiest\u00e1tica&#13;\n\u2013 C\u00f3digo de barras, envio e recebimento, estoque, etiquetagem de prateleira, horticultura e muito mais<\/p>\n<\/div><\/div>\n\n<div style=\"height:30px\" aria-hidden=\"true\" class=\"wp-block-spacer\"><\/div>\n\n<div class=\"wp-block-media-text alignwide is-stacked-on-mobile is-vertically-aligned-center\" style=\"grid-template-columns:21% auto\"><figure class=\"wp-block-media-text__media\"><img decoding=\"async\" width=\"360\" height=\"446\" data-src=\"https:\/\/ttr.works\/wp-content\/uploads\/wr200-met-logo.png\" alt=\"\" class=\"wp-image-23936 size-medium lazyload\" data-srcset=\"https:\/\/ttr.works\/wp-content\/uploads\/wr200-met-logo.png 360w, https:\/\/ttr.works\/wp-content\/uploads\/wr200-met-logo-242x300.png 242w\" data-sizes=\"(max-width: 360px) 100vw, 360px\" src=\"data:image\/svg+xml;base64,PHN2ZyB3aWR0aD0iMSIgaGVpZ2h0PSIxIiB4bWxucz0iaHR0cDovL3d3dy53My5vcmcvMjAwMC9zdmciPjwvc3ZnPg==\" style=\"--smush-placeholder-width: 360px; --smush-placeholder-aspect-ratio: 360\/446;\" \/><\/figure><div class=\"wp-block-media-text__content\">\n<h3 class=\"wp-block-heading\">Resina de cera de alta qualidade 4U 200 (WR4U200)<\/h3>\n\n\n\n<p><a href=\"https:\/\/ttr.works\/wp-content\/uploads\/wr4u-200-1.pdf\" target=\"_blank\" rel=\"noreferrer noopener\">Baixar ficha t\u00e9cnica<\/a><\/p>\n\n\n\n<p>Resina de cera de alta qualidade para impressoras de transfer\u00eancia t\u00e9rmica de cabe\u00e7a plana. Ela imprime imagens em preto de \u00f3tima defini\u00e7\u00e3o em uma ampla variedade de substratos, como etiquetas, sint\u00e9ticos, polietileno, polipropileno, etc. Ela oferece a melhor resist\u00eancia a arranh\u00f5es para impress\u00f5es mais dur\u00e1veis.<\/p>\n\n\n\n<p>\u2013 Resist\u00eancia a riscos de melhor qualidade, suporta calor at\u00e9 100 \u00baC&#13;\n\u2013 O revestimento posterior superior prolonga a vida \u00fatil do cabe\u00e7ote de impress\u00e3o<\/p>\n<\/div><\/div>\n\n<div style=\"height:30px\" aria-hidden=\"true\" class=\"wp-block-spacer\"><\/div>\n\n<div class=\"wp-block-media-text alignwide is-stacked-on-mobile is-vertically-aligned-center\" style=\"grid-template-columns:21% auto\"><figure class=\"wp-block-media-text__media\"><img decoding=\"async\" width=\"360\" height=\"446\" data-src=\"https:\/\/ttr.works\/wp-content\/uploads\/wr220-met-logo.png\" alt=\"\" class=\"wp-image-23953 size-medium lazyload\" data-srcset=\"https:\/\/ttr.works\/wp-content\/uploads\/wr220-met-logo.png 360w, https:\/\/ttr.works\/wp-content\/uploads\/wr220-met-logo-242x300.png 242w\" data-sizes=\"(max-width: 360px) 100vw, 360px\" src=\"data:image\/svg+xml;base64,PHN2ZyB3aWR0aD0iMSIgaGVpZ2h0PSIxIiB4bWxucz0iaHR0cDovL3d3dy53My5vcmcvMjAwMC9zdmciPjwvc3ZnPg==\" style=\"--smush-placeholder-width: 360px; --smush-placeholder-aspect-ratio: 360\/446;\" \/><\/figure><div class=\"wp-block-media-text__content\">\n<h3 class=\"wp-block-heading\">Resina de cera super premium 4U 220 (WR4U220)<\/h3>\n\n\n\n<p><a href=\"https:\/\/ttr.works\/wp-content\/uploads\/wr4u-220-1.pdf\" target=\"_blank\" rel=\"noreferrer noopener\">Baixar ficha t\u00e9cnica<\/a><\/p>\n\n\n\n<p>Resina de cera da melhor qualidade para etiquetas que precisam atender a condi\u00e7\u00f5es adversas, onde a durabilidade \u00e9 necess\u00e1ria para produzir imagens duradouras. A resina cera 220 oferece boa resist\u00eancia a l\u00edquidos como \u00e1gua e produtos de limpeza dom\u00e9sticos. Produz excelentes c\u00f3digos de barras e imagens em substratos de papel e sint\u00e9ticos, proporcionando resist\u00eancia superior \u00e0 abras\u00e3o, solventes e arranh\u00f5es. Tamb\u00e9m imprime bem em superf\u00edcies \u00e1speras ou porosas.<\/p>\n\n\n\n<p>\u2013 Maior resist\u00eancia a manchas e riscos&#13;\n\u2013 Resist\u00eancia qu\u00edmica a agentes comuns<\/p>\n<\/div><\/div>\n","protected":false},"excerpt":{"rendered":"<p>Fitas de resina de cera 4U para impressoras Flathead Crie imagens de alto contraste mais dur\u00e1veis \u200b\u200bcom nossa sele\u00e7\u00e3o de fitas de transfer\u00eancia t\u00e9rmica de resina de cera. Os mais vendidos est\u00e3o destacados abaixo para que voc\u00ea possa restringir sua pesquisa rapidamente. Essas fitas s\u00e3o certificadas para uso com todas as impressoras t\u00e9rmicas industriais e [&hellip;]<\/p>\n","protected":false},"author":6,"featured_media":0,"parent":2682,"menu_order":0,"comment_status":"closed","ping_status":"closed","template":"template-4u.php","meta":{"_acf_changed":false,"content-type":"","footnotes":""},"categories":[133],"tags":[266],"class_list":["post-21406","page","type-page","status-publish","hentry","category-fitas-e-suprimentos","tag-product-pt-br"],"acf":[],"yoast_head":"<!-- This site is optimized with the Yoast SEO plugin v25.9 - https:\/\/yoast.com\/wordpress\/plugins\/seo\/ -->\n<title>Wax Resin flathead ribbons - TTR Euroworks<\/title>\n<meta name=\"description\" content=\"Impress\u00f5es dur\u00e1veis que podem durar anos \u2713 Processos de alto volume em alta velocidade \u2713 Excelente para papel, pl\u00e1sticos e folhas de embalagens flex\u00edveis\" \/>\n<meta name=\"robots\" content=\"index, follow, max-snippet:-1, max-image-preview:large, max-video-preview:-1\" \/>\n<link rel=\"canonical\" href=\"https:\/\/ttr.works\/pt-br\/ribbons-de-transferencia-termica\/wax-resin-flathead-ribbons\/\" \/>\n<meta property=\"og:locale\" content=\"pt_BR\" \/>\n<meta property=\"og:type\" content=\"article\" \/>\n<meta property=\"og:title\" content=\"Wax Resin flathead ribbons - TTR Euroworks\" \/>\n<meta property=\"og:description\" content=\"Impress\u00f5es dur\u00e1veis que podem durar anos \u2713 Processos de alto volume em alta velocidade \u2713 Excelente para papel, pl\u00e1sticos e folhas de embalagens flex\u00edveis\" \/>\n<meta property=\"og:url\" content=\"https:\/\/ttr.works\/pt-br\/ribbons-de-transferencia-termica\/wax-resin-flathead-ribbons\/\" \/>\n<meta property=\"og:site_name\" content=\"TTR Euroworks\" \/>\n<meta property=\"article:modified_time\" content=\"2024-07-29T10:07:07+00:00\" \/>\n<meta property=\"og:image\" content=\"https:\/\/ttr.works\/wp-content\/uploads\/4U_logo_with_even_more_padding.png\" \/>\n<meta name=\"twitter:card\" content=\"summary_large_image\" \/>\n<meta name=\"twitter:label1\" content=\"Est. tempo de leitura\" \/>\n\t<meta name=\"twitter:data1\" content=\"2 minutos\" \/>\n<script type=\"application\/ld+json\" class=\"yoast-schema-graph\">{\"@context\":\"https:\/\/schema.org\",\"@graph\":[{\"@type\":\"WebPage\",\"@id\":\"https:\/\/ttr.works\/pt-br\/ribbons-de-transferencia-termica\/wax-resin-flathead-ribbons\/\",\"url\":\"https:\/\/ttr.works\/pt-br\/ribbons-de-transferencia-termica\/wax-resin-flathead-ribbons\/\",\"name\":\"Wax Resin flathead ribbons - TTR Euroworks\",\"isPartOf\":{\"@id\":\"https:\/\/ttr.works\/pt-br\/#website\"},\"primaryImageOfPage\":{\"@id\":\"https:\/\/ttr.works\/pt-br\/ribbons-de-transferencia-termica\/wax-resin-flathead-ribbons\/#primaryimage\"},\"image\":{\"@id\":\"https:\/\/ttr.works\/pt-br\/ribbons-de-transferencia-termica\/wax-resin-flathead-ribbons\/#primaryimage\"},\"thumbnailUrl\":\"https:\/\/ttr.works\/wp-content\/uploads\/4U_logo_with_even_more_padding.png\",\"datePublished\":\"2024-02-05T08:55:37+00:00\",\"dateModified\":\"2024-07-29T10:07:07+00:00\",\"description\":\"Impress\u00f5es dur\u00e1veis que podem durar anos \u2713 Processos de alto volume em alta velocidade \u2713 Excelente para papel, pl\u00e1sticos e folhas de embalagens flex\u00edveis\",\"breadcrumb\":{\"@id\":\"https:\/\/ttr.works\/pt-br\/ribbons-de-transferencia-termica\/wax-resin-flathead-ribbons\/#breadcrumb\"},\"inLanguage\":\"pt-BR\",\"potentialAction\":[{\"@type\":\"ReadAction\",\"target\":[\"https:\/\/ttr.works\/pt-br\/ribbons-de-transferencia-termica\/wax-resin-flathead-ribbons\/\"]}]},{\"@type\":\"ImageObject\",\"inLanguage\":\"pt-BR\",\"@id\":\"https:\/\/ttr.works\/pt-br\/ribbons-de-transferencia-termica\/wax-resin-flathead-ribbons\/#primaryimage\",\"url\":\"https:\/\/ttr.works\/wp-content\/uploads\/4U_logo_with_even_more_padding.png\",\"contentUrl\":\"https:\/\/ttr.works\/wp-content\/uploads\/4U_logo_with_even_more_padding.png\"},{\"@type\":\"BreadcrumbList\",\"@id\":\"https:\/\/ttr.works\/pt-br\/ribbons-de-transferencia-termica\/wax-resin-flathead-ribbons\/#breadcrumb\",\"itemListElement\":[{\"@type\":\"ListItem\",\"position\":1,\"name\":\"Home\",\"item\":\"https:\/\/ttr.works\/pt-br\/inicio\/\"},{\"@type\":\"ListItem\",\"position\":2,\"name\":\"Parceria com a TTR Euroworks\",\"item\":\"https:\/\/ttr.works\/pt-br\/ribbons-de-transferencia-termica\/\"},{\"@type\":\"ListItem\",\"position\":3,\"name\":\"Wax Resin flathead ribbons\"}]},{\"@type\":\"WebSite\",\"@id\":\"https:\/\/ttr.works\/pt-br\/#website\",\"url\":\"https:\/\/ttr.works\/pt-br\/\",\"name\":\"TTR Euroworks\",\"description\":\"Your ttr partner\",\"potentialAction\":[{\"@type\":\"SearchAction\",\"target\":{\"@type\":\"EntryPoint\",\"urlTemplate\":\"https:\/\/ttr.works\/pt-br\/?s={search_term_string}\"},\"query-input\":{\"@type\":\"PropertyValueSpecification\",\"valueRequired\":true,\"valueName\":\"search_term_string\"}}],\"inLanguage\":\"pt-BR\"}]}<\/script>\n<!-- \/ Yoast SEO plugin. -->","yoast_head_json":{"title":"Wax Resin flathead ribbons - TTR Euroworks","description":"Impress\u00f5es dur\u00e1veis que podem durar anos \u2713 Processos de alto volume em alta velocidade \u2713 Excelente para papel, pl\u00e1sticos e folhas de embalagens flex\u00edveis","robots":{"index":"index","follow":"follow","max-snippet":"max-snippet:-1","max-image-preview":"max-image-preview:large","max-video-preview":"max-video-preview:-1"},"canonical":"https:\/\/ttr.works\/pt-br\/ribbons-de-transferencia-termica\/wax-resin-flathead-ribbons\/","og_locale":"pt_BR","og_type":"article","og_title":"Wax Resin flathead ribbons - TTR Euroworks","og_description":"Impress\u00f5es dur\u00e1veis que podem durar anos \u2713 Processos de alto volume em alta velocidade \u2713 Excelente para papel, pl\u00e1sticos e folhas de embalagens flex\u00edveis","og_url":"https:\/\/ttr.works\/pt-br\/ribbons-de-transferencia-termica\/wax-resin-flathead-ribbons\/","og_site_name":"TTR Euroworks","article_modified_time":"2024-07-29T10:07:07+00:00","og_image":[{"url":"https:\/\/ttr.works\/wp-content\/uploads\/4U_logo_with_even_more_padding.png","type":"","width":"","height":""}],"twitter_card":"summary_large_image","twitter_misc":{"Est. tempo de leitura":"2 minutos"},"schema":{"@context":"https:\/\/schema.org","@graph":[{"@type":"WebPage","@id":"https:\/\/ttr.works\/pt-br\/ribbons-de-transferencia-termica\/wax-resin-flathead-ribbons\/","url":"https:\/\/ttr.works\/pt-br\/ribbons-de-transferencia-termica\/wax-resin-flathead-ribbons\/","name":"Wax Resin flathead ribbons - TTR Euroworks","isPartOf":{"@id":"https:\/\/ttr.works\/pt-br\/#website"},"primaryImageOfPage":{"@id":"https:\/\/ttr.works\/pt-br\/ribbons-de-transferencia-termica\/wax-resin-flathead-ribbons\/#primaryimage"},"image":{"@id":"https:\/\/ttr.works\/pt-br\/ribbons-de-transferencia-termica\/wax-resin-flathead-ribbons\/#primaryimage"},"thumbnailUrl":"https:\/\/ttr.works\/wp-content\/uploads\/4U_logo_with_even_more_padding.png","datePublished":"2024-02-05T08:55:37+00:00","dateModified":"2024-07-29T10:07:07+00:00","description":"Impress\u00f5es dur\u00e1veis que podem durar anos \u2713 Processos de alto volume em alta velocidade \u2713 Excelente para papel, pl\u00e1sticos e folhas de embalagens flex\u00edveis","breadcrumb":{"@id":"https:\/\/ttr.works\/pt-br\/ribbons-de-transferencia-termica\/wax-resin-flathead-ribbons\/#breadcrumb"},"inLanguage":"pt-BR","potentialAction":[{"@type":"ReadAction","target":["https:\/\/ttr.works\/pt-br\/ribbons-de-transferencia-termica\/wax-resin-flathead-ribbons\/"]}]},{"@type":"ImageObject","inLanguage":"pt-BR","@id":"https:\/\/ttr.works\/pt-br\/ribbons-de-transferencia-termica\/wax-resin-flathead-ribbons\/#primaryimage","url":"https:\/\/ttr.works\/wp-content\/uploads\/4U_logo_with_even_more_padding.png","contentUrl":"https:\/\/ttr.works\/wp-content\/uploads\/4U_logo_with_even_more_padding.png"},{"@type":"BreadcrumbList","@id":"https:\/\/ttr.works\/pt-br\/ribbons-de-transferencia-termica\/wax-resin-flathead-ribbons\/#breadcrumb","itemListElement":[{"@type":"ListItem","position":1,"name":"Home","item":"https:\/\/ttr.works\/pt-br\/inicio\/"},{"@type":"ListItem","position":2,"name":"Parceria com a TTR Euroworks","item":"https:\/\/ttr.works\/pt-br\/ribbons-de-transferencia-termica\/"},{"@type":"ListItem","position":3,"name":"Wax Resin flathead ribbons"}]},{"@type":"WebSite","@id":"https:\/\/ttr.works\/pt-br\/#website","url":"https:\/\/ttr.works\/pt-br\/","name":"TTR Euroworks","description":"Your ttr partner","potentialAction":[{"@type":"SearchAction","target":{"@type":"EntryPoint","urlTemplate":"https:\/\/ttr.works\/pt-br\/?s={search_term_string}"},"query-input":{"@type":"PropertyValueSpecification","valueRequired":true,"valueName":"search_term_string"}}],"inLanguage":"pt-BR"}]}},"_links":{"self":[{"href":"https:\/\/ttr.works\/pt-br\/wp-json\/wp\/v2\/pages\/21406","targetHints":{"allow":["GET"]}}],"collection":[{"href":"https:\/\/ttr.works\/pt-br\/wp-json\/wp\/v2\/pages"}],"about":[{"href":"https:\/\/ttr.works\/pt-br\/wp-json\/wp\/v2\/types\/page"}],"author":[{"embeddable":true,"href":"https:\/\/ttr.works\/pt-br\/wp-json\/wp\/v2\/users\/6"}],"replies":[{"embeddable":true,"href":"https:\/\/ttr.works\/pt-br\/wp-json\/wp\/v2\/comments?post=21406"}],"version-history":[{"count":6,"href":"https:\/\/ttr.works\/pt-br\/wp-json\/wp\/v2\/pages\/21406\/revisions"}],"predecessor-version":[{"id":24502,"href":"https:\/\/ttr.works\/pt-br\/wp-json\/wp\/v2\/pages\/21406\/revisions\/24502"}],"up":[{"embeddable":true,"href":"https:\/\/ttr.works\/pt-br\/wp-json\/wp\/v2\/pages\/2682"}],"wp:attachment":[{"href":"https:\/\/ttr.works\/pt-br\/wp-json\/wp\/v2\/media?parent=21406"}],"wp:term":[{"taxonomy":"category","embeddable":true,"href":"https:\/\/ttr.works\/pt-br\/wp-json\/wp\/v2\/categories?post=21406"},{"taxonomy":"post_tag","embeddable":true,"href":"https:\/\/ttr.works\/pt-br\/wp-json\/wp\/v2\/tags?post=21406"}],"curies":[{"name":"wp","href":"https:\/\/api.w.org\/{rel}","templated":true}]}}