{"id":21470,"date":"2024-02-05T08:54:19","date_gmt":"2024-02-05T08:54:19","guid":{"rendered":"https:\/\/ttr.works\/?page_id=21470"},"modified":"2024-07-29T08:38:57","modified_gmt":"2024-07-29T08:38:57","slug":"resin-flathead-ribbons","status":"publish","type":"page","link":"https:\/\/ttr.works\/pt-br\/ribbons-de-transferencia-termica\/resin-flathead-ribbons\/","title":{"rendered":"Resin flathead ribbons"},"content":{"rendered":"\n<h1 class=\"wp-block-heading\">Resin 4U ribbons<\/h1>\n<div class=\"wp-block-image\">\n<figure class=\"alignright size-large is-resized\"><img decoding=\"async\" width=\"1024\" height=\"861\" data-src=\"https:\/\/ttr.works\/wp-content\/uploads\/\/4U_logo_with_even_more_padding-1024x861.png\" alt=\"\" class=\"wp-image-24083 lazyload\" style=\"--smush-placeholder-width: 1024px; --smush-placeholder-aspect-ratio: 1024\/861;width:304px;height:auto\" data-srcset=\"https:\/\/ttr.works\/wp-content\/uploads\/4U_logo_with_even_more_padding-1024x861.png 1024w, https:\/\/ttr.works\/wp-content\/uploads\/4U_logo_with_even_more_padding-300x252.png 300w, https:\/\/ttr.works\/wp-content\/uploads\/4U_logo_with_even_more_padding-768x646.png 768w, https:\/\/ttr.works\/wp-content\/uploads\/4U_logo_with_even_more_padding.png 1211w\" data-sizes=\"(max-width: 1024px) 100vw, 1024px\" src=\"data:image\/svg+xml;base64,PHN2ZyB3aWR0aD0iMSIgaGVpZ2h0PSIxIiB4bWxucz0iaHR0cDovL3d3dy53My5vcmcvMjAwMC9zdmciPjwvc3ZnPg==\" \/><\/figure><\/div>\n<p>As fitas de resina s\u00e3o necess\u00e1rias em aplica\u00e7\u00f5es que necessitam de excelente resist\u00eancia mec\u00e2nica e a solventes. Eles s\u00e3o adequados para impress\u00e3o na maioria dos materiais sint\u00e9ticos, como PVC, PET, PP e v\u00e1rios pap\u00e9is com revestimento fosco e brilhante.<\/p>\n\n<p>Se voc\u00ea estiver procurando fitas <a href=\"https:\/\/ttr.works\/pt-br\/ribbons-de-transferencia-termica\/wax-resin-near-edge-ribbons\/\">Near-Edge, clique aqui.<\/a><\/p>\n\n<p>Como derretem a uma temperatura muito mais alta, a tinta se dissolve no material em que \u00e9 impressa, criando imagens extremamente dur\u00e1veis.<\/p>\n\n<a href=\"https:\/\/ttr.works\/pt-br\/caixa-de-amostra-gratis\/\" class=\"link-btn\">Receive a free sample box <i class=\"fal fa-chevron-right\"><\/i><\/a><a href=\"https:\/\/ttr.works\/wp-content\/uploads\/Standard-4U-ribbons_lijst-website.pdf\" target=\"_blank\" class=\"link-btn second\" rel=\"noopener\">Download stock list <i class=\"fal fa-chevron-right\"><\/i><\/a>\r\n\n<div style=\"height:30px\" aria-hidden=\"true\" class=\"wp-block-spacer\"><\/div>\n\n<h2 class=\"wp-block-heading\">Nossas op\u00e7\u00f5es de fita de resina de cabe\u00e7a chata 4U<\/h2>\n\n<div class=\"wp-block-media-text alignwide is-stacked-on-mobile is-vertically-aligned-center\" style=\"grid-template-columns:21% auto\"><figure class=\"wp-block-media-text__media\"><img decoding=\"async\" width=\"360\" height=\"446\" data-src=\"https:\/\/ttr.works\/wp-content\/uploads\/r300-met-logo.png\" alt=\"\" class=\"wp-image-23962 size-medium lazyload\" data-srcset=\"https:\/\/ttr.works\/wp-content\/uploads\/r300-met-logo.png 360w, https:\/\/ttr.works\/wp-content\/uploads\/r300-met-logo-242x300.png 242w\" data-sizes=\"(max-width: 360px) 100vw, 360px\" src=\"data:image\/svg+xml;base64,PHN2ZyB3aWR0aD0iMSIgaGVpZ2h0PSIxIiB4bWxucz0iaHR0cDovL3d3dy53My5vcmcvMjAwMC9zdmciPjwvc3ZnPg==\" style=\"--smush-placeholder-width: 360px; --smush-placeholder-aspect-ratio: 360\/446;\" \/><\/figure><div class=\"wp-block-media-text__content\">\n<h3 class=\"wp-block-heading\">Resina Econ\u00f4mica 4U 300<\/h3>\n\n\n\n<p><a href=\"https:\/\/ttr.works\/wp-content\/uploads\/r4u-350.pdf\" target=\"_blank\" rel=\"noreferrer noopener\">Baixar ficha t\u00e9cnica<\/a><\/p>\n\n\n\n<p>Resina de uso geral que produz imagens n\u00edtidas e dur\u00e1veis com excelente resist\u00eancia a arranh\u00f5es e manchas.<\/p>\n\n\n\n<p>\u2013 Extrema resist\u00eancia \u00e0 abras\u00e3o&#13;\n\u2013 O revestimento antiest\u00e1tico prolonga a vida \u00fatil do cabe\u00e7ote de impress\u00e3o<\/p>\n<\/div><\/div>\n\n<div style=\"height:30px\" aria-hidden=\"true\" class=\"wp-block-spacer\"><\/div>\n\n<div class=\"wp-block-media-text alignwide is-stacked-on-mobile is-vertically-aligned-center\" style=\"grid-template-columns:21% auto\"><figure class=\"wp-block-media-text__media\"><img decoding=\"async\" width=\"360\" height=\"446\" data-src=\"https:\/\/ttr.works\/wp-content\/uploads\/r350-met-logo.png\" alt=\"\" class=\"wp-image-23971 size-medium lazyload\" data-srcset=\"https:\/\/ttr.works\/wp-content\/uploads\/r350-met-logo.png 360w, https:\/\/ttr.works\/wp-content\/uploads\/r350-met-logo-242x300.png 242w\" data-sizes=\"(max-width: 360px) 100vw, 360px\" src=\"data:image\/svg+xml;base64,PHN2ZyB3aWR0aD0iMSIgaGVpZ2h0PSIxIiB4bWxucz0iaHR0cDovL3d3dy53My5vcmcvMjAwMC9zdmciPjwvc3ZnPg==\" style=\"--smush-placeholder-width: 360px; --smush-placeholder-aspect-ratio: 360\/446;\" \/><\/figure><div class=\"wp-block-media-text__content\">\n<h3 class=\"wp-block-heading\">Resina Premium 4U 350<\/h3>\n\n\n\n<p><a href=\"https:\/\/ttr.works\/wp-content\/uploads\/r4u-350.pdf\" target=\"_blank\" rel=\"noreferrer noopener\">Baixar ficha t\u00e9cnica<\/a><\/p>\n\n\n\n<p>Alta resist\u00eancia a produtos qu\u00edmicos agressivos, como Acetona, Tolueno e MEK. Elimina a necessidade de sobrelaminados de pl\u00e1stico em determinadas ind\u00fastrias, reduzindo a produ\u00e7\u00e3o de etiquetas a um processo de uma \u00fanica etapa, eliminando custos.<\/p>\n\n\n\n<p>\u2013 Extrema resist\u00eancia a produtos qu\u00edmicos agressivos&#13;\n\u2013 Microetiquetas e etiquetas de ativos nas ind\u00fastrias eletr\u00f4nica e automotiva&#13;\n\u2013 Etiquetas qu\u00edmicas em tambores e recipientes<\/p>\n<\/div><\/div>\n","protected":false},"excerpt":{"rendered":"<p>Resin 4U ribbons As fitas de resina s\u00e3o necess\u00e1rias em aplica\u00e7\u00f5es que necessitam de excelente resist\u00eancia mec\u00e2nica e a solventes. Eles s\u00e3o adequados para impress\u00e3o na maioria dos materiais sint\u00e9ticos, como PVC, PET, PP e v\u00e1rios pap\u00e9is com revestimento fosco e brilhante. Se voc\u00ea estiver procurando fitas Near-Edge, clique aqui. Como derretem a uma temperatura [&hellip;]<\/p>\n","protected":false},"author":6,"featured_media":0,"parent":2682,"menu_order":0,"comment_status":"closed","ping_status":"closed","template":"template-4u.php","meta":{"_acf_changed":false,"content-type":"","footnotes":""},"categories":[],"tags":[266],"class_list":["post-21470","page","type-page","status-publish","hentry","tag-product-pt-br"],"acf":[],"yoast_head":"<!-- This site is optimized with the Yoast SEO plugin v25.9 - https:\/\/yoast.com\/wordpress\/plugins\/seo\/ -->\n<title>Resin flathead ribbons - TTR Euroworks<\/title>\n<meta name=\"description\" content=\"Impress\u00f5es dur\u00e1veis que podem durar anos \u2713 Processos de alto volume em alta velocidade \u2713 Excelente para papel, pl\u00e1sticos e folhas de embalagens flex\u00edveis\" \/>\n<meta name=\"robots\" content=\"index, follow, max-snippet:-1, max-image-preview:large, max-video-preview:-1\" \/>\n<link rel=\"canonical\" href=\"https:\/\/ttr.works\/pt-br\/ribbons-de-transferencia-termica\/resin-flathead-ribbons\/\" \/>\n<meta property=\"og:locale\" content=\"pt_BR\" \/>\n<meta property=\"og:type\" content=\"article\" \/>\n<meta property=\"og:title\" content=\"Resin flathead ribbons - TTR Euroworks\" \/>\n<meta property=\"og:description\" content=\"Impress\u00f5es dur\u00e1veis que podem durar anos \u2713 Processos de alto volume em alta velocidade \u2713 Excelente para papel, pl\u00e1sticos e folhas de embalagens flex\u00edveis\" \/>\n<meta property=\"og:url\" content=\"https:\/\/ttr.works\/pt-br\/ribbons-de-transferencia-termica\/resin-flathead-ribbons\/\" \/>\n<meta property=\"og:site_name\" content=\"TTR Euroworks\" \/>\n<meta property=\"article:modified_time\" content=\"2024-07-29T08:38:57+00:00\" \/>\n<meta property=\"og:image\" content=\"https:\/\/ttr.works\/wp-content\/uploads\/4U_logo_with_even_more_padding-1024x861.png\" \/>\n<meta name=\"twitter:card\" content=\"summary_large_image\" \/>\n<meta name=\"twitter:label1\" content=\"Est. tempo de leitura\" \/>\n\t<meta name=\"twitter:data1\" content=\"1 minuto\" \/>\n<script type=\"application\/ld+json\" class=\"yoast-schema-graph\">{\"@context\":\"https:\/\/schema.org\",\"@graph\":[{\"@type\":\"WebPage\",\"@id\":\"https:\/\/ttr.works\/pt-br\/ribbons-de-transferencia-termica\/resin-flathead-ribbons\/\",\"url\":\"https:\/\/ttr.works\/pt-br\/ribbons-de-transferencia-termica\/resin-flathead-ribbons\/\",\"name\":\"Resin flathead ribbons - TTR Euroworks\",\"isPartOf\":{\"@id\":\"https:\/\/ttr.works\/pt-br\/#website\"},\"primaryImageOfPage\":{\"@id\":\"https:\/\/ttr.works\/pt-br\/ribbons-de-transferencia-termica\/resin-flathead-ribbons\/#primaryimage\"},\"image\":{\"@id\":\"https:\/\/ttr.works\/pt-br\/ribbons-de-transferencia-termica\/resin-flathead-ribbons\/#primaryimage\"},\"thumbnailUrl\":\"https:\/\/ttr.works\/wp-content\/uploads\/\/4U_logo_with_even_more_padding-1024x861.png\",\"datePublished\":\"2024-02-05T08:54:19+00:00\",\"dateModified\":\"2024-07-29T08:38:57+00:00\",\"description\":\"Impress\u00f5es dur\u00e1veis que podem durar anos \u2713 Processos de alto volume em alta velocidade \u2713 Excelente para papel, pl\u00e1sticos e folhas de embalagens flex\u00edveis\",\"breadcrumb\":{\"@id\":\"https:\/\/ttr.works\/pt-br\/ribbons-de-transferencia-termica\/resin-flathead-ribbons\/#breadcrumb\"},\"inLanguage\":\"pt-BR\",\"potentialAction\":[{\"@type\":\"ReadAction\",\"target\":[\"https:\/\/ttr.works\/pt-br\/ribbons-de-transferencia-termica\/resin-flathead-ribbons\/\"]}]},{\"@type\":\"ImageObject\",\"inLanguage\":\"pt-BR\",\"@id\":\"https:\/\/ttr.works\/pt-br\/ribbons-de-transferencia-termica\/resin-flathead-ribbons\/#primaryimage\",\"url\":\"https:\/\/ttr.works\/wp-content\/uploads\/\/4U_logo_with_even_more_padding-1024x861.png\",\"contentUrl\":\"https:\/\/ttr.works\/wp-content\/uploads\/\/4U_logo_with_even_more_padding-1024x861.png\"},{\"@type\":\"BreadcrumbList\",\"@id\":\"https:\/\/ttr.works\/pt-br\/ribbons-de-transferencia-termica\/resin-flathead-ribbons\/#breadcrumb\",\"itemListElement\":[{\"@type\":\"ListItem\",\"position\":1,\"name\":\"Home\",\"item\":\"https:\/\/ttr.works\/pt-br\/inicio\/\"},{\"@type\":\"ListItem\",\"position\":2,\"name\":\"Parceria com a TTR Euroworks\",\"item\":\"https:\/\/ttr.works\/pt-br\/ribbons-de-transferencia-termica\/\"},{\"@type\":\"ListItem\",\"position\":3,\"name\":\"Resin flathead ribbons\"}]},{\"@type\":\"WebSite\",\"@id\":\"https:\/\/ttr.works\/pt-br\/#website\",\"url\":\"https:\/\/ttr.works\/pt-br\/\",\"name\":\"TTR Euroworks\",\"description\":\"Your ttr partner\",\"potentialAction\":[{\"@type\":\"SearchAction\",\"target\":{\"@type\":\"EntryPoint\",\"urlTemplate\":\"https:\/\/ttr.works\/pt-br\/?s={search_term_string}\"},\"query-input\":{\"@type\":\"PropertyValueSpecification\",\"valueRequired\":true,\"valueName\":\"search_term_string\"}}],\"inLanguage\":\"pt-BR\"}]}<\/script>\n<!-- \/ Yoast SEO plugin. -->","yoast_head_json":{"title":"Resin flathead ribbons - TTR Euroworks","description":"Impress\u00f5es dur\u00e1veis que podem durar anos \u2713 Processos de alto volume em alta velocidade \u2713 Excelente para papel, pl\u00e1sticos e folhas de embalagens flex\u00edveis","robots":{"index":"index","follow":"follow","max-snippet":"max-snippet:-1","max-image-preview":"max-image-preview:large","max-video-preview":"max-video-preview:-1"},"canonical":"https:\/\/ttr.works\/pt-br\/ribbons-de-transferencia-termica\/resin-flathead-ribbons\/","og_locale":"pt_BR","og_type":"article","og_title":"Resin flathead ribbons - TTR Euroworks","og_description":"Impress\u00f5es dur\u00e1veis que podem durar anos \u2713 Processos de alto volume em alta velocidade \u2713 Excelente para papel, pl\u00e1sticos e folhas de embalagens flex\u00edveis","og_url":"https:\/\/ttr.works\/pt-br\/ribbons-de-transferencia-termica\/resin-flathead-ribbons\/","og_site_name":"TTR Euroworks","article_modified_time":"2024-07-29T08:38:57+00:00","og_image":[{"url":"https:\/\/ttr.works\/wp-content\/uploads\/4U_logo_with_even_more_padding-1024x861.png","type":"","width":"","height":""}],"twitter_card":"summary_large_image","twitter_misc":{"Est. tempo de leitura":"1 minuto"},"schema":{"@context":"https:\/\/schema.org","@graph":[{"@type":"WebPage","@id":"https:\/\/ttr.works\/pt-br\/ribbons-de-transferencia-termica\/resin-flathead-ribbons\/","url":"https:\/\/ttr.works\/pt-br\/ribbons-de-transferencia-termica\/resin-flathead-ribbons\/","name":"Resin flathead ribbons - TTR Euroworks","isPartOf":{"@id":"https:\/\/ttr.works\/pt-br\/#website"},"primaryImageOfPage":{"@id":"https:\/\/ttr.works\/pt-br\/ribbons-de-transferencia-termica\/resin-flathead-ribbons\/#primaryimage"},"image":{"@id":"https:\/\/ttr.works\/pt-br\/ribbons-de-transferencia-termica\/resin-flathead-ribbons\/#primaryimage"},"thumbnailUrl":"https:\/\/ttr.works\/wp-content\/uploads\/\/4U_logo_with_even_more_padding-1024x861.png","datePublished":"2024-02-05T08:54:19+00:00","dateModified":"2024-07-29T08:38:57+00:00","description":"Impress\u00f5es dur\u00e1veis que podem durar anos \u2713 Processos de alto volume em alta velocidade \u2713 Excelente para papel, pl\u00e1sticos e folhas de embalagens flex\u00edveis","breadcrumb":{"@id":"https:\/\/ttr.works\/pt-br\/ribbons-de-transferencia-termica\/resin-flathead-ribbons\/#breadcrumb"},"inLanguage":"pt-BR","potentialAction":[{"@type":"ReadAction","target":["https:\/\/ttr.works\/pt-br\/ribbons-de-transferencia-termica\/resin-flathead-ribbons\/"]}]},{"@type":"ImageObject","inLanguage":"pt-BR","@id":"https:\/\/ttr.works\/pt-br\/ribbons-de-transferencia-termica\/resin-flathead-ribbons\/#primaryimage","url":"https:\/\/ttr.works\/wp-content\/uploads\/\/4U_logo_with_even_more_padding-1024x861.png","contentUrl":"https:\/\/ttr.works\/wp-content\/uploads\/\/4U_logo_with_even_more_padding-1024x861.png"},{"@type":"BreadcrumbList","@id":"https:\/\/ttr.works\/pt-br\/ribbons-de-transferencia-termica\/resin-flathead-ribbons\/#breadcrumb","itemListElement":[{"@type":"ListItem","position":1,"name":"Home","item":"https:\/\/ttr.works\/pt-br\/inicio\/"},{"@type":"ListItem","position":2,"name":"Parceria com a TTR Euroworks","item":"https:\/\/ttr.works\/pt-br\/ribbons-de-transferencia-termica\/"},{"@type":"ListItem","position":3,"name":"Resin flathead ribbons"}]},{"@type":"WebSite","@id":"https:\/\/ttr.works\/pt-br\/#website","url":"https:\/\/ttr.works\/pt-br\/","name":"TTR Euroworks","description":"Your ttr partner","potentialAction":[{"@type":"SearchAction","target":{"@type":"EntryPoint","urlTemplate":"https:\/\/ttr.works\/pt-br\/?s={search_term_string}"},"query-input":{"@type":"PropertyValueSpecification","valueRequired":true,"valueName":"search_term_string"}}],"inLanguage":"pt-BR"}]}},"_links":{"self":[{"href":"https:\/\/ttr.works\/pt-br\/wp-json\/wp\/v2\/pages\/21470","targetHints":{"allow":["GET"]}}],"collection":[{"href":"https:\/\/ttr.works\/pt-br\/wp-json\/wp\/v2\/pages"}],"about":[{"href":"https:\/\/ttr.works\/pt-br\/wp-json\/wp\/v2\/types\/page"}],"author":[{"embeddable":true,"href":"https:\/\/ttr.works\/pt-br\/wp-json\/wp\/v2\/users\/6"}],"replies":[{"embeddable":true,"href":"https:\/\/ttr.works\/pt-br\/wp-json\/wp\/v2\/comments?post=21470"}],"version-history":[{"count":5,"href":"https:\/\/ttr.works\/pt-br\/wp-json\/wp\/v2\/pages\/21470\/revisions"}],"predecessor-version":[{"id":24484,"href":"https:\/\/ttr.works\/pt-br\/wp-json\/wp\/v2\/pages\/21470\/revisions\/24484"}],"up":[{"embeddable":true,"href":"https:\/\/ttr.works\/pt-br\/wp-json\/wp\/v2\/pages\/2682"}],"wp:attachment":[{"href":"https:\/\/ttr.works\/pt-br\/wp-json\/wp\/v2\/media?parent=21470"}],"wp:term":[{"taxonomy":"category","embeddable":true,"href":"https:\/\/ttr.works\/pt-br\/wp-json\/wp\/v2\/categories?post=21470"},{"taxonomy":"post_tag","embeddable":true,"href":"https:\/\/ttr.works\/pt-br\/wp-json\/wp\/v2\/tags?post=21470"}],"curies":[{"name":"wp","href":"https:\/\/api.w.org\/{rel}","templated":true}]}}