{"id":21512,"date":"2024-02-05T13:28:16","date_gmt":"2024-02-05T13:28:16","guid":{"rendered":"https:\/\/ttr.works\/?page_id=21512"},"modified":"2024-07-29T09:17:39","modified_gmt":"2024-07-29T09:17:39","slug":"wax-resin-near-edge-ribbons","status":"publish","type":"page","link":"https:\/\/ttr.works\/pt-br\/ribbons-de-transferencia-termica\/wax-resin-near-edge-ribbons\/","title":{"rendered":"Wax Resin Near edge ribbons"},"content":{"rendered":"\n<h1 class=\"wp-block-heading\">Near Edge ribbons 4U<\/h1>\n\n<div style=\"height:12px\" aria-hidden=\"true\" class=\"wp-block-spacer\"><\/div>\n\n<p>A impress\u00e3o Near-Edge normalmente \u00e9 feita em alta velocidade, o que requer fitas de tinta de alta qualidade adequadas \u00e0 finalidade. Para esses casos de uso, os campe\u00f5es de vendas em nossa linha s\u00e3o as resinas de cera 411 e 431. Eles s\u00e3o perfeitos para impress\u00e3o em uma ampla variedade de substratos, como papel, pl\u00e1stico, PE e folhas de embalagens flex\u00edveis. O 410 tem um desempenho igualmente bom e possui o filme pet mais fino que cabe em mais metros por rolo.<\/p>\n\n<p>Escolha a marca pr\u00f3pria da TTR Euroworks para impress\u00e3o de grandes volumes em altas velocidades.<\/p>\n\n<a href=\"https:\/\/ttr.works\/pt-br\/caixa-de-amostra-gratis\/\" class=\"link-btn\">Free samples <i class=\"fal fa-chevron-right\"><\/i><\/a><a href=\"https:\/\/ttr.works\/wp-content\/uploads\/stocklist.pdf\" target=\"_blank\" class=\"link-btn second\" rel=\"noopener\">Standard sizes <i class=\"fal fa-chevron-right\"><\/i><\/a>\r\n\n<div style=\"height:30px\" aria-hidden=\"true\" class=\"wp-block-spacer\"><\/div>\n\n<h2 class=\"wp-block-heading\">Nossos best-sellers NEAR EDGE<\/h2>\n\n<div class=\"wp-block-media-text alignwide is-stacked-on-mobile is-vertically-aligned-center\" style=\"grid-template-columns:21% auto\"><figure class=\"wp-block-media-text__media\"><img decoding=\"async\" width=\"360\" height=\"446\" data-src=\"https:\/\/ttr.works\/wp-content\/uploads\/wr410-met-logo.png\" alt=\"\" class=\"wp-image-23980 size-medium lazyload\" data-srcset=\"https:\/\/ttr.works\/wp-content\/uploads\/wr410-met-logo.png 360w, https:\/\/ttr.works\/wp-content\/uploads\/wr410-met-logo-242x300.png 242w\" data-sizes=\"(max-width: 360px) 100vw, 360px\" src=\"data:image\/svg+xml;base64,PHN2ZyB3aWR0aD0iMSIgaGVpZ2h0PSIxIiB4bWxucz0iaHR0cDovL3d3dy53My5vcmcvMjAwMC9zdmciPjwvc3ZnPg==\" style=\"--smush-placeholder-width: 360px; --smush-placeholder-aspect-ratio: 360\/446;\" \/><\/figure><div class=\"wp-block-media-text__content\">\n<h3 class=\"wp-block-heading\">Resina de cera econ\u00f4mica 4U 410 Near Edge<\/h3>\n\n\n\n<p><a href=\"https:\/\/ttr.works\/wp-content\/uploads\/wr4u-431NE.pdf\" target=\"_blank\" rel=\"noreferrer noopener\">Baixar ficha t\u00e9cnica<\/a><\/p>\n\n\n\n<p>Esta resina de cera de \u201cuso geral\u201d para impressoras em linha ou de borda pr\u00f3xima possui o filme PET mais fino da linha, o que permite mais metros por rolo. Produz impress\u00f5es dur\u00e1veis \u200b\u200be tem bom desempenho em alta velocidade.<\/p>\n\n\n\n<p>&#8211; Grande economia geral de custos para impress\u00e3o em linha e de embalagens&#13;\n&#8211; O revestimento traseiro antiest\u00e1tico e os baixos requisitos de energia prolongam a vida \u00fatil do cabe\u00e7ote de impress\u00e3o<\/p>\n<\/div><\/div>\n\n<div style=\"height:30px\" aria-hidden=\"true\" class=\"wp-block-spacer\"><\/div>\n\n<div class=\"wp-block-media-text alignwide is-stacked-on-mobile is-vertically-aligned-center\" style=\"grid-template-columns:21% auto\"><figure class=\"wp-block-media-text__media\"><img decoding=\"async\" width=\"360\" height=\"446\" data-src=\"https:\/\/ttr.works\/wp-content\/uploads\/wr411-met-logo.png\" alt=\"\" class=\"wp-image-23989 size-medium lazyload\" data-srcset=\"https:\/\/ttr.works\/wp-content\/uploads\/wr411-met-logo.png 360w, https:\/\/ttr.works\/wp-content\/uploads\/wr411-met-logo-242x300.png 242w\" data-sizes=\"(max-width: 360px) 100vw, 360px\" src=\"data:image\/svg+xml;base64,PHN2ZyB3aWR0aD0iMSIgaGVpZ2h0PSIxIiB4bWxucz0iaHR0cDovL3d3dy53My5vcmcvMjAwMC9zdmciPjwvc3ZnPg==\" style=\"--smush-placeholder-width: 360px; --smush-placeholder-aspect-ratio: 360\/446;\" \/><\/figure><div class=\"wp-block-media-text__content\">\n<h3 class=\"wp-block-heading\">Resina de cera premium 4U 411 Near Edge<\/h3>\n\n\n\n<p><a href=\"https:\/\/ttr.works\/wp-content\/uploads\/wr4u-411-c-1.pdf\" target=\"_blank\" rel=\"noreferrer noopener\">Baixar ficha t\u00e9cnica<\/a><\/p>\n\n\n\n<p>Fita de resina de cera projetada para impressoras industriais Near-edge em aplica\u00e7\u00f5es de etiquetagem de alto volume, como filme flex\u00edvel e aplica\u00e7\u00f5es de impress\u00e3o e aplica\u00e7\u00e3o. Produz qualidade de impress\u00e3o consistente e bordas de pontos limpas para c\u00f3digos de barras densos.<\/p>\n\n\n\n<p>\u2013 Alta resist\u00eancia a manchas&#13;\n\u2013 Alta resist\u00eancia a riscos&#13;\n\u2013 Alta resist\u00eancia UV<\/p>\n<\/div><\/div>\n\n<div style=\"height:30px\" aria-hidden=\"true\" class=\"wp-block-spacer\"><\/div>\n\n<div class=\"wp-block-media-text alignwide is-stacked-on-mobile is-vertically-aligned-center\" style=\"grid-template-columns:21% auto\"><figure class=\"wp-block-media-text__media\"><img decoding=\"async\" width=\"360\" height=\"446\" data-src=\"https:\/\/ttr.works\/wp-content\/uploads\/wr431-met-logo.png\" alt=\"\" class=\"wp-image-23997 size-medium lazyload\" data-srcset=\"https:\/\/ttr.works\/wp-content\/uploads\/wr431-met-logo.png 360w, https:\/\/ttr.works\/wp-content\/uploads\/wr431-met-logo-242x300.png 242w\" data-sizes=\"(max-width: 360px) 100vw, 360px\" src=\"data:image\/svg+xml;base64,PHN2ZyB3aWR0aD0iMSIgaGVpZ2h0PSIxIiB4bWxucz0iaHR0cDovL3d3dy53My5vcmcvMjAwMC9zdmciPjwvc3ZnPg==\" style=\"--smush-placeholder-width: 360px; --smush-placeholder-aspect-ratio: 360\/446;\" \/><\/figure><div class=\"wp-block-media-text__content\">\n<h3 class=\"wp-block-heading\">Resina de cera dur\u00e1vel 4U 431 Near Edge<\/h3>\n\n\n\n<p><a href=\"https:\/\/ttr.works\/wp-content\/uploads\/wr4u-431NE-1.pdf\" target=\"_blank\" rel=\"noreferrer noopener\">Baixar ficha t\u00e9cnica<\/a><\/p>\n\n\n\n<p>Projetado para impress\u00e3o de embalagens em linha, impress\u00e3o e aplica\u00e7\u00e3o em alta velocidade. Produz excelente densidade e defini\u00e7\u00e3o de impress\u00e3o em uma ampla variedade de substratos.<\/p>\n\n\n\n<p>&#8211; Boa resist\u00eancia a altas temperaturas&#13;\n&#8211; Compat\u00edvel com filmes para embalagens flex\u00edveis<\/p>\n<\/div><\/div>\n\n<div style=\"height:45px\" aria-hidden=\"true\" class=\"wp-block-spacer\"><\/div>\n\n<div class=\"wp-block-media-text alignwide is-stacked-on-mobile is-vertically-aligned-center\" style=\"grid-template-columns:21% auto\"><figure class=\"wp-block-media-text__media\"><img decoding=\"async\" width=\"360\" height=\"446\" data-src=\"https:\/\/ttr.works\/wp-content\/uploads\/r600-met-logo.png\" alt=\"\" class=\"wp-image-24005 size-medium lazyload\" data-srcset=\"https:\/\/ttr.works\/wp-content\/uploads\/r600-met-logo.png 360w, https:\/\/ttr.works\/wp-content\/uploads\/r600-met-logo-242x300.png 242w\" data-sizes=\"(max-width: 360px) 100vw, 360px\" src=\"data:image\/svg+xml;base64,PHN2ZyB3aWR0aD0iMSIgaGVpZ2h0PSIxIiB4bWxucz0iaHR0cDovL3d3dy53My5vcmcvMjAwMC9zdmciPjwvc3ZnPg==\" style=\"--smush-placeholder-width: 360px; --smush-placeholder-aspect-ratio: 360\/446;\" \/><\/figure><div class=\"wp-block-media-text__content\">\n<h3 class=\"wp-block-heading\">Resina Premium 4U 600 Near Edge<\/h3>\n\n\n\n<p><a href=\"https:\/\/ttr.works\/wp-content\/uploads\/r4u-600NE-1.pdf\" target=\"_blank\" rel=\"noreferrer noopener\">Baixar ficha t\u00e9cnica<\/a><\/p>\n\n\n\n<p>Qualidade de resina que produz imagens e c\u00f3digos de barras mais dur\u00e1veis, mesmo em altas velocidades de impress\u00e3o. As imagens possuem alta resist\u00eancia a arranh\u00f5es e calor.<\/p>\n\n\n\n<p>\u2013 \u00d3tima combina\u00e7\u00e3o de velocidade e desempenho&#13;\n\u2013 As imagens mais dur\u00e1veis \u200b\u200bcom alta defini\u00e7\u00e3o<\/p>\n<\/div><\/div>\n","protected":false},"excerpt":{"rendered":"<p>Near Edge ribbons 4U A impress\u00e3o Near-Edge normalmente \u00e9 feita em alta velocidade, o que requer fitas de tinta de alta qualidade adequadas \u00e0 finalidade. Para esses casos de uso, os campe\u00f5es de vendas em nossa linha s\u00e3o as resinas de cera 411 e 431. Eles s\u00e3o perfeitos para impress\u00e3o em uma ampla variedade de [&hellip;]<\/p>\n","protected":false},"author":6,"featured_media":0,"parent":2682,"menu_order":0,"comment_status":"closed","ping_status":"closed","template":"template-4u.php","meta":{"_acf_changed":false,"content-type":"","footnotes":""},"categories":[],"tags":[266],"class_list":["post-21512","page","type-page","status-publish","hentry","tag-product-pt-br"],"acf":[],"yoast_head":"<!-- This site is optimized with the Yoast SEO plugin v25.9 - https:\/\/yoast.com\/wordpress\/plugins\/seo\/ -->\n<title>Wax Resin Near edge ribbons - TTR Euroworks<\/title>\n<meta name=\"description\" content=\"Impress\u00f5es dur\u00e1veis que podem durar anos \u2713 Processos de alto volume em alta velocidade \u2713 Excelente para papel, pl\u00e1sticos e folhas de embalagens flex\u00edveis\" \/>\n<meta name=\"robots\" content=\"index, follow, max-snippet:-1, max-image-preview:large, max-video-preview:-1\" \/>\n<link rel=\"canonical\" href=\"https:\/\/ttr.works\/pt-br\/ribbons-de-transferencia-termica\/wax-resin-near-edge-ribbons\/\" \/>\n<meta property=\"og:locale\" content=\"pt_BR\" \/>\n<meta property=\"og:type\" content=\"article\" \/>\n<meta property=\"og:title\" content=\"Wax Resin Near edge ribbons - TTR Euroworks\" \/>\n<meta property=\"og:description\" content=\"Impress\u00f5es dur\u00e1veis que podem durar anos \u2713 Processos de alto volume em alta velocidade \u2713 Excelente para papel, pl\u00e1sticos e folhas de embalagens flex\u00edveis\" \/>\n<meta property=\"og:url\" content=\"https:\/\/ttr.works\/pt-br\/ribbons-de-transferencia-termica\/wax-resin-near-edge-ribbons\/\" \/>\n<meta property=\"og:site_name\" content=\"TTR Euroworks\" \/>\n<meta property=\"article:modified_time\" content=\"2024-07-29T09:17:39+00:00\" \/>\n<meta property=\"og:image\" content=\"https:\/\/ttr.works\/wp-content\/uploads\/wr410-met-logo.png\" \/>\n<meta name=\"twitter:card\" content=\"summary_large_image\" \/>\n<meta name=\"twitter:label1\" content=\"Est. tempo de leitura\" \/>\n\t<meta name=\"twitter:data1\" content=\"2 minutos\" \/>\n<script type=\"application\/ld+json\" class=\"yoast-schema-graph\">{\"@context\":\"https:\/\/schema.org\",\"@graph\":[{\"@type\":\"WebPage\",\"@id\":\"https:\/\/ttr.works\/pt-br\/ribbons-de-transferencia-termica\/wax-resin-near-edge-ribbons\/\",\"url\":\"https:\/\/ttr.works\/pt-br\/ribbons-de-transferencia-termica\/wax-resin-near-edge-ribbons\/\",\"name\":\"Wax Resin Near edge ribbons - TTR Euroworks\",\"isPartOf\":{\"@id\":\"https:\/\/ttr.works\/pt-br\/#website\"},\"primaryImageOfPage\":{\"@id\":\"https:\/\/ttr.works\/pt-br\/ribbons-de-transferencia-termica\/wax-resin-near-edge-ribbons\/#primaryimage\"},\"image\":{\"@id\":\"https:\/\/ttr.works\/pt-br\/ribbons-de-transferencia-termica\/wax-resin-near-edge-ribbons\/#primaryimage\"},\"thumbnailUrl\":\"https:\/\/ttr.works\/wp-content\/uploads\/wr410-met-logo.png\",\"datePublished\":\"2024-02-05T13:28:16+00:00\",\"dateModified\":\"2024-07-29T09:17:39+00:00\",\"description\":\"Impress\u00f5es dur\u00e1veis que podem durar anos \u2713 Processos de alto volume em alta velocidade \u2713 Excelente para papel, pl\u00e1sticos e folhas de embalagens flex\u00edveis\",\"breadcrumb\":{\"@id\":\"https:\/\/ttr.works\/pt-br\/ribbons-de-transferencia-termica\/wax-resin-near-edge-ribbons\/#breadcrumb\"},\"inLanguage\":\"pt-BR\",\"potentialAction\":[{\"@type\":\"ReadAction\",\"target\":[\"https:\/\/ttr.works\/pt-br\/ribbons-de-transferencia-termica\/wax-resin-near-edge-ribbons\/\"]}]},{\"@type\":\"ImageObject\",\"inLanguage\":\"pt-BR\",\"@id\":\"https:\/\/ttr.works\/pt-br\/ribbons-de-transferencia-termica\/wax-resin-near-edge-ribbons\/#primaryimage\",\"url\":\"https:\/\/ttr.works\/wp-content\/uploads\/wr410-met-logo.png\",\"contentUrl\":\"https:\/\/ttr.works\/wp-content\/uploads\/wr410-met-logo.png\"},{\"@type\":\"BreadcrumbList\",\"@id\":\"https:\/\/ttr.works\/pt-br\/ribbons-de-transferencia-termica\/wax-resin-near-edge-ribbons\/#breadcrumb\",\"itemListElement\":[{\"@type\":\"ListItem\",\"position\":1,\"name\":\"Home\",\"item\":\"https:\/\/ttr.works\/pt-br\/inicio\/\"},{\"@type\":\"ListItem\",\"position\":2,\"name\":\"Parceria com a TTR Euroworks\",\"item\":\"https:\/\/ttr.works\/pt-br\/ribbons-de-transferencia-termica\/\"},{\"@type\":\"ListItem\",\"position\":3,\"name\":\"Wax Resin Near edge ribbons\"}]},{\"@type\":\"WebSite\",\"@id\":\"https:\/\/ttr.works\/pt-br\/#website\",\"url\":\"https:\/\/ttr.works\/pt-br\/\",\"name\":\"TTR Euroworks\",\"description\":\"Your ttr partner\",\"potentialAction\":[{\"@type\":\"SearchAction\",\"target\":{\"@type\":\"EntryPoint\",\"urlTemplate\":\"https:\/\/ttr.works\/pt-br\/?s={search_term_string}\"},\"query-input\":{\"@type\":\"PropertyValueSpecification\",\"valueRequired\":true,\"valueName\":\"search_term_string\"}}],\"inLanguage\":\"pt-BR\"}]}<\/script>\n<!-- \/ Yoast SEO plugin. -->","yoast_head_json":{"title":"Wax Resin Near edge ribbons - TTR Euroworks","description":"Impress\u00f5es dur\u00e1veis que podem durar anos \u2713 Processos de alto volume em alta velocidade \u2713 Excelente para papel, pl\u00e1sticos e folhas de embalagens flex\u00edveis","robots":{"index":"index","follow":"follow","max-snippet":"max-snippet:-1","max-image-preview":"max-image-preview:large","max-video-preview":"max-video-preview:-1"},"canonical":"https:\/\/ttr.works\/pt-br\/ribbons-de-transferencia-termica\/wax-resin-near-edge-ribbons\/","og_locale":"pt_BR","og_type":"article","og_title":"Wax Resin Near edge ribbons - TTR Euroworks","og_description":"Impress\u00f5es dur\u00e1veis que podem durar anos \u2713 Processos de alto volume em alta velocidade \u2713 Excelente para papel, pl\u00e1sticos e folhas de embalagens flex\u00edveis","og_url":"https:\/\/ttr.works\/pt-br\/ribbons-de-transferencia-termica\/wax-resin-near-edge-ribbons\/","og_site_name":"TTR Euroworks","article_modified_time":"2024-07-29T09:17:39+00:00","og_image":[{"url":"https:\/\/ttr.works\/wp-content\/uploads\/wr410-met-logo.png","type":"","width":"","height":""}],"twitter_card":"summary_large_image","twitter_misc":{"Est. tempo de leitura":"2 minutos"},"schema":{"@context":"https:\/\/schema.org","@graph":[{"@type":"WebPage","@id":"https:\/\/ttr.works\/pt-br\/ribbons-de-transferencia-termica\/wax-resin-near-edge-ribbons\/","url":"https:\/\/ttr.works\/pt-br\/ribbons-de-transferencia-termica\/wax-resin-near-edge-ribbons\/","name":"Wax Resin Near edge ribbons - TTR Euroworks","isPartOf":{"@id":"https:\/\/ttr.works\/pt-br\/#website"},"primaryImageOfPage":{"@id":"https:\/\/ttr.works\/pt-br\/ribbons-de-transferencia-termica\/wax-resin-near-edge-ribbons\/#primaryimage"},"image":{"@id":"https:\/\/ttr.works\/pt-br\/ribbons-de-transferencia-termica\/wax-resin-near-edge-ribbons\/#primaryimage"},"thumbnailUrl":"https:\/\/ttr.works\/wp-content\/uploads\/wr410-met-logo.png","datePublished":"2024-02-05T13:28:16+00:00","dateModified":"2024-07-29T09:17:39+00:00","description":"Impress\u00f5es dur\u00e1veis que podem durar anos \u2713 Processos de alto volume em alta velocidade \u2713 Excelente para papel, pl\u00e1sticos e folhas de embalagens flex\u00edveis","breadcrumb":{"@id":"https:\/\/ttr.works\/pt-br\/ribbons-de-transferencia-termica\/wax-resin-near-edge-ribbons\/#breadcrumb"},"inLanguage":"pt-BR","potentialAction":[{"@type":"ReadAction","target":["https:\/\/ttr.works\/pt-br\/ribbons-de-transferencia-termica\/wax-resin-near-edge-ribbons\/"]}]},{"@type":"ImageObject","inLanguage":"pt-BR","@id":"https:\/\/ttr.works\/pt-br\/ribbons-de-transferencia-termica\/wax-resin-near-edge-ribbons\/#primaryimage","url":"https:\/\/ttr.works\/wp-content\/uploads\/wr410-met-logo.png","contentUrl":"https:\/\/ttr.works\/wp-content\/uploads\/wr410-met-logo.png"},{"@type":"BreadcrumbList","@id":"https:\/\/ttr.works\/pt-br\/ribbons-de-transferencia-termica\/wax-resin-near-edge-ribbons\/#breadcrumb","itemListElement":[{"@type":"ListItem","position":1,"name":"Home","item":"https:\/\/ttr.works\/pt-br\/inicio\/"},{"@type":"ListItem","position":2,"name":"Parceria com a TTR Euroworks","item":"https:\/\/ttr.works\/pt-br\/ribbons-de-transferencia-termica\/"},{"@type":"ListItem","position":3,"name":"Wax Resin Near edge ribbons"}]},{"@type":"WebSite","@id":"https:\/\/ttr.works\/pt-br\/#website","url":"https:\/\/ttr.works\/pt-br\/","name":"TTR Euroworks","description":"Your ttr partner","potentialAction":[{"@type":"SearchAction","target":{"@type":"EntryPoint","urlTemplate":"https:\/\/ttr.works\/pt-br\/?s={search_term_string}"},"query-input":{"@type":"PropertyValueSpecification","valueRequired":true,"valueName":"search_term_string"}}],"inLanguage":"pt-BR"}]}},"_links":{"self":[{"href":"https:\/\/ttr.works\/pt-br\/wp-json\/wp\/v2\/pages\/21512","targetHints":{"allow":["GET"]}}],"collection":[{"href":"https:\/\/ttr.works\/pt-br\/wp-json\/wp\/v2\/pages"}],"about":[{"href":"https:\/\/ttr.works\/pt-br\/wp-json\/wp\/v2\/types\/page"}],"author":[{"embeddable":true,"href":"https:\/\/ttr.works\/pt-br\/wp-json\/wp\/v2\/users\/6"}],"replies":[{"embeddable":true,"href":"https:\/\/ttr.works\/pt-br\/wp-json\/wp\/v2\/comments?post=21512"}],"version-history":[{"count":5,"href":"https:\/\/ttr.works\/pt-br\/wp-json\/wp\/v2\/pages\/21512\/revisions"}],"predecessor-version":[{"id":24490,"href":"https:\/\/ttr.works\/pt-br\/wp-json\/wp\/v2\/pages\/21512\/revisions\/24490"}],"up":[{"embeddable":true,"href":"https:\/\/ttr.works\/pt-br\/wp-json\/wp\/v2\/pages\/2682"}],"wp:attachment":[{"href":"https:\/\/ttr.works\/pt-br\/wp-json\/wp\/v2\/media?parent=21512"}],"wp:term":[{"taxonomy":"category","embeddable":true,"href":"https:\/\/ttr.works\/pt-br\/wp-json\/wp\/v2\/categories?post=21512"},{"taxonomy":"post_tag","embeddable":true,"href":"https:\/\/ttr.works\/pt-br\/wp-json\/wp\/v2\/tags?post=21512"}],"curies":[{"name":"wp","href":"https:\/\/api.w.org\/{rel}","templated":true}]}}