{"id":21529,"date":"2024-02-05T13:55:06","date_gmt":"2024-02-05T13:55:06","guid":{"rendered":"https:\/\/ttr.works\/?page_id=21529"},"modified":"2024-02-29T16:17:09","modified_gmt":"2024-02-29T16:17:09","slug":"resin-near-edge-ribbons","status":"publish","type":"page","link":"https:\/\/ttr.works\/pt-br\/ribbons-de-transferencia-termica\/resin-near-edge-ribbons\/","title":{"rendered":"Resin Near edge ribbons"},"content":{"rendered":"\n<h1 class=\"wp-block-heading\">Fitas de resina Near Edge 4U<\/h1>\n\n\n\n<p>Para impress\u00e3o Near-edge, normalmente em alta velocidade, oferecemos diversas op\u00e7\u00f5es de resina de cera, mas tamb\u00e9m uma fita de resina. Esta \u00e9 uma \u00f3tima op\u00e7\u00e3o para processos de impress\u00e3o de alto volume em altas velocidades. Ele funciona bem em substratos como papel, pl\u00e1sticos e folhas de embalagens flex\u00edveis.<\/p>\n\n\n\n<a href=\"\/pt-br?page_id=2582\" class=\"link-btn\">Receive a free sample box <i class=\"fal fa-chevron-right\"><\/i><\/a><a href=\"https:\/\/ttr.works\/wp-content\/uploads\/stocklist.pdf\" target=\"_blank\" class=\"link-btn second\" rel=\"noopener\">Download stock list <i class=\"fal fa-chevron-right\"><\/i><\/a>\n\n\n\n<div style=\"height:30px\" aria-hidden=\"true\" class=\"wp-block-spacer\"><\/div>\n\n\n\n<h2 class=\"wp-block-heading\">Nossa op\u00e7\u00e3o de fita de resina 4U Near Edge<\/h2>\n\n\n\n<div class=\"wp-block-media-text alignwide is-stacked-on-mobile is-vertically-aligned-center\" style=\"grid-template-columns:21% auto\"><figure class=\"wp-block-media-text__media\"><img decoding=\"async\" width=\"225\" height=\"300\" data-src=\"https:\/\/ttr.works\/wp-content\/uploads\/\/Donker-blauw-600-225x300.png\" alt=\"\" class=\"wp-image-19713 size-medium lazyload\" data-srcset=\"https:\/\/ttr.works\/wp-content\/uploads\/Donker-blauw-600-225x300.png 225w, https:\/\/ttr.works\/wp-content\/uploads\/Donker-blauw-600-768x1024.png 768w, https:\/\/ttr.works\/wp-content\/uploads\/Donker-blauw-600-1152x1536.png 1152w, https:\/\/ttr.works\/wp-content\/uploads\/Donker-blauw-600-1536x2048.png 1536w\" data-sizes=\"(max-width: 225px) 100vw, 225px\" src=\"data:image\/svg+xml;base64,PHN2ZyB3aWR0aD0iMSIgaGVpZ2h0PSIxIiB4bWxucz0iaHR0cDovL3d3dy53My5vcmcvMjAwMC9zdmciPjwvc3ZnPg==\" style=\"--smush-placeholder-width: 225px; --smush-placeholder-aspect-ratio: 225\/300;\" \/><\/figure><div class=\"wp-block-media-text__content\">\n<h3 class=\"wp-block-heading\">Resina Premium 4U 600 Near Edge<\/h3>\n\n\n\n<p><a href=\"https:\/\/ttr.works\/wp-content\/uploads\/r4u-600NE-1.pdf\" target=\"_blank\" rel=\"noreferrer noopener\">Baixar ficha t\u00e9cnica<\/a><\/p>\n\n\n\n<p>Resina de uso geral que produz imagens e c\u00f3digos de barras dur\u00e1veis em impressoras Near-edge e flathead. Ele pode suportar velocidades de impress\u00e3o mais altas. As impress\u00f5es t\u00eam alta resist\u00eancia a arranh\u00f5es e calor.<\/p>\n\n\n\n<p>\u2013 \u00d3tima combina\u00e7\u00e3o de velocidade e desempenho\n\u2013 Imagens dur\u00e1veis<\/p>\n<\/div><\/div>\n","protected":false},"excerpt":{"rendered":"<p>Fitas de resina Near Edge 4U Para impress\u00e3o Near-edge, normalmente em alta velocidade, oferecemos diversas op\u00e7\u00f5es de resina de cera, mas tamb\u00e9m uma fita de resina. Esta \u00e9 uma \u00f3tima op\u00e7\u00e3o para processos de impress\u00e3o de alto volume em altas velocidades. Ele funciona bem em substratos como papel, pl\u00e1sticos e folhas de embalagens flex\u00edveis. Receive [&hellip;]<\/p>\n","protected":false},"author":6,"featured_media":0,"parent":2682,"menu_order":0,"comment_status":"closed","ping_status":"closed","template":"template-4u.php","meta":{"_acf_changed":false,"content-type":"","footnotes":""},"categories":[],"tags":[266],"class_list":["post-21529","page","type-page","status-publish","hentry","tag-product-pt-br"],"acf":[],"yoast_head":"<!-- This site is optimized with the Yoast SEO plugin v25.9 - https:\/\/yoast.com\/wordpress\/plugins\/seo\/ -->\n<title>Resin Near edge ribbons - TTR Euroworks<\/title>\n<meta name=\"description\" content=\"Impress\u00f5es dur\u00e1veis que podem durar anos \u2713 Processos de alto volume em alta velocidade \u2713 Excelente para papel, pl\u00e1sticos e folhas de embalagens flex\u00edveis\" \/>\n<meta name=\"robots\" content=\"index, follow, max-snippet:-1, max-image-preview:large, max-video-preview:-1\" \/>\n<link rel=\"canonical\" href=\"https:\/\/ttr.works\/pt-br\/ribbons-de-transferencia-termica\/resin-near-edge-ribbons\/\" \/>\n<meta property=\"og:locale\" content=\"pt_BR\" \/>\n<meta property=\"og:type\" content=\"article\" \/>\n<meta property=\"og:title\" content=\"Resin Near edge ribbons - TTR Euroworks\" \/>\n<meta property=\"og:description\" content=\"Impress\u00f5es dur\u00e1veis que podem durar anos \u2713 Processos de alto volume em alta velocidade \u2713 Excelente para papel, pl\u00e1sticos e folhas de embalagens flex\u00edveis\" \/>\n<meta property=\"og:url\" content=\"https:\/\/ttr.works\/pt-br\/ribbons-de-transferencia-termica\/resin-near-edge-ribbons\/\" \/>\n<meta property=\"og:site_name\" content=\"TTR Euroworks\" \/>\n<meta property=\"article:modified_time\" content=\"2024-02-29T16:17:09+00:00\" \/>\n<meta property=\"og:image\" content=\"https:\/\/ttr.works\/wp-content\/uploads\/\/Donker-blauw-600-225x300.png\" \/>\n<meta name=\"twitter:card\" content=\"summary_large_image\" \/>\n<meta name=\"twitter:label1\" content=\"Est. tempo de leitura\" \/>\n\t<meta name=\"twitter:data1\" content=\"1 minuto\" \/>\n<script type=\"application\/ld+json\" class=\"yoast-schema-graph\">{\"@context\":\"https:\/\/schema.org\",\"@graph\":[{\"@type\":\"WebPage\",\"@id\":\"https:\/\/ttr.works\/pt-br\/ribbons-de-transferencia-termica\/resin-near-edge-ribbons\/\",\"url\":\"https:\/\/ttr.works\/pt-br\/ribbons-de-transferencia-termica\/resin-near-edge-ribbons\/\",\"name\":\"Resin Near edge ribbons - TTR Euroworks\",\"isPartOf\":{\"@id\":\"https:\/\/ttr.works\/pt-br\/#website\"},\"primaryImageOfPage\":{\"@id\":\"https:\/\/ttr.works\/pt-br\/ribbons-de-transferencia-termica\/resin-near-edge-ribbons\/#primaryimage\"},\"image\":{\"@id\":\"https:\/\/ttr.works\/pt-br\/ribbons-de-transferencia-termica\/resin-near-edge-ribbons\/#primaryimage\"},\"thumbnailUrl\":\"https:\/\/ttr.works\/wp-content\/uploads\/\/Donker-blauw-600-225x300.png\",\"datePublished\":\"2024-02-05T13:55:06+00:00\",\"dateModified\":\"2024-02-29T16:17:09+00:00\",\"description\":\"Impress\u00f5es dur\u00e1veis que podem durar anos \u2713 Processos de alto volume em alta velocidade \u2713 Excelente para papel, pl\u00e1sticos e folhas de embalagens flex\u00edveis\",\"breadcrumb\":{\"@id\":\"https:\/\/ttr.works\/pt-br\/ribbons-de-transferencia-termica\/resin-near-edge-ribbons\/#breadcrumb\"},\"inLanguage\":\"pt-BR\",\"potentialAction\":[{\"@type\":\"ReadAction\",\"target\":[\"https:\/\/ttr.works\/pt-br\/ribbons-de-transferencia-termica\/resin-near-edge-ribbons\/\"]}]},{\"@type\":\"ImageObject\",\"inLanguage\":\"pt-BR\",\"@id\":\"https:\/\/ttr.works\/pt-br\/ribbons-de-transferencia-termica\/resin-near-edge-ribbons\/#primaryimage\",\"url\":\"https:\/\/ttr.works\/wp-content\/uploads\/\/Donker-blauw-600-225x300.png\",\"contentUrl\":\"https:\/\/ttr.works\/wp-content\/uploads\/\/Donker-blauw-600-225x300.png\"},{\"@type\":\"BreadcrumbList\",\"@id\":\"https:\/\/ttr.works\/pt-br\/ribbons-de-transferencia-termica\/resin-near-edge-ribbons\/#breadcrumb\",\"itemListElement\":[{\"@type\":\"ListItem\",\"position\":1,\"name\":\"Home\",\"item\":\"https:\/\/ttr.works\/pt-br\/inicio\/\"},{\"@type\":\"ListItem\",\"position\":2,\"name\":\"Parceria com a TTR Euroworks\",\"item\":\"https:\/\/ttr.works\/pt-br\/ribbons-de-transferencia-termica\/\"},{\"@type\":\"ListItem\",\"position\":3,\"name\":\"Resin Near edge ribbons\"}]},{\"@type\":\"WebSite\",\"@id\":\"https:\/\/ttr.works\/pt-br\/#website\",\"url\":\"https:\/\/ttr.works\/pt-br\/\",\"name\":\"TTR Euroworks\",\"description\":\"Your ttr partner\",\"potentialAction\":[{\"@type\":\"SearchAction\",\"target\":{\"@type\":\"EntryPoint\",\"urlTemplate\":\"https:\/\/ttr.works\/pt-br\/?s={search_term_string}\"},\"query-input\":{\"@type\":\"PropertyValueSpecification\",\"valueRequired\":true,\"valueName\":\"search_term_string\"}}],\"inLanguage\":\"pt-BR\"}]}<\/script>\n<!-- \/ Yoast SEO plugin. -->","yoast_head_json":{"title":"Resin Near edge ribbons - TTR Euroworks","description":"Impress\u00f5es dur\u00e1veis que podem durar anos \u2713 Processos de alto volume em alta velocidade \u2713 Excelente para papel, pl\u00e1sticos e folhas de embalagens flex\u00edveis","robots":{"index":"index","follow":"follow","max-snippet":"max-snippet:-1","max-image-preview":"max-image-preview:large","max-video-preview":"max-video-preview:-1"},"canonical":"https:\/\/ttr.works\/pt-br\/ribbons-de-transferencia-termica\/resin-near-edge-ribbons\/","og_locale":"pt_BR","og_type":"article","og_title":"Resin Near edge ribbons - TTR Euroworks","og_description":"Impress\u00f5es dur\u00e1veis que podem durar anos \u2713 Processos de alto volume em alta velocidade \u2713 Excelente para papel, pl\u00e1sticos e folhas de embalagens flex\u00edveis","og_url":"https:\/\/ttr.works\/pt-br\/ribbons-de-transferencia-termica\/resin-near-edge-ribbons\/","og_site_name":"TTR Euroworks","article_modified_time":"2024-02-29T16:17:09+00:00","og_image":[{"url":"https:\/\/ttr.works\/wp-content\/uploads\/\/Donker-blauw-600-225x300.png","type":"","width":"","height":""}],"twitter_card":"summary_large_image","twitter_misc":{"Est. tempo de leitura":"1 minuto"},"schema":{"@context":"https:\/\/schema.org","@graph":[{"@type":"WebPage","@id":"https:\/\/ttr.works\/pt-br\/ribbons-de-transferencia-termica\/resin-near-edge-ribbons\/","url":"https:\/\/ttr.works\/pt-br\/ribbons-de-transferencia-termica\/resin-near-edge-ribbons\/","name":"Resin Near edge ribbons - TTR Euroworks","isPartOf":{"@id":"https:\/\/ttr.works\/pt-br\/#website"},"primaryImageOfPage":{"@id":"https:\/\/ttr.works\/pt-br\/ribbons-de-transferencia-termica\/resin-near-edge-ribbons\/#primaryimage"},"image":{"@id":"https:\/\/ttr.works\/pt-br\/ribbons-de-transferencia-termica\/resin-near-edge-ribbons\/#primaryimage"},"thumbnailUrl":"https:\/\/ttr.works\/wp-content\/uploads\/\/Donker-blauw-600-225x300.png","datePublished":"2024-02-05T13:55:06+00:00","dateModified":"2024-02-29T16:17:09+00:00","description":"Impress\u00f5es dur\u00e1veis que podem durar anos \u2713 Processos de alto volume em alta velocidade \u2713 Excelente para papel, pl\u00e1sticos e folhas de embalagens flex\u00edveis","breadcrumb":{"@id":"https:\/\/ttr.works\/pt-br\/ribbons-de-transferencia-termica\/resin-near-edge-ribbons\/#breadcrumb"},"inLanguage":"pt-BR","potentialAction":[{"@type":"ReadAction","target":["https:\/\/ttr.works\/pt-br\/ribbons-de-transferencia-termica\/resin-near-edge-ribbons\/"]}]},{"@type":"ImageObject","inLanguage":"pt-BR","@id":"https:\/\/ttr.works\/pt-br\/ribbons-de-transferencia-termica\/resin-near-edge-ribbons\/#primaryimage","url":"https:\/\/ttr.works\/wp-content\/uploads\/\/Donker-blauw-600-225x300.png","contentUrl":"https:\/\/ttr.works\/wp-content\/uploads\/\/Donker-blauw-600-225x300.png"},{"@type":"BreadcrumbList","@id":"https:\/\/ttr.works\/pt-br\/ribbons-de-transferencia-termica\/resin-near-edge-ribbons\/#breadcrumb","itemListElement":[{"@type":"ListItem","position":1,"name":"Home","item":"https:\/\/ttr.works\/pt-br\/inicio\/"},{"@type":"ListItem","position":2,"name":"Parceria com a TTR Euroworks","item":"https:\/\/ttr.works\/pt-br\/ribbons-de-transferencia-termica\/"},{"@type":"ListItem","position":3,"name":"Resin Near edge ribbons"}]},{"@type":"WebSite","@id":"https:\/\/ttr.works\/pt-br\/#website","url":"https:\/\/ttr.works\/pt-br\/","name":"TTR Euroworks","description":"Your ttr partner","potentialAction":[{"@type":"SearchAction","target":{"@type":"EntryPoint","urlTemplate":"https:\/\/ttr.works\/pt-br\/?s={search_term_string}"},"query-input":{"@type":"PropertyValueSpecification","valueRequired":true,"valueName":"search_term_string"}}],"inLanguage":"pt-BR"}]}},"_links":{"self":[{"href":"https:\/\/ttr.works\/pt-br\/wp-json\/wp\/v2\/pages\/21529","targetHints":{"allow":["GET"]}}],"collection":[{"href":"https:\/\/ttr.works\/pt-br\/wp-json\/wp\/v2\/pages"}],"about":[{"href":"https:\/\/ttr.works\/pt-br\/wp-json\/wp\/v2\/types\/page"}],"author":[{"embeddable":true,"href":"https:\/\/ttr.works\/pt-br\/wp-json\/wp\/v2\/users\/6"}],"replies":[{"embeddable":true,"href":"https:\/\/ttr.works\/pt-br\/wp-json\/wp\/v2\/comments?post=21529"}],"version-history":[{"count":6,"href":"https:\/\/ttr.works\/pt-br\/wp-json\/wp\/v2\/pages\/21529\/revisions"}],"predecessor-version":[{"id":22326,"href":"https:\/\/ttr.works\/pt-br\/wp-json\/wp\/v2\/pages\/21529\/revisions\/22326"}],"up":[{"embeddable":true,"href":"https:\/\/ttr.works\/pt-br\/wp-json\/wp\/v2\/pages\/2682"}],"wp:attachment":[{"href":"https:\/\/ttr.works\/pt-br\/wp-json\/wp\/v2\/media?parent=21529"}],"wp:term":[{"taxonomy":"category","embeddable":true,"href":"https:\/\/ttr.works\/pt-br\/wp-json\/wp\/v2\/categories?post=21529"},{"taxonomy":"post_tag","embeddable":true,"href":"https:\/\/ttr.works\/pt-br\/wp-json\/wp\/v2\/tags?post=21529"}],"curies":[{"name":"wp","href":"https:\/\/api.w.org\/{rel}","templated":true}]}}