{"id":22831,"date":"2024-04-29T10:13:35","date_gmt":"2024-04-29T10:13:35","guid":{"rendered":"https:\/\/ttr.works\/?page_id=22831"},"modified":"2024-04-29T10:23:20","modified_gmt":"2024-04-29T10:23:20","slug":"programa-de-recompensas-4u-po","status":"publish","type":"page","link":"https:\/\/ttr.works\/pt-br\/programa-de-recompensas-4u-po\/","title":{"rendered":"Programa de Recompensas 4U (redirect to PHP) (Portugees)"},"content":{"rendered":"\n<p>Com cada compra de cabe\u00e7as de impress\u00e3o e impressoras, voc\u00ea acumula pontos automaticamente. No final de cada trimestre, voc\u00ea recebe um c\u00f3digo de voucher exclusivo de acordo com os pontos que acumulou.<\/p>\n","protected":false},"excerpt":{"rendered":"<p>Com cada compra de cabe\u00e7as de impress\u00e3o e impressoras, voc\u00ea acumula pontos automaticamente. No final de cada trimestre, voc\u00ea recebe um c\u00f3digo de voucher exclusivo de acordo com os pontos que acumulou.<\/p>\n","protected":false},"author":5,"featured_media":0,"parent":0,"menu_order":0,"comment_status":"closed","ping_status":"closed","template":"template-product.php","meta":{"_acf_changed":false,"content-type":"","footnotes":""},"categories":[],"tags":[266],"class_list":["post-22831","page","type-page","status-publish","hentry","tag-product-pt-br"],"acf":[],"_links":{"self":[{"href":"https:\/\/ttr.works\/pt-br\/wp-json\/wp\/v2\/pages\/22831","targetHints":{"allow":["GET"]}}],"collection":[{"href":"https:\/\/ttr.works\/pt-br\/wp-json\/wp\/v2\/pages"}],"about":[{"href":"https:\/\/ttr.works\/pt-br\/wp-json\/wp\/v2\/types\/page"}],"author":[{"embeddable":true,"href":"https:\/\/ttr.works\/pt-br\/wp-json\/wp\/v2\/users\/5"}],"replies":[{"embeddable":true,"href":"https:\/\/ttr.works\/pt-br\/wp-json\/wp\/v2\/comments?post=22831"}],"version-history":[{"count":4,"href":"https:\/\/ttr.works\/pt-br\/wp-json\/wp\/v2\/pages\/22831\/revisions"}],"predecessor-version":[{"id":22848,"href":"https:\/\/ttr.works\/pt-br\/wp-json\/wp\/v2\/pages\/22831\/revisions\/22848"}],"wp:attachment":[{"href":"https:\/\/ttr.works\/pt-br\/wp-json\/wp\/v2\/media?parent=22831"}],"wp:term":[{"taxonomy":"category","embeddable":true,"href":"https:\/\/ttr.works\/pt-br\/wp-json\/wp\/v2\/categories?post=22831"},{"taxonomy":"post_tag","embeddable":true,"href":"https:\/\/ttr.works\/pt-br\/wp-json\/wp\/v2\/tags?post=22831"}],"curies":[{"name":"wp","href":"https:\/\/api.w.org\/{rel}","templated":true}]}}