{"id":24021,"date":"2024-06-24T11:21:02","date_gmt":"2024-06-24T11:21:02","guid":{"rendered":"https:\/\/ttr.works\/?page_id=24021"},"modified":"2024-06-24T11:21:03","modified_gmt":"2024-06-24T11:21:03","slug":"lendahand","status":"publish","type":"page","link":"https:\/\/ttr.works\/pt-br\/lendahand\/","title":{"rendered":"Lendahand"},"content":{"rendered":"\n<p><strong>Essas empresas n\u00e3o apenas contribuem para o desenvolvimento econ\u00f4mico de seu pa\u00eds, criando empregos, mas tamb\u00e9m geram um impacto social e ambiental significativo. No entanto, elas enfrentam um grande desafio: o acesso a financiamento para expandir seus neg\u00f3cios e gerar empregos em um ritmo mais r\u00e1pido.<\/strong><\/p>\n\n\n\n<p>Investimos nessas pequenas empresas por meio de nossa parceria com a <strong>Lendahand<\/strong>, uma plataforma de crowdfunding dedicada \u00e0 mudan\u00e7a social, ambiental e econ\u00f4mica. Essas empresas muitas vezes n\u00e3o t\u00eam acesso a canais de financiamento tradicionais devido \u00e0s altas taxas de juros e aos requisitos rigorosos e geralmente s\u00e3o ignoradas pelos investidores, apesar de seu potencial e da import\u00e2ncia de apoiar empresas como essas para impactar positivamente a vida de muitas pessoas.<\/p>\n\n\n\n<p>\u00c9 por isso que queremos intensificar nossos esfor\u00e7os e ajudar a fornecer os recursos financeiros que os empreendedores trabalhadores em mercados emergentes precisam para ter sucesso.<\/p>\n\n\n\n<a href=\"https:\/\/www.lendahand.com\/en-EU\" style=\"font-family: 'neuzeit-grotesk', Helvetica, Arial, sans-serif;font-size: 19px;margin-top: 20px;background: linear-gradient(45deg, #369983, #237f6a);padding: 15px 30px;border-radius: 7px;color: #fff;display: inline-block;\" target=\"_blank\" rel=\"noopener\">Saiba mais sobre a Lendahand \u2192<\/a>\n","protected":false},"excerpt":{"rendered":"<p>Essas empresas n\u00e3o apenas contribuem para o desenvolvimento econ\u00f4mico de seu pa\u00eds, criando empregos, mas tamb\u00e9m geram um impacto social e ambiental significativo. No entanto, elas enfrentam um grande desafio: o acesso a financiamento para expandir seus neg\u00f3cios e gerar empregos em um ritmo mais r\u00e1pido. Investimos nessas pequenas empresas por meio de nossa parceria [&hellip;]<\/p>\n","protected":false},"author":5,"featured_media":0,"parent":0,"menu_order":0,"comment_status":"closed","ping_status":"closed","template":"template-lendahand.php","meta":{"_acf_changed":false,"content-type":"","footnotes":""},"categories":[],"tags":[],"class_list":["post-24021","page","type-page","status-publish","hentry"],"acf":[],"_links":{"self":[{"href":"https:\/\/ttr.works\/pt-br\/wp-json\/wp\/v2\/pages\/24021","targetHints":{"allow":["GET"]}}],"collection":[{"href":"https:\/\/ttr.works\/pt-br\/wp-json\/wp\/v2\/pages"}],"about":[{"href":"https:\/\/ttr.works\/pt-br\/wp-json\/wp\/v2\/types\/page"}],"author":[{"embeddable":true,"href":"https:\/\/ttr.works\/pt-br\/wp-json\/wp\/v2\/users\/5"}],"replies":[{"embeddable":true,"href":"https:\/\/ttr.works\/pt-br\/wp-json\/wp\/v2\/comments?post=24021"}],"version-history":[{"count":1,"href":"https:\/\/ttr.works\/pt-br\/wp-json\/wp\/v2\/pages\/24021\/revisions"}],"predecessor-version":[{"id":24022,"href":"https:\/\/ttr.works\/pt-br\/wp-json\/wp\/v2\/pages\/24021\/revisions\/24022"}],"wp:attachment":[{"href":"https:\/\/ttr.works\/pt-br\/wp-json\/wp\/v2\/media?parent=24021"}],"wp:term":[{"taxonomy":"category","embeddable":true,"href":"https:\/\/ttr.works\/pt-br\/wp-json\/wp\/v2\/categories?post=24021"},{"taxonomy":"post_tag","embeddable":true,"href":"https:\/\/ttr.works\/pt-br\/wp-json\/wp\/v2\/tags?post=24021"}],"curies":[{"name":"wp","href":"https:\/\/api.w.org\/{rel}","templated":true}]}}