{"id":2550,"date":"2020-11-02T12:36:10","date_gmt":"2020-11-02T12:36:10","guid":{"rendered":"https:\/\/ttr.works\/?page_id=2550"},"modified":"2021-01-05T11:04:22","modified_gmt":"2021-01-05T11:04:22","slug":"sobre-nos","status":"publish","type":"page","link":"https:\/\/ttr.works\/pt-br\/sobre-nos\/","title":{"rendered":"Sobre n\u00f3s"},"content":{"rendered":"\n<p>H\u00e1 mais de 25 anos, a TTR Euroworks nasceu a partir da ideia de fornecer produtos de transfer\u00eancia t\u00e9rmica de maneira mais r\u00e1pida, mais f\u00e1cil e mais econ\u00f4mica do que qualquer outra empresa. Nossa filosofia de criar uma parceria com nossos clientes e de trabalhar por eles realmente fez sentido. N\u00f3s at\u00e9 fizemos dela nosso lema: TTR Euroworks for you. Temos escrit\u00f3rios e centros de distribui\u00e7\u00e3o pr\u00f3ximos ao porto do Rotterdam (Holanda) e St. Helens (Reino Unido). Nesses locais, nossos parceiros possuem acesso ao maior estoque de cabe\u00e7as de impress\u00e3o t\u00e9rmica da Europa, bem como impressoras t\u00e9rmicas, ribbons e outros suprimentos. <\/p>\n","protected":false},"excerpt":{"rendered":"<p>H\u00e1 mais de 25 anos, a TTR Euroworks nasceu a partir da ideia de fornecer produtos de transfer\u00eancia t\u00e9rmica de maneira mais r\u00e1pida, mais f\u00e1cil e mais econ\u00f4mica do que qualquer outra empresa. Nossa filosofia de criar uma parceria com nossos clientes e de trabalhar por eles realmente fez sentido. N\u00f3s at\u00e9 fizemos dela nosso [&hellip;]<\/p>\n","protected":false},"author":1,"featured_media":0,"parent":0,"menu_order":0,"comment_status":"closed","ping_status":"closed","template":"template-about.php","meta":{"_acf_changed":false,"content-type":"","footnotes":""},"categories":[],"tags":[],"class_list":["post-2550","page","type-page","status-publish","hentry"],"acf":[],"yoast_head":"<!-- This site is optimized with the Yoast SEO plugin v25.9 - https:\/\/yoast.com\/wordpress\/plugins\/seo\/ -->\n<title>Sobre n\u00f3s - TTR Euroworks<\/title>\n<meta name=\"description\" content=\"TTR Euroworks \u2713 Mais de 10.000 cabe\u00e7as de impress\u00e3o em estoque \u2713 Produ\u00e7\u00e3o de ribbons t\u00e9rmicos \u2713 Principal parceira de solu\u00e7\u00e3o de diversas marcas de impressora\" \/>\n<meta name=\"robots\" content=\"index, follow, max-snippet:-1, max-image-preview:large, max-video-preview:-1\" \/>\n<link rel=\"canonical\" href=\"https:\/\/ttr.works\/pt-br\/sobre-nos\/\" \/>\n<meta property=\"og:locale\" content=\"pt_BR\" \/>\n<meta property=\"og:type\" content=\"article\" \/>\n<meta property=\"og:title\" content=\"Sobre n\u00f3s - TTR Euroworks\" \/>\n<meta property=\"og:description\" content=\"TTR Euroworks \u2713 Mais de 10.000 cabe\u00e7as de impress\u00e3o em estoque \u2713 Produ\u00e7\u00e3o de ribbons t\u00e9rmicos \u2713 Principal parceira de solu\u00e7\u00e3o de diversas marcas de impressora\" \/>\n<meta property=\"og:url\" content=\"https:\/\/ttr.works\/pt-br\/sobre-nos\/\" \/>\n<meta property=\"og:site_name\" content=\"TTR Euroworks\" \/>\n<meta property=\"article:modified_time\" content=\"2021-01-05T11:04:22+00:00\" \/>\n<meta name=\"twitter:card\" content=\"summary_large_image\" \/>\n<meta name=\"twitter:label1\" content=\"Est. tempo de leitura\" \/>\n\t<meta name=\"twitter:data1\" content=\"1 minuto\" \/>\n<script type=\"application\/ld+json\" class=\"yoast-schema-graph\">{\"@context\":\"https:\/\/schema.org\",\"@graph\":[{\"@type\":\"WebPage\",\"@id\":\"https:\/\/ttr.works\/pt-br\/sobre-nos\/\",\"url\":\"https:\/\/ttr.works\/pt-br\/sobre-nos\/\",\"name\":\"Sobre n\u00f3s - TTR Euroworks\",\"isPartOf\":{\"@id\":\"https:\/\/ttr.works\/pt-br\/#website\"},\"datePublished\":\"2020-11-02T12:36:10+00:00\",\"dateModified\":\"2021-01-05T11:04:22+00:00\",\"description\":\"TTR Euroworks \u2713 Mais de 10.000 cabe\u00e7as de impress\u00e3o em estoque \u2713 Produ\u00e7\u00e3o de ribbons t\u00e9rmicos \u2713 Principal parceira de solu\u00e7\u00e3o de diversas marcas de impressora\",\"breadcrumb\":{\"@id\":\"https:\/\/ttr.works\/pt-br\/sobre-nos\/#breadcrumb\"},\"inLanguage\":\"pt-BR\",\"potentialAction\":[{\"@type\":\"ReadAction\",\"target\":[\"https:\/\/ttr.works\/pt-br\/sobre-nos\/\"]}]},{\"@type\":\"BreadcrumbList\",\"@id\":\"https:\/\/ttr.works\/pt-br\/sobre-nos\/#breadcrumb\",\"itemListElement\":[{\"@type\":\"ListItem\",\"position\":1,\"name\":\"Home\",\"item\":\"https:\/\/ttr.works\/pt-br\/inicio\/\"},{\"@type\":\"ListItem\",\"position\":2,\"name\":\"Sobre n\u00f3s\"}]},{\"@type\":\"WebSite\",\"@id\":\"https:\/\/ttr.works\/pt-br\/#website\",\"url\":\"https:\/\/ttr.works\/pt-br\/\",\"name\":\"TTR Euroworks\",\"description\":\"Your ttr partner\",\"potentialAction\":[{\"@type\":\"SearchAction\",\"target\":{\"@type\":\"EntryPoint\",\"urlTemplate\":\"https:\/\/ttr.works\/pt-br\/?s={search_term_string}\"},\"query-input\":{\"@type\":\"PropertyValueSpecification\",\"valueRequired\":true,\"valueName\":\"search_term_string\"}}],\"inLanguage\":\"pt-BR\"}]}<\/script>\n<!-- \/ Yoast SEO plugin. -->","yoast_head_json":{"title":"Sobre n\u00f3s - TTR Euroworks","description":"TTR Euroworks \u2713 Mais de 10.000 cabe\u00e7as de impress\u00e3o em estoque \u2713 Produ\u00e7\u00e3o de ribbons t\u00e9rmicos \u2713 Principal parceira de solu\u00e7\u00e3o de diversas marcas de impressora","robots":{"index":"index","follow":"follow","max-snippet":"max-snippet:-1","max-image-preview":"max-image-preview:large","max-video-preview":"max-video-preview:-1"},"canonical":"https:\/\/ttr.works\/pt-br\/sobre-nos\/","og_locale":"pt_BR","og_type":"article","og_title":"Sobre n\u00f3s - TTR Euroworks","og_description":"TTR Euroworks \u2713 Mais de 10.000 cabe\u00e7as de impress\u00e3o em estoque \u2713 Produ\u00e7\u00e3o de ribbons t\u00e9rmicos \u2713 Principal parceira de solu\u00e7\u00e3o de diversas marcas de impressora","og_url":"https:\/\/ttr.works\/pt-br\/sobre-nos\/","og_site_name":"TTR Euroworks","article_modified_time":"2021-01-05T11:04:22+00:00","twitter_card":"summary_large_image","twitter_misc":{"Est. tempo de leitura":"1 minuto"},"schema":{"@context":"https:\/\/schema.org","@graph":[{"@type":"WebPage","@id":"https:\/\/ttr.works\/pt-br\/sobre-nos\/","url":"https:\/\/ttr.works\/pt-br\/sobre-nos\/","name":"Sobre n\u00f3s - TTR Euroworks","isPartOf":{"@id":"https:\/\/ttr.works\/pt-br\/#website"},"datePublished":"2020-11-02T12:36:10+00:00","dateModified":"2021-01-05T11:04:22+00:00","description":"TTR Euroworks \u2713 Mais de 10.000 cabe\u00e7as de impress\u00e3o em estoque \u2713 Produ\u00e7\u00e3o de ribbons t\u00e9rmicos \u2713 Principal parceira de solu\u00e7\u00e3o de diversas marcas de impressora","breadcrumb":{"@id":"https:\/\/ttr.works\/pt-br\/sobre-nos\/#breadcrumb"},"inLanguage":"pt-BR","potentialAction":[{"@type":"ReadAction","target":["https:\/\/ttr.works\/pt-br\/sobre-nos\/"]}]},{"@type":"BreadcrumbList","@id":"https:\/\/ttr.works\/pt-br\/sobre-nos\/#breadcrumb","itemListElement":[{"@type":"ListItem","position":1,"name":"Home","item":"https:\/\/ttr.works\/pt-br\/inicio\/"},{"@type":"ListItem","position":2,"name":"Sobre n\u00f3s"}]},{"@type":"WebSite","@id":"https:\/\/ttr.works\/pt-br\/#website","url":"https:\/\/ttr.works\/pt-br\/","name":"TTR Euroworks","description":"Your ttr partner","potentialAction":[{"@type":"SearchAction","target":{"@type":"EntryPoint","urlTemplate":"https:\/\/ttr.works\/pt-br\/?s={search_term_string}"},"query-input":{"@type":"PropertyValueSpecification","valueRequired":true,"valueName":"search_term_string"}}],"inLanguage":"pt-BR"}]}},"_links":{"self":[{"href":"https:\/\/ttr.works\/pt-br\/wp-json\/wp\/v2\/pages\/2550","targetHints":{"allow":["GET"]}}],"collection":[{"href":"https:\/\/ttr.works\/pt-br\/wp-json\/wp\/v2\/pages"}],"about":[{"href":"https:\/\/ttr.works\/pt-br\/wp-json\/wp\/v2\/types\/page"}],"author":[{"embeddable":true,"href":"https:\/\/ttr.works\/pt-br\/wp-json\/wp\/v2\/users\/1"}],"replies":[{"embeddable":true,"href":"https:\/\/ttr.works\/pt-br\/wp-json\/wp\/v2\/comments?post=2550"}],"version-history":[{"count":0,"href":"https:\/\/ttr.works\/pt-br\/wp-json\/wp\/v2\/pages\/2550\/revisions"}],"wp:attachment":[{"href":"https:\/\/ttr.works\/pt-br\/wp-json\/wp\/v2\/media?parent=2550"}],"wp:term":[{"taxonomy":"category","embeddable":true,"href":"https:\/\/ttr.works\/pt-br\/wp-json\/wp\/v2\/categories?post=2550"},{"taxonomy":"post_tag","embeddable":true,"href":"https:\/\/ttr.works\/pt-br\/wp-json\/wp\/v2\/tags?post=2550"}],"curies":[{"name":"wp","href":"https:\/\/api.w.org\/{rel}","templated":true}]}}