{"id":2565,"date":"2020-11-02T13:50:59","date_gmt":"2020-11-02T13:50:59","guid":{"rendered":"https:\/\/ttr.works\/?page_id=2565"},"modified":"2021-05-06T14:38:03","modified_gmt":"2021-05-06T14:38:03","slug":"contato","status":"publish","type":"page","link":"https:\/\/ttr.works\/pt-br\/contato\/","title":{"rendered":"Contato"},"content":{"rendered":"\n<p>Caso tenha alguma d\u00favida sobre os servi\u00e7os e produtos que fornecemos, entre em contato conosco usando o formul\u00e1rio de contato. Como alternativa, experimente o Chat ao vivo para suporte imediato.<\/p>\n","protected":false},"excerpt":{"rendered":"<p>Caso tenha alguma d\u00favida sobre os servi\u00e7os e produtos que fornecemos, entre em contato conosco usando o formul\u00e1rio de contato. Como alternativa, experimente o Chat ao vivo para suporte imediato.<\/p>\n","protected":false},"author":1,"featured_media":0,"parent":0,"menu_order":0,"comment_status":"closed","ping_status":"closed","template":"template-contact.php","meta":{"_acf_changed":false,"content-type":"","footnotes":""},"categories":[],"tags":[],"class_list":["post-2565","page","type-page","status-publish","hentry"],"acf":[],"_links":{"self":[{"href":"https:\/\/ttr.works\/pt-br\/wp-json\/wp\/v2\/pages\/2565","targetHints":{"allow":["GET"]}}],"collection":[{"href":"https:\/\/ttr.works\/pt-br\/wp-json\/wp\/v2\/pages"}],"about":[{"href":"https:\/\/ttr.works\/pt-br\/wp-json\/wp\/v2\/types\/page"}],"author":[{"embeddable":true,"href":"https:\/\/ttr.works\/pt-br\/wp-json\/wp\/v2\/users\/1"}],"replies":[{"embeddable":true,"href":"https:\/\/ttr.works\/pt-br\/wp-json\/wp\/v2\/comments?post=2565"}],"version-history":[{"count":2,"href":"https:\/\/ttr.works\/pt-br\/wp-json\/wp\/v2\/pages\/2565\/revisions"}],"predecessor-version":[{"id":5564,"href":"https:\/\/ttr.works\/pt-br\/wp-json\/wp\/v2\/pages\/2565\/revisions\/5564"}],"wp:attachment":[{"href":"https:\/\/ttr.works\/pt-br\/wp-json\/wp\/v2\/media?parent=2565"}],"wp:term":[{"taxonomy":"category","embeddable":true,"href":"https:\/\/ttr.works\/pt-br\/wp-json\/wp\/v2\/categories?post=2565"},{"taxonomy":"post_tag","embeddable":true,"href":"https:\/\/ttr.works\/pt-br\/wp-json\/wp\/v2\/tags?post=2565"}],"curies":[{"name":"wp","href":"https:\/\/api.w.org\/{rel}","templated":true}]}}