{"id":2569,"date":"2020-11-02T14:01:44","date_gmt":"2020-11-02T14:01:44","guid":{"rendered":"https:\/\/ttr.works\/?page_id=2569"},"modified":"2024-07-05T11:21:45","modified_gmt":"2024-07-05T11:21:45","slug":"confie-nos-altos-niveis-de-servico-da-ttr-euroworks-como-fornecedora-global","status":"publish","type":"page","link":"https:\/\/ttr.works\/pt-br\/confie-nos-altos-niveis-de-servico-da-ttr-euroworks-como-fornecedora-global\/","title":{"rendered":"Fornecemos tudo para impress\u00e3o de c\u00f3digos de barras e etiquetas."},"content":{"rendered":"\n<p>Voc\u00ea encontrar\u00e1 o maior estoque de cabe\u00e7as de impress\u00e3o para todas as marcas de impressoras de etiquetas, seja de cabe\u00e7a plana ou near-edge, desktop ou industrial.<\/p>\n\n\n\n<p>Temos orgulho de ser um parceiro de neg\u00f3cios Premier e Specialist de fabricantes como Zebra\u00ae, Honeywell\u00ae e SATO\u00ae e TSC-Printronix\u00ae. Voc\u00ea receber\u00e1 aconselhamento independente, suporte comercial e pre\u00e7os justos de n\u00f3s. Use TTR Euroworks como uma extens\u00e3o de sua pr\u00f3pria equipe.<\/p>\n","protected":false},"excerpt":{"rendered":"<p>Voc\u00ea encontrar\u00e1 o maior estoque de cabe\u00e7as de impress\u00e3o para todas as marcas de impressoras de etiquetas, seja de cabe\u00e7a plana ou near-edge, desktop ou industrial. Temos orgulho de ser um parceiro de neg\u00f3cios Premier e Specialist de fabricantes como Zebra\u00ae, Honeywell\u00ae e SATO\u00ae e TSC-Printronix\u00ae. Voc\u00ea receber\u00e1 aconselhamento independente, suporte comercial e pre\u00e7os justos [&hellip;]<\/p>\n","protected":false},"author":1,"featured_media":0,"parent":0,"menu_order":0,"comment_status":"closed","ping_status":"open","template":"","meta":{"_acf_changed":false,"content-type":"","footnotes":""},"categories":[],"tags":[],"class_list":["post-2569","page","type-page","status-publish","hentry"],"acf":[],"_links":{"self":[{"href":"https:\/\/ttr.works\/pt-br\/wp-json\/wp\/v2\/pages\/2569","targetHints":{"allow":["GET"]}}],"collection":[{"href":"https:\/\/ttr.works\/pt-br\/wp-json\/wp\/v2\/pages"}],"about":[{"href":"https:\/\/ttr.works\/pt-br\/wp-json\/wp\/v2\/types\/page"}],"author":[{"embeddable":true,"href":"https:\/\/ttr.works\/pt-br\/wp-json\/wp\/v2\/users\/1"}],"replies":[{"embeddable":true,"href":"https:\/\/ttr.works\/pt-br\/wp-json\/wp\/v2\/comments?post=2569"}],"version-history":[{"count":10,"href":"https:\/\/ttr.works\/pt-br\/wp-json\/wp\/v2\/pages\/2569\/revisions"}],"predecessor-version":[{"id":24260,"href":"https:\/\/ttr.works\/pt-br\/wp-json\/wp\/v2\/pages\/2569\/revisions\/24260"}],"wp:attachment":[{"href":"https:\/\/ttr.works\/pt-br\/wp-json\/wp\/v2\/media?parent=2569"}],"wp:term":[{"taxonomy":"category","embeddable":true,"href":"https:\/\/ttr.works\/pt-br\/wp-json\/wp\/v2\/categories?post=2569"},{"taxonomy":"post_tag","embeddable":true,"href":"https:\/\/ttr.works\/pt-br\/wp-json\/wp\/v2\/tags?post=2569"}],"curies":[{"name":"wp","href":"https:\/\/api.w.org\/{rel}","templated":true}]}}