{"id":2589,"date":"2020-11-02T14:47:43","date_gmt":"2020-11-02T14:47:43","guid":{"rendered":"https:\/\/ttr.works\/?page_id=2589"},"modified":"2020-11-03T14:12:27","modified_gmt":"2020-11-03T14:12:27","slug":"folha-de-hot-stamping","status":"publish","type":"page","link":"https:\/\/ttr.works\/pt-br\/folha-de-hot-stamping\/","title":{"rendered":"Folha de hot stamping"},"content":{"rendered":"\n<div class=\"wp-block-image\"><figure class=\"alignright\"><img decoding=\"async\" data-src=\"https:\/\/ttr.works\/wp-content\/uploads\/ttr-hotfoil.png\" alt=\"This image has an empty alt attribute; its file name is ttr-hotfoil.png\" src=\"data:image\/svg+xml;base64,PHN2ZyB3aWR0aD0iMSIgaGVpZ2h0PSIxIiB4bWxucz0iaHR0cDovL3d3dy53My5vcmcvMjAwMC9zdmciPjwvc3ZnPg==\" class=\"lazyload\" style=\"--smush-placeholder-width: 401px; --smush-placeholder-aspect-ratio: 401\/275;\" \/><\/figure><\/div>\n\n\n\n<p>Hot stamping ou a impress\u00e3o a quente normalmente \u00e9 vista como a favorita em rela\u00e7\u00e3o \u00e0 impress\u00e3o TTO. Isso significa imprimir diretamente em uma superf\u00edcie em vez de em uma etiqueta. Enquanto a Impress\u00e3o por transfer\u00eancia t\u00e9rmica (TTO) usa uma cabe\u00e7a de impress\u00e3o digital, o hot stamping usa letras e n\u00fameros f\u00edsicos, normalmente feitos de metal. Em diversos ambientes industriais, o hot stamping \u00e9 a melhor solu\u00e7\u00e3o e a mais econ\u00f4mica.<\/p>\n\n\n\n<a href=\"\/?page_id=220\" class=\"link-btn\">Solicite um or\u00e7amento <i class=\"fal fa-chevron-right\"><\/i><\/a><a href=\"\/?page_id=1012\" class=\"link-btn second\">Entre em contato conosco <i class=\"fal fa-chevron-right\"><\/i><\/a>\n\n\n\n<h3 class=\"wp-block-heading\">Maior rela\u00e7\u00e3o qualidade\/pre\u00e7o: Folha a quente 4U<\/h3>\n\n\n\n<p>Nossas folhas a quente de alto desempenho atendem aos requisitos mais restritos de qualidade e confiabilidade dos m\u00e9todos de etiquetagem modernos. Oferecemos 2 op\u00e7\u00f5es de folhas a quente. Ambas est\u00e3o dispon\u00edveis em rolos Jumbo (76 cm ou 96 cm) ou em rolos cortados em um n\u00facleo de 1 polegada. Solicite uma amostra gr\u00e1tis de ambos os tipos hoje para testar qual \u00e9 o melhor para voc\u00ea. Ou entre em contato conosco para obter aux\u00edlio e saber sobre pre\u00e7os.<\/p>\n\n\n\n<ul class=\"wp-block-list\"><li>HF4U 60 \u00e9 nossa folha a quente de uso geral que produz impress\u00f5es de qualidade em uma ampla gama de aplica\u00e7\u00f5es.<\/li><li>SCF4U 900 \u00e9 nossa solu\u00e7\u00e3o de alta tecnologia que produz impress\u00f5es extremamente dur\u00e1veis.<\/li><\/ul>\n\n\n\n<h3 class=\"wp-block-heading\">Quatro vantagens do Hot Stamping<\/h3>\n\n\n\n<p>Hot stamping, ou impress\u00e3o a quente, \u00e9 normalmente usado por diversos motivos.<\/p>\n\n\n\n<ul class=\"wp-block-list\"><li>Esse \u00e9 um m\u00e9todo de impress\u00e3o confi\u00e1vel e econ\u00f4mico.<\/li><li>Ele \u00e9 particularmente \u00fatil em situa\u00e7\u00f5es em que as impress\u00f5es n\u00e3o precisam mudar com frequ\u00eancia ou em que n\u00fameros e datas s\u00e3o aplicados de maneira simples em s\u00e9rie.<\/li><li>Em ambientes industriais e agr\u00edcolas que enfrentam muita poeira e sujeira, o hot stamping \u00e9 mais adequado do que TTO.<\/li><li>O processamento de folhas de hot stamping \u00e9 um processo ecol\u00f3gico porque n\u00e3o s\u00e3o utilizados solventes ou tintas que produzem gases prejudiciais. A folha \u00e9 um filme de diversas camadas com uma espessura de 12 m\u00edcron e f\u00f3rmulas n\u00e3o t\u00f3xicas livres de metais pesados.<\/li><\/ul>\n","protected":false},"excerpt":{"rendered":"<p>Hot stamping ou a impress\u00e3o a quente normalmente \u00e9 vista como a favorita em rela\u00e7\u00e3o \u00e0 impress\u00e3o TTO. Isso significa imprimir diretamente em uma superf\u00edcie em vez de em uma etiqueta. Enquanto a Impress\u00e3o por transfer\u00eancia t\u00e9rmica (TTO) usa uma cabe\u00e7a de impress\u00e3o digital, o hot stamping usa letras e n\u00fameros f\u00edsicos, normalmente feitos de [&hellip;]<\/p>\n","protected":false},"author":1,"featured_media":0,"parent":0,"menu_order":0,"comment_status":"closed","ping_status":"closed","template":"template-product.php","meta":{"_acf_changed":false,"content-type":"","footnotes":""},"categories":[],"tags":[],"class_list":["post-2589","page","type-page","status-publish","hentry"],"acf":[],"yoast_head":"<!-- This site is optimized with the Yoast SEO plugin v25.9 - https:\/\/yoast.com\/wordpress\/plugins\/seo\/ -->\n<title>Folha de hot stamping - TTR Euroworks<\/title>\n<meta name=\"description\" content=\"Rolos jumbo com uma largura de 76 cm e 96 cm \u2713 Rolos cortados com um n\u00facleo de 1 polegada\" \/>\n<meta name=\"robots\" content=\"index, follow, max-snippet:-1, max-image-preview:large, max-video-preview:-1\" \/>\n<link rel=\"canonical\" href=\"https:\/\/ttr.works\/pt-br\/folha-de-hot-stamping\/\" \/>\n<meta property=\"og:locale\" content=\"pt_BR\" \/>\n<meta property=\"og:type\" content=\"article\" \/>\n<meta property=\"og:title\" content=\"Folha de hot stamping - TTR Euroworks\" \/>\n<meta property=\"og:description\" content=\"Rolos jumbo com uma largura de 76 cm e 96 cm \u2713 Rolos cortados com um n\u00facleo de 1 polegada\" \/>\n<meta property=\"og:url\" content=\"https:\/\/ttr.works\/pt-br\/folha-de-hot-stamping\/\" \/>\n<meta property=\"og:site_name\" content=\"TTR Euroworks\" \/>\n<meta property=\"article:modified_time\" content=\"2020-11-03T14:12:27+00:00\" \/>\n<meta property=\"og:image\" content=\"https:\/\/ttr.works\/wp-content\/uploads\/ttr-hotfoil.png\" \/>\n<meta name=\"twitter:card\" content=\"summary_large_image\" \/>\n<meta name=\"twitter:label1\" content=\"Est. tempo de leitura\" \/>\n\t<meta name=\"twitter:data1\" content=\"2 minutos\" \/>\n<script type=\"application\/ld+json\" class=\"yoast-schema-graph\">{\"@context\":\"https:\/\/schema.org\",\"@graph\":[{\"@type\":\"WebPage\",\"@id\":\"https:\/\/ttr.works\/pt-br\/folha-de-hot-stamping\/\",\"url\":\"https:\/\/ttr.works\/pt-br\/folha-de-hot-stamping\/\",\"name\":\"Folha de hot stamping - TTR Euroworks\",\"isPartOf\":{\"@id\":\"https:\/\/ttr.works\/pt-br\/#website\"},\"primaryImageOfPage\":{\"@id\":\"https:\/\/ttr.works\/pt-br\/folha-de-hot-stamping\/#primaryimage\"},\"image\":{\"@id\":\"https:\/\/ttr.works\/pt-br\/folha-de-hot-stamping\/#primaryimage\"},\"thumbnailUrl\":\"https:\/\/ttr.works\/wp-content\/uploads\/ttr-hotfoil.png\",\"datePublished\":\"2020-11-02T14:47:43+00:00\",\"dateModified\":\"2020-11-03T14:12:27+00:00\",\"description\":\"Rolos jumbo com uma largura de 76 cm e 96 cm \u2713 Rolos cortados com um n\u00facleo de 1 polegada\",\"breadcrumb\":{\"@id\":\"https:\/\/ttr.works\/pt-br\/folha-de-hot-stamping\/#breadcrumb\"},\"inLanguage\":\"pt-BR\",\"potentialAction\":[{\"@type\":\"ReadAction\",\"target\":[\"https:\/\/ttr.works\/pt-br\/folha-de-hot-stamping\/\"]}]},{\"@type\":\"ImageObject\",\"inLanguage\":\"pt-BR\",\"@id\":\"https:\/\/ttr.works\/pt-br\/folha-de-hot-stamping\/#primaryimage\",\"url\":\"https:\/\/ttr.works\/wp-content\/uploads\/ttr-hotfoil.png\",\"contentUrl\":\"https:\/\/ttr.works\/wp-content\/uploads\/ttr-hotfoil.png\"},{\"@type\":\"BreadcrumbList\",\"@id\":\"https:\/\/ttr.works\/pt-br\/folha-de-hot-stamping\/#breadcrumb\",\"itemListElement\":[{\"@type\":\"ListItem\",\"position\":1,\"name\":\"Home\",\"item\":\"https:\/\/ttr.works\/pt-br\/inicio\/\"},{\"@type\":\"ListItem\",\"position\":2,\"name\":\"Folha de hot stamping\"}]},{\"@type\":\"WebSite\",\"@id\":\"https:\/\/ttr.works\/pt-br\/#website\",\"url\":\"https:\/\/ttr.works\/pt-br\/\",\"name\":\"TTR Euroworks\",\"description\":\"Your ttr partner\",\"potentialAction\":[{\"@type\":\"SearchAction\",\"target\":{\"@type\":\"EntryPoint\",\"urlTemplate\":\"https:\/\/ttr.works\/pt-br\/?s={search_term_string}\"},\"query-input\":{\"@type\":\"PropertyValueSpecification\",\"valueRequired\":true,\"valueName\":\"search_term_string\"}}],\"inLanguage\":\"pt-BR\"}]}<\/script>\n<!-- \/ Yoast SEO plugin. -->","yoast_head_json":{"title":"Folha de hot stamping - TTR Euroworks","description":"Rolos jumbo com uma largura de 76 cm e 96 cm \u2713 Rolos cortados com um n\u00facleo de 1 polegada","robots":{"index":"index","follow":"follow","max-snippet":"max-snippet:-1","max-image-preview":"max-image-preview:large","max-video-preview":"max-video-preview:-1"},"canonical":"https:\/\/ttr.works\/pt-br\/folha-de-hot-stamping\/","og_locale":"pt_BR","og_type":"article","og_title":"Folha de hot stamping - TTR Euroworks","og_description":"Rolos jumbo com uma largura de 76 cm e 96 cm \u2713 Rolos cortados com um n\u00facleo de 1 polegada","og_url":"https:\/\/ttr.works\/pt-br\/folha-de-hot-stamping\/","og_site_name":"TTR Euroworks","article_modified_time":"2020-11-03T14:12:27+00:00","og_image":[{"url":"https:\/\/ttr.works\/wp-content\/uploads\/ttr-hotfoil.png","type":"","width":"","height":""}],"twitter_card":"summary_large_image","twitter_misc":{"Est. tempo de leitura":"2 minutos"},"schema":{"@context":"https:\/\/schema.org","@graph":[{"@type":"WebPage","@id":"https:\/\/ttr.works\/pt-br\/folha-de-hot-stamping\/","url":"https:\/\/ttr.works\/pt-br\/folha-de-hot-stamping\/","name":"Folha de hot stamping - TTR Euroworks","isPartOf":{"@id":"https:\/\/ttr.works\/pt-br\/#website"},"primaryImageOfPage":{"@id":"https:\/\/ttr.works\/pt-br\/folha-de-hot-stamping\/#primaryimage"},"image":{"@id":"https:\/\/ttr.works\/pt-br\/folha-de-hot-stamping\/#primaryimage"},"thumbnailUrl":"https:\/\/ttr.works\/wp-content\/uploads\/ttr-hotfoil.png","datePublished":"2020-11-02T14:47:43+00:00","dateModified":"2020-11-03T14:12:27+00:00","description":"Rolos jumbo com uma largura de 76 cm e 96 cm \u2713 Rolos cortados com um n\u00facleo de 1 polegada","breadcrumb":{"@id":"https:\/\/ttr.works\/pt-br\/folha-de-hot-stamping\/#breadcrumb"},"inLanguage":"pt-BR","potentialAction":[{"@type":"ReadAction","target":["https:\/\/ttr.works\/pt-br\/folha-de-hot-stamping\/"]}]},{"@type":"ImageObject","inLanguage":"pt-BR","@id":"https:\/\/ttr.works\/pt-br\/folha-de-hot-stamping\/#primaryimage","url":"https:\/\/ttr.works\/wp-content\/uploads\/ttr-hotfoil.png","contentUrl":"https:\/\/ttr.works\/wp-content\/uploads\/ttr-hotfoil.png"},{"@type":"BreadcrumbList","@id":"https:\/\/ttr.works\/pt-br\/folha-de-hot-stamping\/#breadcrumb","itemListElement":[{"@type":"ListItem","position":1,"name":"Home","item":"https:\/\/ttr.works\/pt-br\/inicio\/"},{"@type":"ListItem","position":2,"name":"Folha de hot stamping"}]},{"@type":"WebSite","@id":"https:\/\/ttr.works\/pt-br\/#website","url":"https:\/\/ttr.works\/pt-br\/","name":"TTR Euroworks","description":"Your ttr partner","potentialAction":[{"@type":"SearchAction","target":{"@type":"EntryPoint","urlTemplate":"https:\/\/ttr.works\/pt-br\/?s={search_term_string}"},"query-input":{"@type":"PropertyValueSpecification","valueRequired":true,"valueName":"search_term_string"}}],"inLanguage":"pt-BR"}]}},"_links":{"self":[{"href":"https:\/\/ttr.works\/pt-br\/wp-json\/wp\/v2\/pages\/2589","targetHints":{"allow":["GET"]}}],"collection":[{"href":"https:\/\/ttr.works\/pt-br\/wp-json\/wp\/v2\/pages"}],"about":[{"href":"https:\/\/ttr.works\/pt-br\/wp-json\/wp\/v2\/types\/page"}],"author":[{"embeddable":true,"href":"https:\/\/ttr.works\/pt-br\/wp-json\/wp\/v2\/users\/1"}],"replies":[{"embeddable":true,"href":"https:\/\/ttr.works\/pt-br\/wp-json\/wp\/v2\/comments?post=2589"}],"version-history":[{"count":0,"href":"https:\/\/ttr.works\/pt-br\/wp-json\/wp\/v2\/pages\/2589\/revisions"}],"wp:attachment":[{"href":"https:\/\/ttr.works\/pt-br\/wp-json\/wp\/v2\/media?parent=2589"}],"wp:term":[{"taxonomy":"category","embeddable":true,"href":"https:\/\/ttr.works\/pt-br\/wp-json\/wp\/v2\/categories?post=2589"},{"taxonomy":"post_tag","embeddable":true,"href":"https:\/\/ttr.works\/pt-br\/wp-json\/wp\/v2\/tags?post=2589"}],"curies":[{"name":"wp","href":"https:\/\/api.w.org\/{rel}","templated":true}]}}