{"id":2600,"date":"2020-11-02T14:53:01","date_gmt":"2020-11-02T14:53:01","guid":{"rendered":"https:\/\/ttr.works\/?page_id=2600"},"modified":"2021-02-05T14:43:44","modified_gmt":"2021-02-05T14:43:44","slug":"seletor-de-etiquetas","status":"publish","type":"page","link":"https:\/\/ttr.works\/pt-br\/seletor-de-etiquetas\/","title":{"rendered":"Seletor de etiquetas"},"content":{"rendered":"\n<div class=\"wp-block-image\"><figure class=\"alignright is-resized\"><img decoding=\"async\" data-src=\"https:\/\/ttr.works\/wp-content\/uploads\/labels-on-roll.png\" alt=\"\" width=\"266\" height=\"203\" src=\"data:image\/svg+xml;base64,PHN2ZyB3aWR0aD0iMSIgaGVpZ2h0PSIxIiB4bWxucz0iaHR0cDovL3d3dy53My5vcmcvMjAwMC9zdmciPjwvc3ZnPg==\" class=\"lazyload\" style=\"--smush-placeholder-width: 266px; --smush-placeholder-aspect-ratio: 266\/203;\" \/><\/figure><\/div>\n\n\n\n<p>Queremos facilitar o m\u00e1ximo poss\u00edvel para voc\u00ea escolher a etiqueta certa para seus requisitos. Selecione o seu material a seguir. Nossa equipe o verificar\u00e1 para voc\u00ea e fornecer\u00e1 uma cota\u00e7\u00e3o que seja adequada para seus requisitos e volume. Se n\u00e3o souber a resposta de uma pergunta ou se n\u00e3o tiver certeza, selecione \u201cN\u00e3o sei\u201d.<\/p>\n\n\n\n<script type=\"text\/javascript\">\n\/* <![CDATA[ *\/\nvar gform;gform||(document.addEventListener(\"gform_main_scripts_loaded\",function(){gform.scriptsLoaded=!0}),document.addEventListener(\"gform\/theme\/scripts_loaded\",function(){gform.themeScriptsLoaded=!0}),window.addEventListener(\"DOMContentLoaded\",function(){gform.domLoaded=!0}),gform={domLoaded:!1,scriptsLoaded:!1,themeScriptsLoaded:!1,isFormEditor:()=>\"function\"==typeof InitializeEditor,callIfLoaded:function(o){return!(!gform.domLoaded||!gform.scriptsLoaded||!gform.themeScriptsLoaded&&!gform.isFormEditor()||(gform.isFormEditor()&&console.warn(\"The use of gform.initializeOnLoaded() is deprecated in the form editor context and will be removed in Gravity Forms 3.1.\"),o(),0))},initializeOnLoaded:function(o){gform.callIfLoaded(o)||(document.addEventListener(\"gform_main_scripts_loaded\",()=>{gform.scriptsLoaded=!0,gform.callIfLoaded(o)}),document.addEventListener(\"gform\/theme\/scripts_loaded\",()=>{gform.themeScriptsLoaded=!0,gform.callIfLoaded(o)}),window.addEventListener(\"DOMContentLoaded\",()=>{gform.domLoaded=!0,gform.callIfLoaded(o)}))},hooks:{action:{},filter:{}},addAction:function(o,r,e,t){gform.addHook(\"action\",o,r,e,t)},addFilter:function(o,r,e,t){gform.addHook(\"filter\",o,r,e,t)},doAction:function(o){gform.doHook(\"action\",o,arguments)},applyFilters:function(o){return gform.doHook(\"filter\",o,arguments)},removeAction:function(o,r){gform.removeHook(\"action\",o,r)},removeFilter:function(o,r,e){gform.removeHook(\"filter\",o,r,e)},addHook:function(o,r,e,t,n){null==gform.hooks[o][r]&&(gform.hooks[o][r]=[]);var d=gform.hooks[o][r];null==n&&(n=r+\"_\"+d.length),gform.hooks[o][r].push({tag:n,callable:e,priority:t=null==t?10:t})},doHook:function(r,o,e){var t;if(e=Array.prototype.slice.call(e,1),null!=gform.hooks[r][o]&&((o=gform.hooks[r][o]).sort(function(o,r){return o.priority-r.priority}),o.forEach(function(o){\"function\"!=typeof(t=o.callable)&&(t=window[t]),\"action\"==r?t.apply(null,e):e[0]=t.apply(null,e)})),\"filter\"==r)return e[0]},removeHook:function(o,r,t,n){var e;null!=gform.hooks[o][r]&&(e=(e=gform.hooks[o][r]).filter(function(o,r,e){return!!(null!=n&&n!=o.tag||null!=t&&t!=o.priority)}),gform.hooks[o][r]=e)}});\n\/* ]]> *\/\n<\/script>\n\n                <div class='gf_browser_gecko gform_wrapper gform_legacy_markup_wrapper gform-theme--no-framework' data-form-theme='legacy' data-form-index='0' id='gform_wrapper_8' style='display:none'><div id='gf_8' class='gform_anchor' tabindex='-1'><\/div><form method='post' enctype='multipart\/form-data' target='gform_ajax_frame_8' id='gform_8'  action='\/pt-br\/wp-json\/wp\/v2\/pages\/2600#gf_8' data-formid='8' novalidate> \r\n <input type='hidden' class='gforms-pum' value='{\"closepopup\":false,\"closedelay\":0,\"openpopup\":false,\"openpopup_id\":0}' \/>\n                        <div class='gform-body gform_body'><ul id='gform_fields_8' class='gform_fields top_label form_sublabel_below description_below validation_below'><li id=\"field_8_8\" class=\"gfield gfield--type-select field_sublabel_below gfield--no-description field_description_below field_validation_below gfield_visibility_visible\"  ><label class='gfield_label gform-field-label' for='input_8_8'>M\u00e9todo de impress\u00e3o<\/label><div class='ginput_container ginput_container_select'><select name='input_8' id='input_8_8' class='medium gfield_select'     aria-invalid=\"false\" ><option value='T\u00e9rmica direta (use sem ribbon)' >T\u00e9rmica direta (use sem ribbon)<\/option><option value='Transfer\u00eancia t\u00e9rmica (use com ribbon)' >Transfer\u00eancia t\u00e9rmica (use com ribbon)<\/option><option value='N\u00e3o sei' >N\u00e3o sei<\/option><\/select><\/div><\/li><li id=\"field_8_19\" class=\"gfield gfield--type-select field_sublabel_below gfield--no-description field_description_below field_validation_below gfield_visibility_visible\"  ><label class='gfield_label gform-field-label' for='input_8_19'>Material<\/label><div class='ginput_container ginput_container_select'><select name='input_19' id='input_8_19' class='medium gfield_select'     aria-invalid=\"false\" ><option value='Vellum' >Vellum<\/option><option value='Machine Coated' >Machine Coated<\/option><option value='PP Mat White (PolyPropyleen)' >PP Mat White (PolyPropyleen)<\/option><option value='PE White Glossy (PolyEthyleen)' >PE White Glossy (PolyEthyleen)<\/option><option value='N\u00e3o sei' >N\u00e3o sei<\/option><option value='Outro' >Outro<\/option><\/select><\/div><\/li><li id=\"field_8_34\" class=\"gfield gfield--type-select field_sublabel_below gfield--no-description field_description_below field_validation_below gfield_visibility_visible\"  ><label class='gfield_label gform-field-label' for='input_8_34'>Material<\/label><div class='ginput_container ginput_container_select'><select name='input_34' id='input_8_34' class='medium gfield_select'     aria-invalid=\"false\" ><option value='Thermo Top' >Thermo Top<\/option><option value='Thermo Eco' >Thermo Eco<\/option><option value='N\u00e3o sei' >N\u00e3o sei<\/option><option value='Outro' >Outro<\/option><\/select><\/div><\/li><li id=\"field_8_13\" class=\"gfield gfield--type-text field_sublabel_below gfield--no-description field_description_below field_validation_below gfield_visibility_visible\"  ><label class='gfield_label gform-field-label' for='input_8_13'>Please enter the material:<\/label><div class='ginput_container ginput_container_text'><input name='input_13' id='input_8_13' type='text' value='' class='medium'      aria-invalid=\"false\"   \/><\/div><\/li><li id=\"field_8_20\" class=\"gfield gfield--type-select field_sublabel_below gfield--no-description field_description_below field_validation_below gfield_visibility_visible\"  ><label class='gfield_label gform-field-label' for='input_8_20'>Tipo adesivo<\/label><div class='ginput_container ginput_container_select'><select name='input_20' id='input_8_20' class='medium gfield_select'     aria-invalid=\"false\" ><option value='Permanente' >Permanente<\/option><option value='Freezer' >Freezer<\/option><option value='Don&#039;t know' >Don&#039;t know<\/option><option value='Other' >Other<\/option><\/select><\/div><\/li><li id=\"field_8_21\" class=\"gfield gfield--type-select field_sublabel_below gfield--no-description field_description_below field_validation_below gfield_visibility_visible\"  ><label class='gfield_label gform-field-label' for='input_8_21'>Tipo adesivo<\/label><div class='ginput_container ginput_container_select'><select name='input_21' id='input_8_21' class='medium gfield_select'     aria-invalid=\"false\" ><option value='Permanente' >Permanente<\/option><option value='Remov\u00edvel' >Remov\u00edvel<\/option><option value='Freezer' >Freezer<\/option><option value='N\u00e3o sei' >N\u00e3o sei<\/option><option value='Outro' >Outro<\/option><\/select><\/div><\/li><li id=\"field_8_22\" class=\"gfield gfield--type-text field_sublabel_below gfield--no-description field_description_below field_validation_below gfield_visibility_visible\"  ><label class='gfield_label gform-field-label' for='input_8_22'>Please enter the adhesive type:<\/label><div class='ginput_container ginput_container_text'><input name='input_22' id='input_8_22' type='text' value='' class='medium'      aria-invalid=\"false\"   \/><\/div><\/li><li id=\"field_8_9\" class=\"gfield gfield--type-select field_sublabel_below gfield--has-description field_description_above field_validation_below gfield_visibility_visible\"  ><label class='gfield_label gform-field-label' for='input_8_9'>Tamanho da etiqueta<\/label><div class='gfield_description' id='gfield_description_8_9'>Em mm [largura x altura].<\/div><div class='ginput_container ginput_container_select'><select name='input_9' id='input_8_9' class='medium gfield_select'  aria-describedby=\"gfield_description_8_9\"   aria-invalid=\"false\" ><option value='25 x 50' >25 x 50<\/option><option value='40 x 40' >40 x 40<\/option><option value='50 x 34' >50 x 34<\/option><option value='50 x 30' >50 x 30<\/option><option value='57 x 99' >57 x 99<\/option><option value='65 x 45' >65 x 45<\/option><option value='70 x 99' >70 x 99<\/option><option value='74 x 210' >74 x 210<\/option><option value='76 x 38' >76 x 38<\/option><option value='77 x 80' >77 x 80<\/option><option value='78 x 210' >78 x 210<\/option><option value='78 x 120' >78 x 120<\/option><option value='80 x 51.5' >80 x 51.5<\/option><option value='80 x 40' >80 x 40<\/option><option value='80 x 80' >80 x 80<\/option><option value='80 x 149' >80 x 149<\/option><option value='85 x 35' >85 x 35<\/option><option value='85 x 64' >85 x 64<\/option><option value='95 x 108' >95 x 108<\/option><option value='100 x 74' >100 x 74<\/option><option value='100 x 150' >100 x 150<\/option><option value='100 x 60' >100 x 60<\/option><option value='100 x 149' >100 x 149<\/option><option value='100 x 51.5' >100 x 51.5<\/option><option value='100 x 67' >100 x 67<\/option><option value='100 x 99' >100 x 99<\/option><option value='106 x 106' >106 x 106<\/option><option value='148 x 210' >148 x 210<\/option><option value='150 x 99' >150 x 99<\/option><option value='Outro' >Outro<\/option><\/select><\/div><\/li><li id=\"field_8_35\" class=\"gfield gfield--type-text field_sublabel_below gfield--no-description field_description_below field_validation_below gfield_visibility_visible\"  ><label class='gfield_label gform-field-label' for='input_8_35'>Please enter the desired label size:<\/label><div class='ginput_container ginput_container_text'><input name='input_35' id='input_8_35' type='text' value='' class='medium'      aria-invalid=\"false\"   \/><\/div><\/li><li id=\"field_8_11\" class=\"gfield gfield--type-select field_sublabel_below gfield--no-description field_description_below field_validation_below gfield_visibility_visible\"  ><label class='gfield_label gform-field-label' for='input_8_11'>Tamanho do n\u00facleo<\/label><div class='ginput_container ginput_container_select'><select name='input_11' id='input_8_11' class='medium gfield_select'     aria-invalid=\"false\" ><option value='76 mm' >76 mm<\/option><option value='40 mm' >40 mm<\/option><option value='N\u00e3o sei' >N\u00e3o sei<\/option><option value='Outro' >Outro<\/option><\/select><\/div><\/li><li id=\"field_8_12\" class=\"gfield gfield--type-text field_sublabel_below gfield--no-description field_description_below field_validation_below gfield_visibility_visible\"  ><label class='gfield_label gform-field-label' for='input_8_12'>Please enter the desired core size:<\/label><div class='ginput_container ginput_container_text'><input name='input_12' id='input_8_12' type='text' value='' class='medium'      aria-invalid=\"false\"   \/><\/div><\/li><li id=\"field_8_33\" class=\"gfield gfield--type-select field_sublabel_below gfield--no-description field_description_below field_validation_below gfield_visibility_visible\"  ><label class='gfield_label gform-field-label' for='input_8_33'>Perfura\u00e7\u00e3o<\/label><div class='ginput_container ginput_container_select'><select name='input_33' id='input_8_33' class='medium gfield_select'     aria-invalid=\"false\" ><option value='Sim' >Sim<\/option><option value='No' >No<\/option><option value='N\u00e3o sei' >N\u00e3o sei<\/option><\/select><\/div><\/li><li id=\"field_8_17\" class=\"gfield gfield--type-text field_sublabel_below gfield--no-description field_description_below field_validation_below gfield_visibility_visible\"  ><label class='gfield_label gform-field-label' for='input_8_17'>Especifica\u00e7\u00f5es<\/label><div class='ginput_container ginput_container_text'><input name='input_17' id='input_8_17' type='text' value='' class='medium'      aria-invalid=\"false\"   \/><\/div><\/li><li id=\"field_8_18\" class=\"gfield gfield--type-text field_sublabel_below gfield--no-description field_description_below field_validation_below gfield_visibility_visible\"  ><label class='gfield_label gform-field-label' for='input_8_18'>Quantidade<\/label><div class='ginput_container ginput_container_text'><input name='input_18' id='input_8_18' type='text' value='' class='medium'      aria-invalid=\"false\"   \/><\/div><\/li><li id=\"field_8_26\" class=\"gfield gfield--type-section gsection field_sublabel_below gfield--no-description field_description_below field_validation_below gfield_visibility_visible\"  ><h2 class=\"gsection_title\">Your details<\/h2><\/li><li id=\"field_8_27\" class=\"gfield gfield--type-text gf_left_half gfield_contains_required field_sublabel_below gfield--no-description field_description_below field_validation_below gfield_visibility_visible\"  ><label class='gfield_label gform-field-label' for='input_8_27'>Nome<span class=\"gfield_required\"><span class=\"gfield_required gfield_required_asterisk\">*<\/span><\/span><\/label><div class='ginput_container ginput_container_text'><input name='input_27' id='input_8_27' type='text' value='' class='medium'     aria-required=\"true\" aria-invalid=\"false\"   \/><\/div><\/li><li id=\"field_8_28\" class=\"gfield gfield--type-text gf_right_half gfield_contains_required field_sublabel_below gfield--no-description field_description_below field_validation_below gfield_visibility_visible\"  ><label class='gfield_label gform-field-label' for='input_8_28'>Sobrenome<span class=\"gfield_required\"><span class=\"gfield_required gfield_required_asterisk\">*<\/span><\/span><\/label><div class='ginput_container ginput_container_text'><input name='input_28' id='input_8_28' type='text' value='' class='medium'     aria-required=\"true\" aria-invalid=\"false\"   \/><\/div><\/li><li id=\"field_8_30\" class=\"gfield gfield--type-email gf_left_half gfield_contains_required field_sublabel_below gfield--no-description field_description_below field_validation_below gfield_visibility_visible\"  ><label class='gfield_label gform-field-label' for='input_8_30'>Endere\u00e7o de email<span class=\"gfield_required\"><span class=\"gfield_required gfield_required_asterisk\">*<\/span><\/span><\/label><div class='ginput_container ginput_container_email'>\n                            <input name='input_30' id='input_8_30' type='email' value='' class='medium'    aria-required=\"true\" aria-invalid=\"false\"  \/>\n                        <\/div><\/li><li id=\"field_8_31\" class=\"gfield gfield--type-phone gf_right_half gfield_contains_required field_sublabel_below gfield--no-description field_description_below field_validation_below gfield_visibility_visible\"  ><label class='gfield_label gform-field-label' for='input_8_31'>Telefone<span class=\"gfield_required\"><span class=\"gfield_required gfield_required_asterisk\">*<\/span><\/span><\/label><div class='ginput_container ginput_container_phone'><input name='input_31' id='input_8_31' type='tel' value='' class='medium'   aria-required=\"true\" aria-invalid=\"false\"   \/><\/div><\/li><li id=\"field_8_32\" class=\"gfield gfield--type-checkbox gfield--type-choice marketingfield field_sublabel_below gfield--no-description field_description_below field_validation_below gfield_visibility_visible\"  ><label class='gfield_label gform-field-label screen-reader-text gfield_label_before_complex' ><\/label><div class='ginput_container ginput_container_checkbox'><ul class='gfield_checkbox' id='input_8_32'><li class='gchoice gchoice_8_32_1'>\n\t\t\t\t\t\t\t\t<input class='gfield-choice-input' name='input_32.1' type='checkbox'  value='A TTR Euroworks BV tem minha permiss\u00e3o para usar esse endere\u00e7o de email para fins de marketing. Voc\u00ea pode cancelar essa op\u00e7\u00e3o facilmente a qualquer momento.'  id='choice_8_32_1'   \/>\n\t\t\t\t\t\t\t\t<label for='choice_8_32_1' id='label_8_32_1' class='gform-field-label gform-field-label--type-inline'>A TTR Euroworks BV tem minha permiss\u00e3o para usar esse endere\u00e7o de email para fins de marketing. Voc\u00ea pode cancelar essa op\u00e7\u00e3o facilmente a qualquer momento.<\/label>\n\t\t\t\t\t\t\t<\/li><\/ul><\/div><\/li><\/ul><\/div>\n        <div class='gform-footer gform_footer top_label'> <input type='submit' id='gform_submit_button_8' class='gform_button button' onclick='gform.submission.handleButtonClick(this);' data-submission-type='submit' value='Solicite um or\u00e7amento'  \/> <input type='hidden' name='gform_ajax' value='form_id=8&amp;title=&amp;description=&amp;tabindex=0&amp;theme=legacy&amp;styles=[]&amp;hash=e83a1d20e341d4936f44331e01ec3c14' \/>\n            <input type='hidden' class='gform_hidden' name='gform_submission_method' data-js='gform_submission_method_8' value='iframe' \/>\n            <input type='hidden' class='gform_hidden' name='gform_theme' data-js='gform_theme_8' id='gform_theme_8' value='legacy' \/>\n            <input type='hidden' class='gform_hidden' name='gform_style_settings' data-js='gform_style_settings_8' id='gform_style_settings_8' value='[]' \/>\n            <input type='hidden' class='gform_hidden' name='is_submit_8' value='1' \/>\n            <input type='hidden' class='gform_hidden' name='gform_submit' value='8' \/>\n            \n            <input type='hidden' class='gform_hidden' name='gform_unique_id' value='' \/>\n            <input type='hidden' class='gform_hidden' name='state_8' value='WyJbXSIsIjBkNWI3NDg1ZmFkNDJmYjhhMjEwMGJhMWIyYTQyZmMxIl0=' \/>\n            <input type='hidden' autocomplete='off' class='gform_hidden' name='gform_target_page_number_8' id='gform_target_page_number_8' value='0' \/>\n            <input type='hidden' autocomplete='off' class='gform_hidden' name='gform_source_page_number_8' id='gform_source_page_number_8' value='1' \/>\n            <input type='hidden' name='gform_field_values' value='' \/>\n            \n        <\/div>\n                        <\/form>\n                        <\/div>\n\t\t                <iframe style='display:none;width:0px;height:0px;' src='about:blank' name='gform_ajax_frame_8' id='gform_ajax_frame_8' title='Este iframe cont\u00e9m a l\u00f3gica necess\u00e1ria para manusear os formul\u00e1rios Gravity Forms movidos a AJAX.'><\/iframe>\n\t\t                <script type=\"text\/javascript\">\n\/* <![CDATA[ *\/\n gform.initializeOnLoaded( function() {gformInitSpinner( 8, 'https:\/\/ttr.works\/wp-content\/plugins\/gravityforms\/images\/spinner.svg', true );jQuery('#gform_ajax_frame_8').on('load',function(){var contents = jQuery(this).contents().find('*').html();var is_postback = contents.indexOf('GF_AJAX_POSTBACK') >= 0;if(!is_postback){return;}var form_content = jQuery(this).contents().find('#gform_wrapper_8');var is_confirmation = jQuery(this).contents().find('#gform_confirmation_wrapper_8').length > 0;var is_redirect = contents.indexOf('gformRedirect(){') >= 0;var is_form = form_content.length > 0 && ! is_redirect && ! is_confirmation;var mt = parseInt(jQuery('html').css('margin-top'), 10) + parseInt(jQuery('body').css('margin-top'), 10) + 100;if(is_form){form_content.find('form').css('opacity', 0);jQuery('#gform_wrapper_8').html(form_content.html());if(form_content.hasClass('gform_validation_error')){jQuery('#gform_wrapper_8').addClass('gform_validation_error');} else {jQuery('#gform_wrapper_8').removeClass('gform_validation_error');}setTimeout( function() { \/* delay the scroll by 50 milliseconds to fix a bug in chrome *\/ jQuery(document).scrollTop(jQuery('#gform_wrapper_8').offset().top - mt); }, 50 );if(window['gformInitDatepicker']) {gformInitDatepicker();}if(window['gformInitPriceFields']) {gformInitPriceFields();}var current_page = jQuery('#gform_source_page_number_8').val();gformInitSpinner( 8, 'https:\/\/ttr.works\/wp-content\/plugins\/gravityforms\/images\/spinner.svg', true );jQuery(document).trigger('gform_page_loaded', [8, current_page]);window['gf_submitting_8'] = false;}else if(!is_redirect){var confirmation_content = jQuery(this).contents().find('.GF_AJAX_POSTBACK').html();if(!confirmation_content){confirmation_content = contents;}jQuery('#gform_wrapper_8').replaceWith(confirmation_content);jQuery(document).scrollTop(jQuery('#gf_8').offset().top - mt);jQuery(document).trigger('gform_confirmation_loaded', [8]);window['gf_submitting_8'] = false;wp.a11y.speak(jQuery('#gform_confirmation_message_8').text());}else{jQuery('#gform_8').append(contents);if(window['gformRedirect']) {gformRedirect();}}jQuery(document).trigger(\"gform_pre_post_render\", [{ formId: \"8\", currentPage: \"current_page\", abort: function() { this.preventDefault(); } }]);        if (event && event.defaultPrevented) {                return;        }        const gformWrapperDiv = document.getElementById( \"gform_wrapper_8\" );        if ( gformWrapperDiv ) {            const visibilitySpan = document.createElement( \"span\" );            visibilitySpan.id = \"gform_visibility_test_8\";            gformWrapperDiv.insertAdjacentElement( \"afterend\", visibilitySpan );        }        const visibilityTestDiv = document.getElementById( \"gform_visibility_test_8\" );        let postRenderFired = false;        function triggerPostRender() {            if ( postRenderFired ) {                return;            }            postRenderFired = true;            gform.core.triggerPostRenderEvents( 8, current_page );            if ( visibilityTestDiv ) {                visibilityTestDiv.parentNode.removeChild( visibilityTestDiv );            }        }        function debounce( func, wait, immediate ) {            var timeout;            return function() {                var context = this, args = arguments;                var later = function() {                    timeout = null;                    if ( !immediate ) func.apply( context, args );                };                var callNow = immediate && !timeout;                clearTimeout( timeout );                timeout = setTimeout( later, wait );                if ( callNow ) func.apply( context, args );            };        }        const debouncedTriggerPostRender = debounce( function() {            triggerPostRender();        }, 200 );        if ( visibilityTestDiv && visibilityTestDiv.offsetParent === null ) {            const observer = new MutationObserver( ( mutations ) => {                mutations.forEach( ( mutation ) => {                    if ( mutation.type === 'attributes' && visibilityTestDiv.offsetParent !== null ) {                        debouncedTriggerPostRender();                        observer.disconnect();                    }                });            });            observer.observe( document.body, {                attributes: true,                childList: false,                subtree: true,                attributeFilter: [ 'style', 'class' ],            });        } else {            triggerPostRender();        }    } );} ); \n\/* ]]> *\/\n<\/script>\n\n","protected":false},"excerpt":{"rendered":"<p>Queremos facilitar o m\u00e1ximo poss\u00edvel para voc\u00ea escolher a etiqueta certa para seus requisitos. Selecione o seu material a seguir. Nossa equipe o verificar\u00e1 para voc\u00ea e fornecer\u00e1 uma cota\u00e7\u00e3o que seja adequada para seus requisitos e volume. Se n\u00e3o souber a resposta de uma pergunta ou se n\u00e3o tiver certeza, selecione \u201cN\u00e3o sei\u201d.<\/p>\n","protected":false},"author":1,"featured_media":0,"parent":0,"menu_order":0,"comment_status":"closed","ping_status":"closed","template":"template-content.php","meta":{"_acf_changed":false,"content-type":"","footnotes":""},"categories":[],"tags":[],"class_list":["post-2600","page","type-page","status-publish","hentry"],"acf":[],"_links":{"self":[{"href":"https:\/\/ttr.works\/pt-br\/wp-json\/wp\/v2\/pages\/2600","targetHints":{"allow":["GET"]}}],"collection":[{"href":"https:\/\/ttr.works\/pt-br\/wp-json\/wp\/v2\/pages"}],"about":[{"href":"https:\/\/ttr.works\/pt-br\/wp-json\/wp\/v2\/types\/page"}],"author":[{"embeddable":true,"href":"https:\/\/ttr.works\/pt-br\/wp-json\/wp\/v2\/users\/1"}],"replies":[{"embeddable":true,"href":"https:\/\/ttr.works\/pt-br\/wp-json\/wp\/v2\/comments?post=2600"}],"version-history":[{"count":0,"href":"https:\/\/ttr.works\/pt-br\/wp-json\/wp\/v2\/pages\/2600\/revisions"}],"wp:attachment":[{"href":"https:\/\/ttr.works\/pt-br\/wp-json\/wp\/v2\/media?parent=2600"}],"wp:term":[{"taxonomy":"category","embeddable":true,"href":"https:\/\/ttr.works\/pt-br\/wp-json\/wp\/v2\/categories?post=2600"},{"taxonomy":"post_tag","embeddable":true,"href":"https:\/\/ttr.works\/pt-br\/wp-json\/wp\/v2\/tags?post=2600"}],"curies":[{"name":"wp","href":"https:\/\/api.w.org\/{rel}","templated":true}]}}