{"id":2607,"date":"2020-11-03T08:06:03","date_gmt":"2020-11-03T08:06:03","guid":{"rendered":"https:\/\/ttr.works\/?page_id=2607"},"modified":"2026-02-23T09:28:50","modified_gmt":"2026-02-23T09:28:50","slug":"etiquetas","status":"publish","type":"page","link":"https:\/\/ttr.works\/pt-br\/etiquetas\/","title":{"rendered":"Etiquetas"},"content":{"rendered":"<div class=\"wp-block-image\">\n<figure class=\"alignright size-large is-resized\"><img decoding=\"async\" width=\"1024\" height=\"927\" data-src=\"https:\/\/ttr.works\/wp-content\/uploads\/\/zd421-1-1024x927.png\" alt=\"\" class=\"wp-image-23729 lazyload\" style=\"--smush-placeholder-width: 1024px; --smush-placeholder-aspect-ratio: 1024\/927;width:401px;height:auto\" data-srcset=\"https:\/\/ttr.works\/wp-content\/uploads\/zd421-1-1024x927.png 1024w, https:\/\/ttr.works\/wp-content\/uploads\/zd421-1-300x272.png 300w, https:\/\/ttr.works\/wp-content\/uploads\/zd421-1-768x695.png 768w, https:\/\/ttr.works\/wp-content\/uploads\/zd421-1-1536x1391.png 1536w, https:\/\/ttr.works\/wp-content\/uploads\/zd421-1-2048x1854.png 2048w\" data-sizes=\"(max-width: 1024px) 100vw, 1024px\" src=\"data:image\/svg+xml;base64,PHN2ZyB3aWR0aD0iMSIgaGVpZ2h0PSIxIiB4bWxucz0iaHR0cDovL3d3dy53My5vcmcvMjAwMC9zdmciPjwvc3ZnPg==\" \/><\/figure><\/div>\n\n\n<p>Fornecemos etiquetas em branco em rolo, etiquetas linerless e etiquetas t\u00eaxteis para uso di\u00e1rio e volumes recorrentes. Pre\u00e7os fixos por rolo, entrega a partir do seu \u201cstock pr\u00f3prio\u201d e apoio na sele\u00e7\u00e3o de materiais.<\/p>\n\n\n\n<p>Recebe uma proposta com base na sua impressora e no seu consumo. Especifica\u00e7\u00f5es e qualidade sempre consistentes, com o benef\u00edcio adicional de estabilidade de pre\u00e7os e continuidade de fornecimento. Entrega sob chamada a partir de stock ou consigna\u00e7\u00e3o dispon\u00edvel.<\/p>\n\n\n\n<a href=\"https:\/\/ttr.works\/pt-br\/contato\/\" class=\"link-btn\">Solicitar o seu pre\u00e7o <i class=\"fal fa-chevron-right\"><\/i><\/a>\n\n\n\n<div style=\"height:41px\" aria-hidden=\"true\" class=\"wp-block-spacer\"><\/div>\n\n\n\n<h2 class=\"wp-block-heading\"><strong>Etiquetas em branco em rolo para impressoras de etiquetas<\/strong><\/h2>\n\n\n<div class=\"wp-block-image\">\n<figure class=\"alignright size-full is-resized\"><img decoding=\"async\" width=\"565\" height=\"457\" data-src=\"https:\/\/ttr.works\/wp-content\/uploads\/Blank-coated-labels.jpg\" alt=\"\" class=\"wp-image-25938 lazyload\" style=\"--smush-placeholder-width: 565px; --smush-placeholder-aspect-ratio: 565\/457;width:370px;height:auto\" data-srcset=\"https:\/\/ttr.works\/wp-content\/uploads\/Blank-coated-labels.jpg 565w, https:\/\/ttr.works\/wp-content\/uploads\/Blank-coated-labels-300x243.jpg 300w\" data-sizes=\"(max-width: 565px) 100vw, 565px\" src=\"data:image\/svg+xml;base64,PHN2ZyB3aWR0aD0iMSIgaGVpZ2h0PSIxIiB4bWxucz0iaHR0cDovL3d3dy53My5vcmcvMjAwMC9zdmciPjwvc3ZnPg==\" \/><\/figure><\/div>\n\n\n<p>Os nossos clientes s\u00e3o <strong>revendedores e fabricantes<\/strong> que necessitam de seguran\u00e7a nos pre\u00e7os e no fornecimento. Escolha o m\u00e9todo de impress\u00e3o adequado ao seu processo e n\u00f3s garantimos o material, o adesivo e a configura\u00e7\u00e3o de rolo corretos. Gra\u00e7as \u00e0 nossa produ\u00e7\u00e3o interna, entregamos etiquetas rapidamente a pre\u00e7os competitivos.<\/p>\n\n\n\n<ul class=\"wp-block-list\">\n<li>Dispon\u00edvel com adesivo permanente, remov\u00edvel e para congela\u00e7\u00e3o profunda<\/li>\n\n\n\n<li>Compat\u00edvel com Zebra, Honeywell, CAB, Sato e mais*<\/li>\n\n\n\n<li>Pre\u00e7os fixos por rolo para volumes recorrentes<\/li>\n\n\n\n<li>Entrega a partir de stock ou sob chamada<\/li>\n<\/ul>\n\n\n\n<a href=\"https:\/\/ttr.works\/pt-br\/contato\/\" class=\"link-btn\">Solicitar o seu pre\u00e7o <i class=\"fal fa-chevron-right\"><\/i><\/a>\n\n\n\n<div style=\"height:49px\" aria-hidden=\"true\" class=\"wp-block-spacer\"><\/div>\n\n\n\n<h2 class=\"wp-block-heading\"><strong>Nylon e cetim para etiquetas de cuidados<\/strong><\/h2>\n\n\n<div class=\"wp-block-image\">\n<figure class=\"alignright size-full is-resized\"><img decoding=\"async\" width=\"1536\" height=\"1024\" data-src=\"https:\/\/ttr.works\/wp-content\/uploads\/TTR-Euroworks-supply-advantage-1.png\" alt=\"\" class=\"wp-image-28665 lazyload\" style=\"--smush-placeholder-width: 1536px; --smush-placeholder-aspect-ratio: 1536\/1024;width:455px;height:auto\" data-srcset=\"https:\/\/ttr.works\/wp-content\/uploads\/TTR-Euroworks-supply-advantage-1.png 1536w, https:\/\/ttr.works\/wp-content\/uploads\/TTR-Euroworks-supply-advantage-1-300x200.png 300w, https:\/\/ttr.works\/wp-content\/uploads\/TTR-Euroworks-supply-advantage-1-1024x683.png 1024w, https:\/\/ttr.works\/wp-content\/uploads\/TTR-Euroworks-supply-advantage-1-768x512.png 768w\" data-sizes=\"(max-width: 1536px) 100vw, 1536px\" src=\"data:image\/svg+xml;base64,PHN2ZyB3aWR0aD0iMSIgaGVpZ2h0PSIxIiB4bWxucz0iaHR0cDovL3d3dy53My5vcmcvMjAwMC9zdmciPjwvc3ZnPg==\" \/><\/figure><\/div>\n\n\n<p>Produtos que resistem a centenas de ciclos de lavagem exigem etiquetas que fa\u00e7am o mesmo. As nossas etiquetas de nylon e cetim certificadas <strong>OEKO-TEX\u00ae Standard 100<\/strong> oferecem impress\u00f5es dur\u00e1veis e altamente leg\u00edveis e combinam perfeitamente com as nossas <strong>fitas Resin Textile 4U<\/strong>. Impress\u00e3o frente e verso e concebidas para lavagens frequentes, ideais para vestu\u00e1rio de trabalho, uniformes e t\u00eaxteis industriais.<\/p>\n\n\n\n<p>Com o TTR Supply Advantage recebe descontos por volume desde o primeiro dia e pre\u00e7os anuais fixos. Solicite o seu pre\u00e7o sem compromisso.<\/p>\n\n\n\n<a href=\"https:\/\/hs.ttreuroworks.com\/textile-label-printing\" class=\"link-btn\">TTR Supply Advantage <i class=\"fal fa-chevron-right\"><\/i><\/a>\n\n\n\n<div style=\"height:114px\" aria-hidden=\"true\" class=\"wp-block-spacer\"><\/div>\n\n\n\n<h2 class=\"wp-block-heading\"><strong>Menos desperd\u00edcio e menos trocas de rolo<\/strong> <strong>com <\/strong>etiquetas linerless<\/h2>\n\n\n<div class=\"wp-block-image\">\n<figure class=\"alignright size-full is-resized\"><img decoding=\"async\" width=\"1024\" height=\"1024\" data-src=\"https:\/\/ttr.works\/wp-content\/uploads\/po.png\" alt=\"\" class=\"wp-image-30631 lazyload\" style=\"--smush-placeholder-width: 1024px; --smush-placeholder-aspect-ratio: 1024\/1024;width:357px;height:auto\" data-srcset=\"https:\/\/ttr.works\/wp-content\/uploads\/po.png 1024w, https:\/\/ttr.works\/wp-content\/uploads\/po-300x300.png 300w, https:\/\/ttr.works\/wp-content\/uploads\/po-150x150.png 150w, https:\/\/ttr.works\/wp-content\/uploads\/po-768x768.png 768w\" data-sizes=\"(max-width: 1024px) 100vw, 1024px\" src=\"data:image\/svg+xml;base64,PHN2ZyB3aWR0aD0iMSIgaGVpZ2h0PSIxIiB4bWxucz0iaHR0cDovL3d3dy53My5vcmcvMjAwMC9zdmciPjwvc3ZnPg==\" \/><\/figure><\/div>\n\n\n<p>As etiquetas linerless s\u00e3o uma solu\u00e7\u00e3o de rotulagem eficiente e mais sustent\u00e1vel sem suporte de liner. Desenrolam suavemente gra\u00e7as a uma camada adesiva de um lado e um revestimento de liberta\u00e7\u00e3o do outro. Com uma impressora linerless, s\u00e3o impressas e cortadas ao comprimento conforme necess\u00e1rio, ideais para tamanhos de etiqueta vari\u00e1veis. Note que nem todas as impressoras de etiquetas s\u00e3o adequadas para etiquetas linerless, <a href=\"https:\/\/ttr.works\/pt-br\/contato\/\">contacte-nos para aconselhamento<\/a>.<\/p>\n\n\n\n<ul class=\"wp-block-list\">\n<li>Mais etiquetas por rolo: menos trocas, menores custos de armazenamento e transporte<\/li>\n\n\n\n<li>Menos desperd\u00edcio: sem material de suporte<\/li>\n\n\n\n<li>Ampla gama de aplica\u00e7\u00f5es: log\u00edstica, retalho e alimentar<\/li>\n<\/ul>\n\n\n\n<p>Quer saber mais sobre impress\u00e3o linerless e as suas aplica\u00e7\u00f5es? Leia o nosso blog: <strong><a href=\"https:\/\/ttr.works\/pt-br\/solucoes-de-impressao-linerless-sustentaveis\/\" target=\"_blank\" rel=\"noreferrer noopener\">Como funciona a impress\u00e3o linerless?<\/a><\/strong><\/p>\n\n\n\n<div style=\"height:71px\" aria-hidden=\"true\" class=\"wp-block-spacer\"><\/div>\n\n\n\n<p>* <em>Todos os nomes de empresas e produtos mencionados s\u00e3o marcas registadas ou direitos de autor dos respetivos propriet\u00e1rios. A TTR Euroworks BV n\u00e3o implica qualquer afilia\u00e7\u00e3o ou aprova\u00e7\u00e3o por parte dessas empresas ou titulares de marcas.<\/em><\/p>\n","protected":false},"excerpt":{"rendered":"<p>Fornecemos etiquetas em branco em rolo, etiquetas linerless e etiquetas t\u00eaxteis para uso di\u00e1rio e volumes recorrentes. Pre\u00e7os fixos por rolo, entrega a partir do seu \u201cstock pr\u00f3prio\u201d e apoio na sele\u00e7\u00e3o de materiais. Recebe uma proposta com base na sua impressora e no seu consumo. Especifica\u00e7\u00f5es e qualidade sempre consistentes, com o benef\u00edcio adicional [&hellip;]<\/p>\n","protected":false},"author":1,"featured_media":0,"parent":0,"menu_order":0,"comment_status":"closed","ping_status":"closed","template":"template-product.php","meta":{"_acf_changed":false,"content-type":"","footnotes":""},"categories":[],"tags":[],"class_list":["post-2607","page","type-page","status-publish","hentry"],"acf":[],"yoast_head":"<!-- This site is optimized with the Yoast SEO plugin v25.9 - https:\/\/yoast.com\/wordpress\/plugins\/seo\/ -->\n<title>Etiquetas - TTR Euroworks<\/title>\n<meta name=\"description\" content=\"Etiquetas em um rolo \u2713 De etiquetas de papel autocolante a etiquetas sint\u00e9ticas de alta tecnologia \u2713 Etiquetas t\u00eaxteis de diversas qualidades\" \/>\n<meta name=\"robots\" content=\"index, follow, max-snippet:-1, max-image-preview:large, max-video-preview:-1\" \/>\n<link rel=\"canonical\" href=\"https:\/\/ttr.works\/pt-br\/etiquetas\/\" \/>\n<meta property=\"og:locale\" content=\"pt_BR\" \/>\n<meta property=\"og:type\" content=\"article\" \/>\n<meta property=\"og:title\" content=\"Etiquetas - TTR Euroworks\" \/>\n<meta property=\"og:description\" content=\"Etiquetas em um rolo \u2713 De etiquetas de papel autocolante a etiquetas sint\u00e9ticas de alta tecnologia \u2713 Etiquetas t\u00eaxteis de diversas qualidades\" \/>\n<meta property=\"og:url\" content=\"https:\/\/ttr.works\/pt-br\/etiquetas\/\" \/>\n<meta property=\"og:site_name\" content=\"TTR Euroworks\" \/>\n<meta property=\"article:modified_time\" content=\"2026-02-23T09:28:50+00:00\" \/>\n<meta property=\"og:image\" content=\"https:\/\/ttr.works\/wp-content\/uploads\/ttr-labels-rol.png\" \/>\n<meta name=\"twitter:card\" content=\"summary_large_image\" \/>\n<meta name=\"twitter:label1\" content=\"Est. tempo de leitura\" \/>\n\t<meta name=\"twitter:data1\" content=\"2 minutos\" \/>\n<script type=\"application\/ld+json\" class=\"yoast-schema-graph\">{\"@context\":\"https:\/\/schema.org\",\"@graph\":[{\"@type\":\"WebPage\",\"@id\":\"https:\/\/ttr.works\/pt-br\/etiquetas\/\",\"url\":\"https:\/\/ttr.works\/pt-br\/etiquetas\/\",\"name\":\"Etiquetas - TTR Euroworks\",\"isPartOf\":{\"@id\":\"https:\/\/ttr.works\/pt-br\/#website\"},\"primaryImageOfPage\":{\"@id\":\"https:\/\/ttr.works\/pt-br\/etiquetas\/#primaryimage\"},\"image\":{\"@id\":\"https:\/\/ttr.works\/pt-br\/etiquetas\/#primaryimage\"},\"thumbnailUrl\":\"https:\/\/ttr.works\/wp-content\/uploads\/\/zd421-1-1024x927.png\",\"datePublished\":\"2020-11-03T08:06:03+00:00\",\"dateModified\":\"2026-02-23T09:28:50+00:00\",\"description\":\"Etiquetas em um rolo \u2713 De etiquetas de papel autocolante a etiquetas sint\u00e9ticas de alta tecnologia \u2713 Etiquetas t\u00eaxteis de diversas qualidades\",\"breadcrumb\":{\"@id\":\"https:\/\/ttr.works\/pt-br\/etiquetas\/#breadcrumb\"},\"inLanguage\":\"pt-BR\",\"potentialAction\":[{\"@type\":\"ReadAction\",\"target\":[\"https:\/\/ttr.works\/pt-br\/etiquetas\/\"]}]},{\"@type\":\"ImageObject\",\"inLanguage\":\"pt-BR\",\"@id\":\"https:\/\/ttr.works\/pt-br\/etiquetas\/#primaryimage\",\"url\":\"https:\/\/ttr.works\/wp-content\/uploads\/\/zd421-1-1024x927.png\",\"contentUrl\":\"https:\/\/ttr.works\/wp-content\/uploads\/\/zd421-1-1024x927.png\"},{\"@type\":\"BreadcrumbList\",\"@id\":\"https:\/\/ttr.works\/pt-br\/etiquetas\/#breadcrumb\",\"itemListElement\":[{\"@type\":\"ListItem\",\"position\":1,\"name\":\"Home\",\"item\":\"https:\/\/ttr.works\/pt-br\/inicio\/\"},{\"@type\":\"ListItem\",\"position\":2,\"name\":\"Etiquetas\"}]},{\"@type\":\"WebSite\",\"@id\":\"https:\/\/ttr.works\/pt-br\/#website\",\"url\":\"https:\/\/ttr.works\/pt-br\/\",\"name\":\"TTR Euroworks\",\"description\":\"Your ttr partner\",\"potentialAction\":[{\"@type\":\"SearchAction\",\"target\":{\"@type\":\"EntryPoint\",\"urlTemplate\":\"https:\/\/ttr.works\/pt-br\/?s={search_term_string}\"},\"query-input\":{\"@type\":\"PropertyValueSpecification\",\"valueRequired\":true,\"valueName\":\"search_term_string\"}}],\"inLanguage\":\"pt-BR\"}]}<\/script>\n<!-- \/ Yoast SEO plugin. -->","yoast_head_json":{"title":"Etiquetas - TTR Euroworks","description":"Etiquetas em um rolo \u2713 De etiquetas de papel autocolante a etiquetas sint\u00e9ticas de alta tecnologia \u2713 Etiquetas t\u00eaxteis de diversas qualidades","robots":{"index":"index","follow":"follow","max-snippet":"max-snippet:-1","max-image-preview":"max-image-preview:large","max-video-preview":"max-video-preview:-1"},"canonical":"https:\/\/ttr.works\/pt-br\/etiquetas\/","og_locale":"pt_BR","og_type":"article","og_title":"Etiquetas - TTR Euroworks","og_description":"Etiquetas em um rolo \u2713 De etiquetas de papel autocolante a etiquetas sint\u00e9ticas de alta tecnologia \u2713 Etiquetas t\u00eaxteis de diversas qualidades","og_url":"https:\/\/ttr.works\/pt-br\/etiquetas\/","og_site_name":"TTR Euroworks","article_modified_time":"2026-02-23T09:28:50+00:00","og_image":[{"url":"https:\/\/ttr.works\/wp-content\/uploads\/ttr-labels-rol.png","type":"","width":"","height":""}],"twitter_card":"summary_large_image","twitter_misc":{"Est. tempo de leitura":"2 minutos"},"schema":{"@context":"https:\/\/schema.org","@graph":[{"@type":"WebPage","@id":"https:\/\/ttr.works\/pt-br\/etiquetas\/","url":"https:\/\/ttr.works\/pt-br\/etiquetas\/","name":"Etiquetas - TTR Euroworks","isPartOf":{"@id":"https:\/\/ttr.works\/pt-br\/#website"},"primaryImageOfPage":{"@id":"https:\/\/ttr.works\/pt-br\/etiquetas\/#primaryimage"},"image":{"@id":"https:\/\/ttr.works\/pt-br\/etiquetas\/#primaryimage"},"thumbnailUrl":"https:\/\/ttr.works\/wp-content\/uploads\/\/zd421-1-1024x927.png","datePublished":"2020-11-03T08:06:03+00:00","dateModified":"2026-02-23T09:28:50+00:00","description":"Etiquetas em um rolo \u2713 De etiquetas de papel autocolante a etiquetas sint\u00e9ticas de alta tecnologia \u2713 Etiquetas t\u00eaxteis de diversas qualidades","breadcrumb":{"@id":"https:\/\/ttr.works\/pt-br\/etiquetas\/#breadcrumb"},"inLanguage":"pt-BR","potentialAction":[{"@type":"ReadAction","target":["https:\/\/ttr.works\/pt-br\/etiquetas\/"]}]},{"@type":"ImageObject","inLanguage":"pt-BR","@id":"https:\/\/ttr.works\/pt-br\/etiquetas\/#primaryimage","url":"https:\/\/ttr.works\/wp-content\/uploads\/\/zd421-1-1024x927.png","contentUrl":"https:\/\/ttr.works\/wp-content\/uploads\/\/zd421-1-1024x927.png"},{"@type":"BreadcrumbList","@id":"https:\/\/ttr.works\/pt-br\/etiquetas\/#breadcrumb","itemListElement":[{"@type":"ListItem","position":1,"name":"Home","item":"https:\/\/ttr.works\/pt-br\/inicio\/"},{"@type":"ListItem","position":2,"name":"Etiquetas"}]},{"@type":"WebSite","@id":"https:\/\/ttr.works\/pt-br\/#website","url":"https:\/\/ttr.works\/pt-br\/","name":"TTR Euroworks","description":"Your ttr partner","potentialAction":[{"@type":"SearchAction","target":{"@type":"EntryPoint","urlTemplate":"https:\/\/ttr.works\/pt-br\/?s={search_term_string}"},"query-input":{"@type":"PropertyValueSpecification","valueRequired":true,"valueName":"search_term_string"}}],"inLanguage":"pt-BR"}]}},"_links":{"self":[{"href":"https:\/\/ttr.works\/pt-br\/wp-json\/wp\/v2\/pages\/2607","targetHints":{"allow":["GET"]}}],"collection":[{"href":"https:\/\/ttr.works\/pt-br\/wp-json\/wp\/v2\/pages"}],"about":[{"href":"https:\/\/ttr.works\/pt-br\/wp-json\/wp\/v2\/types\/page"}],"author":[{"embeddable":true,"href":"https:\/\/ttr.works\/pt-br\/wp-json\/wp\/v2\/users\/1"}],"replies":[{"embeddable":true,"href":"https:\/\/ttr.works\/pt-br\/wp-json\/wp\/v2\/comments?post=2607"}],"version-history":[{"count":4,"href":"https:\/\/ttr.works\/pt-br\/wp-json\/wp\/v2\/pages\/2607\/revisions"}],"predecessor-version":[{"id":30643,"href":"https:\/\/ttr.works\/pt-br\/wp-json\/wp\/v2\/pages\/2607\/revisions\/30643"}],"wp:attachment":[{"href":"https:\/\/ttr.works\/pt-br\/wp-json\/wp\/v2\/media?parent=2607"}],"wp:term":[{"taxonomy":"category","embeddable":true,"href":"https:\/\/ttr.works\/pt-br\/wp-json\/wp\/v2\/categories?post=2607"},{"taxonomy":"post_tag","embeddable":true,"href":"https:\/\/ttr.works\/pt-br\/wp-json\/wp\/v2\/tags?post=2607"}],"curies":[{"name":"wp","href":"https:\/\/api.w.org\/{rel}","templated":true}]}}