{"id":2616,"date":"2020-11-03T08:08:47","date_gmt":"2020-11-03T08:08:47","guid":{"rendered":"https:\/\/ttr.works\/?page_id=2616"},"modified":"2024-11-15T09:50:49","modified_gmt":"2024-11-15T09:50:49","slug":"etiquetas-de-papel-e-sinteticas","status":"publish","type":"page","link":"https:\/\/ttr.works\/pt-br\/etiquetas\/etiquetas-de-papel-e-sinteticas\/","title":{"rendered":"Etiquetas de papel e sint\u00e9ticas"},"content":{"rendered":"<div class=\"wp-block-image\">\n<figure class=\"alignright is-resized\"><img decoding=\"async\" data-src=\"https:\/\/ttr.works\/wp-content\/uploads\/ttr_labels.png\" alt=\"This image has an empty alt attribute; its file name is ttr_labels.png\" style=\"--smush-placeholder-width: 276px; --smush-placeholder-aspect-ratio: 276\/276;width:306px;height:auto\" src=\"data:image\/svg+xml;base64,PHN2ZyB3aWR0aD0iMSIgaGVpZ2h0PSIxIiB4bWxucz0iaHR0cDovL3d3dy53My5vcmcvMjAwMC9zdmciPjwvc3ZnPg==\" class=\"lazyload\" \/><\/figure><\/div>\n\n\n<p>Oferecemos uma ampla gama de etiquetas autoadesivas em rolo, dispon\u00edveis em papel e materiais sint\u00e9ticos, ideais para diversas aplica\u00e7\u00f5es. Seja para etiquetas f\u00e1ceis de remover, resistentes a rasgos, etiquetas de envio ou passaportes fitossanit\u00e1rios, temos a solu\u00e7\u00e3o perfeita para voc\u00ea.<\/p>\n\n\n\n<p>A maioria das nossas etiquetas \u00e9 produzida internamente com altos padr\u00f5es de qualidade. Elas s\u00e3o totalmente compat\u00edveis com todas as principais marcas e modelos de impressoras de etiquetas.<\/p>\n\n\n\n<p>Utilize o nosso <strong><a href=\"\/?page_id=1192\">Seletor de Etiquetas<\/a><\/strong> para encontrar as etiquetas ideais para suas necessidades. Escolha o material e o tamanho desejados e receba um or\u00e7amento personalizado. <\/p>\n\n\n\n<a href=\"\/?page_id=1192\" class=\"link-btn\">Seletor de Etiquetas <i class=\"fal fa-chevron-right\"><\/i><\/a>\n","protected":false},"excerpt":{"rendered":"<p>Oferecemos uma ampla gama de etiquetas autoadesivas em rolo, dispon\u00edveis em papel e materiais sint\u00e9ticos, ideais para diversas aplica\u00e7\u00f5es. Seja para etiquetas f\u00e1ceis de remover, resistentes a rasgos, etiquetas de envio ou passaportes fitossanit\u00e1rios, temos a solu\u00e7\u00e3o perfeita para voc\u00ea. A maioria das nossas etiquetas \u00e9 produzida internamente com altos padr\u00f5es de qualidade. Elas s\u00e3o [&hellip;]<\/p>\n","protected":false},"author":1,"featured_media":0,"parent":2607,"menu_order":0,"comment_status":"closed","ping_status":"closed","template":"template-product.php","meta":{"_acf_changed":false,"content-type":"","footnotes":""},"categories":[],"tags":[266],"class_list":["post-2616","page","type-page","status-publish","hentry","tag-product-pt-br"],"acf":[],"yoast_head":"<!-- This site is optimized with the Yoast SEO plugin v25.9 - https:\/\/yoast.com\/wordpress\/plugins\/seo\/ -->\n<title>Etiquetas de papel e sint\u00e9ticas - TTR Euroworks<\/title>\n<meta name=\"description\" content=\"Etiquetas de papel e sint\u00e9ticas brancas autocolantes \u2713 Para qualquer tipo de aplica\u00e7\u00e3o \u2713 Compat\u00edvel com todas as principais marcas e modelos\" \/>\n<meta name=\"robots\" content=\"index, follow, max-snippet:-1, max-image-preview:large, max-video-preview:-1\" \/>\n<link rel=\"canonical\" href=\"https:\/\/ttr.works\/pt-br\/etiquetas\/etiquetas-de-papel-e-sinteticas\/\" \/>\n<meta property=\"og:locale\" content=\"pt_BR\" \/>\n<meta property=\"og:type\" content=\"article\" \/>\n<meta property=\"og:title\" content=\"Etiquetas de papel e sint\u00e9ticas - TTR Euroworks\" \/>\n<meta property=\"og:description\" content=\"Etiquetas de papel e sint\u00e9ticas brancas autocolantes \u2713 Para qualquer tipo de aplica\u00e7\u00e3o \u2713 Compat\u00edvel com todas as principais marcas e modelos\" \/>\n<meta property=\"og:url\" content=\"https:\/\/ttr.works\/pt-br\/etiquetas\/etiquetas-de-papel-e-sinteticas\/\" \/>\n<meta property=\"og:site_name\" content=\"TTR Euroworks\" \/>\n<meta property=\"article:modified_time\" content=\"2024-11-15T09:50:49+00:00\" \/>\n<meta property=\"og:image\" content=\"https:\/\/ttr.works\/wp-content\/uploads\/ttr_labels.png\" \/>\n<meta name=\"twitter:card\" content=\"summary_large_image\" \/>\n<meta name=\"twitter:label1\" content=\"Est. tempo de leitura\" \/>\n\t<meta name=\"twitter:data1\" content=\"1 minuto\" \/>\n<script type=\"application\/ld+json\" class=\"yoast-schema-graph\">{\"@context\":\"https:\/\/schema.org\",\"@graph\":[{\"@type\":\"WebPage\",\"@id\":\"https:\/\/ttr.works\/pt-br\/etiquetas\/etiquetas-de-papel-e-sinteticas\/\",\"url\":\"https:\/\/ttr.works\/pt-br\/etiquetas\/etiquetas-de-papel-e-sinteticas\/\",\"name\":\"Etiquetas de papel e sint\u00e9ticas - TTR Euroworks\",\"isPartOf\":{\"@id\":\"https:\/\/ttr.works\/pt-br\/#website\"},\"primaryImageOfPage\":{\"@id\":\"https:\/\/ttr.works\/pt-br\/etiquetas\/etiquetas-de-papel-e-sinteticas\/#primaryimage\"},\"image\":{\"@id\":\"https:\/\/ttr.works\/pt-br\/etiquetas\/etiquetas-de-papel-e-sinteticas\/#primaryimage\"},\"thumbnailUrl\":\"https:\/\/ttr.works\/wp-content\/uploads\/ttr_labels.png\",\"datePublished\":\"2020-11-03T08:08:47+00:00\",\"dateModified\":\"2024-11-15T09:50:49+00:00\",\"description\":\"Etiquetas de papel e sint\u00e9ticas brancas autocolantes \u2713 Para qualquer tipo de aplica\u00e7\u00e3o \u2713 Compat\u00edvel com todas as principais marcas e modelos\",\"breadcrumb\":{\"@id\":\"https:\/\/ttr.works\/pt-br\/etiquetas\/etiquetas-de-papel-e-sinteticas\/#breadcrumb\"},\"inLanguage\":\"pt-BR\",\"potentialAction\":[{\"@type\":\"ReadAction\",\"target\":[\"https:\/\/ttr.works\/pt-br\/etiquetas\/etiquetas-de-papel-e-sinteticas\/\"]}]},{\"@type\":\"ImageObject\",\"inLanguage\":\"pt-BR\",\"@id\":\"https:\/\/ttr.works\/pt-br\/etiquetas\/etiquetas-de-papel-e-sinteticas\/#primaryimage\",\"url\":\"https:\/\/ttr.works\/wp-content\/uploads\/ttr_labels.png\",\"contentUrl\":\"https:\/\/ttr.works\/wp-content\/uploads\/ttr_labels.png\"},{\"@type\":\"BreadcrumbList\",\"@id\":\"https:\/\/ttr.works\/pt-br\/etiquetas\/etiquetas-de-papel-e-sinteticas\/#breadcrumb\",\"itemListElement\":[{\"@type\":\"ListItem\",\"position\":1,\"name\":\"Home\",\"item\":\"https:\/\/ttr.works\/pt-br\/inicio\/\"},{\"@type\":\"ListItem\",\"position\":2,\"name\":\"Etiquetas\",\"item\":\"https:\/\/ttr.works\/pt-br\/etiquetas\/\"},{\"@type\":\"ListItem\",\"position\":3,\"name\":\"Etiquetas de papel e sint\u00e9ticas\"}]},{\"@type\":\"WebSite\",\"@id\":\"https:\/\/ttr.works\/pt-br\/#website\",\"url\":\"https:\/\/ttr.works\/pt-br\/\",\"name\":\"TTR Euroworks\",\"description\":\"Your ttr partner\",\"potentialAction\":[{\"@type\":\"SearchAction\",\"target\":{\"@type\":\"EntryPoint\",\"urlTemplate\":\"https:\/\/ttr.works\/pt-br\/?s={search_term_string}\"},\"query-input\":{\"@type\":\"PropertyValueSpecification\",\"valueRequired\":true,\"valueName\":\"search_term_string\"}}],\"inLanguage\":\"pt-BR\"}]}<\/script>\n<!-- \/ Yoast SEO plugin. -->","yoast_head_json":{"title":"Etiquetas de papel e sint\u00e9ticas - TTR Euroworks","description":"Etiquetas de papel e sint\u00e9ticas brancas autocolantes \u2713 Para qualquer tipo de aplica\u00e7\u00e3o \u2713 Compat\u00edvel com todas as principais marcas e modelos","robots":{"index":"index","follow":"follow","max-snippet":"max-snippet:-1","max-image-preview":"max-image-preview:large","max-video-preview":"max-video-preview:-1"},"canonical":"https:\/\/ttr.works\/pt-br\/etiquetas\/etiquetas-de-papel-e-sinteticas\/","og_locale":"pt_BR","og_type":"article","og_title":"Etiquetas de papel e sint\u00e9ticas - TTR Euroworks","og_description":"Etiquetas de papel e sint\u00e9ticas brancas autocolantes \u2713 Para qualquer tipo de aplica\u00e7\u00e3o \u2713 Compat\u00edvel com todas as principais marcas e modelos","og_url":"https:\/\/ttr.works\/pt-br\/etiquetas\/etiquetas-de-papel-e-sinteticas\/","og_site_name":"TTR Euroworks","article_modified_time":"2024-11-15T09:50:49+00:00","og_image":[{"url":"https:\/\/ttr.works\/wp-content\/uploads\/ttr_labels.png","type":"","width":"","height":""}],"twitter_card":"summary_large_image","twitter_misc":{"Est. tempo de leitura":"1 minuto"},"schema":{"@context":"https:\/\/schema.org","@graph":[{"@type":"WebPage","@id":"https:\/\/ttr.works\/pt-br\/etiquetas\/etiquetas-de-papel-e-sinteticas\/","url":"https:\/\/ttr.works\/pt-br\/etiquetas\/etiquetas-de-papel-e-sinteticas\/","name":"Etiquetas de papel e sint\u00e9ticas - TTR Euroworks","isPartOf":{"@id":"https:\/\/ttr.works\/pt-br\/#website"},"primaryImageOfPage":{"@id":"https:\/\/ttr.works\/pt-br\/etiquetas\/etiquetas-de-papel-e-sinteticas\/#primaryimage"},"image":{"@id":"https:\/\/ttr.works\/pt-br\/etiquetas\/etiquetas-de-papel-e-sinteticas\/#primaryimage"},"thumbnailUrl":"https:\/\/ttr.works\/wp-content\/uploads\/ttr_labels.png","datePublished":"2020-11-03T08:08:47+00:00","dateModified":"2024-11-15T09:50:49+00:00","description":"Etiquetas de papel e sint\u00e9ticas brancas autocolantes \u2713 Para qualquer tipo de aplica\u00e7\u00e3o \u2713 Compat\u00edvel com todas as principais marcas e modelos","breadcrumb":{"@id":"https:\/\/ttr.works\/pt-br\/etiquetas\/etiquetas-de-papel-e-sinteticas\/#breadcrumb"},"inLanguage":"pt-BR","potentialAction":[{"@type":"ReadAction","target":["https:\/\/ttr.works\/pt-br\/etiquetas\/etiquetas-de-papel-e-sinteticas\/"]}]},{"@type":"ImageObject","inLanguage":"pt-BR","@id":"https:\/\/ttr.works\/pt-br\/etiquetas\/etiquetas-de-papel-e-sinteticas\/#primaryimage","url":"https:\/\/ttr.works\/wp-content\/uploads\/ttr_labels.png","contentUrl":"https:\/\/ttr.works\/wp-content\/uploads\/ttr_labels.png"},{"@type":"BreadcrumbList","@id":"https:\/\/ttr.works\/pt-br\/etiquetas\/etiquetas-de-papel-e-sinteticas\/#breadcrumb","itemListElement":[{"@type":"ListItem","position":1,"name":"Home","item":"https:\/\/ttr.works\/pt-br\/inicio\/"},{"@type":"ListItem","position":2,"name":"Etiquetas","item":"https:\/\/ttr.works\/pt-br\/etiquetas\/"},{"@type":"ListItem","position":3,"name":"Etiquetas de papel e sint\u00e9ticas"}]},{"@type":"WebSite","@id":"https:\/\/ttr.works\/pt-br\/#website","url":"https:\/\/ttr.works\/pt-br\/","name":"TTR Euroworks","description":"Your ttr partner","potentialAction":[{"@type":"SearchAction","target":{"@type":"EntryPoint","urlTemplate":"https:\/\/ttr.works\/pt-br\/?s={search_term_string}"},"query-input":{"@type":"PropertyValueSpecification","valueRequired":true,"valueName":"search_term_string"}}],"inLanguage":"pt-BR"}]}},"_links":{"self":[{"href":"https:\/\/ttr.works\/pt-br\/wp-json\/wp\/v2\/pages\/2616","targetHints":{"allow":["GET"]}}],"collection":[{"href":"https:\/\/ttr.works\/pt-br\/wp-json\/wp\/v2\/pages"}],"about":[{"href":"https:\/\/ttr.works\/pt-br\/wp-json\/wp\/v2\/types\/page"}],"author":[{"embeddable":true,"href":"https:\/\/ttr.works\/pt-br\/wp-json\/wp\/v2\/users\/1"}],"replies":[{"embeddable":true,"href":"https:\/\/ttr.works\/pt-br\/wp-json\/wp\/v2\/comments?post=2616"}],"version-history":[{"count":2,"href":"https:\/\/ttr.works\/pt-br\/wp-json\/wp\/v2\/pages\/2616\/revisions"}],"predecessor-version":[{"id":26505,"href":"https:\/\/ttr.works\/pt-br\/wp-json\/wp\/v2\/pages\/2616\/revisions\/26505"}],"up":[{"embeddable":true,"href":"https:\/\/ttr.works\/pt-br\/wp-json\/wp\/v2\/pages\/2607"}],"wp:attachment":[{"href":"https:\/\/ttr.works\/pt-br\/wp-json\/wp\/v2\/media?parent=2616"}],"wp:term":[{"taxonomy":"category","embeddable":true,"href":"https:\/\/ttr.works\/pt-br\/wp-json\/wp\/v2\/categories?post=2616"},{"taxonomy":"post_tag","embeddable":true,"href":"https:\/\/ttr.works\/pt-br\/wp-json\/wp\/v2\/tags?post=2616"}],"curies":[{"name":"wp","href":"https:\/\/api.w.org\/{rel}","templated":true}]}}