{"id":2624,"date":"2020-11-03T08:14:25","date_gmt":"2020-11-03T08:14:25","guid":{"rendered":"https:\/\/ttr.works\/?page_id=2624"},"modified":"2025-11-12T12:45:20","modified_gmt":"2025-11-12T12:45:20","slug":"etiquetas-texteis","status":"publish","type":"page","link":"https:\/\/ttr.works\/pt-br\/etiquetas\/etiquetas-texteis\/","title":{"rendered":"etiquetas t\u00eaxteis"},"content":{"rendered":"\r\n\r\n<p><img decoding=\"async\" class=\"wp-image-28664 alignright lazyload\" style=\"--smush-placeholder-width: 424px; --smush-placeholder-aspect-ratio: 424\/282;float: right; margin-left: 1em; margin-bottom: 1em;\" data-src=\"https:\/\/ttr.works\/wp-content\/uploads\/\/TTR-Euroworks-supply-advantage-1-300x200.png\" alt=\"\" width=\"424\" height=\"282\" data-srcset=\"https:\/\/ttr.works\/wp-content\/uploads\/TTR-Euroworks-supply-advantage-1-300x200.png 300w, https:\/\/ttr.works\/wp-content\/uploads\/TTR-Euroworks-supply-advantage-1-1024x683.png 1024w, https:\/\/ttr.works\/wp-content\/uploads\/TTR-Euroworks-supply-advantage-1-768x512.png 768w, https:\/\/ttr.works\/wp-content\/uploads\/TTR-Euroworks-supply-advantage-1.png 1536w\" data-sizes=\"(max-width: 424px) 100vw, 424px\" src=\"data:image\/svg+xml;base64,PHN2ZyB3aWR0aD0iMSIgaGVpZ2h0PSIxIiB4bWxucz0iaHR0cDovL3d3dy53My5vcmcvMjAwMC9zdmciPjwvc3ZnPg==\" \/><\/p>\r\n<p data-start=\"135\" data-end=\"528\"><strong data-start=\"135\" data-end=\"222\">Produtos que duram centenas de ciclos de lavagem precisam de etiquetas que fa\u00e7am o mesmo. <\/strong>Os ribbons Resin Textile e as etiquetas de nylon da TTR Euroworks oferecem identifica\u00e7\u00e3o duradoura, leg\u00edvel e conforme para cada aplica\u00e7\u00e3o de impress\u00e3o t\u00eaxtil. Combine impressoras de alto desempenho, ribbons de tinta Resin Textile premium e materiais de etiquetas de qualidade para resultados consistentes e tempo de inatividade m\u00ednimo.<\/p>\r\n<p data-start=\"530\" data-end=\"700\">Experimente a <strong data-start=\"545\" data-end=\"579\">Vantagem de Fornecimento da TTR Euroworks<\/strong> com descontos por volume desde o primeiro dia, pre\u00e7os anuais fixos e ofertas exclusivas ao adicionar ou substituir impressoras de tecido. Solicite seu pre\u00e7o sem compromisso.<\/p>\r\n\r\n\r\n<p><a class=\"link-btn\" href=\"https:\/\/hs.ttreuroworks.com\/textile-label-printing\">Descubra a vantagem de fornecimento da TTR<\/a><\/p>\r\n\r\n\r\n<div class=\"wp-block-spacer\" style=\"height: 17px;\" aria-hidden=\"true\">&nbsp;<\/div>\r\n\r\n\r\n<h3 class=\"wp-block-heading\" data-start=\"645\" data-end=\"671\">Etiquetas de Nylon &amp; Cetim<\/h3>\r\n\r\n\r\n<p data-start=\"673\" data-end=\"907\">Escolher o material de etiqueta certo depende do tipo de roupa e dos requisitos de lavagem. \u00c9 por isso que oferecemos materiais de etiquetas de Nylon e Cetim certificados OEKO-TEX\u00ae Standard 100. Eles s\u00e3o seguros, sustent\u00e1veis e livres de subst\u00e2ncias nocivas.<\/p>\r\n\r\n\r\n<ul class=\"wp-block-list\" data-start=\"909\" data-end=\"1167\">\r\n<li data-start=\"909\" data-end=\"1054\"><strong data-start=\"911\" data-end=\"928\">Etiquetas de nylon:<\/strong> Dur\u00e1veis, imprim\u00edveis em ambos os lados e resistentes a lavagens frequentes &#8211; ideais para roupas de trabalho, uniformes e t\u00eaxteis industriais.<\/li>\r\n<li data-start=\"1055\" data-end=\"1167\"><strong data-start=\"1057\" data-end=\"1074\">Etiquetas de cetim:<\/strong> Macias, suaves e perfeitas para tecidos premium, como roupas de designer e marcas de luxo.<\/li>\r\n<\/ul>\r\n\r\n\r\n<figure class=\"wp-block-image size-medium is-style-default\"><img decoding=\"async\" class=\"wp-image-2282 lazyload\" data-src=\"https:\/\/ttr.works\/wp-content\/uploads\/\/ttr-header-nylon-3-300x300.jpg\" alt=\"\" width=\"300\" height=\"300\" data-srcset=\"https:\/\/ttr.works\/wp-content\/uploads\/ttr-header-nylon-3-300x300.jpg 300w, https:\/\/ttr.works\/wp-content\/uploads\/ttr-header-nylon-3-150x150.jpg 150w, https:\/\/ttr.works\/wp-content\/uploads\/ttr-header-nylon-3.jpg 600w\" data-sizes=\"(max-width: 300px) 100vw, 300px\" src=\"data:image\/svg+xml;base64,PHN2ZyB3aWR0aD0iMSIgaGVpZ2h0PSIxIiB4bWxucz0iaHR0cDovL3d3dy53My5vcmcvMjAwMC9zdmciPjwvc3ZnPg==\" style=\"--smush-placeholder-width: 300px; --smush-placeholder-aspect-ratio: 300\/300;\" \/><\/figure>\r\n\r\n\r\n<div class=\"wp-block-spacer\" style=\"height: 17px;\" aria-hidden=\"true\">&nbsp;<\/div>\r\n\r\n\r\n<h3 class=\"wp-block-heading\"><strong>Ribbons 4U Resin Textile<\/strong><\/h3>\r\n\r\n\r\n<p>Alcance qualidade de impress\u00e3o duradoura em cada etiqueta de tecido. Nossos <strong data-start=\"1263\" data-end=\"1291\">ribbons 4U Resin Textile<\/strong> oferecem resultados n\u00edtidos para texto pequeno e s\u00edmbolos de lavagem que resistem a lavagens, passadas e limpezas a seco. Totalmente compat\u00edveis com etiquetas de nylon e cetim e dispon\u00edveis em v\u00e1rias cores.<\/p>\r\n\r\n\r\n<div class=\"wp-block-spacer\" style=\"height: 17px;\" aria-hidden=\"true\">&nbsp;<\/div>\r\n\r\n<div class=\"wp-block-image\">\r\n<figure class=\"alignleft size-medium is-style-default\"><img decoding=\"async\" class=\"wp-image-28186 lazyload\" data-src=\"https:\/\/ttr.works\/wp-content\/uploads\/\/cab-textile-300x169.jpg\" alt=\"\" width=\"300\" height=\"169\" data-srcset=\"https:\/\/ttr.works\/wp-content\/uploads\/cab-textile-300x169.jpg 300w, https:\/\/ttr.works\/wp-content\/uploads\/cab-textile-768x432.jpg 768w, https:\/\/ttr.works\/wp-content\/uploads\/cab-textile.jpg 797w\" data-sizes=\"(max-width: 300px) 100vw, 300px\" src=\"data:image\/svg+xml;base64,PHN2ZyB3aWR0aD0iMSIgaGVpZ2h0PSIxIiB4bWxucz0iaHR0cDovL3d3dy53My5vcmcvMjAwMC9zdmciPjwvc3ZnPg==\" style=\"--smush-placeholder-width: 300px; --smush-placeholder-aspect-ratio: 300\/169;\" \/><\/figure><\/div>\r\n\r\n<div class=\"wp-block-spacer\" style=\"height: 17px;\" aria-hidden=\"true\">&nbsp;<\/div>\r\n\r\n\r\n<h3 class=\"wp-block-heading\"><strong>Impressoras Profissionais para Tecidos<\/strong><\/h3>\r\n\r\n\r\n<p data-start=\"1520\" data-end=\"1668\">Equipe sua linha de produ\u00e7\u00e3o com <strong data-start=\"1561\" data-end=\"1603\">impressoras para tecidos CAB\u00ae, TSC\u00ae e Avery\u00ae<\/strong> confi\u00e1veis com cortadores de tecido integrados para resultados suaves e precisos.<\/p>\r\n\r\n\r\n<ul class=\"wp-block-list\" data-start=\"1669\" data-end=\"1813\">\r\n<li data-start=\"1669\" data-end=\"1695\">Corte preciso de etiquetas<\/li>\r\n<li data-start=\"1696\" data-end=\"1731\">Sa\u00edda de alta velocidade e alta qualidade<\/li>\r\n<li data-start=\"1732\" data-end=\"1763\">F\u00e1cil integra\u00e7\u00e3o na produ\u00e7\u00e3o<\/li>\r\n<\/ul>\r\n\r\n\r\n<div class=\"wp-block-spacer\" style=\"height: 40px;\" aria-hidden=\"true\">&nbsp;<\/div>\r\n\r\n\r\n<div class=\"wp-block-spacer\" style=\"height: 28px;\" aria-hidden=\"true\">&nbsp;<\/div>\r\n\r\n\r\n<h3 class=\"wp-block-heading\"><strong>Perguntas e Respostas: Impress\u00e3o de Etiquetas de Tecido<\/strong><\/h3>\r\n\r\n\r\n<p><strong>P: Para que servem as etiquetas de cuidado de nylon?<\/strong><br \/>R: As etiquetas de cuidado de nylon s\u00e3o dur\u00e1veis e resistentes a lavagens frequentes, tornando-as ideais para roupas de trabalho, uniformes, roupas externas e outros t\u00eaxteis industriais. Elas garantem que as instru\u00e7\u00f5es de lavagem e a marca permane\u00e7am leg\u00edveis durante todo o ciclo de vida da pe\u00e7a.<\/p>\r\n\r\n\r\n<p><strong>P: Por que escolher etiquetas de cetim para roupas?<\/strong><br \/>R: As etiquetas de cetim s\u00e3o macias, suaves e elegantes, tornando-as a escolha preferida para tecidos premium e roupas de luxo. Elas d\u00e3o uma apar\u00eancia de alta qualidade enquanto permanecem confort\u00e1veis contra a pele.<\/p>\r\n\r\n\r\n<p><strong>P: Posso imprimir etiquetas t\u00eaxteis internamente?<\/strong><br \/>R: Sim. Com o equipamento certo, como <strong>impressoras CAB ou TSC com cortadores de tecido<\/strong>, voc\u00ea pode imprimir etiquetas de nylon e cetim diretamente internamente. Combinado com <strong>ribbons de transfer\u00eancia t\u00e9rmica de resina<\/strong>, isso garante resultados profissionais e duradouros.<\/p>\r\n\r\n\r\n<p><strong>P: Suas etiquetas t\u00eaxteis s\u00e3o certificadas e seguras?<\/strong><br \/>R: Sim. Nossas etiquetas de tecido de nylon e cetim cumprem o <strong>padr\u00e3o OEKO-TEX\u00ae Standard 100<\/strong>, garantindo que estejam livres de subst\u00e2ncias nocivas e seguras para uso em roupas, mesmo para peles sens\u00edveis.<\/p>\r\n\r\n\r\n<p><strong>P: Quais ribbons s\u00e3o os melhores para imprimir em etiquetas de tecido?<\/strong><br \/>R: Para aplica\u00e7\u00f5es t\u00eaxteis, recomendamos os ribbons de transfer\u00eancia t\u00e9rmica 4U Resin Textile. Eles oferecem qualidade de impress\u00e3o n\u00edtida e resistem a lavagens, passadas e limpezas a seco, garantindo que as instru\u00e7\u00f5es de cuidado permane\u00e7am vis\u00edveis ao longo do tempo.<\/p>\r\n\r\n\r\n<p><strong>P: O que \u00e9 uma solu\u00e7\u00e3o completa de impress\u00e3o de etiquetas t\u00eaxteis?<\/strong><br \/>R: Uma solu\u00e7\u00e3o completa inclui <strong>rolos de etiquetas de tecido (nylon ou cetim)<\/strong>, uma <strong>impressora com cortador de tecido<\/strong> e <strong>ribbons t\u00e9rmicos de resina<\/strong>. Essa configura\u00e7\u00e3o tudo-em-um economiza tempo, reduz custos e garante qualidade consistente para rotulagem t\u00eaxtil.<\/p>\r\n\r\n\r\n<p><strong>P: O que s\u00e3o etiquetas de tafet\u00e1 de nylon?<\/strong><br \/>R: Uma etiqueta de manuten\u00e7\u00e3o forte e flex\u00edvel que pode ser impressa em ambos os lados. Instru\u00e7\u00f5es de lavagem e outras informa\u00e7\u00f5es s\u00e3o impressas facilmente e de forma n\u00edtida na etiqueta a 300 dpi.<\/p>\r\n\r\n\r\n<p><strong>P: O que \u00e9 tafet\u00e1 de cetim de poli\u00e9ster?<\/strong><br \/>R: A etiqueta de manuten\u00e7\u00e3o mais flex\u00edvel e macia da nossa gama, projetada para tecidos mais luxuosos. Temos poli\u00e9ster para lavagens dom\u00e9sticas e agressivas. Gra\u00e7as \u00e0 chamada borda cortada (quente), a tend\u00eancia a desfiar associada a esse tipo de etiqueta de manuten\u00e7\u00e3o \u00e9 eliminada. Esta vers\u00e3o de cetim de poli\u00e9ster pode ser impressa em um lado s\u00f3.<\/p>\r\n\r\n\r\n<p><strong>P: O que \u00e9 tafet\u00e1 extra forte?<\/strong><br \/>R: Esse tipo de etiqueta t\u00eaxtil mais pesada \u00e9 especialmente adequado para roupas de trabalho e outros t\u00eaxteis que exigem lavagens industriais. Pense em macac\u00f5es, cortinas e at\u00e9 cobertores para cavalos! Esse tipo de etiqueta t\u00eaxtil tamb\u00e9m oferece uma solu\u00e7\u00e3o para lavanderias a seco. Ap\u00f3s lavagens frequentes, as etiquetas de tafet\u00e1 extra forte mant\u00eam sua impress\u00e3o de alta qualidade. O tafet\u00e1 extra forte pode ser impresso em um lado s\u00f3 com a combina\u00e7\u00e3o de um ribbon de tinta de resina.<\/p>\r\n\r\n\r\n<div class=\"wp-block-spacer\" style=\"height: 29px;\" aria-hidden=\"true\">&nbsp;<\/div>\r\n\r\n\r\n<p><strong>N\u00e3o encontrou sua resposta? Pergunte-nos qualquer coisa.<\/strong><\/p>\r\n\r\n\r\n<p><a class=\"link-btn\" href=\"https:\/\/ttr.works\/pt-br\/contato\/\">Contate a TTR Euroworks<\/a><\/p>\r\n","protected":false},"excerpt":{"rendered":"<p>Produtos que duram centenas de ciclos de lavagem precisam de etiquetas que fa\u00e7am o mesmo. Os ribbons Resin Textile e as etiquetas de nylon da TTR Euroworks oferecem identifica\u00e7\u00e3o duradoura, leg\u00edvel e conforme para cada aplica\u00e7\u00e3o de impress\u00e3o t\u00eaxtil. Combine impressoras de alto desempenho, ribbons de tinta Resin Textile premium e materiais de etiquetas de [&hellip;]<\/p>\n","protected":false},"author":1,"featured_media":0,"parent":2607,"menu_order":0,"comment_status":"closed","ping_status":"closed","template":"template-product.php","meta":{"_acf_changed":false,"content-type":"","footnotes":""},"categories":[],"tags":[266],"class_list":["post-2624","page","type-page","status-publish","hentry","tag-product-pt-br"],"acf":[],"yoast_head":"<!-- This site is optimized with the Yoast SEO plugin v25.9 - https:\/\/yoast.com\/wordpress\/plugins\/seo\/ -->\n<title>etiquetas t\u00eaxteis - TTR Euroworks<\/title>\n<meta name=\"description\" content=\"Etiquetas t\u00eaxteis \u2713 Tafet\u00e1 de nylon \u2713 Tafet\u00e1 de poli\u00e9ster acetinado \u2713 Tafet\u00e1 extra forte \u2713 Etiquetas de manuten\u00e7\u00e3o\" \/>\n<meta name=\"robots\" content=\"index, follow, max-snippet:-1, max-image-preview:large, max-video-preview:-1\" \/>\n<link rel=\"canonical\" href=\"https:\/\/ttr.works\/pt-br\/etiquetas\/etiquetas-texteis\/\" \/>\n<meta property=\"og:locale\" content=\"pt_BR\" \/>\n<meta property=\"og:type\" content=\"article\" \/>\n<meta property=\"og:title\" content=\"etiquetas t\u00eaxteis - TTR Euroworks\" \/>\n<meta property=\"og:description\" content=\"Etiquetas t\u00eaxteis \u2713 Tafet\u00e1 de nylon \u2713 Tafet\u00e1 de poli\u00e9ster acetinado \u2713 Tafet\u00e1 extra forte \u2713 Etiquetas de manuten\u00e7\u00e3o\" \/>\n<meta property=\"og:url\" content=\"https:\/\/ttr.works\/pt-br\/etiquetas\/etiquetas-texteis\/\" \/>\n<meta property=\"og:site_name\" content=\"TTR Euroworks\" \/>\n<meta property=\"article:modified_time\" content=\"2025-11-12T12:45:20+00:00\" \/>\n<meta property=\"og:image\" content=\"https:\/\/ttr.works\/wp-content\/uploads\/\/ttr-header-nylon-3-300x300.jpg\" \/>\n<meta name=\"twitter:card\" content=\"summary_large_image\" \/>\n<meta name=\"twitter:label1\" content=\"Est. tempo de leitura\" \/>\n\t<meta name=\"twitter:data1\" content=\"3 minutos\" \/>\n<script type=\"application\/ld+json\" class=\"yoast-schema-graph\">{\"@context\":\"https:\/\/schema.org\",\"@graph\":[{\"@type\":\"WebPage\",\"@id\":\"https:\/\/ttr.works\/pt-br\/etiquetas\/etiquetas-texteis\/\",\"url\":\"https:\/\/ttr.works\/pt-br\/etiquetas\/etiquetas-texteis\/\",\"name\":\"etiquetas t\u00eaxteis - TTR Euroworks\",\"isPartOf\":{\"@id\":\"https:\/\/ttr.works\/pt-br\/#website\"},\"primaryImageOfPage\":{\"@id\":\"https:\/\/ttr.works\/pt-br\/etiquetas\/etiquetas-texteis\/#primaryimage\"},\"image\":{\"@id\":\"https:\/\/ttr.works\/pt-br\/etiquetas\/etiquetas-texteis\/#primaryimage\"},\"thumbnailUrl\":\"https:\/\/ttr.works\/wp-content\/uploads\/\/TTR-Euroworks-supply-advantage-1-300x200.png\",\"datePublished\":\"2020-11-03T08:14:25+00:00\",\"dateModified\":\"2025-11-12T12:45:20+00:00\",\"description\":\"Etiquetas t\u00eaxteis \u2713 Tafet\u00e1 de nylon \u2713 Tafet\u00e1 de poli\u00e9ster acetinado \u2713 Tafet\u00e1 extra forte \u2713 Etiquetas de manuten\u00e7\u00e3o\",\"breadcrumb\":{\"@id\":\"https:\/\/ttr.works\/pt-br\/etiquetas\/etiquetas-texteis\/#breadcrumb\"},\"inLanguage\":\"pt-BR\",\"potentialAction\":[{\"@type\":\"ReadAction\",\"target\":[\"https:\/\/ttr.works\/pt-br\/etiquetas\/etiquetas-texteis\/\"]}]},{\"@type\":\"ImageObject\",\"inLanguage\":\"pt-BR\",\"@id\":\"https:\/\/ttr.works\/pt-br\/etiquetas\/etiquetas-texteis\/#primaryimage\",\"url\":\"https:\/\/ttr.works\/wp-content\/uploads\/\/TTR-Euroworks-supply-advantage-1-300x200.png\",\"contentUrl\":\"https:\/\/ttr.works\/wp-content\/uploads\/\/TTR-Euroworks-supply-advantage-1-300x200.png\"},{\"@type\":\"BreadcrumbList\",\"@id\":\"https:\/\/ttr.works\/pt-br\/etiquetas\/etiquetas-texteis\/#breadcrumb\",\"itemListElement\":[{\"@type\":\"ListItem\",\"position\":1,\"name\":\"Home\",\"item\":\"https:\/\/ttr.works\/pt-br\/inicio\/\"},{\"@type\":\"ListItem\",\"position\":2,\"name\":\"Etiquetas\",\"item\":\"https:\/\/ttr.works\/pt-br\/etiquetas\/\"},{\"@type\":\"ListItem\",\"position\":3,\"name\":\"Etiquetas t\u00eaxteis\"}]},{\"@type\":\"WebSite\",\"@id\":\"https:\/\/ttr.works\/pt-br\/#website\",\"url\":\"https:\/\/ttr.works\/pt-br\/\",\"name\":\"TTR Euroworks\",\"description\":\"Your ttr partner\",\"potentialAction\":[{\"@type\":\"SearchAction\",\"target\":{\"@type\":\"EntryPoint\",\"urlTemplate\":\"https:\/\/ttr.works\/pt-br\/?s={search_term_string}\"},\"query-input\":{\"@type\":\"PropertyValueSpecification\",\"valueRequired\":true,\"valueName\":\"search_term_string\"}}],\"inLanguage\":\"pt-BR\"}]}<\/script>\n<!-- \/ Yoast SEO plugin. -->","yoast_head_json":{"title":"etiquetas t\u00eaxteis - TTR Euroworks","description":"Etiquetas t\u00eaxteis \u2713 Tafet\u00e1 de nylon \u2713 Tafet\u00e1 de poli\u00e9ster acetinado \u2713 Tafet\u00e1 extra forte \u2713 Etiquetas de manuten\u00e7\u00e3o","robots":{"index":"index","follow":"follow","max-snippet":"max-snippet:-1","max-image-preview":"max-image-preview:large","max-video-preview":"max-video-preview:-1"},"canonical":"https:\/\/ttr.works\/pt-br\/etiquetas\/etiquetas-texteis\/","og_locale":"pt_BR","og_type":"article","og_title":"etiquetas t\u00eaxteis - TTR Euroworks","og_description":"Etiquetas t\u00eaxteis \u2713 Tafet\u00e1 de nylon \u2713 Tafet\u00e1 de poli\u00e9ster acetinado \u2713 Tafet\u00e1 extra forte \u2713 Etiquetas de manuten\u00e7\u00e3o","og_url":"https:\/\/ttr.works\/pt-br\/etiquetas\/etiquetas-texteis\/","og_site_name":"TTR Euroworks","article_modified_time":"2025-11-12T12:45:20+00:00","og_image":[{"url":"https:\/\/ttr.works\/wp-content\/uploads\/\/ttr-header-nylon-3-300x300.jpg","type":"","width":"","height":""}],"twitter_card":"summary_large_image","twitter_misc":{"Est. tempo de leitura":"3 minutos"},"schema":{"@context":"https:\/\/schema.org","@graph":[{"@type":"WebPage","@id":"https:\/\/ttr.works\/pt-br\/etiquetas\/etiquetas-texteis\/","url":"https:\/\/ttr.works\/pt-br\/etiquetas\/etiquetas-texteis\/","name":"etiquetas t\u00eaxteis - TTR Euroworks","isPartOf":{"@id":"https:\/\/ttr.works\/pt-br\/#website"},"primaryImageOfPage":{"@id":"https:\/\/ttr.works\/pt-br\/etiquetas\/etiquetas-texteis\/#primaryimage"},"image":{"@id":"https:\/\/ttr.works\/pt-br\/etiquetas\/etiquetas-texteis\/#primaryimage"},"thumbnailUrl":"https:\/\/ttr.works\/wp-content\/uploads\/\/TTR-Euroworks-supply-advantage-1-300x200.png","datePublished":"2020-11-03T08:14:25+00:00","dateModified":"2025-11-12T12:45:20+00:00","description":"Etiquetas t\u00eaxteis \u2713 Tafet\u00e1 de nylon \u2713 Tafet\u00e1 de poli\u00e9ster acetinado \u2713 Tafet\u00e1 extra forte \u2713 Etiquetas de manuten\u00e7\u00e3o","breadcrumb":{"@id":"https:\/\/ttr.works\/pt-br\/etiquetas\/etiquetas-texteis\/#breadcrumb"},"inLanguage":"pt-BR","potentialAction":[{"@type":"ReadAction","target":["https:\/\/ttr.works\/pt-br\/etiquetas\/etiquetas-texteis\/"]}]},{"@type":"ImageObject","inLanguage":"pt-BR","@id":"https:\/\/ttr.works\/pt-br\/etiquetas\/etiquetas-texteis\/#primaryimage","url":"https:\/\/ttr.works\/wp-content\/uploads\/\/TTR-Euroworks-supply-advantage-1-300x200.png","contentUrl":"https:\/\/ttr.works\/wp-content\/uploads\/\/TTR-Euroworks-supply-advantage-1-300x200.png"},{"@type":"BreadcrumbList","@id":"https:\/\/ttr.works\/pt-br\/etiquetas\/etiquetas-texteis\/#breadcrumb","itemListElement":[{"@type":"ListItem","position":1,"name":"Home","item":"https:\/\/ttr.works\/pt-br\/inicio\/"},{"@type":"ListItem","position":2,"name":"Etiquetas","item":"https:\/\/ttr.works\/pt-br\/etiquetas\/"},{"@type":"ListItem","position":3,"name":"Etiquetas t\u00eaxteis"}]},{"@type":"WebSite","@id":"https:\/\/ttr.works\/pt-br\/#website","url":"https:\/\/ttr.works\/pt-br\/","name":"TTR Euroworks","description":"Your ttr partner","potentialAction":[{"@type":"SearchAction","target":{"@type":"EntryPoint","urlTemplate":"https:\/\/ttr.works\/pt-br\/?s={search_term_string}"},"query-input":{"@type":"PropertyValueSpecification","valueRequired":true,"valueName":"search_term_string"}}],"inLanguage":"pt-BR"}]}},"_links":{"self":[{"href":"https:\/\/ttr.works\/pt-br\/wp-json\/wp\/v2\/pages\/2624","targetHints":{"allow":["GET"]}}],"collection":[{"href":"https:\/\/ttr.works\/pt-br\/wp-json\/wp\/v2\/pages"}],"about":[{"href":"https:\/\/ttr.works\/pt-br\/wp-json\/wp\/v2\/types\/page"}],"author":[{"embeddable":true,"href":"https:\/\/ttr.works\/pt-br\/wp-json\/wp\/v2\/users\/1"}],"replies":[{"embeddable":true,"href":"https:\/\/ttr.works\/pt-br\/wp-json\/wp\/v2\/comments?post=2624"}],"version-history":[{"count":10,"href":"https:\/\/ttr.works\/pt-br\/wp-json\/wp\/v2\/pages\/2624\/revisions"}],"predecessor-version":[{"id":29340,"href":"https:\/\/ttr.works\/pt-br\/wp-json\/wp\/v2\/pages\/2624\/revisions\/29340"}],"up":[{"embeddable":true,"href":"https:\/\/ttr.works\/pt-br\/wp-json\/wp\/v2\/pages\/2607"}],"wp:attachment":[{"href":"https:\/\/ttr.works\/pt-br\/wp-json\/wp\/v2\/media?parent=2624"}],"wp:term":[{"taxonomy":"category","embeddable":true,"href":"https:\/\/ttr.works\/pt-br\/wp-json\/wp\/v2\/categories?post=2624"},{"taxonomy":"post_tag","embeddable":true,"href":"https:\/\/ttr.works\/pt-br\/wp-json\/wp\/v2\/tags?post=2624"}],"curies":[{"name":"wp","href":"https:\/\/api.w.org\/{rel}","templated":true}]}}