{"id":2638,"date":"2020-11-03T08:19:22","date_gmt":"2020-11-03T08:19:22","guid":{"rendered":"https:\/\/ttr.works\/?page_id=2638"},"modified":"2020-11-03T08:20:33","modified_gmt":"2020-11-03T08:20:33","slug":"solicite-um-orcamento","status":"publish","type":"page","link":"https:\/\/ttr.works\/pt-br\/solicite-um-orcamento\/","title":{"rendered":"Solicite um or\u00e7amento"},"content":{"rendered":"\n<p>Com um grande conhecimento do mercado global e de seus integrantes, mas sempre com aten\u00e7\u00e3o na cultura local, tornamos poss\u00edvel otimizar a qualidade, o custo, os servi\u00e7os e o tempo de processamento. Para informa\u00e7\u00f5es sobre compras e consultas gerais, preencha o formul\u00e1rio e retornaremos em breve.<\/p>\n","protected":false},"excerpt":{"rendered":"<p>Com um grande conhecimento do mercado global e de seus integrantes, mas sempre com aten\u00e7\u00e3o na cultura local, tornamos poss\u00edvel otimizar a qualidade, o custo, os servi\u00e7os e o tempo de processamento. Para informa\u00e7\u00f5es sobre compras e consultas gerais, preencha o formul\u00e1rio e retornaremos em breve.<\/p>\n","protected":false},"author":1,"featured_media":0,"parent":0,"menu_order":0,"comment_status":"closed","ping_status":"closed","template":"template-quote.php","meta":{"_acf_changed":false,"content-type":"","footnotes":""},"categories":[],"tags":[],"class_list":["post-2638","page","type-page","status-publish","hentry"],"acf":[],"_links":{"self":[{"href":"https:\/\/ttr.works\/pt-br\/wp-json\/wp\/v2\/pages\/2638","targetHints":{"allow":["GET"]}}],"collection":[{"href":"https:\/\/ttr.works\/pt-br\/wp-json\/wp\/v2\/pages"}],"about":[{"href":"https:\/\/ttr.works\/pt-br\/wp-json\/wp\/v2\/types\/page"}],"author":[{"embeddable":true,"href":"https:\/\/ttr.works\/pt-br\/wp-json\/wp\/v2\/users\/1"}],"replies":[{"embeddable":true,"href":"https:\/\/ttr.works\/pt-br\/wp-json\/wp\/v2\/comments?post=2638"}],"version-history":[{"count":0,"href":"https:\/\/ttr.works\/pt-br\/wp-json\/wp\/v2\/pages\/2638\/revisions"}],"wp:attachment":[{"href":"https:\/\/ttr.works\/pt-br\/wp-json\/wp\/v2\/media?parent=2638"}],"wp:term":[{"taxonomy":"category","embeddable":true,"href":"https:\/\/ttr.works\/pt-br\/wp-json\/wp\/v2\/categories?post=2638"},{"taxonomy":"post_tag","embeddable":true,"href":"https:\/\/ttr.works\/pt-br\/wp-json\/wp\/v2\/tags?post=2638"}],"curies":[{"name":"wp","href":"https:\/\/api.w.org\/{rel}","templated":true}]}}