{"id":2655,"date":"2020-11-03T08:37:53","date_gmt":"2020-11-03T08:37:53","guid":{"rendered":"https:\/\/ttr.works\/?page_id=2655"},"modified":"2024-07-08T09:37:58","modified_gmt":"2024-07-08T09:37:58","slug":"impressoras-termicas","status":"publish","type":"page","link":"https:\/\/ttr.works\/pt-br\/impressoras-termicas\/","title":{"rendered":"Impressoras de etiquetas e impressoras de c\u00f3digo de barras"},"content":{"rendered":"<div class=\"wp-block-image\">\n<figure class=\"alignright size-large is-resized\"><img decoding=\"async\" width=\"401\" height=\"275\" data-src=\"https:\/\/ttr.works\/wp-content\/uploads\/ttr-printers.png\" alt=\"\" class=\"wp-image-2022 lazyload\" style=\"--smush-placeholder-width: 401px; --smush-placeholder-aspect-ratio: 401\/275;width:446px;height:auto\" data-srcset=\"https:\/\/ttr.works\/wp-content\/uploads\/ttr-printers.png 401w, https:\/\/ttr.works\/wp-content\/uploads\/ttr-printers-300x206.png 300w\" data-sizes=\"(max-width: 401px) 100vw, 401px\" src=\"data:image\/svg+xml;base64,PHN2ZyB3aWR0aD0iMSIgaGVpZ2h0PSIxIiB4bWxucz0iaHR0cDovL3d3dy53My5vcmcvMjAwMC9zdmciPjwvc3ZnPg==\" \/><\/figure><\/div>\n\n<p><strong>Junto com os fabricantes de impressoras de etiquetas, ajudamos nossos clientes com aconselhamento, cota\u00e7\u00f5es r\u00e1pidas e entrega r\u00e1pida. Pense em marcas como Honeywell\u00ae, Zebra\u00ae, Sato\u00ae, TSC-Printronix\u00ae, Valentin\u00ae e outras. Como equipe, trabalhamos para voc\u00ea, ajudando a economizar tempo e dinheiro.<\/strong><\/p>\n\n\n<p>Como oferecemos tudo sob o mesmo teto, voc\u00ea tem benef\u00edcios adicionais de volume e venda cruzada desde o primeiro dia. Por exemplo, com o programa de recompensas 4U, voc\u00ea acumula automaticamente c\u00f3digos de desconto com cada compra de uma impressora t\u00e9rmica ou cabe\u00e7ote de impress\u00e3o.<\/p>\n\n\n<p>Em nossa loja online, voc\u00ea pode encontrar facilmente a impressora certa, disponibilidade e produtos relacionados usando os filtros. D\u00favidas? Estamos aqui para ajudar.<\/p>\n\n\n<a href=\"https:\/\/thermalprinting.shop\/printers\" class=\"link-btn\">TTR loja online <i class=\"fal fa-chevron-right\"><\/i><\/a><a href=\"https:\/\/ttr.works\/thermal-transfer\/4u-rewards.php\" class=\"link-btn second\">Vouchers de desconto <i class=\"fal fa-chevron-right\"><\/i><\/a>\n\n\n\n<div style=\"height:47px\" aria-hidden=\"true\" class=\"wp-block-spacer\"><\/div>\n\n\n<h3 class=\"wp-block-heading\">Do nosso blog<\/h3>\n\n\n<div style=\"height:28px\" aria-hidden=\"true\" class=\"wp-block-spacer\"><\/div>\n\n\n<div class=\"wp-block-media-text is-stacked-on-mobile\" style=\"grid-template-columns:29% auto\"><figure class=\"wp-block-media-text__media\"><img decoding=\"async\" width=\"558\" height=\"468\" data-src=\"https:\/\/ttr.works\/wp-content\/uploads\/Afbeelding1-2.png\" alt=\"\" class=\"wp-image-23140 size-full lazyload\" data-srcset=\"https:\/\/ttr.works\/wp-content\/uploads\/\/Afbeelding1-2.png 558w, https:\/\/ttr.works\/wp-content\/uploads\/\/Afbeelding1-2-300x252.png 300w\" data-sizes=\"(max-width: 558px) 100vw, 558px\" src=\"data:image\/svg+xml;base64,PHN2ZyB3aWR0aD0iMSIgaGVpZ2h0PSIxIiB4bWxucz0iaHR0cDovL3d3dy53My5vcmcvMjAwMC9zdmciPjwvc3ZnPg==\" style=\"--smush-placeholder-width: 558px; --smush-placeholder-aspect-ratio: 558\/468;\" \/><\/figure><div class=\"wp-block-media-text__content\">\n<p><a href=\"https:\/\/ttr.works\/introducing-the-honeywell-pc42e-t\/\"><strong>Apresentando a Honeywell PC42E-T<\/strong><\/a>: A impressora de mesa PC42 de n\u00edvel b\u00e1sico foi substitu\u00edda pela nova PC42E-T. Ela oferece recursos e desempenho mais avan\u00e7ados por aproximadamente o mesmo pre\u00e7o.<\/p>\n<\/div><\/div>\n\n\n<div style=\"height:38px\" aria-hidden=\"true\" class=\"wp-block-spacer\"><\/div>\n\n\n<div class=\"wp-block-media-text is-stacked-on-mobile\" style=\"grid-template-columns:28% auto\"><figure class=\"wp-block-media-text__media\"><img decoding=\"async\" width=\"301\" height=\"167\" data-src=\"https:\/\/ttr.works\/wp-content\/uploads\/argox-logo-1.png\" alt=\"\" class=\"wp-image-23474 size-full lazyload\" src=\"data:image\/svg+xml;base64,PHN2ZyB3aWR0aD0iMSIgaGVpZ2h0PSIxIiB4bWxucz0iaHR0cDovL3d3dy53My5vcmcvMjAwMC9zdmciPjwvc3ZnPg==\" style=\"--smush-placeholder-width: 301px; --smush-placeholder-aspect-ratio: 301\/167;\" \/><\/figure><div class=\"wp-block-media-text__content\">\n<p><a href=\"https:\/\/ttr.works\/argox-label-printer-comparisons\/\"><strong>Compara\u00e7\u00f5es de impressoras Argox<\/strong><\/a>: Compara\u00e7\u00e3o f\u00e1cil entre as diferentes impressoras de mesa Argox. Abrange as s\u00e9ries Argox 04, P4, modelos OS e modelos iX4. Encontre rapidamente qual delas \u00e9 a melhor para suas necessidades de impress\u00e3o.<\/p>\n<\/div><\/div>\n\n\n<div style=\"height:38px\" aria-hidden=\"true\" class=\"wp-block-spacer\"><\/div>\n\n\n<div class=\"wp-block-media-text is-stacked-on-mobile\" style=\"grid-template-columns:28% auto\"><figure class=\"wp-block-media-text__media\"><img decoding=\"async\" width=\"600\" height=\"600\" data-src=\"https:\/\/ttr.works\/wp-content\/uploads\/2-2.png\" alt=\"\" class=\"wp-image-23485 size-full lazyload\" data-srcset=\"https:\/\/ttr.works\/wp-content\/uploads\/2-2.png 600w, https:\/\/ttr.works\/wp-content\/uploads\/2-2-300x300.png 300w, https:\/\/ttr.works\/wp-content\/uploads\/2-2-150x150.png 150w\" data-sizes=\"(max-width: 600px) 100vw, 600px\" src=\"data:image\/svg+xml;base64,PHN2ZyB3aWR0aD0iMSIgaGVpZ2h0PSIxIiB4bWxucz0iaHR0cDovL3d3dy53My5vcmcvMjAwMC9zdmciPjwvc3ZnPg==\" style=\"--smush-placeholder-width: 600px; --smush-placeholder-aspect-ratio: 600\/600;\" \/><\/figure><div class=\"wp-block-media-text__content\">\n<p><a href=\"https:\/\/ttr.works\/new-zebra-zt111-replaces-the-zt220\/\"><strong>Impressoras Zebra ZT111 substituem a ZT220<\/strong><\/a>: A ZT111 apresenta uma configura\u00e7\u00e3o f\u00e1cil e uma variedade de op\u00e7\u00f5es de conectividade. Com 10 polegadas por segundo, imprime mais r\u00e1pido que a ZT220. Ethernet e USB s\u00e3o padr\u00e3o em todas as vers\u00f5es ZT111. Pre\u00e7os a partir de &#8230;<\/p>\n<\/div><\/div>\n\n\n<div style=\"height:38px\" aria-hidden=\"true\" class=\"wp-block-spacer\"><\/div>\n\n\n<div class=\"wp-block-media-text is-stacked-on-mobile\" style=\"grid-template-columns:28% auto\"><figure class=\"wp-block-media-text__media\"><img decoding=\"async\" width=\"1024\" height=\"937\" data-src=\"https:\/\/ttr.works\/wp-content\/uploads\/\/zd421-2-1024x937.png\" alt=\"Zebra ZD421d label printer\" class=\"wp-image-9421 size-full lazyload\" data-srcset=\"https:\/\/ttr.works\/wp-content\/uploads\/zd421-2-1024x937.png 1024w, https:\/\/ttr.works\/wp-content\/uploads\/zd421-2-300x274.png 300w, https:\/\/ttr.works\/wp-content\/uploads\/zd421-2-768x703.png 768w, https:\/\/ttr.works\/wp-content\/uploads\/zd421-2-1536x1405.png 1536w, https:\/\/ttr.works\/wp-content\/uploads\/zd421-2-2048x1874.png 2048w\" data-sizes=\"(max-width: 1024px) 100vw, 1024px\" src=\"data:image\/svg+xml;base64,PHN2ZyB3aWR0aD0iMSIgaGVpZ2h0PSIxIiB4bWxucz0iaHR0cDovL3d3dy53My5vcmcvMjAwMC9zdmciPjwvc3ZnPg==\" style=\"--smush-placeholder-width: 1024px; --smush-placeholder-aspect-ratio: 1024\/937;\" \/><\/figure><div class=\"wp-block-media-text__content\">\n<p><a href=\"https:\/\/ttr.works\/new-zebra-zt111-replaces-the-zt220\/\"><strong>A Zebra ZD421 substitui a ZD420 e GK<\/strong><\/a><a href=\"https:\/\/ttr.works\/zebras-new-zd421-and-zd621-desktop-labelprinters\/\">420<\/a>: A GK420 e a ZD420 n\u00e3o est\u00e3o mais dispon\u00edveis. Continuando a evoluir, considere a ZD421 com recursos e seguran\u00e7a adicionais. Uma interface de usu\u00e1rio mais intuitiva, mais potente e um kit sem fio atualiz\u00e1vel em campo. Leia mais&#8230;<\/p>\n<\/div><\/div>\n\n\n<div style=\"height:83px\" aria-hidden=\"true\" class=\"wp-block-spacer\"><\/div>\n\n\n<div class=\"wp-block-buttons is-content-justification-center is-layout-flex wp-container-core-buttons-is-layout-16018d1d wp-block-buttons-is-layout-flex\"><\/div>\n","protected":false},"excerpt":{"rendered":"<p>Junto com os fabricantes de impressoras de etiquetas, ajudamos nossos clientes com aconselhamento, cota\u00e7\u00f5es r\u00e1pidas e entrega r\u00e1pida. Pense em marcas como Honeywell\u00ae, Zebra\u00ae, Sato\u00ae, TSC-Printronix\u00ae, Valentin\u00ae e outras. Como equipe, trabalhamos para voc\u00ea, ajudando a economizar tempo e dinheiro. Como oferecemos tudo sob o mesmo teto, voc\u00ea tem benef\u00edcios adicionais de volume e venda [&hellip;]<\/p>\n","protected":false},"author":1,"featured_media":0,"parent":0,"menu_order":0,"comment_status":"closed","ping_status":"closed","template":"template-product.php","meta":{"_acf_changed":false,"content-type":"","footnotes":""},"categories":[],"tags":[266],"class_list":["post-2655","page","type-page","status-publish","hentry","tag-product-pt-br"],"acf":[],"_links":{"self":[{"href":"https:\/\/ttr.works\/pt-br\/wp-json\/wp\/v2\/pages\/2655","targetHints":{"allow":["GET"]}}],"collection":[{"href":"https:\/\/ttr.works\/pt-br\/wp-json\/wp\/v2\/pages"}],"about":[{"href":"https:\/\/ttr.works\/pt-br\/wp-json\/wp\/v2\/types\/page"}],"author":[{"embeddable":true,"href":"https:\/\/ttr.works\/pt-br\/wp-json\/wp\/v2\/users\/1"}],"replies":[{"embeddable":true,"href":"https:\/\/ttr.works\/pt-br\/wp-json\/wp\/v2\/comments?post=2655"}],"version-history":[{"count":7,"href":"https:\/\/ttr.works\/pt-br\/wp-json\/wp\/v2\/pages\/2655\/revisions"}],"predecessor-version":[{"id":24361,"href":"https:\/\/ttr.works\/pt-br\/wp-json\/wp\/v2\/pages\/2655\/revisions\/24361"}],"wp:attachment":[{"href":"https:\/\/ttr.works\/pt-br\/wp-json\/wp\/v2\/media?parent=2655"}],"wp:term":[{"taxonomy":"category","embeddable":true,"href":"https:\/\/ttr.works\/pt-br\/wp-json\/wp\/v2\/categories?post=2655"},{"taxonomy":"post_tag","embeddable":true,"href":"https:\/\/ttr.works\/pt-br\/wp-json\/wp\/v2\/tags?post=2655"}],"curies":[{"name":"wp","href":"https:\/\/api.w.org\/{rel}","templated":true}]}}