{"id":2667,"date":"2020-11-03T08:51:14","date_gmt":"2020-11-03T08:51:14","guid":{"rendered":"https:\/\/ttr.works\/?page_id=2667"},"modified":"2021-06-14T12:26:31","modified_gmt":"2021-06-14T12:26:31","slug":"impressoras-ofertas-especiais","status":"publish","type":"page","link":"https:\/\/ttr.works\/pt-br\/impressoras-termicas\/impressoras-ofertas-especiais\/","title":{"rendered":"Impressoras &#8211; ofertas especiais"},"content":{"rendered":"\n<p>Estas impressoras est\u00e3o novas na caixa, ou t\u00e3o boas quanto novas. Algumas foram utilizadas para testar a qualidade da impress\u00e3o. N\u00f3s oferecemos descontos atraentes para elas, enquanto os estoques durarem. Elas incluem marcas como Zebra\u00ae, Honeywell\u00ae, Datamax\u00ae, Intermec\u00ae, Citizen\u00ae, Toshiba Tec\u00ae e SATO\u00ae. \u00c9 poss\u00edvel encontrar a lista completa de modelos a seguir.<\/p>\n","protected":false},"excerpt":{"rendered":"<p>Estas impressoras est\u00e3o novas na caixa, ou t\u00e3o boas quanto novas. Algumas foram utilizadas para testar a qualidade da impress\u00e3o. N\u00f3s oferecemos descontos atraentes para elas, enquanto os estoques durarem. Elas incluem marcas como Zebra\u00ae, Honeywell\u00ae, Datamax\u00ae, Intermec\u00ae, Citizen\u00ae, Toshiba Tec\u00ae e SATO\u00ae. \u00c9 poss\u00edvel encontrar a lista completa de modelos a seguir.<\/p>\n","protected":false},"author":1,"featured_media":0,"parent":2655,"menu_order":0,"comment_status":"closed","ping_status":"closed","template":"template-offer.php","meta":{"_acf_changed":false,"content-type":"","footnotes":""},"categories":[],"tags":[266],"class_list":["post-2667","page","type-page","status-publish","hentry","tag-product-pt-br"],"acf":[],"yoast_head":"<!-- This site is optimized with the Yoast SEO plugin v25.9 - https:\/\/yoast.com\/wordpress\/plugins\/seo\/ -->\n<title>Impressoras - ofertas especiais - TTR Euroworks<\/title>\n<meta name=\"robots\" content=\"index, follow, max-snippet:-1, max-image-preview:large, max-video-preview:-1\" \/>\n<link rel=\"canonical\" href=\"https:\/\/ttr.works\/pt-br\/impressoras-termicas\/impressoras-ofertas-especiais\/\" \/>\n<meta property=\"og:locale\" content=\"pt_BR\" \/>\n<meta property=\"og:type\" content=\"article\" \/>\n<meta property=\"og:title\" content=\"Impressoras - ofertas especiais - TTR Euroworks\" \/>\n<meta property=\"og:description\" content=\"Estas impressoras est\u00e3o novas na caixa, ou t\u00e3o boas quanto novas. Algumas foram utilizadas para testar a qualidade da impress\u00e3o. N\u00f3s oferecemos descontos atraentes para elas, enquanto os estoques durarem. Elas incluem marcas como Zebra\u00ae, Honeywell\u00ae, Datamax\u00ae, Intermec\u00ae, Citizen\u00ae, Toshiba Tec\u00ae e SATO\u00ae. \u00c9 poss\u00edvel encontrar a lista completa de modelos a seguir.\" \/>\n<meta property=\"og:url\" content=\"https:\/\/ttr.works\/pt-br\/impressoras-termicas\/impressoras-ofertas-especiais\/\" \/>\n<meta property=\"og:site_name\" content=\"TTR Euroworks\" \/>\n<meta property=\"article:modified_time\" content=\"2021-06-14T12:26:31+00:00\" \/>\n<meta name=\"twitter:card\" content=\"summary_large_image\" \/>\n<meta name=\"twitter:label1\" content=\"Est. tempo de leitura\" \/>\n\t<meta name=\"twitter:data1\" content=\"1 minuto\" \/>\n<script type=\"application\/ld+json\" class=\"yoast-schema-graph\">{\"@context\":\"https:\/\/schema.org\",\"@graph\":[{\"@type\":\"WebPage\",\"@id\":\"https:\/\/ttr.works\/pt-br\/impressoras-termicas\/impressoras-ofertas-especiais\/\",\"url\":\"https:\/\/ttr.works\/pt-br\/impressoras-termicas\/impressoras-ofertas-especiais\/\",\"name\":\"Impressoras - ofertas especiais - TTR Euroworks\",\"isPartOf\":{\"@id\":\"https:\/\/ttr.works\/pt-br\/#website\"},\"datePublished\":\"2020-11-03T08:51:14+00:00\",\"dateModified\":\"2021-06-14T12:26:31+00:00\",\"breadcrumb\":{\"@id\":\"https:\/\/ttr.works\/pt-br\/impressoras-termicas\/impressoras-ofertas-especiais\/#breadcrumb\"},\"inLanguage\":\"pt-BR\",\"potentialAction\":[{\"@type\":\"ReadAction\",\"target\":[\"https:\/\/ttr.works\/pt-br\/impressoras-termicas\/impressoras-ofertas-especiais\/\"]}]},{\"@type\":\"BreadcrumbList\",\"@id\":\"https:\/\/ttr.works\/pt-br\/impressoras-termicas\/impressoras-ofertas-especiais\/#breadcrumb\",\"itemListElement\":[{\"@type\":\"ListItem\",\"position\":1,\"name\":\"Home\",\"item\":\"https:\/\/ttr.works\/pt-br\/inicio\/\"},{\"@type\":\"ListItem\",\"position\":2,\"name\":\"Impressoras de etiquetas e impressoras de c\u00f3digo de barras\",\"item\":\"https:\/\/ttr.works\/pt-br\/impressoras-termicas\/\"},{\"@type\":\"ListItem\",\"position\":3,\"name\":\"Impressoras &#8211; ofertas especiais\"}]},{\"@type\":\"WebSite\",\"@id\":\"https:\/\/ttr.works\/pt-br\/#website\",\"url\":\"https:\/\/ttr.works\/pt-br\/\",\"name\":\"TTR Euroworks\",\"description\":\"Your ttr partner\",\"potentialAction\":[{\"@type\":\"SearchAction\",\"target\":{\"@type\":\"EntryPoint\",\"urlTemplate\":\"https:\/\/ttr.works\/pt-br\/?s={search_term_string}\"},\"query-input\":{\"@type\":\"PropertyValueSpecification\",\"valueRequired\":true,\"valueName\":\"search_term_string\"}}],\"inLanguage\":\"pt-BR\"}]}<\/script>\n<!-- \/ Yoast SEO plugin. -->","yoast_head_json":{"title":"Impressoras - ofertas especiais - TTR Euroworks","robots":{"index":"index","follow":"follow","max-snippet":"max-snippet:-1","max-image-preview":"max-image-preview:large","max-video-preview":"max-video-preview:-1"},"canonical":"https:\/\/ttr.works\/pt-br\/impressoras-termicas\/impressoras-ofertas-especiais\/","og_locale":"pt_BR","og_type":"article","og_title":"Impressoras - ofertas especiais - TTR Euroworks","og_description":"Estas impressoras est\u00e3o novas na caixa, ou t\u00e3o boas quanto novas. Algumas foram utilizadas para testar a qualidade da impress\u00e3o. N\u00f3s oferecemos descontos atraentes para elas, enquanto os estoques durarem. Elas incluem marcas como Zebra\u00ae, Honeywell\u00ae, Datamax\u00ae, Intermec\u00ae, Citizen\u00ae, Toshiba Tec\u00ae e SATO\u00ae. \u00c9 poss\u00edvel encontrar a lista completa de modelos a seguir.","og_url":"https:\/\/ttr.works\/pt-br\/impressoras-termicas\/impressoras-ofertas-especiais\/","og_site_name":"TTR Euroworks","article_modified_time":"2021-06-14T12:26:31+00:00","twitter_card":"summary_large_image","twitter_misc":{"Est. tempo de leitura":"1 minuto"},"schema":{"@context":"https:\/\/schema.org","@graph":[{"@type":"WebPage","@id":"https:\/\/ttr.works\/pt-br\/impressoras-termicas\/impressoras-ofertas-especiais\/","url":"https:\/\/ttr.works\/pt-br\/impressoras-termicas\/impressoras-ofertas-especiais\/","name":"Impressoras - ofertas especiais - TTR Euroworks","isPartOf":{"@id":"https:\/\/ttr.works\/pt-br\/#website"},"datePublished":"2020-11-03T08:51:14+00:00","dateModified":"2021-06-14T12:26:31+00:00","breadcrumb":{"@id":"https:\/\/ttr.works\/pt-br\/impressoras-termicas\/impressoras-ofertas-especiais\/#breadcrumb"},"inLanguage":"pt-BR","potentialAction":[{"@type":"ReadAction","target":["https:\/\/ttr.works\/pt-br\/impressoras-termicas\/impressoras-ofertas-especiais\/"]}]},{"@type":"BreadcrumbList","@id":"https:\/\/ttr.works\/pt-br\/impressoras-termicas\/impressoras-ofertas-especiais\/#breadcrumb","itemListElement":[{"@type":"ListItem","position":1,"name":"Home","item":"https:\/\/ttr.works\/pt-br\/inicio\/"},{"@type":"ListItem","position":2,"name":"Impressoras de etiquetas e impressoras de c\u00f3digo de barras","item":"https:\/\/ttr.works\/pt-br\/impressoras-termicas\/"},{"@type":"ListItem","position":3,"name":"Impressoras &#8211; ofertas especiais"}]},{"@type":"WebSite","@id":"https:\/\/ttr.works\/pt-br\/#website","url":"https:\/\/ttr.works\/pt-br\/","name":"TTR Euroworks","description":"Your ttr partner","potentialAction":[{"@type":"SearchAction","target":{"@type":"EntryPoint","urlTemplate":"https:\/\/ttr.works\/pt-br\/?s={search_term_string}"},"query-input":{"@type":"PropertyValueSpecification","valueRequired":true,"valueName":"search_term_string"}}],"inLanguage":"pt-BR"}]}},"_links":{"self":[{"href":"https:\/\/ttr.works\/pt-br\/wp-json\/wp\/v2\/pages\/2667","targetHints":{"allow":["GET"]}}],"collection":[{"href":"https:\/\/ttr.works\/pt-br\/wp-json\/wp\/v2\/pages"}],"about":[{"href":"https:\/\/ttr.works\/pt-br\/wp-json\/wp\/v2\/types\/page"}],"author":[{"embeddable":true,"href":"https:\/\/ttr.works\/pt-br\/wp-json\/wp\/v2\/users\/1"}],"replies":[{"embeddable":true,"href":"https:\/\/ttr.works\/pt-br\/wp-json\/wp\/v2\/comments?post=2667"}],"version-history":[{"count":1,"href":"https:\/\/ttr.works\/pt-br\/wp-json\/wp\/v2\/pages\/2667\/revisions"}],"predecessor-version":[{"id":5761,"href":"https:\/\/ttr.works\/pt-br\/wp-json\/wp\/v2\/pages\/2667\/revisions\/5761"}],"up":[{"embeddable":true,"href":"https:\/\/ttr.works\/pt-br\/wp-json\/wp\/v2\/pages\/2655"}],"wp:attachment":[{"href":"https:\/\/ttr.works\/pt-br\/wp-json\/wp\/v2\/media?parent=2667"}],"wp:term":[{"taxonomy":"category","embeddable":true,"href":"https:\/\/ttr.works\/pt-br\/wp-json\/wp\/v2\/categories?post=2667"},{"taxonomy":"post_tag","embeddable":true,"href":"https:\/\/ttr.works\/pt-br\/wp-json\/wp\/v2\/tags?post=2667"}],"curies":[{"name":"wp","href":"https:\/\/api.w.org\/{rel}","templated":true}]}}