{"id":2674,"date":"2020-11-03T12:07:27","date_gmt":"2020-11-03T12:07:27","guid":{"rendered":"https:\/\/ttr.works\/?page_id=2674"},"modified":"2025-10-02T13:53:49","modified_gmt":"2025-10-02T13:53:49","slug":"cabecas-de-impressao-termica","status":"publish","type":"page","link":"https:\/\/ttr.works\/pt-br\/cabecas-de-impressao-termica\/","title":{"rendered":"Cabe\u00e7otes de Impress\u00e3o T\u00e9rmica"},"content":{"rendered":"\r\n<h1 id=\"block-25e85f4e-f4ea-4e2b-9d26-34ab8ef3ca88\" class=\"wp-block-heading has-text-align-left\"><strong>Todas as marcas de cabe\u00e7otes de impress\u00e3o t\u00e9rmica em estoque<\/strong><\/h1>\r\n\r\n\r\n\r\n<div class=\"wp-block-spacer\" style=\"height: 29px;\" aria-hidden=\"true\">\u00a0<\/div>\r\n\r\n\r\n<div class=\"wp-block-image\">\r\n<figure id=\"block-74e43d50-f0b5-4c0c-b23c-3cddcbfeee88\" class=\"alignright size-full is-resized\"><img decoding=\"async\" width=\"400\" height=\"218\" class=\"wp-image-23611 lazyload\" style=\"--smush-placeholder-width: 400px; --smush-placeholder-aspect-ratio: 400\/218;width: 353px; height: auto;\" data-src=\"https:\/\/ttr.works\/wp-content\/uploads\/printhead-example_with-space-1.png\" alt=\"\" data-srcset=\"https:\/\/ttr.works\/wp-content\/uploads\/printhead-example_with-space-1.png 400w, https:\/\/ttr.works\/wp-content\/uploads\/printhead-example_with-space-1-300x164.png 300w\" data-sizes=\"(max-width: 400px) 100vw, 400px\" src=\"data:image\/svg+xml;base64,PHN2ZyB3aWR0aD0iMSIgaGVpZ2h0PSIxIiB4bWxucz0iaHR0cDovL3d3dy53My5vcmcvMjAwMC9zdmciPjwvc3ZnPg==\" \/><\/figure><\/div>\r\n\r\n\r\n<p><strong>Fornecemos todos os cabe\u00e7otes de impress\u00e3o originais e compat\u00edveis para clientes em todo o mundo. Com uma m\u00e9dia de 6.000 cabe\u00e7otes de impress\u00e3o em estoque, nosso objetivo \u00e9 entregar a maioria dos pedidos em at\u00e9 dois dias. Isso inclui cabe\u00e7otes de reposi\u00e7\u00e3o para todas as impressoras de mesa, industriais e TTO.<\/strong><\/p>\r\n\r\n\r\n\r\n<p>Voc\u00ea est\u00e1 no lugar certo para marcas de cabe\u00e7otes de impress\u00e3o t\u00e9rmica como ALLEN\u00ae, Argox\u00ae, Avery\u00ae, Bizerba\u00ae, CAB\u00ae, Carl Valentin\u00ae, Citizen\u00ae, Datamax\u00ae, Delford\u00ae, Digi\u00ae, Domino\u00ae, Godex\u00ae, Honeywell\u00ae, Intermec\u00ae, Italora\u00ae, Jaguar\u00ae, Markem Smartdate\u00ae, Mectec\u00ae, Printronix\u00ae, Rohm\u00ae, SATO\u00ae, Toshiba TEC\u00ae, TSC\u00ae, Videojet\u00ae, and Zebra\u00ae.<\/p>\r\n\r\n\r\n\r\n<div class=\"wp-block-spacer\" style=\"height: 29px;\" aria-hidden=\"true\"><a class=\"link-btn\" href=\"https:\/\/thermalprinting.shop\/printheads\">TTR webshop\u00a0<i class=\"fal fa-chevron-right\"><\/i><\/a><a class=\"link-btn second\" href=\"https:\/\/hs.ttreuroworks.com\/rewards-program\">C\u00f3digos de desconto<\/a><\/div>\r\n\r\n\r\n\r\n<h1 class=\"wp-block-heading\">\u00a0<\/h1>\r\n<h1>\u00a0<\/h1>\r\n<h1 id=\"block-25e85f4e-f4ea-4e2b-9d26-34ab8ef3ca88\" class=\"wp-block-heading has-text-align-left\"><strong>Cabe\u00e7otes de impress\u00e3o compat\u00edveis 4U<\/strong><\/h1>\r\n\r\n\r\n\r\n\r\n<div class=\"wp-block-image\">\r\n<figure id=\"block-74e43d50-f0b5-4c0c-b23c-3cddcbfeee88\" class=\"alignright size-full is-resized\"><img decoding=\"async\" width=\"1240\" height=\"500\" class=\"wp-image-23620 lazyload\" style=\"--smush-placeholder-width: 1240px; --smush-placeholder-aspect-ratio: 1240\/500;width: 622px; height: 251px;\" data-src=\"https:\/\/ttr.works\/wp-content\/uploads\/4U-compatible-printheads_rounded-with-space.png\" alt=\"\" data-srcset=\"https:\/\/ttr.works\/wp-content\/uploads\/4U-compatible-printheads_rounded-with-space.png 1240w, https:\/\/ttr.works\/wp-content\/uploads\/4U-compatible-printheads_rounded-with-space-300x121.png 300w, https:\/\/ttr.works\/wp-content\/uploads\/4U-compatible-printheads_rounded-with-space-1024x413.png 1024w, https:\/\/ttr.works\/wp-content\/uploads\/4U-compatible-printheads_rounded-with-space-768x310.png 768w\" data-sizes=\"(max-width: 1240px) 100vw, 1240px\" src=\"data:image\/svg+xml;base64,PHN2ZyB3aWR0aD0iMSIgaGVpZ2h0PSIxIiB4bWxucz0iaHR0cDovL3d3dy53My5vcmcvMjAwMC9zdmciPjwvc3ZnPg==\" \/><\/figure><\/div>\r\n\r\n\r\n<p>Al\u00e9m das marcas originais, voc\u00ea tamb\u00e9m pode escolher um de nossos cabe\u00e7otes de impress\u00e3o compat\u00edveis 4U para muitos dos modelos de impressoras. Estes s\u00e3o substitui\u00e7\u00f5es diretas para os originais, com a mesma qualidade de constru\u00e7\u00e3o, desempenho e per\u00edodo de garantia. Verifique o TTR webshop para pre\u00e7os e disponibilidade de originais e compat\u00edveis.<\/p>\r\n\r\n\r\n\r\n\r\n\r\n\r\n\r\n\r\n\r\n\r\n\r\n<div class=\"wp-block-spacer\" style=\"height: 98px;\" aria-hidden=\"true\">\u00a0<\/div>\r\n\r\n\r\n\r\n<h2 class=\"wp-block-heading\">\u00a0<\/h2>\r\n<h2 id=\"block-fd49e112-241b-473f-8322-53d2dc1ccc06\" class=\"wp-block-heading\"><strong>Do nosso blog<\/strong><\/h2>\r\n\r\n\r\n\r\n<div class=\"wp-block-spacer\" style=\"height: 13px;\" aria-hidden=\"true\">\u00a0<\/div>\r\n\r\n\r\n\r\n<div class=\"wp-block-media-text is-stacked-on-mobile is-vertically-aligned-center\" style=\"grid-template-columns: 25% auto;\">\r\n<figure class=\"wp-block-media-text__media\"><a href=\"https:\/\/ttr.works\/tips-for-a-longer-printhead-life\/\"><img decoding=\"async\" width=\"1024\" height=\"377\" class=\"wp-image-23593 size-full lazyload\" data-src=\"https:\/\/ttr.works\/wp-content\/uploads\/\/printhead-tips_rounded-1024x377.png\" alt=\"\" data-srcset=\"https:\/\/ttr.works\/wp-content\/uploads\/printhead-tips_rounded-1024x377.png 1024w, https:\/\/ttr.works\/wp-content\/uploads\/printhead-tips_rounded-300x110.png 300w, https:\/\/ttr.works\/wp-content\/uploads\/printhead-tips_rounded-768x282.png 768w, https:\/\/ttr.works\/wp-content\/uploads\/printhead-tips_rounded-1536x565.png 1536w, https:\/\/ttr.works\/wp-content\/uploads\/printhead-tips_rounded.png 2048w\" data-sizes=\"(max-width: 1024px) 100vw, 1024px\" src=\"data:image\/svg+xml;base64,PHN2ZyB3aWR0aD0iMSIgaGVpZ2h0PSIxIiB4bWxucz0iaHR0cDovL3d3dy53My5vcmcvMjAwMC9zdmciPjwvc3ZnPg==\" style=\"--smush-placeholder-width: 1024px; --smush-placeholder-aspect-ratio: 1024\/377;\" \/><\/a><\/figure>\r\n<div class=\"wp-block-media-text__content\">\r\n<p><strong><a href=\"https:\/\/ttr.works\/tips-for-a-longer-printhead-life\/\">Dicas de especialistas para uma vida \u00fatil mais longa do cabe\u00e7ote de impress\u00e3o<\/a><\/strong>: O cabe\u00e7ote da impressora \u00e9 um dos componentes mais importantes e caros. Est\u00e1 sujeito ao desgaste natural, tinta, sujeira e poeira. Estas dicas de especialistas te ajudar\u00e3o a obter a maior vida \u00fatil do seu cabe\u00e7ote de impress\u00e3o. Voc\u00ea economizar\u00e1 dinheiro substituindo-os com menos frequ\u00eancia.<\/p>\r\n<\/div>\r\n<\/div>\r\n\r\n\r\n\r\n<div class=\"wp-block-spacer\" style=\"height: 35px;\" aria-hidden=\"true\">\u00a0<\/div>\r\n\r\n\r\n\r\n<div class=\"wp-block-media-text is-stacked-on-mobile is-vertically-aligned-center\" style=\"grid-template-columns: 25% auto;\">\r\n<figure class=\"wp-block-media-text__media\"><a href=\"https:\/\/ttr.works\/tips-for-a-longer-printhead-life\/\"><img decoding=\"async\" width=\"988\" height=\"323\" class=\"wp-image-22877 size-full lazyload\" data-src=\"https:\/\/ttr.works\/wp-content\/uploads\/4URP-Homepage-Banner-2-1.png\" alt=\"\" data-srcset=\"https:\/\/ttr.works\/wp-content\/uploads\/4URP-Homepage-Banner-2-1.png 988w, https:\/\/ttr.works\/wp-content\/uploads\/4URP-Homepage-Banner-2-1-300x98.png 300w, https:\/\/ttr.works\/wp-content\/uploads\/4URP-Homepage-Banner-2-1-768x251.png 768w\" data-sizes=\"(max-width: 988px) 100vw, 988px\" src=\"data:image\/svg+xml;base64,PHN2ZyB3aWR0aD0iMSIgaGVpZ2h0PSIxIiB4bWxucz0iaHR0cDovL3d3dy53My5vcmcvMjAwMC9zdmciPjwvc3ZnPg==\" style=\"--smush-placeholder-width: 988px; --smush-placeholder-aspect-ratio: 988\/323;\" \/><\/a><\/figure>\r\n<div class=\"wp-block-media-text__content\">\r\n<p><a href=\"https:\/\/hs.ttreuroworks.com\/rewards-program\" target=\"_blank\" rel=\"noreferrer noopener\"><strong>Acumule cupons de desconto pessoais gratuitamente<\/strong><\/a>: Com cada compra de cabe\u00e7otes de impress\u00e3o e impressoras, voc\u00ea acumula pontos automaticamente. \u00c9 100% gratuito e voc\u00ea n\u00e3o precisa fazer nada, exceto se inscrever. Ao final de cada trimestre, voc\u00ea receber\u00e1 um c\u00f3digo de desconto exclusivo, de acordo com os pontos que acumulou.<\/p>\r\n<\/div>\r\n<\/div>\r\n","protected":false},"excerpt":{"rendered":"<p>Todas as marcas de cabe\u00e7otes de impress\u00e3o t\u00e9rmica em estoque Fornecemos todos os cabe\u00e7otes de impress\u00e3o originais e compat\u00edveis para clientes em todo o mundo. Com uma m\u00e9dia de 6.000 cabe\u00e7otes de impress\u00e3o em estoque, nosso objetivo \u00e9 entregar a maioria dos pedidos em at\u00e9 dois dias. Isso inclui cabe\u00e7otes de reposi\u00e7\u00e3o para todas as [&hellip;]<\/p>\n","protected":false},"author":1,"featured_media":0,"parent":0,"menu_order":0,"comment_status":"closed","ping_status":"closed","template":"template-product.php","meta":{"_acf_changed":false,"content-type":"","footnotes":""},"categories":[],"tags":[266],"class_list":["post-2674","page","type-page","status-publish","hentry","tag-product-pt-br"],"acf":[],"_links":{"self":[{"href":"https:\/\/ttr.works\/pt-br\/wp-json\/wp\/v2\/pages\/2674","targetHints":{"allow":["GET"]}}],"collection":[{"href":"https:\/\/ttr.works\/pt-br\/wp-json\/wp\/v2\/pages"}],"about":[{"href":"https:\/\/ttr.works\/pt-br\/wp-json\/wp\/v2\/types\/page"}],"author":[{"embeddable":true,"href":"https:\/\/ttr.works\/pt-br\/wp-json\/wp\/v2\/users\/1"}],"replies":[{"embeddable":true,"href":"https:\/\/ttr.works\/pt-br\/wp-json\/wp\/v2\/comments?post=2674"}],"version-history":[{"count":11,"href":"https:\/\/ttr.works\/pt-br\/wp-json\/wp\/v2\/pages\/2674\/revisions"}],"predecessor-version":[{"id":28482,"href":"https:\/\/ttr.works\/pt-br\/wp-json\/wp\/v2\/pages\/2674\/revisions\/28482"}],"wp:attachment":[{"href":"https:\/\/ttr.works\/pt-br\/wp-json\/wp\/v2\/media?parent=2674"}],"wp:term":[{"taxonomy":"category","embeddable":true,"href":"https:\/\/ttr.works\/pt-br\/wp-json\/wp\/v2\/categories?post=2674"},{"taxonomy":"post_tag","embeddable":true,"href":"https:\/\/ttr.works\/pt-br\/wp-json\/wp\/v2\/tags?post=2674"}],"curies":[{"name":"wp","href":"https:\/\/api.w.org\/{rel}","templated":true}]}}