{"id":2682,"date":"2020-11-03T12:13:14","date_gmt":"2020-11-03T12:13:14","guid":{"rendered":"https:\/\/ttr.works\/?page_id=2682"},"modified":"2026-03-31T12:41:12","modified_gmt":"2026-03-31T12:41:12","slug":"ribbons-de-transferencia-termica","status":"publish","type":"page","link":"https:\/\/ttr.works\/pt-br\/ribbons-de-transferencia-termica\/","title":{"rendered":"Fitas de tinta certificadas para impressoras de c\u00f3digos de barras e TTO"},"content":{"rendered":"<div class=\"wp-block-image\">\n<figure class=\"alignright size-full is-resized\"><img decoding=\"async\" width=\"858\" height=\"520\" data-src=\"https:\/\/ttr.works\/wp-content\/uploads\/TTR-Ribbon-webpagina.png\" alt=\"\" class=\"wp-image-31146 lazyload\" style=\"--smush-placeholder-width: 858px; --smush-placeholder-aspect-ratio: 858\/520;width:400px\" data-srcset=\"https:\/\/ttr.works\/wp-content\/uploads\/TTR-Ribbon-webpagina.png 858w, https:\/\/ttr.works\/wp-content\/uploads\/TTR-Ribbon-webpagina-300x182.png 300w, https:\/\/ttr.works\/wp-content\/uploads\/TTR-Ribbon-webpagina-768x465.png 768w\" data-sizes=\"(max-width: 858px) 100vw, 858px\" src=\"data:image\/svg+xml;base64,PHN2ZyB3aWR0aD0iMSIgaGVpZ2h0PSIxIiB4bWxucz0iaHR0cDovL3d3dy53My5vcmcvMjAwMC9zdmciPjwvc3ZnPg==\" \/><\/figure><\/div>\n\n\n<p>Mais de 30 anos de experi\u00eancia em fitas de transfer\u00eancia t\u00e9rmica para todas as marcas de impressoras de cabe\u00e7a plana e TTO \/ Near-Edge. Envio a partir das nossas instala\u00e7\u00f5es de produ\u00e7\u00e3o na Holanda e no Reino Unido, com qualidade de impress\u00e3o consistente, flexibilidade e rapidez, gra\u00e7as \u00e0 produ\u00e7\u00e3o interna.<\/p>\n\n\n\n<p><\/p>\n\n\n\n<p>Desde a cera at\u00e9 \u00e0 resina, cada tipo de qualidade est\u00e1 dispon\u00edvel nas vers\u00f5es <em>Value<\/em> e <em>Premium<\/em>, para que possa equilibrar desempenho e custo. Utilize o <a href=\"https:\/\/ttr.works\/wp-content\/uploads\/Ribbon-selection-guide_TTR-NL.pdf\" data-type=\"link\" data-id=\"https:\/\/ttr.works\/wp-content\/uploads\/Ribbon-selection-guide_TTR-NL.pdf\">Guia de Sele\u00e7\u00e3o de Fita<\/a>s para encontrar a fita 4U adequada de acordo com o modelo da impressora, o material ou uma marca alternativa de fita.<\/p>\n\n\n\n<p><\/p>\n\n\n\n<p>Todas as fitas 4U possuem <strong>certifica\u00e7\u00e3o ISEGA<\/strong> para contacto indireto com alimentos. A documenta\u00e7\u00e3o est\u00e1 dispon\u00edvel mediante solicita\u00e7\u00e3o.<\/p>\n\n\n\n<div style=\"height:15px\" aria-hidden=\"true\" class=\"wp-block-spacer\"><\/div>\n\n\n\n<div class=\"wp-block-spacer\" style=\"height: 120px;\" aria-hidden=\"true\"><a class=\"link-btn\" href=\"https:\/\/ttr.works\/resellers\/\">Vantagens para revendedores<\/a><a class=\"link-btn second\" href=\"https:\/\/ttr.works\/pt-br\/contato\/\">Solicitar or\u00e7amento<\/a><\/div>\n","protected":false},"excerpt":{"rendered":"<p>Mais de 30 anos de experi\u00eancia em fitas de transfer\u00eancia t\u00e9rmica para todas as marcas de impressoras de cabe\u00e7a plana e TTO \/ Near-Edge. Envio a partir das nossas instala\u00e7\u00f5es de produ\u00e7\u00e3o na Holanda e no Reino Unido, com qualidade de impress\u00e3o consistente, flexibilidade e rapidez, gra\u00e7as \u00e0 produ\u00e7\u00e3o interna. Desde a cera at\u00e9 \u00e0 [&hellip;]<\/p>\n","protected":false},"author":1,"featured_media":0,"parent":0,"menu_order":0,"comment_status":"closed","ping_status":"closed","template":"template-product.php","meta":{"_acf_changed":false,"content-type":"","footnotes":""},"categories":[],"tags":[266],"class_list":["post-2682","page","type-page","status-publish","hentry","tag-product-pt-br"],"acf":[],"yoast_head":"<!-- This site is optimized with the Yoast SEO plugin v25.9 - https:\/\/yoast.com\/wordpress\/plugins\/seo\/ -->\n<title>Fitas de tinta certificadas para impressoras de c\u00f3digos de barras e TTO - TTR Euroworks<\/title>\n<meta name=\"description\" content=\"Fitas de transfer\u00eancia t\u00e9rmica para cada aplica\u00e7\u00e3o \u2713 Cera \u2713 Cera-resina \u2713 Resina \u2713 Resina t\u00eaxtil \u2713 Caixas de amostra gr\u00e1tis dispon\u00edveis\" \/>\n<meta name=\"robots\" content=\"index, follow, max-snippet:-1, max-image-preview:large, max-video-preview:-1\" \/>\n<link rel=\"canonical\" href=\"https:\/\/ttr.works\/pt-br\/ribbons-de-transferencia-termica\/\" \/>\n<meta property=\"og:locale\" content=\"pt_BR\" \/>\n<meta property=\"og:type\" content=\"article\" \/>\n<meta property=\"og:title\" content=\"Fitas de tinta certificadas para impressoras de c\u00f3digos de barras e TTO - TTR Euroworks\" \/>\n<meta property=\"og:description\" content=\"Fitas de transfer\u00eancia t\u00e9rmica para cada aplica\u00e7\u00e3o \u2713 Cera \u2713 Cera-resina \u2713 Resina \u2713 Resina t\u00eaxtil \u2713 Caixas de amostra gr\u00e1tis dispon\u00edveis\" \/>\n<meta property=\"og:url\" content=\"https:\/\/ttr.works\/pt-br\/ribbons-de-transferencia-termica\/\" \/>\n<meta property=\"og:site_name\" content=\"TTR Euroworks\" \/>\n<meta property=\"article:modified_time\" content=\"2026-03-31T12:41:12+00:00\" \/>\n<meta property=\"og:image\" content=\"https:\/\/ttr.works\/wp-content\/uploads\/\/ribbons-nieuw-logo-292x300.png\" \/>\n<meta name=\"twitter:card\" content=\"summary_large_image\" \/>\n<meta name=\"twitter:label1\" content=\"Est. tempo de leitura\" \/>\n\t<meta name=\"twitter:data1\" content=\"3 minutos\" \/>\n<script type=\"application\/ld+json\" class=\"yoast-schema-graph\">{\"@context\":\"https:\/\/schema.org\",\"@graph\":[{\"@type\":\"WebPage\",\"@id\":\"https:\/\/ttr.works\/pt-br\/ribbons-de-transferencia-termica\/\",\"url\":\"https:\/\/ttr.works\/pt-br\/ribbons-de-transferencia-termica\/\",\"name\":\"Fitas de tinta certificadas para impressoras de c\u00f3digos de barras e TTO - TTR Euroworks\",\"isPartOf\":{\"@id\":\"https:\/\/ttr.works\/pt-br\/#website\"},\"primaryImageOfPage\":{\"@id\":\"https:\/\/ttr.works\/pt-br\/ribbons-de-transferencia-termica\/#primaryimage\"},\"image\":{\"@id\":\"https:\/\/ttr.works\/pt-br\/ribbons-de-transferencia-termica\/#primaryimage\"},\"thumbnailUrl\":\"https:\/\/ttr.works\/wp-content\/uploads\/TTR-Ribbon-webpagina.png\",\"datePublished\":\"2020-11-03T12:13:14+00:00\",\"dateModified\":\"2026-03-31T12:41:12+00:00\",\"description\":\"Fitas de transfer\u00eancia t\u00e9rmica para cada aplica\u00e7\u00e3o \u2713 Cera \u2713 Cera-resina \u2713 Resina \u2713 Resina t\u00eaxtil \u2713 Caixas de amostra gr\u00e1tis dispon\u00edveis\",\"breadcrumb\":{\"@id\":\"https:\/\/ttr.works\/pt-br\/ribbons-de-transferencia-termica\/#breadcrumb\"},\"inLanguage\":\"pt-BR\",\"potentialAction\":[{\"@type\":\"ReadAction\",\"target\":[\"https:\/\/ttr.works\/pt-br\/ribbons-de-transferencia-termica\/\"]}]},{\"@type\":\"ImageObject\",\"inLanguage\":\"pt-BR\",\"@id\":\"https:\/\/ttr.works\/pt-br\/ribbons-de-transferencia-termica\/#primaryimage\",\"url\":\"https:\/\/ttr.works\/wp-content\/uploads\/TTR-Ribbon-webpagina.png\",\"contentUrl\":\"https:\/\/ttr.works\/wp-content\/uploads\/TTR-Ribbon-webpagina.png\"},{\"@type\":\"BreadcrumbList\",\"@id\":\"https:\/\/ttr.works\/pt-br\/ribbons-de-transferencia-termica\/#breadcrumb\",\"itemListElement\":[{\"@type\":\"ListItem\",\"position\":1,\"name\":\"Home\",\"item\":\"https:\/\/ttr.works\/pt-br\/inicio\/\"},{\"@type\":\"ListItem\",\"position\":2,\"name\":\"Parceria com a TTR Euroworks\"}]},{\"@type\":\"WebSite\",\"@id\":\"https:\/\/ttr.works\/pt-br\/#website\",\"url\":\"https:\/\/ttr.works\/pt-br\/\",\"name\":\"TTR Euroworks\",\"description\":\"Your ttr partner\",\"potentialAction\":[{\"@type\":\"SearchAction\",\"target\":{\"@type\":\"EntryPoint\",\"urlTemplate\":\"https:\/\/ttr.works\/pt-br\/?s={search_term_string}\"},\"query-input\":{\"@type\":\"PropertyValueSpecification\",\"valueRequired\":true,\"valueName\":\"search_term_string\"}}],\"inLanguage\":\"pt-BR\"}]}<\/script>\n<!-- \/ Yoast SEO plugin. -->","yoast_head_json":{"title":"Fitas de tinta certificadas para impressoras de c\u00f3digos de barras e TTO - TTR Euroworks","description":"Fitas de transfer\u00eancia t\u00e9rmica para cada aplica\u00e7\u00e3o \u2713 Cera \u2713 Cera-resina \u2713 Resina \u2713 Resina t\u00eaxtil \u2713 Caixas de amostra gr\u00e1tis dispon\u00edveis","robots":{"index":"index","follow":"follow","max-snippet":"max-snippet:-1","max-image-preview":"max-image-preview:large","max-video-preview":"max-video-preview:-1"},"canonical":"https:\/\/ttr.works\/pt-br\/ribbons-de-transferencia-termica\/","og_locale":"pt_BR","og_type":"article","og_title":"Fitas de tinta certificadas para impressoras de c\u00f3digos de barras e TTO - TTR Euroworks","og_description":"Fitas de transfer\u00eancia t\u00e9rmica para cada aplica\u00e7\u00e3o \u2713 Cera \u2713 Cera-resina \u2713 Resina \u2713 Resina t\u00eaxtil \u2713 Caixas de amostra gr\u00e1tis dispon\u00edveis","og_url":"https:\/\/ttr.works\/pt-br\/ribbons-de-transferencia-termica\/","og_site_name":"TTR Euroworks","article_modified_time":"2026-03-31T12:41:12+00:00","og_image":[{"url":"https:\/\/ttr.works\/wp-content\/uploads\/\/ribbons-nieuw-logo-292x300.png","type":"","width":"","height":""}],"twitter_card":"summary_large_image","twitter_misc":{"Est. tempo de leitura":"3 minutos"},"schema":{"@context":"https:\/\/schema.org","@graph":[{"@type":"WebPage","@id":"https:\/\/ttr.works\/pt-br\/ribbons-de-transferencia-termica\/","url":"https:\/\/ttr.works\/pt-br\/ribbons-de-transferencia-termica\/","name":"Fitas de tinta certificadas para impressoras de c\u00f3digos de barras e TTO - TTR Euroworks","isPartOf":{"@id":"https:\/\/ttr.works\/pt-br\/#website"},"primaryImageOfPage":{"@id":"https:\/\/ttr.works\/pt-br\/ribbons-de-transferencia-termica\/#primaryimage"},"image":{"@id":"https:\/\/ttr.works\/pt-br\/ribbons-de-transferencia-termica\/#primaryimage"},"thumbnailUrl":"https:\/\/ttr.works\/wp-content\/uploads\/TTR-Ribbon-webpagina.png","datePublished":"2020-11-03T12:13:14+00:00","dateModified":"2026-03-31T12:41:12+00:00","description":"Fitas de transfer\u00eancia t\u00e9rmica para cada aplica\u00e7\u00e3o \u2713 Cera \u2713 Cera-resina \u2713 Resina \u2713 Resina t\u00eaxtil \u2713 Caixas de amostra gr\u00e1tis dispon\u00edveis","breadcrumb":{"@id":"https:\/\/ttr.works\/pt-br\/ribbons-de-transferencia-termica\/#breadcrumb"},"inLanguage":"pt-BR","potentialAction":[{"@type":"ReadAction","target":["https:\/\/ttr.works\/pt-br\/ribbons-de-transferencia-termica\/"]}]},{"@type":"ImageObject","inLanguage":"pt-BR","@id":"https:\/\/ttr.works\/pt-br\/ribbons-de-transferencia-termica\/#primaryimage","url":"https:\/\/ttr.works\/wp-content\/uploads\/TTR-Ribbon-webpagina.png","contentUrl":"https:\/\/ttr.works\/wp-content\/uploads\/TTR-Ribbon-webpagina.png"},{"@type":"BreadcrumbList","@id":"https:\/\/ttr.works\/pt-br\/ribbons-de-transferencia-termica\/#breadcrumb","itemListElement":[{"@type":"ListItem","position":1,"name":"Home","item":"https:\/\/ttr.works\/pt-br\/inicio\/"},{"@type":"ListItem","position":2,"name":"Parceria com a TTR Euroworks"}]},{"@type":"WebSite","@id":"https:\/\/ttr.works\/pt-br\/#website","url":"https:\/\/ttr.works\/pt-br\/","name":"TTR Euroworks","description":"Your ttr partner","potentialAction":[{"@type":"SearchAction","target":{"@type":"EntryPoint","urlTemplate":"https:\/\/ttr.works\/pt-br\/?s={search_term_string}"},"query-input":{"@type":"PropertyValueSpecification","valueRequired":true,"valueName":"search_term_string"}}],"inLanguage":"pt-BR"}]}},"_links":{"self":[{"href":"https:\/\/ttr.works\/pt-br\/wp-json\/wp\/v2\/pages\/2682","targetHints":{"allow":["GET"]}}],"collection":[{"href":"https:\/\/ttr.works\/pt-br\/wp-json\/wp\/v2\/pages"}],"about":[{"href":"https:\/\/ttr.works\/pt-br\/wp-json\/wp\/v2\/types\/page"}],"author":[{"embeddable":true,"href":"https:\/\/ttr.works\/pt-br\/wp-json\/wp\/v2\/users\/1"}],"replies":[{"embeddable":true,"href":"https:\/\/ttr.works\/pt-br\/wp-json\/wp\/v2\/comments?post=2682"}],"version-history":[{"count":18,"href":"https:\/\/ttr.works\/pt-br\/wp-json\/wp\/v2\/pages\/2682\/revisions"}],"predecessor-version":[{"id":31221,"href":"https:\/\/ttr.works\/pt-br\/wp-json\/wp\/v2\/pages\/2682\/revisions\/31221"}],"wp:attachment":[{"href":"https:\/\/ttr.works\/pt-br\/wp-json\/wp\/v2\/media?parent=2682"}],"wp:term":[{"taxonomy":"category","embeddable":true,"href":"https:\/\/ttr.works\/pt-br\/wp-json\/wp\/v2\/categories?post=2682"},{"taxonomy":"post_tag","embeddable":true,"href":"https:\/\/ttr.works\/pt-br\/wp-json\/wp\/v2\/tags?post=2682"}],"curies":[{"name":"wp","href":"https:\/\/api.w.org\/{rel}","templated":true}]}}